{"id":985,"date":"2021-09-19T17:21:28","date_gmt":"2021-09-19T14:21:28","guid":{"rendered":"https:\/\/liluilu.ee\/?post_type=product&#038;p=985"},"modified":"2025-11-08T13:00:56","modified_gmt":"2025-11-08T10:00:56","slug":"isntree-green-tea-fresh-emulsion","status":"publish","type":"product","link":"https:\/\/liluilu.ee\/et\/isntree-green-tea-fresh-emulsion\/","title":{"rendered":"Kerge kreem rohelise teega rasusele ja kombineeritud nahale Isntree Green Tea Fresh Emulsion 120ml."},"content":{"rendered":"<h2><span style=\"font-weight: 400;\">Isntree Green Tea Fresh Emulsion omadused ja koostis<\/span><\/h2>\n<ul>\n<li style=\"font-weight: 400;\" aria-level=\"1\"><span style=\"font-weight: 400;\">Valemi alus <\/span><strong>80%<\/strong><span style=\"font-weight: 400;\"><strong> rohelise tee ekstrakt<\/strong>. Antioks\u00fcdantide, pol\u00fcfenoolide ja vitamiinide poolest rikas roheline tee hooldab nahka \u00f5rnalt, kaitseb ultraviolettkiirguse ja keskkonna negatiivsete m\u00f5jude eest ning leevendab p\u00f5letikku ja \u00e4rritust.\u00a0<\/span><\/li>\n<li style=\"font-weight: 400;\" aria-level=\"1\"><span style=\"font-weight: 400;\">Rohelises tees sisalduvad katehhiinid m\u00f5juvad soodsalt kapillaaride seintele, mist\u00f5ttu on roheline tee eriti v\u00e4\u00e4rtuslik komponent rosaatseale ja rosaatseale kalduvale nahale.<\/span><\/li>\n<li style=\"font-weight: 400;\" aria-level=\"1\"><span style=\"font-weight: 400;\">Taimeekstraktide segu \u2013 Anti Sebum P (HD) kontrollib liigset rasueritust, tasakaalustades lipiidide tasakaalu.<\/span><\/li>\n<li style=\"font-weight: 400;\" aria-level=\"1\"><span style=\"font-weight: 400;\">Niisutuskompleks MoistMax t\u00e4iendab niiskuse puuduj\u00e4\u00e4ki, k\u00f5rvaldab ketenduse ja silub tekstuuri, andes nahale hoolitsetud ja terve v\u00e4limuse.<\/span><\/li>\n<li style=\"font-weight: 400;\" aria-level=\"1\"><span style=\"font-weight: 400;\">Centella asiatica, priimula ja mustikas on kasulike ilukomponentide \u00f5isik: neil on rahustav, niisutav ja nahka pehmendav toime.<\/span><\/li>\n<\/ul>\n<p>&nbsp;<\/p>\n<p><span style=\"font-weight: 400;\">\u0423 <\/span><span style=\"font-weight: 400;\">Isntree Green Tea Fresh Emulsion on \u00f5rna piima konsistentsiga ja rohelise tee kerge aroomiga. See jaotub koheselt \u00fcle naha ja imendub koheselt j\u00e4ljetult. J\u00e4tab m\u00f5nusa v\u00e4rskus- ja niiskustunde.\u00a0<\/span><\/p>\n<p>&nbsp;<\/p>\n<p><span style=\"font-weight: 400;\">Toode ei sisalda kunstlikke v\u00e4rv- ja maitseaineid, alkoholi, mineraal\u00f5lisid, silikooni, parabeene ja l\u00f5hnaaineid. Ei testitud loomade peal.<\/span><\/p>\n<p>&nbsp;<\/p>\n<p>Soovitame<b> Isntree rohelise tee v\u00e4rske emulsioon:<\/b><\/p>\n<ul>\n<li style=\"font-weight: 400;\" aria-level=\"1\"><span style=\"font-weight: 400;\">Rasusele v\u00f5i kombineeritud nahale;<\/span><\/li>\n<li style=\"font-weight: 400;\" aria-level=\"1\"><span style=\"font-weight: 400;\">P\u00f5letikule ja aknele kalduva probleemse naha hoolduseks;<\/span><\/li>\n<li style=\"font-weight: 400;\" aria-level=\"1\"><span style=\"font-weight: 400;\">Kui olete mures rasuse n\u00e4o p\u00e4rast;<\/span><\/li>\n<li style=\"font-weight: 400;\" aria-level=\"1\"><span style=\"font-weight: 400;\">Kui teie nahk on tundlik ja kalduvus \u00e4rritusele;<\/span><\/li>\n<li style=\"font-weight: 400;\" aria-level=\"1\"><span style=\"font-weight: 400;\">Kui sulle meeldivad kerged ja v\u00e4rskendavad toidud.<\/span><\/li>\n<\/ul>\n<p>&nbsp;<\/p>\n<p><span style=\"font-weight: 400;\">Kui teile meeldib Isntree Green Tea Fresh Emulsion, soovitame lisada oma igap\u00e4evasesse rituaali ka teisi selle spetsialiseeritud sarja tooteid:<\/span><\/p>\n<p>&nbsp;<\/p>\n<ul>\n<li style=\"font-weight: 400;\" aria-level=\"1\"><span style=\"color: #0000ff;\"><a style=\"color: #0000ff;\" href=\"https:\/\/liluilu.ee\/et\/isntree-green-tea-fresh-cleanser\/\" target=\"_blank\" rel=\"noopener\"><span style=\"font-weight: 400;\">Puhastusgeel rohelise teega<\/span><\/a><\/span><\/li>\n<li style=\"font-weight: 400;\" aria-level=\"1\"><span style=\"color: #0000ff;\"><a style=\"color: #0000ff;\" href=\"https:\/\/liluilu.ee\/et\/isntree-green-tea-fresh-toner\/\" target=\"_blank\" rel=\"noopener\"><span style=\"font-weight: 400;\">Rohelise tee v\u00e4rskendav toonik<\/span><\/a><\/span><\/li>\n<\/ul>\n<p>&nbsp;<\/p>\n<p><span style=\"font-weight: 400;\">Nahale kandmise j\u00e4rjekord: Puhastusgeel - Toonik - Kreem-emulsioon.<\/span><\/p>\n<p>&nbsp;<\/p>\n<p><b>Kuidas kasutada:<\/b><span style=\"font-weight: 400;\"> Kandke puhastatud ja toniseeritud nahale ning hajutage \u00f5rnalt kogu n\u00e4ole ja kaelale.\u00a0<\/span><\/p>\n<p>&nbsp;<\/p>\n<p><b>Netokogus:<\/b><span style=\"font-weight: 400;\"> 120 ml.<\/span><\/p>\n<p>&nbsp;<\/p>\n<p><a title=\"TARNETINGIMUSED\" href=\"https:\/\/liluilu.ee\/et\/kohaletoimetamine\/\" target=\"_blank\" rel=\"nofollow noopener\">TARNETINGIMUSED<\/a><\/p>","protected":false},"excerpt":{"rendered":"<p><span style=\"font-weight: 400;\">\u00d5rn, v\u00e4rskendav emulsioonkreem, mis on t\u00e4idetud kuulsa Jeju saare rohelise tee ekstraktiga, on hinnatud rasuse, kombineeritud ja probleemse nahaga inimestele.<\/span><\/p>\n<p>&nbsp;<\/p>\n<p><span style=\"font-weight: 400;\">Isntree rohelise tee v\u00e4rske emulsioon:<\/span><\/p>\n<ul>\n<li style=\"font-weight: 400;\" aria-level=\"1\"><span style=\"font-weight: 400;\">Niisutab, pehmendab ja rahustab nahka;<\/span><\/li>\n<li style=\"font-weight: 400;\" aria-level=\"1\"><span style=\"font-weight: 400;\">Taastab vee-rasva tasakaalu;<\/span><\/li>\n<li style=\"font-weight: 400;\" aria-level=\"1\"><span style=\"font-weight: 400;\">Kontrollib rasu tootmist ja v\u00e4hendab rasust l\u00e4iget n\u00e4ol;<\/span><\/li>\n<li style=\"font-weight: 400;\" aria-level=\"1\"><span style=\"font-weight: 400;\">Omab p\u00f5letikuvastast toimet ja aitab v\u00f5idelda akne vastu;<\/span><\/li>\n<li style=\"font-weight: 400;\" aria-level=\"1\"><span style=\"font-weight: 400;\">V\u00e4hendab punetust, \u00fchtlustab tooni ja parandab jumet;<\/span><\/li>\n<li style=\"font-weight: 400;\" aria-level=\"1\"><span style=\"font-weight: 400;\">Imendub kiiresti j\u00e4lgi j\u00e4tmata.<\/span><\/li>\n<\/ul>\n<p>&nbsp;<\/p>","protected":false},"featured_media":9727,"comment_status":"open","ping_status":"closed","template":"","meta":{"_eb_attr":"","jetpack_post_was_ever_published":false,"_joinchat":[]},"product_brand":[],"product_cat":[66,95],"product_tag":[245,592,477,415,579,283,417,451],"class_list":{"0":"post-985","1":"product","2":"type-product","3":"status-publish","4":"has-post-thumbnail","6":"product_cat-isntree","7":"product_cat-kremy-emulsii-i-losony-dlya-lica","8":"product_tag-no-sebum","9":"product_tag-isntree-green-tea","10":"product_tag-vysypaniya-i-akne","11":"product_tag-zhirnaya-kozha","12":"product_tag-zhirnyj-blesk-lica","13":"product_tag-zelenyj-chaj","14":"product_tag-kombinirovannaya-kozha","15":"product_tag-problemnaya-kozha","17":"first","18":"outofstock","19":"shipping-taxable","20":"purchasable","21":"product-type-simple"},"jetpack_sharing_enabled":true,"_links":{"self":[{"href":"https:\/\/liluilu.ee\/et\/wp-json\/wp\/v2\/product\/985","targetHints":{"allow":["GET"]}}],"collection":[{"href":"https:\/\/liluilu.ee\/et\/wp-json\/wp\/v2\/product"}],"about":[{"href":"https:\/\/liluilu.ee\/et\/wp-json\/wp\/v2\/types\/product"}],"replies":[{"embeddable":true,"href":"https:\/\/liluilu.ee\/et\/wp-json\/wp\/v2\/comments?post=985"}],"version-history":[{"count":15,"href":"https:\/\/liluilu.ee\/et\/wp-json\/wp\/v2\/product\/985\/revisions"}],"predecessor-version":[{"id":9883,"href":"https:\/\/liluilu.ee\/et\/wp-json\/wp\/v2\/product\/985\/revisions\/9883"}],"wp:featuredmedia":[{"embeddable":true,"href":"https:\/\/liluilu.ee\/et\/wp-json\/wp\/v2\/media\/9727"}],"wp:attachment":[{"href":"https:\/\/liluilu.ee\/et\/wp-json\/wp\/v2\/media?parent=985"}],"wp:term":[{"taxonomy":"product_brand","embeddable":true,"href":"https:\/\/liluilu.ee\/et\/wp-json\/wp\/v2\/product_brand?post=985"},{"taxonomy":"product_cat","embeddable":true,"href":"https:\/\/liluilu.ee\/et\/wp-json\/wp\/v2\/product_cat?post=985"},{"taxonomy":"product_tag","embeddable":true,"href":"https:\/\/liluilu.ee\/et\/wp-json\/wp\/v2\/product_tag?post=985"}],"curies":[{"name":"t\u00f6\u00f6leht","href":"https:\/\/api.w.org\/{rel}","templated":true}]}}