{"id":9595,"date":"2023-09-26T15:40:36","date_gmt":"2023-09-26T12:40:36","guid":{"rendered":"https:\/\/liluilu.ee\/?post_type=product&#038;p=9595"},"modified":"2025-11-08T13:00:55","modified_gmt":"2025-11-08T10:00:55","slug":"isntree-green-tea-fresh-cleanser","status":"publish","type":"product","link":"https:\/\/liluilu.ee\/et\/isntree-green-tea-fresh-cleanser\/","title":{"rendered":"Puhastusgeel rasusele ja kombineeritud nahale Isntree Green Tea Fresh Cleanser 120ml."},"content":{"rendered":"<h2><i><span style=\"font-weight: 400;\">Isntree Green Tea Fresh Cleanser omadused ja koostis\u00a0<\/span><\/i><\/h2>\n<p>&nbsp;<\/p>\n<p><span style=\"font-weight: 400;\">Valem p\u00f5hineb pehmetel pindaktiivsetel ainetel, mis puhastavad \u00f5rnalt nahka ja hoolitsevad nahabarj\u00e4\u00e4ri tervise eest, h\u00e4irimata looduslikku h\u00fcdrolipiidkihti.\u00a0\u00a0<\/span><\/p>\n<p>&nbsp;<\/p>\n<p><span style=\"font-weight: 400;\">Koostis on rikastatud <\/span><b>puhas rohelise tee ekstrakt<\/b><span style=\"font-weight: 400;\">, kasvanud Jeju saarel. See rasusele ja kombineeritud nahale m\u00f5eldud kasulike omaduste ait on rikas antioks\u00fcdantide, vitamiinide, tanniinide ja katehhiinide poolest.<\/span><\/p>\n<p>&nbsp;<\/p>\n<p><span style=\"font-weight: 400;\">Roheline tee toniseerib ja v\u00e4rskendab. Rahustab, leevendab \u00e4rritust ja s\u00fcgelust. P\u00e4rsib vabade radikaalide toimet ja v\u00e4hendab oks\u00fcdatiivset stressi.<\/span><\/p>\n<p>&nbsp;<\/p>\n<p><span style=\"font-weight: 400;\">Rohelises tees sisalduvad katehhiinid avaldavad soodsat m\u00f5ju kapillaaride seintele.\u00a0<\/span><\/p>\n<p>&nbsp;<\/p>\n<p><b>Patenteeritud koostisaine Anti-Sebum P\u2122 <\/b><span style=\"font-weight: 400;\">puhastab poorid, kontrollib rasu tootmist ja v\u00e4hendab \u00f5list l\u00e4iget.<\/span><\/p>\n<p>&nbsp;<\/p>\n<p><b>GAG<\/b><span style=\"font-weight: 400;\"> (gl\u00fckosaminogl\u00fckaan) taastab kiiresti niiskustaseme, parandab naha kvaliteeti ja struktuuri.<\/span><\/p>\n<p>&nbsp;<\/p>\n<p><b>4 erineva molekulmassiga h\u00fcaluroonhapet <\/b><span style=\"font-weight: 400;\">pakkuda t\u00e4ielikku, s\u00fcgavat ja kauakestvat niisutust. T\u00e4idab ja silub kuivusest tingitud kortse, aeglustab vananemist, muudab naha siledaks, pehmeks ja elastseks.\u00a0<\/span><\/p>\n<p>&nbsp;<\/p>\n<p><span style=\"font-weight: 400;\">Isntree Green Tea Fresh Cleanseril on loomulik, v\u00e4rske aroom, rikkalik teev\u00e4rv ja paks geeljas tekstuur, mis sisaldab looduslikke teelehti.<\/span><\/p>\n<p>&nbsp;<\/p>\n<p><span style=\"font-weight: 400;\">Veega segades teeosakesed sulavad ja geel moodustab \u00f5rna vahu. Puhastab nahka p\u00f5hjalikult ja hoolikalt, j\u00e4ttes meeldiva niiskuse, v\u00e4rskuse ja puhtuse j\u00e4relmaitse. Ideaalne hommikuseks puhastamiseks.\u00a0<\/span><\/p>\n<p>&nbsp;<\/p>\n<p><span style=\"font-weight: 400;\">Toodet on testitud naha\u00e4rrituse suhtes ja on leitud, et see on h\u00fcpoallergeenne.\u00a0<\/span><\/p>\n<p>&nbsp;<\/p>\n<p><b>Soovitame Isntree Green Tea v\u00e4rske puhastusvahendit:<\/b><\/p>\n<ul>\n<li style=\"font-weight: 400;\" aria-level=\"1\"><span style=\"font-weight: 400;\">Rasuse, kombineeritud v\u00f5i probleemse naha puhastamiseks;<\/span><\/li>\n<li style=\"font-weight: 400;\" aria-level=\"1\"><span style=\"font-weight: 400;\">Deh\u00fcdreeritud nahale;<\/span><\/li>\n<li style=\"font-weight: 400;\" aria-level=\"1\"><span style=\"font-weight: 400;\">Kui teile meeldivad puhastusvahendid, mis p\u00e4rast puhastamist nahka ei koori;<\/span><\/li>\n<li style=\"font-weight: 400;\" aria-level=\"1\"><span style=\"font-weight: 400;\">Kui sulle meeldivad hommikuti kerged puhastustooted.<\/span><\/li>\n<\/ul>\n<p>&nbsp;<\/p>\n<p><span style=\"font-weight: 400;\">Kui teile meeldib Isntree Green Tea Fresh Cleanser, soovitame oma hooldusesse kaasata ka teisi selle spetsialiseeritud sarja tooteid:<\/span><\/p>\n<p>&nbsp;<\/p>\n<ul>\n<li style=\"font-weight: 400;\" aria-level=\"1\"><span style=\"color: #0000ff;\"><a style=\"color: #0000ff;\" href=\"https:\/\/liluilu.ee\/et\/isntree-green-tea-fresh-toner\/\" target=\"_blank\" rel=\"noopener\"><span style=\"font-weight: 400;\">Rohelise tee v\u00e4rskendav toonik<\/span><\/a><\/span><\/li>\n<li style=\"font-weight: 400;\" aria-level=\"1\"><span style=\"color: #0000ff;\"><a style=\"color: #0000ff;\" href=\"https:\/\/liluilu.ee\/et\/isntree-green-tea-fresh-emulsion\/\" target=\"_blank\" rel=\"noopener\"><span style=\"font-weight: 400;\">Kerge kreemjas emulsioon rohelise teega<\/span><\/a><\/span><\/li>\n<\/ul>\n<p>&nbsp;<\/p>\n<p><span style=\"font-weight: 400;\">Nahale kandmise j\u00e4rjekord: Puhastusgeel - Toonik - Kreem-emulsioon.<\/span><\/p>\n<p>&nbsp;<\/p>\n<p><b>Kuidas kasutada:<\/b><span style=\"font-weight: 400;\">\u00a0<\/span><\/p>\n<p><span style=\"font-weight: 400;\">Kanna veidi puhastusgeeli m\u00e4rgadele peopesadele, aja vahule ja kanna saadud vaht niiskele n\u00e4onahale. Jaotage ja masseerige \u00f5rnalt, seej\u00e4rel peske hoolikalt sooja veega.\u00a0<\/span><\/p>\n<p>&nbsp;<\/p>\n<p><b>Netokogus:<\/b><span style=\"font-weight: 400;\"> 120 ml.<\/span><\/p>\n<p>&nbsp;<\/p>\n<p><a title=\"TARNETINGIMUSED\" href=\"https:\/\/liluilu.ee\/et\/kohaletoimetamine\/\" target=\"_blank\" rel=\"noopener\">TARNETINGIMUSED<\/a><\/p>","protected":false},"excerpt":{"rendered":"<p><span style=\"font-weight: 400;\">\u00d5rn ja v\u00e4rskendav Isntree Green Tea Fresh Cleanser on ideaalne lahendus rasusele ja kombineeritud nahale.\u00a0<\/span><\/p>\n<p>&nbsp;<\/p>\n<p><span style=\"font-weight: 400;\">Isntree rohelise tee v\u00e4rske puhastusvahend:<\/span><\/p>\n<p>&nbsp;<\/p>\n<ul>\n<li style=\"font-weight: 400;\" aria-level=\"1\"><span style=\"font-weight: 400;\">Eemaldab suurep\u00e4raselt mustuse ja meigij\u00e4\u00e4gid;<\/span><\/li>\n<li style=\"font-weight: 400;\" aria-level=\"1\"><span style=\"font-weight: 400;\">Toote eriline valem hoiab naha h\u00fcdreeritud. P\u00e4rast pesemist puudub kuivus ja tihendustunne;<\/span><\/li>\n<li style=\"font-weight: 400;\" aria-level=\"1\"><span style=\"font-weight: 400;\">Puhastab p\u00f5hjalikult poorid, ennetab p\u00f5letikku ja aknet;<\/span><\/li>\n<li style=\"font-weight: 400;\" aria-level=\"1\"><span style=\"font-weight: 400;\">Reguleerib rasun\u00e4\u00e4rmete tegevust ja v\u00e4hendab rasust l\u00e4iget;<\/span><\/li>\n<li style=\"font-weight: 400;\" aria-level=\"1\"><span style=\"font-weight: 400;\">Sellel on tugev rahustav toime;<\/span><\/li>\n<li style=\"font-weight: 400;\" aria-level=\"1\"><span style=\"font-weight: 400;\">J\u00e4tab naha puhtaks, v\u00e4rskeks ja s\u00e4ravaks.<\/span><\/li>\n<\/ul>\n<p>&nbsp;<\/p>","protected":false},"featured_media":9591,"comment_status":"open","ping_status":"closed","template":"","meta":{"_eb_attr":"","jetpack_post_was_ever_published":false,"_joinchat":[]},"product_brand":[],"product_cat":[66,211],"product_tag":[245,592,477,415,579,283,417,451],"class_list":{"0":"post-9595","1":"product","2":"type-product","3":"status-publish","4":"has-post-thumbnail","6":"product_cat-isntree","7":"product_cat-penki-i-geli-dlya-umyvaniya","8":"product_tag-no-sebum","9":"product_tag-isntree-green-tea","10":"product_tag-vysypaniya-i-akne","11":"product_tag-zhirnaya-kozha","12":"product_tag-zhirnyj-blesk-lica","13":"product_tag-zelenyj-chaj","14":"product_tag-kombinirovannaya-kozha","15":"product_tag-problemnaya-kozha","17":"first","18":"outofstock","19":"shipping-taxable","20":"purchasable","21":"product-type-simple"},"jetpack_sharing_enabled":true,"_links":{"self":[{"href":"https:\/\/liluilu.ee\/et\/wp-json\/wp\/v2\/product\/9595","targetHints":{"allow":["GET"]}}],"collection":[{"href":"https:\/\/liluilu.ee\/et\/wp-json\/wp\/v2\/product"}],"about":[{"href":"https:\/\/liluilu.ee\/et\/wp-json\/wp\/v2\/types\/product"}],"replies":[{"embeddable":true,"href":"https:\/\/liluilu.ee\/et\/wp-json\/wp\/v2\/comments?post=9595"}],"version-history":[{"count":4,"href":"https:\/\/liluilu.ee\/et\/wp-json\/wp\/v2\/product\/9595\/revisions"}],"predecessor-version":[{"id":9715,"href":"https:\/\/liluilu.ee\/et\/wp-json\/wp\/v2\/product\/9595\/revisions\/9715"}],"wp:featuredmedia":[{"embeddable":true,"href":"https:\/\/liluilu.ee\/et\/wp-json\/wp\/v2\/media\/9591"}],"wp:attachment":[{"href":"https:\/\/liluilu.ee\/et\/wp-json\/wp\/v2\/media?parent=9595"}],"wp:term":[{"taxonomy":"product_brand","embeddable":true,"href":"https:\/\/liluilu.ee\/et\/wp-json\/wp\/v2\/product_brand?post=9595"},{"taxonomy":"product_cat","embeddable":true,"href":"https:\/\/liluilu.ee\/et\/wp-json\/wp\/v2\/product_cat?post=9595"},{"taxonomy":"product_tag","embeddable":true,"href":"https:\/\/liluilu.ee\/et\/wp-json\/wp\/v2\/product_tag?post=9595"}],"curies":[{"name":"t\u00f6\u00f6leht","href":"https:\/\/api.w.org\/{rel}","templated":true}]}}