{"id":9577,"date":"2023-07-24T16:44:22","date_gmt":"2023-07-24T13:44:22","guid":{"rendered":"https:\/\/liluilu.ee\/?post_type=product&#038;p=9577"},"modified":"2026-04-17T12:25:48","modified_gmt":"2026-04-17T09:25:48","slug":"mary-may-vegan-peptide-bakuchiol-sun-stick","status":"publish","type":"product","link":"https:\/\/liluilu.ee\/et\/mary-may-vegan-peptide-bakuchiol-sun-stick\/","title":{"rendered":"P\u00e4ikesepulk peptiidide ja bakuchioliga Mary&amp;May Vegan Peptide Bakuchiol Sun Stick SPF50+ PA++++ 18g."},"content":{"rendered":"<h2><i><span style=\"font-weight: 400;\">Mary&amp;May Vegan Peptide Bakuchiol p\u00e4ikesepulga SPF50+ PA++++ peamised aktiivsed komponendid<\/span><\/i><\/h2>\n<p>&nbsp;<\/p>\n<p><span style=\"font-weight: 400;\">P\u00e4ikesekaitsekreemi koostis sisaldab uue p\u00f5lvkonna f\u00fc\u00fcsikalisi ja fotostabiilseid keemilisi filtreid.<\/span><\/p>\n<p>&nbsp;<\/p>\n<p><span style=\"font-weight: 400;\">See kombinatsioon tagab nahale pikaajalise ja t\u00e4ieliku kaitse m\u00f5lema spektri (UVA\/UVB) UV-kiirte eest:\u00a0<\/span><\/p>\n<p>&nbsp;<\/p>\n<ul>\n<li style=\"font-weight: 400;\" aria-level=\"1\"><b>Uvinul A Plus<\/b><span style=\"font-weight: 400;\"> (<\/span><b>Diet\u00fc\u00fclaminoh\u00fcdroks\u00fcbenso\u00fc\u00fclheks\u00fc\u00fclbensoaat)<\/b><span style=\"font-weight: 400;\"> kaitseb nahka UVA kiirte eest.<\/span><\/li>\n<li style=\"font-weight: 400;\" aria-level=\"1\"><b>Uvinul T 150 (et\u00fc\u00fclheks\u00fc\u00fcltriasoon)<\/b><span style=\"font-weight: 400;\"> Pakub kaitset UVB kiirte eest.<\/span><\/li>\n<li style=\"font-weight: 400;\" aria-level=\"1\"><b>Tinosorb S<\/b> <b>(bis-et\u00fc\u00fclheks\u00fc\u00fcloks\u00fcfenoolmetoks\u00fcfen\u00fc\u00fcltriasiin)<\/b><span style=\"font-weight: 400;\"> kaitseb m\u00f5lema spektri (UVA\/UVB) kiirguse eest ja on v\u00e4ga fotostabiilne. \u00dcks parimaid t\u00e4nap\u00e4eval saadaolevaid p\u00e4ikesefiltreid.<\/span><\/li>\n<li style=\"font-weight: 400;\" aria-level=\"1\"><b>Titaan dioksiid<\/b><span style=\"font-weight: 400;\"> annab hea laia spektriga katvuse ega \u00e4rrita nahka;<\/span><\/li>\n<\/ul>\n<p>&nbsp;<\/p>\n<p><span style=\"font-weight: 400;\">Lisaks sisaldab koostis naha tervise, nooruse ja ilu jaoks vajalikke toimeaineid:\u00a0<\/span><\/p>\n<p>&nbsp;<\/p>\n<p><b>25 peptiidi kompleks <\/b><span style=\"font-weight: 400;\">stimuleerib taastumisprotsessi ja avaldab nahale k\u00f5ikeh\u00f5lmavat noorendavat toimet:<\/span><\/p>\n<p>&nbsp;<\/p>\n<ul>\n<li style=\"font-weight: 400;\" aria-level=\"1\"><span style=\"font-weight: 400;\">Suurendab elastsust ja pinguldatust;<\/span><\/li>\n<li style=\"font-weight: 400;\" aria-level=\"1\"><span style=\"font-weight: 400;\">Silub v\u00e4ikseid kortse ja kortse;<\/span><\/li>\n<li style=\"font-weight: 400;\" aria-level=\"1\"><span style=\"font-weight: 400;\">Leevendab kerget turset;<\/span><\/li>\n<li style=\"font-weight: 400;\" aria-level=\"1\"><span style=\"font-weight: 400;\">Hoiab \u00e4ra vanuselaikude ilmnemise;<\/span><\/li>\n<li style=\"font-weight: 400;\" aria-level=\"1\"><span style=\"font-weight: 400;\">\u00dchtlustab nahatooni ja parandab jume;<\/span><\/li>\n<\/ul>\n<p>&nbsp;<\/p>\n<p><b>Bakuchiol (10 000 ppm)<\/b><span style=\"font-weight: 400;\"> v\u00e4hendab kortsude teket, pinguldab ja silub nahka.<\/span><\/p>\n<p>&nbsp;<\/p>\n<p><span style=\"font-weight: 400;\">See on looduslik alternatiiv retinoolile, kuna see toimib samadele retseptoritele nagu A-vitamiini derivaadid (retinoidid).\u00a0\u00a0<\/span><\/p>\n<p>&nbsp;<\/p>\n<p><span style=\"font-weight: 400;\">Samal ajal v\u00f5ib bakuchioli kasutada igal ajal aastas, see on ohutu isegi tundlikule nahale ega p\u00f5hjusta \u00e4rritust.<\/span><\/p>\n<p>&nbsp;<\/p>\n<p><b>Jojoba seemne\u00f5li <\/b><span style=\"font-weight: 400;\">on \u00f5rnalt kooriva omadusega ja poleerib nahka \u00f5rnalt, muutes selle siledaks ja siidiseks.<\/span><\/p>\n<p>&nbsp;<\/p>\n<p><b>Tokoferool (E-vitamiin) <\/b><span style=\"font-weight: 400;\">pehmendab, toniseerib, k\u00f5rvaldab ketendamist ja kuivust, stabiliseerib rasvatasakaalu.<\/span><\/p>\n<p>&nbsp;<\/p>\n<p><span style=\"font-weight: 400;\">Mary&amp;May Vegan Peptide Bakuchiol Sun Stickil on \u00f5rn aroom ja pehme siidine tekstuur.\u00a0<\/span><\/p>\n<p>&nbsp;<\/p>\n<p><span style=\"font-weight: 400;\">T\u00e4nu spetsiaalsele valemile lamab toode nahal \u00f5hukese, m\u00e4rkamatu kihina. Ilma iseloomuliku valkja katteta, kleepuvuse ja l\u00e4iketa.\u00a0<\/span><\/p>\n<p>&nbsp;<\/p>\n<p><span style=\"font-weight: 400;\">Mary&amp;May kaubam\u00e4rk pakub t\u00f5husat esmaklassilist kosmeetikat, mis sisaldab 100% vegan koostisosi ja on loodud keskkonna eest vastutades:<\/span><\/p>\n<p>&nbsp;<\/p>\n<ul>\n<li style=\"font-weight: 400;\" aria-level=\"1\"><span style=\"font-weight: 400;\">Kompositsioon ei sisalda 18 nahale potentsiaalselt ohtlikku komponenti;<\/span><\/li>\n<li style=\"font-weight: 400;\" aria-level=\"1\"><span style=\"font-weight: 400;\">Ei sisalda loomseid koostisosi ega loomkatseid;<\/span><\/li>\n<li style=\"font-weight: 400;\" aria-level=\"1\"><span style=\"font-weight: 400;\">Keskkonnale kahjulikud koostisosad on v\u00e4listatud;<\/span><\/li>\n<li style=\"font-weight: 400;\" aria-level=\"1\"><span style=\"font-weight: 400;\">Koostisosad, mis p\u00f5hjustavad korallriffide pleekimist ja kahjustavad mere \u00f6kos\u00fcsteemi, on t\u00e4ielikult elimineeritud;<\/span><\/li>\n<li style=\"font-weight: 400;\" aria-level=\"1\"><span style=\"font-weight: 400;\">Tooted on ohutuse tagamiseks testitud ja sertifitseeritud;<\/span><\/li>\n<li style=\"font-weight: 400;\" aria-level=\"1\"><span style=\"font-weight: 400;\">Pakend on valmistatud taaskasutatud paberist ja kiri on tehtud sojatindiga.<\/span><\/li>\n<\/ul>\n<p>&nbsp;<\/p>\n<p><b>Kuidas kasutada:<\/b><\/p>\n<p><span style=\"font-weight: 400;\">Hoolduse viimasel etapil kanna n\u00e4o- ja kaelanahale piisav kogus Mary&amp;May Vegan Peptide Bakuchiol Sun Sticki.\u00a0<\/span><\/p>\n<p>&nbsp;<\/p>\n<p><span style=\"font-weight: 400;\">Pikaajalisel p\u00e4ikese k\u00e4es viibimisel (n\u00e4iteks rannas) uuenda p\u00e4ikesekaitsekihti iga 2-3 tunni j\u00e4rel.<\/span><\/p>\n<p>&nbsp;<\/p>\n<p><b>Netokogus:<\/b><span style=\"font-weight: 400;\"> 18 gr.<\/span><\/p>\n<p>&nbsp;<\/p>\n<p><span style=\"font-weight: 400;\">Kui teil on lisak\u00fcsimusi v\u00f5i vajate toote valimisel n\u00f5u, kirjutage meile. Vestlus asub ekraani paremas alanurgas.<\/span><\/p>\n<p>&nbsp;<\/p>\n<p>&nbsp;<\/p>\n<p><a title=\"TARNETINGIMUSED\" href=\"https:\/\/liluilu.ee\/et\/kohaletoimetamine\/\" target=\"_blank\" rel=\"noopener\">TARNETINGIMUSED<\/a><\/p>","protected":false},"excerpt":{"rendered":"<p><span style=\"font-weight: 400;\">Mary&amp;May p\u00e4ikesekaitsepulk peptiidide ja bakuchiooliga on intensiivne vananemisvastane hooldus ja usaldusv\u00e4\u00e4rne kaitse UV-kiirte eest \u00fches tootes.<\/span><\/p>\n<p>&nbsp;<\/p>\n<p><span style=\"font-weight: 400;\">Mary&amp;May Vegan Peptiid Bakuchiol p\u00e4ikesepulk SPF50+ PA++++:<\/span><\/p>\n<p>&nbsp;<\/p>\n<ul>\n<li style=\"font-weight: 400;\" aria-level=\"1\"><span style=\"font-weight: 400;\">Pakub maksimaalset kaitset m\u00f5lema spektriga UV-kiirguse eest ja igak\u00fclgset vananemisvastast hooldust;<\/span><\/li>\n<li style=\"font-weight: 400;\" aria-level=\"1\"><span style=\"font-weight: 400;\">Linnakeskkonnas ei vaja see uuendamist kuni 8 tundi;<\/span><\/li>\n<li style=\"font-weight: 400;\" aria-level=\"1\"><span style=\"font-weight: 400;\">Lamab nahale kerge, m\u00e4rkamatu kihina;<\/span><\/li>\n<li style=\"font-weight: 400;\" aria-level=\"1\"><span style=\"font-weight: 400;\">Ei j\u00e4ta kleepuvat ega valkjat j\u00e4\u00e4ki;<\/span><\/li>\n<li style=\"font-weight: 400;\" aria-level=\"1\"><span style=\"font-weight: 400;\">Imab rasu ja v\u00e4hendab l\u00e4iget;<\/span><\/li>\n<li style=\"font-weight: 400;\" aria-level=\"1\"><span style=\"font-weight: 400;\">Sellel on kerge matistav omadus;<\/span><\/li>\n<li style=\"font-weight: 400;\" aria-level=\"1\"><span style=\"font-weight: 400;\">\u00dchtlustab mikroreljeefi ja on suurep\u00e4rane alus meigiks.<\/span><\/li>\n<\/ul>\n<p>&nbsp;<\/p>","protected":false},"featured_media":9564,"comment_status":"open","ping_status":"closed","template":"","meta":{"_eb_attr":"","jetpack_post_was_ever_published":false,"_joinchat":[]},"product_brand":[],"product_cat":[232,657,569],"product_tag":[591,589,590,445,669,335,588,622,239,672,674,667,673,668,587,586],"class_list":{"0":"post-9577","1":"product","2":"type-product","3":"status-publish","4":"has-post-thumbnail","6":"product_cat-mary-may","7":"product_cat-akcii-i-skidki","8":"product_cat-solncezashhitnye-sredstva","9":"product_tag-tinosorb-s-bis-ethylhexyloxyphenol-methoxyphenyl-triazine","10":"product_tag-uvinul-a-plus-diethylamino-hydroxybenzoyl-hexyl-benzoate","11":"product_tag-uvinul-t-150-ethylhexyl-triazone","12":"product_tag-antivozrastnoj-uhod","13":"product_tag-antivozrastnye-sanskriny","14":"product_tag-bakuchiol","15":"product_tag-dioksid-titana","16":"product_tag-kosmetika-s-peptidami","17":"product_tag-peptidy","18":"product_tag-sanskriny-s-peptidami","19":"product_tag-smeshannye-solncezashhitnye-filtry","20":"product_tag-solncezashhitnyj-stik","21":"product_tag-solncezashhitnyj-stik-na-smeshannyh-filtrah","22":"product_tag-solncezashhitnyj-stik-na-fotostabilnyh-filtrah","23":"product_tag-fizicheskie-solncezashhitnye-filtry","24":"product_tag-himicheskie-solncezashhitnye-filtry","26":"first","27":"outofstock","28":"sale","29":"shipping-taxable","30":"purchasable","31":"product-type-simple"},"jetpack_sharing_enabled":true,"_links":{"self":[{"href":"https:\/\/liluilu.ee\/et\/wp-json\/wp\/v2\/product\/9577","targetHints":{"allow":["GET"]}}],"collection":[{"href":"https:\/\/liluilu.ee\/et\/wp-json\/wp\/v2\/product"}],"about":[{"href":"https:\/\/liluilu.ee\/et\/wp-json\/wp\/v2\/types\/product"}],"replies":[{"embeddable":true,"href":"https:\/\/liluilu.ee\/et\/wp-json\/wp\/v2\/comments?post=9577"}],"version-history":[{"count":6,"href":"https:\/\/liluilu.ee\/et\/wp-json\/wp\/v2\/product\/9577\/revisions"}],"predecessor-version":[{"id":9583,"href":"https:\/\/liluilu.ee\/et\/wp-json\/wp\/v2\/product\/9577\/revisions\/9583"}],"wp:featuredmedia":[{"embeddable":true,"href":"https:\/\/liluilu.ee\/et\/wp-json\/wp\/v2\/media\/9564"}],"wp:attachment":[{"href":"https:\/\/liluilu.ee\/et\/wp-json\/wp\/v2\/media?parent=9577"}],"wp:term":[{"taxonomy":"product_brand","embeddable":true,"href":"https:\/\/liluilu.ee\/et\/wp-json\/wp\/v2\/product_brand?post=9577"},{"taxonomy":"product_cat","embeddable":true,"href":"https:\/\/liluilu.ee\/et\/wp-json\/wp\/v2\/product_cat?post=9577"},{"taxonomy":"product_tag","embeddable":true,"href":"https:\/\/liluilu.ee\/et\/wp-json\/wp\/v2\/product_tag?post=9577"}],"curies":[{"name":"t\u00f6\u00f6leht","href":"https:\/\/api.w.org\/{rel}","templated":true}]}}