{"id":9556,"date":"2023-07-19T15:03:16","date_gmt":"2023-07-19T12:03:16","guid":{"rendered":"https:\/\/liluilu.ee\/?post_type=product&#038;p=9556"},"modified":"2026-04-07T18:38:50","modified_gmt":"2026-04-07T15:38:50","slug":"miniatyura-mary-may-calendula-peptide-ageless-sleeping-mask","status":"publish","type":"product","link":"https:\/\/liluilu.ee\/et\/miniatyura-mary-may-calendula-peptide-ageless-sleeping-mask\/","title":{"rendered":"Vananemisvastane miniatuurne \u00f6\u00f6mask Mary&amp;May Calendula Peptide Ageless Sleeping Mask 30g."},"content":{"rendered":"<p><span style=\"font-weight: 400;\">\u00d6\u00f6maski miniversioon saialilleekstrakti ja peptiididega taastab aktiivselt nahka ka magamise ajal. Pinguldab ja pinguldab, aitab v\u00e4hendada kortsude s\u00fcgavust ja pindala. Sellel on v\u00f5imas rahustav ja haavu parandav toime, leevendab punetust ja s\u00fcgelust. Sisaldab 25 peptiidi, saialilleekstrakti, guaiasuleeni, tsentellat, pantenooli, keramiide ja h\u00fcaluroonhapet.<\/span><\/p>\n<p>&nbsp;<\/p>\n<p><span style=\"font-weight: 400;\">Sobib vananemisvastaseks hoolduseks k\u00fcpsele rasusele, kombineeritud ja normaalsele nahat\u00fc\u00fcbile. Samuti probleemsele v\u00f5i tundlikule nahale v\u00f5i rosaatsea ja rosaatseaga nahale (remissiooniperioodil).\u00a0<\/span><\/p>\n<p>&nbsp;<\/p>\n<p><span style=\"font-weight: 400;\">Loe l\u00e4hemalt <\/span><span style=\"color: #0000ff;\"><a style=\"color: #0000ff;\" href=\"https:\/\/liluilu.ee\/et\/mary-may-calendula-peptide-ageless-sleeping-mask\/\" target=\"_blank\" rel=\"noopener\"><span style=\"font-weight: 400;\">siit<\/span><\/a><\/span><span style=\"font-weight: 400;\">.<\/span><\/p>\n<p>&nbsp;<\/p>\n<p><b>Kuidas kasutada:<\/b><\/p>\n<p><span style=\"font-weight: 400;\">\u00d5htuse hoolduse viimases etapis kandke vajalik kogus toodet n\u00e4onahale. \u00c4rge peske maski enne hommikut.<\/span><\/p>\n<p>&nbsp;<\/p>\n<p><b>Netokogus:<\/b><span style=\"font-weight: 400;\"> 30 gr.<\/span><\/p>\n<p>&nbsp;<\/p>\n<p><span style=\"font-weight: 400;\">Kui teil on lisak\u00fcsimusi v\u00f5i vajate toote valimisel n\u00f5u, kirjutage meile. Vestlus asub ekraani paremas alanurgas.<\/span><\/p>\n<p>&nbsp;<\/p>\n<p>&nbsp;<\/p>\n<p><a title=\"TARNETINGIMUSED\" href=\"https:\/\/liluilu.ee\/et\/kohaletoimetamine\/\" target=\"_blank\" rel=\"noopener\">TARNETINGIMUSED<\/a><\/p>","protected":false},"excerpt":{"rendered":"<p>\u041c\u0438\u043d\u0438-\u0432\u0435\u0440\u0441\u0438\u044f \u043d\u043e\u0447\u043d\u043e\u0439 \u043c\u0430\u0441\u043a\u0438 \u0441 \u044d\u043a\u0441\u0442\u0440\u0430\u043a\u0442\u043e\u043c \u043a\u0430\u043b\u0435\u043d\u0434\u0443\u043b\u044b \u0438 \u043f\u0435\u043f\u0442\u0438\u0434\u0430\u043c\u0438 \u0430\u043a\u0442\u0438\u0432\u043d\u043e \u0432\u043e\u0441\u0441\u0442\u0430\u043d\u0430\u0432\u043b\u0438\u0432\u0430\u0435\u0442 \u043a\u043e\u0436\u0443, \u043f\u043e\u043a\u0430 \u0432\u044b \u0441\u043f\u0438\u0442\u0435. \u0423\u043f\u043b\u043e\u0442\u043d\u044f\u0435\u0442 \u0438 \u043f\u043e\u0434\u0442\u044f\u0433\u0438\u0432\u0430\u0435\u0442, \u0441\u043f\u043e\u0441\u043e\u0431\u0441\u0442\u0432\u0443\u0435\u0442 \u0441\u043e\u043a\u0440\u0430\u0449\u0435\u043d\u0438\u044e \u0433\u043b\u0443\u0431\u0438\u043d\u044b \u0438 \u043f\u043b\u043e\u0449\u0430\u0434\u0438 \u043c\u043e\u0440\u0449\u0438\u043d. \u041e\u0431\u043b\u0430\u0434\u0430\u0435\u0442 \u043c\u043e\u0449\u043d\u044b\u043c \u0443\u0441\u043f\u043e\u043a\u0430\u0438\u0432\u0430\u044e\u0449\u0438\u043c \u0438 \u0440\u0430\u043d\u043e\u0437\u0430\u0436\u0438\u0432\u043b\u044f\u044e\u0449\u0438\u043c \u044d\u0444\u0444\u0435\u043a\u0442\u043e\u043c, \u0441\u043d\u0438\u043c\u0430\u0435\u0442 \u043f\u043e\u043a\u0440\u0430\u0441\u043d\u0435\u043d\u0438\u044f \u0438 \u0437\u0443\u0434. \u0421\u043e\u0434\u0435\u0440\u0436\u0438\u0442 25 \u043f\u0435\u043f\u0442\u0438\u0434\u043e\u0432, \u044d\u043a\u0441\u0442\u0440\u0430\u043a\u0442 \u043a\u0430\u043b\u0435\u043d\u0434\u0443\u043b\u044b, \u0433\u0432\u0430\u0439\u0430\u0437\u0443\u043b\u0435\u043d, \u0446\u0435\u043d\u0442\u0435\u043b\u043b\u0443, \u043f\u0430\u043d\u0442\u0435\u043d\u043e\u043b, \u043a\u0435\u0440\u0430\u043c\u0438\u0434\u044b \u0438 \u0433\u0438\u0430\u043b\u0443\u0440\u043e\u043d\u043e\u0432\u0443\u044e \u043a\u0438\u0441\u043b\u043e\u0442\u0443. &nbsp; \u041f\u043e\u0434\u0445\u043e\u0434\u0438\u0442 \u0434\u043b\u044f \u0430\u043d\u0442\u0438\u0432\u043e\u0437\u0440\u0430\u0441\u0442\u043d\u043e\u0433\u043e \u0443\u0445\u043e\u0434\u0430 \u0437\u0430 \u0437\u0440\u0435\u043b\u043e\u0439 \u043a\u043e\u0436\u0435\u0439 \u0436\u0438\u0440\u043d\u043e\u0433\u043e, \u043a\u043e\u043c\u0431\u0438\u043d\u0438\u0440\u043e\u0432\u0430\u043d\u043d\u043e\u0433\u043e [&hellip;]<\/p>","protected":false},"featured_media":9558,"comment_status":"open","ping_status":"closed","template":"","meta":{"_eb_attr":"","jetpack_post_was_ever_published":false,"_joinchat":[]},"product_brand":[],"product_cat":[232,103],"product_tag":[445,572,415,583,417,465,419,239,451,497,487,582,489],"class_list":{"0":"post-9556","1":"product","2":"type-product","3":"status-publish","4":"has-post-thumbnail","6":"product_cat-mary-may","7":"product_cat-maski-dlya-lica","8":"product_tag-antivozrastnoj-uhod","9":"product_tag-antivozrastnye-maski-dlya-lica","10":"product_tag-zhirnaya-kozha","11":"product_tag-kozha-s-kuperozom","12":"product_tag-kombinirovannaya-kozha","13":"product_tag-lifting","14":"product_tag-normalnaya-kozha","15":"product_tag-peptidy","16":"product_tag-problemnaya-kozha","17":"product_tag-probniki-i-miniatjury","18":"product_tag-protiv-morshhin","19":"product_tag-ekstrakt-kalenduly","20":"product_tag-elastichnost-i-uprugost","22":"first","23":"instock","24":"sale","25":"shipping-taxable","26":"purchasable","27":"product-type-simple"},"jetpack_sharing_enabled":true,"_links":{"self":[{"href":"https:\/\/liluilu.ee\/et\/wp-json\/wp\/v2\/product\/9556","targetHints":{"allow":["GET"]}}],"collection":[{"href":"https:\/\/liluilu.ee\/et\/wp-json\/wp\/v2\/product"}],"about":[{"href":"https:\/\/liluilu.ee\/et\/wp-json\/wp\/v2\/types\/product"}],"replies":[{"embeddable":true,"href":"https:\/\/liluilu.ee\/et\/wp-json\/wp\/v2\/comments?post=9556"}],"version-history":[{"count":2,"href":"https:\/\/liluilu.ee\/et\/wp-json\/wp\/v2\/product\/9556\/revisions"}],"predecessor-version":[{"id":9562,"href":"https:\/\/liluilu.ee\/et\/wp-json\/wp\/v2\/product\/9556\/revisions\/9562"}],"wp:featuredmedia":[{"embeddable":true,"href":"https:\/\/liluilu.ee\/et\/wp-json\/wp\/v2\/media\/9558"}],"wp:attachment":[{"href":"https:\/\/liluilu.ee\/et\/wp-json\/wp\/v2\/media?parent=9556"}],"wp:term":[{"taxonomy":"product_brand","embeddable":true,"href":"https:\/\/liluilu.ee\/et\/wp-json\/wp\/v2\/product_brand?post=9556"},{"taxonomy":"product_cat","embeddable":true,"href":"https:\/\/liluilu.ee\/et\/wp-json\/wp\/v2\/product_cat?post=9556"},{"taxonomy":"product_tag","embeddable":true,"href":"https:\/\/liluilu.ee\/et\/wp-json\/wp\/v2\/product_tag?post=9556"}],"curies":[{"name":"t\u00f6\u00f6leht","href":"https:\/\/api.w.org\/{rel}","templated":true}]}}