{"id":9540,"date":"2023-07-14T15:43:13","date_gmt":"2023-07-14T12:43:13","guid":{"rendered":"https:\/\/liluilu.ee\/?post_type=product&#038;p=9540"},"modified":"2026-04-09T16:21:11","modified_gmt":"2026-04-09T13:21:11","slug":"mary-may-calendula-peptide-ageless-sleeping-mask","status":"publish","type":"product","link":"https:\/\/liluilu.ee\/et\/mary-may-calendula-peptide-ageless-sleeping-mask\/","title":{"rendered":"\u00d6ine vananemisvastane mask saialilleekstrakti ja peptiididega Mary&amp;May Calendula Peptide Ageless Sleeping Mask 110g."},"content":{"rendered":"<h2><i><span style=\"font-weight: 400;\">Peamised toimeained <\/span><\/i><i><span style=\"font-weight: 400;\">M<\/span><\/i><i><span style=\"font-weight: 400;\">ary&amp;May Calendula Peptide Ageless Sleeping Mask\u00a0<\/span><\/i><\/h2>\n<p>&nbsp;<\/p>\n<p><b>25 peptiidi kompleks<\/b><span style=\"font-weight: 400;\"> stimuleerib regeneratsiooni ja aeglustab rakkude vananemist, pakkudes <\/span><b>v\u00e4ljendunud vananemisvastane toime<\/b><span style=\"font-weight: 400;\">.\u00a0<\/span><\/p>\n<p>&nbsp;<\/p>\n<p><span style=\"font-weight: 400;\">Peptiidid soodustavad oluliste valkude s\u00fcnteesi, v\u00e4hendavad kortsude teket, pinguldavad ja tugevdavad nahka, muutes selle elastsemaks ja pingul.<\/span><\/p>\n<p>&nbsp;<\/p>\n<p><b>Saialille ekstrakt (2200 ppm) <\/b><span style=\"font-weight: 400;\">on rahustava ja p\u00f5letikuvastase toimega. V\u00e4hendab reaktsiooniv\u00f5imet, v\u00e4hendab punetust ja k\u00f5rvaldab s\u00fcgeluse.\u00a0<\/span><\/p>\n<p><span style=\"font-weight: 400;\">Lisaks aitab saialilleekstrakt akne puhul, reguleerib rasu tootmist ja v\u00e4hendab \u00f5list l\u00e4iget.<\/span><\/p>\n<p>&nbsp;<\/p>\n<p><b>Guaiasuleen <\/b><span style=\"font-weight: 400;\">ja <\/span><b>pantenool <\/b><span style=\"font-weight: 400;\">niisutab, pehmendab ja rahustab nahka. Leevendab \u00e4rritust ja annab talle lohutust.<\/span><\/p>\n<p>&nbsp;<\/p>\n<p><b>Centella ekstrakt<\/b><span style=\"font-weight: 400;\"> on p\u00f5letikuvastased, haavu parandavad ja antioks\u00fcdantsed omadused. Aitab leevendada turseid, omab veresooni tugevdavat toimet, taastab barj\u00e4\u00e4ri ja \u00fcldiselt parandab naha tervist.<\/span><\/p>\n<p>&nbsp;<\/p>\n<p><b>H\u00fcaluroonhape<\/b> <b>hape<\/b><span style=\"font-weight: 400;\"> niisutab s\u00fcgavalt ja kauakestvalt, taastab veetasakaalu ja hoiab \u00e4ra naha deh\u00fcdratsiooni. Silub kuivusest tekkinud kortse, muudab naha t\u00e4idlasemaks ja elastsemaks.\u00a0<\/span><\/p>\n<p>&nbsp;<\/p>\n<p><b>Keramiidid NP<\/b><span style=\"font-weight: 400;\"> hoolitseda naha barj\u00e4\u00e4ri tervise eest, taastada vee-rasvade tasakaal, v\u00e4ltida deh\u00fcdratsiooni ja soodustada kahjustatud naha kiiret taastumist.\u00a0<\/span><\/p>\n<p>&nbsp;<\/p>\n<p><b>Kava kava ekstrakt <\/b><span style=\"font-weight: 400;\">rikastab epidermist C-vitamiiniga, omab v\u00e4ljendunud rahustavat toimet ja niisutab intensiivselt nahka.<\/span><\/p>\n<p>&nbsp;<\/p>\n<p><b>Takjajuure ekstrakt <\/b><span style=\"font-weight: 400;\">toniseerib ja parandab rakkude ainevahetust.\u00a0<\/span><\/p>\n<p>&nbsp;<\/p>\n<p><span style=\"font-weight: 400;\">\u0423 <\/span><span style=\"font-weight: 400;\">M<\/span><span style=\"font-weight: 400;\">ary&amp;May Calendula Peptide Ageless Sleeping Mask<\/span><span style=\"font-weight: 400;\"> v\u00e4rske, rafineeritud \u201clooduslik\u201d aroom ja sulav, geelitaoline tekstuur. Mask sisaldab saialille kroonlehtede lisandeid, mis nahale kandes \u00f5rnalt lahustuvad.\u00a0<\/span><\/p>\n<p>&nbsp;<\/p>\n<p><span style=\"font-weight: 400;\">Toode niisutab, jahutab ja rahustab koheselt. J\u00e4tab v\u00e4rskuse ja kerge jaheduse tunde. Ei mingit kleepuvust, ei mingit rasvast kilet n\u00e4ole.\u00a0<\/span><\/p>\n<p>&nbsp;<\/p>\n<p><span style=\"font-weight: 400;\">K\u00f5ik 100% maski koostisosad on vegan. Neid on ohutu kasutada ja neil on EWG (Green Grade) sertifikaat. Br\u00e4nd ei kasuta nahale potentsiaalselt kahjulikke komponente, nagu parabeene, v\u00e4rvaineid, etanooli, mineraal\u00f5lisid jne.\u00a0<\/span><span style=\"font-weight: 400;\">Samuti <\/span><span style=\"font-weight: 400;\">M<\/span><span style=\"font-weight: 400;\">ary&amp;mai<\/span><span style=\"font-weight: 400;\"> v\u00e4listab t\u00e4ielikult keskkonnale kahjulikud koostisained, ei kasuta loomseid saadusi ega katseta loomade peal.<\/span><\/p>\n<p>&nbsp;<\/p>\n<p><b>Soovitame <\/b><b>M<\/b><b>ary&amp;May Calendula Peptide Ageless Sleeping Mask:\u00a0\u00a0<\/b><\/p>\n<p>&nbsp;<\/p>\n<ul>\n<li style=\"font-weight: 400;\" aria-level=\"1\"><span style=\"font-weight: 400;\">Vananemisvastaseks hoolduseks k\u00fcpsele rasusele, kombineeritud ja normaalsele nahale;<\/span><\/li>\n<li style=\"font-weight: 400;\" aria-level=\"1\"><span style=\"font-weight: 400;\">Kui teil on tundlik nahk;<\/span><\/li>\n<li style=\"font-weight: 400;\" aria-level=\"1\"><span style=\"font-weight: 400;\">kui teil on rosaatsea ja\/v\u00f5i rosaatsea nahk;<\/span><\/li>\n<li style=\"font-weight: 400;\" aria-level=\"1\"><span style=\"font-weight: 400;\">kui teil on probleemne nahk;<\/span><\/li>\n<li style=\"font-weight: 400;\" aria-level=\"1\"><span style=\"font-weight: 400;\">Kui soovid sihip\u00e4raselt vananemisvastase toimega, samas kerge tekstuuriga toodet, mis ei koorma nahka \u00fcle.<\/span><\/li>\n<\/ul>\n<p>&nbsp;<\/p>\n<p><b>Kuidas kasutada:<\/b><\/p>\n<p><span style=\"font-weight: 400;\">\u00d5htuse hoolduse viimases etapis kandke vajalik kogus toodet n\u00e4onahale. \u00c4rge peske maski enne hommikut.<\/span><\/p>\n<p>&nbsp;<\/p>\n<p><b>Netokogus:<\/b><span style=\"font-weight: 400;\"> 110 gr.<\/span><\/p>\n<p>&nbsp;<\/p>\n<p><span style=\"font-weight: 400;\">Kui teil on lisak\u00fcsimusi v\u00f5i vajate toote valimisel n\u00f5u, kirjutage meile. Vestlus asub ekraani paremas alanurgas.<\/span><\/p>\n<p>&nbsp;<\/p>\n<p>&nbsp;<\/p>\n<p><a title=\"TARNETINGIMUSED\" href=\"https:\/\/liluilu.ee\/et\/kohaletoimetamine\/\" target=\"_blank\" rel=\"noopener\">TARNETINGIMUSED<\/a><\/p>","protected":false},"excerpt":{"rendered":"<p><span style=\"font-weight: 400;\">Mary&amp;May Calendula Peptide Ageless Sleeping Mask pakub p\u00e4rast und pimestavat nahka.<\/span><\/p>\n<p>&nbsp;<\/p>\n<p><span style=\"font-weight: 400;\">Noorendavate, toitvate ja rahustavate koostisosadega k\u00fcllastunud mask taastab aktiivselt nahka.<\/span><\/p>\n<p>&nbsp;<\/p>\n<p><span style=\"font-weight: 400;\">Ja kerge geelitaoline tekstuur annab v\u00e4rskuse, jaheduse ja mugavuse.<\/span><\/p>\n<p>&nbsp;<\/p>\n<p><span style=\"font-weight: 400;\">Kandke mask rikkalikult nahale \u00f5htul ja tunnetage tulemusi hommikul.<\/span><\/p>\n<p>&nbsp;<\/p>\n<p><span style=\"font-weight: 400;\">Mary&amp;May Calendula Peptide Ageless Sleeping Mask:<\/span><\/p>\n<p>&nbsp;<\/p>\n<ul>\n<li style=\"font-weight: 400;\" aria-level=\"1\"><span style=\"font-weight: 400;\">Niisutab ja toidab s\u00fcgavuti;<\/span><\/li>\n<li style=\"font-weight: 400;\" aria-level=\"1\"><span style=\"font-weight: 400;\">Aitab v\u00e4hendada kortsude s\u00fcgavust ja pindala;<\/span><\/li>\n<li style=\"font-weight: 400;\" aria-level=\"1\"><span style=\"font-weight: 400;\">Pinguldab ja pinguldab nahka, muutes selle elastsemaks ja pingul;<\/span><\/li>\n<li style=\"font-weight: 400;\" aria-level=\"1\"><span style=\"font-weight: 400;\">Sellel on v\u00f5imas rahustav ja p\u00f5letikuvastane toime;<\/span><\/li>\n<li style=\"font-weight: 400;\" aria-level=\"1\"><span style=\"font-weight: 400;\">V\u00e4hendab reaktsiooniv\u00f5imet, leevendab punetust ja s\u00fcgelust;<\/span><\/li>\n<li style=\"font-weight: 400;\" aria-level=\"1\"><span style=\"font-weight: 400;\">M\u00f5jub soodsalt rosaatsea ja rosaatseaga nahale;<\/span><\/li>\n<li style=\"font-weight: 400;\" aria-level=\"1\"><span style=\"font-weight: 400;\">\u00dchtlustab tooni ja v\u00e4rskendab jumet.<\/span><\/li>\n<\/ul>\n<p>&nbsp;<\/p>","protected":false},"featured_media":9534,"comment_status":"open","ping_status":"closed","template":"","meta":{"_eb_attr":"","jetpack_post_was_ever_published":false,"_joinchat":[]},"product_brand":[874],"product_cat":[232,103],"product_tag":[445,572,415,583,417,465,419,239,451,487,582,489],"class_list":{"0":"post-9540","1":"product","2":"type-product","3":"status-publish","4":"has-post-thumbnail","6":"product_brand-mary-may","7":"product_cat-mary-may","8":"product_cat-maski-dlya-lica","9":"product_tag-antivozrastnoj-uhod","10":"product_tag-antivozrastnye-maski-dlya-lica","11":"product_tag-zhirnaya-kozha","12":"product_tag-kozha-s-kuperozom","13":"product_tag-kombinirovannaya-kozha","14":"product_tag-lifting","15":"product_tag-normalnaya-kozha","16":"product_tag-peptidy","17":"product_tag-problemnaya-kozha","18":"product_tag-protiv-morshhin","19":"product_tag-ekstrakt-kalenduly","20":"product_tag-elastichnost-i-uprugost","22":"first","23":"instock","24":"sale","25":"shipping-taxable","26":"purchasable","27":"product-type-simple"},"jetpack_sharing_enabled":true,"_links":{"self":[{"href":"https:\/\/liluilu.ee\/et\/wp-json\/wp\/v2\/product\/9540","targetHints":{"allow":["GET"]}}],"collection":[{"href":"https:\/\/liluilu.ee\/et\/wp-json\/wp\/v2\/product"}],"about":[{"href":"https:\/\/liluilu.ee\/et\/wp-json\/wp\/v2\/types\/product"}],"replies":[{"embeddable":true,"href":"https:\/\/liluilu.ee\/et\/wp-json\/wp\/v2\/comments?post=9540"}],"version-history":[{"count":5,"href":"https:\/\/liluilu.ee\/et\/wp-json\/wp\/v2\/product\/9540\/revisions"}],"predecessor-version":[{"id":9545,"href":"https:\/\/liluilu.ee\/et\/wp-json\/wp\/v2\/product\/9540\/revisions\/9545"}],"wp:featuredmedia":[{"embeddable":true,"href":"https:\/\/liluilu.ee\/et\/wp-json\/wp\/v2\/media\/9534"}],"wp:attachment":[{"href":"https:\/\/liluilu.ee\/et\/wp-json\/wp\/v2\/media?parent=9540"}],"wp:term":[{"taxonomy":"product_brand","embeddable":true,"href":"https:\/\/liluilu.ee\/et\/wp-json\/wp\/v2\/product_brand?post=9540"},{"taxonomy":"product_cat","embeddable":true,"href":"https:\/\/liluilu.ee\/et\/wp-json\/wp\/v2\/product_cat?post=9540"},{"taxonomy":"product_tag","embeddable":true,"href":"https:\/\/liluilu.ee\/et\/wp-json\/wp\/v2\/product_tag?post=9540"}],"curies":[{"name":"t\u00f6\u00f6leht","href":"https:\/\/api.w.org\/{rel}","templated":true}]}}