{"id":9498,"date":"2023-07-07T16:23:25","date_gmt":"2023-07-07T13:23:25","guid":{"rendered":"https:\/\/liluilu.ee\/?post_type=product&#038;p=9498"},"modified":"2026-04-13T12:57:47","modified_gmt":"2026-04-13T09:57:47","slug":"medi-peel-red-lacto-collagen-eye-patch","status":"publish","type":"product","link":"https:\/\/liluilu.ee\/et\/medi-peel-red-lacto-collagen-eye-patch\/","title":{"rendered":"Kollageeni h\u00fcdrol\u00fcsaadiga tugevdavad plaastrid MEDI-PEEL Red Lacto Collagen Eye Patch 60 tk."},"content":{"rendered":"<h2><i><span style=\"font-weight: 400;\">MEDI-PEEL Red Lacto Collagen Eye Plaastri peamised toimeained\u00a0<\/span><\/i><\/h2>\n<p>&nbsp;<\/p>\n<p><b>Kollageeniekstrakt ja h\u00fcdrol\u00fc\u00fcsitud kollageen <\/b><span style=\"font-weight: 400;\">hoiab nahka niisutatuna, silub peeneid kortse ja annab pinguldava efekti.<\/span><\/p>\n<p>&nbsp;<\/p>\n<p><b>Lactobacillus ens\u00fc\u00fcm <\/b><span style=\"font-weight: 400;\">taastab mikrobioomi ja parandab naha barj\u00e4\u00e4rifunktsioone.\u00a0<\/span><\/p>\n<p>&nbsp;<\/p>\n<p><b>Aminohapete kompleks\u2122<\/b><span style=\"font-weight: 400;\"> sisaldab 15 aminohapet, mis stimuleerivad teie enda kollageeni tootmist, parandavad elastsust, hoiavad \u00e4ra kortsude teket ja s\u00e4ilitavad sileda nahatekstuuri.<\/span><\/p>\n<p>&nbsp;<\/p>\n<p><b>Iiri sambla ekstrakt <\/b><span style=\"font-weight: 400;\">pikendab noorust, kuna v\u00e4hendab oks\u00fcdatiivset stressi ja kaitseb kollageeni h\u00e4vimise eest.<\/span><\/p>\n<p>&nbsp;<\/p>\n<p><b>Adenosiin <\/b><span style=\"font-weight: 400;\">v\u00f5itleb t\u00f5husalt kortsude vastu, parandab toonust ja elastsust.<\/span><\/p>\n<p>&nbsp;<\/p>\n<p><b>7 t\u00fc\u00fcpi h\u00fcaluroonhapet <\/b><span style=\"font-weight: 400;\">t\u00e4itke nahk niiskusega seestpoolt v\u00e4ljapoole. K\u00f5rvaldage deh\u00fcdratsioon ja kuivus, taastage ja s\u00e4ilitage veetasakaalu.<\/span><\/p>\n<p>&nbsp;<\/p>\n<p><span style=\"font-weight: 400;\">MEDI-PEEL Red Lacto Collagen Eye Patch sobib igap\u00e4evaseks kasutamiseks ja igale nahat\u00fc\u00fcbile.<\/span><\/p>\n<p>&nbsp;<\/p>\n<p><span style=\"font-weight: 400;\">Plaastreid v\u00f5ib kasutada nahal silmade all, nasolaabiaalsetel voldikutel, otsmikul ja kulmude piirkonnas.\u00a0<\/span><\/p>\n<p>&nbsp;<\/p>\n<p><b>Kuidas kasutada:<\/b><\/p>\n<p><span style=\"font-weight: 400;\">Kaasasoleva spaatliga eemaldage ettevaatlikult plaastrid ja kandke need puhastatud ja toonikuga t\u00f6\u00f6deldud nahale.<\/span><\/p>\n<p><span style=\"font-weight: 400;\">20 minuti p\u00e4rast eemaldage plaastrid ja tehke s\u00f5rmede patsutusliigutusi, et aidata \u00fclej\u00e4\u00e4nud essentsil imenduda.\u00a0<\/span><\/p>\n<p>&nbsp;<\/p>\n<p><b>Kogus pakendis: <\/b><span style=\"font-weight: 400;\">60 tk.<\/span><\/p>\n<p>&nbsp;<\/p>\n<p><span style=\"font-weight: 400;\">Kui teil on lisak\u00fcsimusi v\u00f5i vajate toote valimisel n\u00f5u, kirjutage meile. Vestlus asub ekraani paremas alanurgas.<\/span><\/p>\n<p>&nbsp;<\/p>\n<p>&nbsp;<\/p>\n<p><a title=\"TARNETINGIMUSED\" href=\"https:\/\/liluilu.ee\/et\/kohaletoimetamine\/\" target=\"_blank\" rel=\"noopener\">TARNETINGIMUSED<\/a><\/p>","protected":false},"excerpt":{"rendered":"<p><span style=\"font-weight: 400;\">Tugevdavad silmaplaastrid h\u00fcdrol\u00fc\u00fcsitud kollageeni ja laktobatsillidega MEDI-PEEL Red Lacto Collagen Eye Patch:<\/span><\/p>\n<p>&nbsp;<\/p>\n<ul>\n<li style=\"font-weight: 400;\" aria-level=\"1\"><span style=\"font-weight: 400;\">T\u00e4iuslikult niisutab, toniseerib ja v\u00e4rskendab;<\/span><\/li>\n<li style=\"font-weight: 400;\" aria-level=\"1\"><span style=\"font-weight: 400;\">Neil on dekongestiivne toime ja need leevendavad kerget turset p\u00e4rast magamist;<\/span><\/li>\n<li style=\"font-weight: 400;\" aria-level=\"1\"><span style=\"font-weight: 400;\">Silendab, pinguldab ja pinguldab nahka;<\/span><\/li>\n<li style=\"font-weight: 400;\" aria-level=\"1\"><span style=\"font-weight: 400;\">Taastab terve mikrobioomi;<\/span><\/li>\n<li style=\"font-weight: 400;\" aria-level=\"1\"><span style=\"font-weight: 400;\">Need t\u00f5mbuvad kiiresti kokku, p\u00fcsivad h\u00e4sti ega libise alla.<\/span><\/li>\n<\/ul>\n<p>&nbsp;<\/p>\n<p><span style=\"font-weight: 400;\">Plaastrid on valmistatud spetsiaalse MEDI-PEEL tehnoloogia abil, mis tagab nahale tiheda sobivuse. See soodustab aktiivsete komponentide s\u00fcgavamat tungimist ja suurendab nende toimet.\u00a0<\/span><\/p>\n<p>&nbsp;<\/p>\n<p><span style=\"font-weight: 400;\">Essents sisaldab erineva molekulmassiga kombineeritud kollageeni, aminohappeid, laktobatsille, iiri sambla ekstrakti, adenosiini ja 7 t\u00fc\u00fcpi h\u00fcaluroonhapet.<\/span><\/p>\n<p>&nbsp;<\/p>\n<p>&nbsp;<\/p>","protected":false},"featured_media":9495,"comment_status":"open","ping_status":"closed","template":"","meta":{"_eb_attr":"","jetpack_post_was_ever_published":false,"_joinchat":[]},"product_brand":[],"product_cat":[219,221],"product_tag":[578,263,577,465,297,573,400,489],"class_list":{"0":"post-9498","1":"product","2":"type-product","3":"status-publish","4":"has-post-thumbnail","6":"product_cat-medi-peel","7":"product_cat-patchi-dlya-glaz","8":"product_tag-aminokisloty","9":"product_tag-gidrolizovannyj-kollagen","10":"product_tag-laktobakterii","11":"product_tag-lifting","12":"product_tag-probiotiki","13":"product_tag-protiv-otechnosti","14":"product_tag-uvlazhnenie","15":"product_tag-elastichnost-i-uprugost","17":"first","18":"instock","19":"shipping-taxable","20":"purchasable","21":"product-type-simple"},"jetpack_sharing_enabled":true,"_links":{"self":[{"href":"https:\/\/liluilu.ee\/et\/wp-json\/wp\/v2\/product\/9498","targetHints":{"allow":["GET"]}}],"collection":[{"href":"https:\/\/liluilu.ee\/et\/wp-json\/wp\/v2\/product"}],"about":[{"href":"https:\/\/liluilu.ee\/et\/wp-json\/wp\/v2\/types\/product"}],"replies":[{"embeddable":true,"href":"https:\/\/liluilu.ee\/et\/wp-json\/wp\/v2\/comments?post=9498"}],"version-history":[{"count":7,"href":"https:\/\/liluilu.ee\/et\/wp-json\/wp\/v2\/product\/9498\/revisions"}],"predecessor-version":[{"id":10466,"href":"https:\/\/liluilu.ee\/et\/wp-json\/wp\/v2\/product\/9498\/revisions\/10466"}],"wp:featuredmedia":[{"embeddable":true,"href":"https:\/\/liluilu.ee\/et\/wp-json\/wp\/v2\/media\/9495"}],"wp:attachment":[{"href":"https:\/\/liluilu.ee\/et\/wp-json\/wp\/v2\/media?parent=9498"}],"wp:term":[{"taxonomy":"product_brand","embeddable":true,"href":"https:\/\/liluilu.ee\/et\/wp-json\/wp\/v2\/product_brand?post=9498"},{"taxonomy":"product_cat","embeddable":true,"href":"https:\/\/liluilu.ee\/et\/wp-json\/wp\/v2\/product_cat?post=9498"},{"taxonomy":"product_tag","embeddable":true,"href":"https:\/\/liluilu.ee\/et\/wp-json\/wp\/v2\/product_tag?post=9498"}],"curies":[{"name":"t\u00f6\u00f6leht","href":"https:\/\/api.w.org\/{rel}","templated":true}]}}