{"id":9481,"date":"2023-07-05T17:56:20","date_gmt":"2023-07-05T14:56:20","guid":{"rendered":"https:\/\/liluilu.ee\/?post_type=product&#038;p=9481"},"modified":"2026-04-09T12:20:38","modified_gmt":"2026-04-09T09:20:38","slug":"medi-peel-cell-toxing-demajour-repair-eye-cream","status":"publish","type":"product","link":"https:\/\/liluilu.ee\/et\/medi-peel-cell-toxing-demajour-repair-eye-cream\/","title":{"rendered":"Pinguldav ja siluv silma\u00fcmbruskreem t\u00fcvirakkudega MEDI-PEEL Cell Toxing Demajour Repair Eye Cream 30ml."},"content":{"rendered":"<h2><i>MEDI-PEEL Cell Toxing Demajour Repair silma\u00fcmbruskreemi peamised toimeained\u00a0<\/i><\/h2>\n<p><span style=\"font-weight: 400\">Kreem loodi aktiivainete liposomaalse manustamise tehnoloogia abil. Liposoomid on sarnased rakumembraanide struktuuriga ja tungivad kergesti naha s\u00fcgavamatesse kihtidesse. Seet\u00f5ttu asetatakse kreemi aktiivsed komponendid liposoomikapslitesse, mida kasutatakse transportimiseks.\u00a0<\/span><\/p>\n<p>&nbsp;<\/p>\n<p><span style=\"font-weight: 400\">See tehnoloogia tagab aktiivsete komponentide maksimaalse l\u00e4bitungimise ja suurendab nende toimet.<\/span><\/p>\n<p>&nbsp;<\/p>\n<p><b>Edelweissi t\u00fcvirakud <\/b><span style=\"font-weight: 400\">stimuleerivad nende endi t\u00fcvirakkude tegevust ja neil on m\u00e4rgatav noorendav toime. Need m\u00f5jutavad kollageeni tootmist, suurendavad kudede toonust ja elastsust, muutes naha pingul ja tihedaks.<\/span><\/p>\n<p>&nbsp;<\/p>\n<p><b>9 peptiidi kompleks <\/b><span style=\"font-weight: 400\">v\u00e4hendab kortsude s\u00fcgavust ja takistab uute tekkimist. Kaitseb nahka deh\u00fcdratsiooni ja agressiivsete keskkonnategurite eest.<\/span><\/p>\n<p>&nbsp;<\/p>\n<p><span style=\"font-weight: 400\">Lisaks on valemit t\u00e4iustatud lihaseid l\u00f5dvestavate neuropeptiididega:<\/span><\/p>\n<p>&nbsp;<\/p>\n<ul>\n<li style=\"font-weight: 400\"><b>SYN-AKE<\/b><span style=\"font-weight: 400\"> l\u00f5dvestab n\u00e4olihaseid, silub v\u00e4ikseid ja keskmisi ilmekortse.\u00a0<\/span><\/li>\n<\/ul>\n<p>&nbsp;<\/p>\n<ul>\n<li style=\"font-weight: 400\"><b>SYN-COLL<\/b><span style=\"font-weight: 400\"> parandab turgorit ja pinguldab nahka. V\u00e4hendab vanusega seotud kortsude s\u00fcgavust ja pindala.<\/span><\/li>\n<\/ul>\n<p>&nbsp;<\/p>\n<p><b>Oriental Beauty Fruits Newplex <\/b><span style=\"font-weight: 400\">on v\u00e4ljendunud rahustava toimega: leevendab \u00e4rritust ja s\u00fcgelust. Kompleks sisaldab viigimarja, granaat\u00f5una, h\u00f5lmikpuu ja mooruspuu ekstrakte.<\/span><\/p>\n<p>&nbsp;<\/p>\n<p><b>V\u00e4rske Bud nr.6\u2122 <\/b><span style=\"font-weight: 400\">koosneb lutsernist, spargelkapsast, hiina kapsast ja nisust. See antioks\u00fcdantide kompleks tugevdab rakulist immuunsust, stimuleerib regenereerimisprotsessi, rahustab ja tervendab nahka.<\/span><\/p>\n<p>&nbsp;<\/p>\n<p><b>Oliivi- ja p\u00e4evalille\u00f5li <\/b><span style=\"font-weight: 400\">k\u00fcllastavad A-, D-, E- ja B-vitamiiniga, pehmendavad ja toidavad.<\/span><\/p>\n<p>&nbsp;<\/p>\n<p><b>Magnoolia koore ekstrakt <\/b><span style=\"font-weight: 400\">aeglustab elastiini- ja kollageenikiudude h\u00e4vimist, nii et nahk j\u00e4\u00e4b tihe ja elastne.\u00a0<\/span><\/p>\n<p>&nbsp;<\/p>\n<h2><i>MEDI-PEEL Cell Toxing Demajour Repair silma\u00fcmbruskreemi tekstuur, aroom ja omadused<\/i><\/h2>\n<p><span style=\"font-weight: 400\">Kreemil on \u00f5rn eliitparf\u00fc\u00fcmi aroom ja paks, kuid mitte tihe tekstuur, t\u00e4nu millele jaotub toode mugavalt \u00fcle naha.<\/span><\/p>\n<p>&nbsp;<\/p>\n<p><span style=\"font-weight: 400\">Kreem ei imendu koheselt ja j\u00e4tab kerge loori, mis toidab ja niisutab nahka, t\u00e4ites selle eluj\u00f5uga.<\/span><\/p>\n<p>&nbsp;<\/p>\n<p><span style=\"font-weight: 400\">Toode ei l\u00e4he vastuollu meigiga ning sobib hommikuseks ja \u00f5htuseks hoolduseks.<\/span><\/p>\n<p>&nbsp;<\/p>\n<p><b>Kuidas kasutada:<\/b><\/p>\n<p><span style=\"font-weight: 400\">Kandke v\u00e4ike kogus kreemi silma\u00fcmbruspiirkonnale, jaotage ja tehke kergeid patsutusliigutusi, et toode imenduks.\u00a0<\/span><\/p>\n<p>&nbsp;<\/p>\n<p><b>Netokogus:<\/b><span style=\"font-weight: 400\"> 30 ml<\/span><\/p>\n<p>&nbsp;<\/p>\n<p><span style=\"font-weight: 400\">Kui teil on lisak\u00fcsimusi v\u00f5i vajate toote valimisel n\u00f5u, kirjutage meile. Vestlus asub ekraani paremas alanurgas.<\/span><\/p>\n<p>&nbsp;<\/p>\n<p><a title=\"TARNETINGIMUSED\" href=\"https:\/\/liluilu.ee\/et\/kohaletoimetamine\/\" target=\"_blank\" rel=\"noopener\">TARNETINGIMUSED<\/a><\/p>","protected":false},"excerpt":{"rendered":"<p><span style=\"font-weight: 400\">K\u00f5rge kontsentreeritud esmaklassiline silma\u00fcmbruskreem MEDI-PEEL Cell Toxing Demajour Repair Eye Cream.<\/span><\/p>\n<p>&nbsp;<\/p>\n<p><span style=\"font-weight: 400\">Toode on loodud liposomaalset tehnoloogiat kasutades toimeainete kohaletoimetamiseks ja on m\u00f5eldud intensiivraviks. M\u00f5eldud k\u00fcpse naha elastsuse suurendamisele ja n\u00e4okortsude korrigeerimisele.<\/span><\/p>\n<p>&nbsp;<\/p>\n<p><span style=\"font-weight: 400\">MEDI-PEEL Cell Toxing Demajour Repair silmakreem:<\/span><\/p>\n<p>&nbsp;<\/p>\n<ul>\n<li style=\"font-weight: 400\"><span style=\"font-weight: 400\">Stimuleerib regeneratsiooni ja rakkude uuenemise protsessi;\u00a0<\/span><\/li>\n<li style=\"font-weight: 400\"><span style=\"font-weight: 400\">Aeglustab vanusega seotud muutusi ja takistab kortsude teket;<\/span><\/li>\n<li style=\"font-weight: 400\"><span style=\"font-weight: 400\">T\u00e4iuslikult toidab ja silub nahka;<\/span><\/li>\n<li style=\"font-weight: 400\"><span style=\"font-weight: 400\">Tugevdab, pinguldab ja v\u00e4hendab l\u00f5tvumist;<\/span><\/li>\n<li style=\"font-weight: 400\"><span style=\"font-weight: 400\">V\u00e4hendab oks\u00fcdatiivset stressi ja kaitseb kahjulike keskkonnategurite eest.<\/span><\/li>\n<\/ul>\n<p>&nbsp;<\/p>","protected":false},"featured_media":9477,"comment_status":"open","ping_status":"closed","template":"","meta":{"_eb_attr":"","jetpack_post_was_ever_published":false,"_joinchat":[]},"product_brand":[],"product_cat":[219,305],"product_tag":[511,509,505,527,445,465,239,487,371,489],"class_list":{"0":"post-9481","1":"product","2":"type-product","3":"status-publish","4":"has-post-thumbnail","6":"product_cat-medi-peel","7":"product_cat-kremy-dlya-oblasti-vokrug-glaz","8":"product_tag-majestem","9":"product_tag-medi-peel-cell-toxing-dermajours","10":"product_tag-syn-ake","11":"product_tag-syn-col","12":"product_tag-antivozrastnoj-uhod","13":"product_tag-lifting","14":"product_tag-peptidy","15":"product_tag-protiv-morshhin","16":"product_tag-stvolovye-kletki","17":"product_tag-elastichnost-i-uprugost","19":"first","20":"instock","21":"sale","22":"shipping-taxable","23":"purchasable","24":"product-type-simple"},"jetpack_sharing_enabled":true,"_links":{"self":[{"href":"https:\/\/liluilu.ee\/et\/wp-json\/wp\/v2\/product\/9481","targetHints":{"allow":["GET"]}}],"collection":[{"href":"https:\/\/liluilu.ee\/et\/wp-json\/wp\/v2\/product"}],"about":[{"href":"https:\/\/liluilu.ee\/et\/wp-json\/wp\/v2\/types\/product"}],"replies":[{"embeddable":true,"href":"https:\/\/liluilu.ee\/et\/wp-json\/wp\/v2\/comments?post=9481"}],"version-history":[{"count":7,"href":"https:\/\/liluilu.ee\/et\/wp-json\/wp\/v2\/product\/9481\/revisions"}],"predecessor-version":[{"id":13967,"href":"https:\/\/liluilu.ee\/et\/wp-json\/wp\/v2\/product\/9481\/revisions\/13967"}],"wp:featuredmedia":[{"embeddable":true,"href":"https:\/\/liluilu.ee\/et\/wp-json\/wp\/v2\/media\/9477"}],"wp:attachment":[{"href":"https:\/\/liluilu.ee\/et\/wp-json\/wp\/v2\/media?parent=9481"}],"wp:term":[{"taxonomy":"product_brand","embeddable":true,"href":"https:\/\/liluilu.ee\/et\/wp-json\/wp\/v2\/product_brand?post=9481"},{"taxonomy":"product_cat","embeddable":true,"href":"https:\/\/liluilu.ee\/et\/wp-json\/wp\/v2\/product_cat?post=9481"},{"taxonomy":"product_tag","embeddable":true,"href":"https:\/\/liluilu.ee\/et\/wp-json\/wp\/v2\/product_tag?post=9481"}],"curies":[{"name":"t\u00f6\u00f6leht","href":"https:\/\/api.w.org\/{rel}","templated":true}]}}