{"id":9275,"date":"2023-04-17T15:07:43","date_gmt":"2023-04-17T12:07:43","guid":{"rendered":"https:\/\/liluilu.ee\/?post_type=product&#038;p=9275"},"modified":"2026-04-17T12:23:57","modified_gmt":"2026-04-17T09:23:57","slug":"medi-peel-peptide-9-aqua-essence-lifting-eye-cream","status":"publish","type":"product","link":"https:\/\/liluilu.ee\/et\/medi-peel-peptide-9-aqua-essence-lifting-eye-cream\/","title":{"rendered":"Peptiidide ja antioks\u00fcdantidega niisutav ja pinguldav silma\u00fcmbruskreem MEDI-PEEL Peptide 9 Aqua Essence Lifting Eye Cream 40ml."},"content":{"rendered":"<h2><i>MEDI-PEEL Peptide 9 Aqua Essence Lifting Eye Cream peamised toimeained\u00a0<\/i><\/h2>\n<p><b>9 peptiidi kompleks<\/b> <b>ja adenosiin<\/b><span style=\"font-weight: 400;\"> aktiveerivad rakkude taastumist ja uuenemist, aeglustavad vananemisprotsesse ja avaldavad nahka s\u00fcgavalt noorendavalt:<\/span><\/p>\n<p>&nbsp;<\/p>\n<ul>\n<li style=\"font-weight: 400;\" aria-level=\"1\"><span style=\"font-weight: 400;\">muuta see tugevamaks, tihedamaks ja elastsemaks;<\/span><\/li>\n<\/ul>\n<ul>\n<li style=\"font-weight: 400;\" aria-level=\"1\"><span style=\"font-weight: 400;\">siluda v\u00e4ikseid n\u00e4okortse ja nahakortse;<\/span><\/li>\n<li style=\"font-weight: 400;\" aria-level=\"1\"><span style=\"font-weight: 400;\">v\u00e4hendada staatiliste kortsude n\u00e4htavust ja s\u00fcgavust;<\/span><\/li>\n<li style=\"font-weight: 400;\" aria-level=\"1\"><span style=\"font-weight: 400;\">v\u00e4ltida uute tekkimist.<\/span><\/li>\n<\/ul>\n<p>&nbsp;<\/p>\n<p><b>Voljufilin<\/b><span style=\"font-weight: 400;\"> stimuleerib lipiidide kogunemist rasvarakkudesse, t\u00e4idab seestpoolt kortse, hoiab \u00e4ra kudede l\u00f5tvumise ja l\u00f5tvumise.\u00a0<\/span><\/p>\n<p>&nbsp;<\/p>\n<p><b>Kollageeniekstrakt ja h\u00fcdrol\u00fc\u00fcsitud elastiin <\/b><span style=\"font-weight: 400;\">s\u00e4ilitada niiskustasakaalu ja mis k\u00f5ige t\u00e4htsam, s\u00e4ilitada naha v\u00f5ime venitada ja naasta algsesse olekusse.\u00a0<\/span><\/p>\n<p>&nbsp;<\/p>\n<p><b>Niatsiinamiid, astaksantiin ja koens\u00fc\u00fcm Q10 (ubikinoon) <\/b><span style=\"font-weight: 400;\">- kolm v\u00f5imsat antioks\u00fcdanti, mis<\/span> <span style=\"font-weight: 400;\">v\u00e4hendab oks\u00fcdatiivset stressi ja kaitseb nahka usaldusv\u00e4\u00e4rselt ultraviolettkiirguse kahjustuste eest.\u00a0<\/span><\/p>\n<p><span style=\"font-weight: 400;\">Lisaks stimuleerivad need kollageenkiudude kasvu, siluvad mikroreljeefi ja takistavad vanuselaikude teket. \u00dchtlustab silman\u00e4htavalt tooni ja v\u00e4rskendab v\u00e4limust.<\/span><\/p>\n<p>&nbsp;<\/p>\n<p><b>Pantenool<\/b><span style=\"font-weight: 400;\"> s\u00fcgavniisutab, leevendab \u00e4rritust, rahustab ja pehmendab nahka.\u00a0<\/span><\/p>\n<p>&nbsp;<\/p>\n<h2><i>MEDI-PEEL Peptide 9 Aqua Essence Lifting Eye Cream tekstuur, aroom ja omadused<\/i><\/h2>\n<p><span style=\"font-weight: 400;\">Kreemil on sulav, \u00f5rn tekstuur ja pealet\u00fckkimatu lillearoom, mis kaob kiiresti nahalt.<\/span><\/p>\n<p>&nbsp;<\/p>\n<p><span style=\"font-weight: 400;\">Toode levib kergesti ja libiseb h\u00e4sti, mis tagab mugava pealekandmise ega venita \u00f5rna silmalaugude nahka.\u00a0<\/span><\/p>\n<p>&nbsp;<\/p>\n<p><span style=\"font-weight: 400;\">Imendub kiiresti ja ei l\u00e4he meigiga vastuollu. P\u00e4rast imendumist j\u00e4tab see kerge satiinse viimistluse, andes nahale meeldiva niisutus- ja t\u00e4isk\u00f5hutunde.<\/span><\/p>\n<p>&nbsp;<\/p>\n<p><b>Soovitame MEDI-PEEL Peptide 9 Aqua Essence t\u00f5stvat silma\u00fcmbruskreemi:<\/b><\/p>\n<p>&nbsp;<\/p>\n<ul>\n<li style=\"font-weight: 400;\" aria-level=\"1\"><span style=\"font-weight: 400;\">Igat t\u00fc\u00fcpi k\u00fcpsele nahale, sealhulgas tundlikule, \u00e4rritusele ja punetusele kalduvale nahale;<\/span><\/li>\n<li style=\"font-weight: 400;\" aria-level=\"1\"><span style=\"font-weight: 400;\">Deh\u00fcdratsiooni n\u00e4htudega nahale;<\/span><\/li>\n<li style=\"font-weight: 400;\" aria-level=\"1\"><span style=\"font-weight: 400;\">Nahale, millel on vanusega seotud muutuste tunnused (langus toonus, kortsud, vanuselaikude ilmumine);<\/span><\/li>\n<li style=\"font-weight: 400;\" aria-level=\"1\"><span style=\"font-weight: 400;\">Naha antioks\u00fcdantseks kaitseks, eriti p\u00e4ikese aktiivsuse perioodidel.<\/span><\/li>\n<\/ul>\n<p>&nbsp;<\/p>\n<p><span style=\"font-weight: 400;\">Kreem sobib kasutamiseks hommikul ja \u00f5htul ning igal aastaajal.<\/span><\/p>\n<p>&nbsp;<\/p>\n<p><span style=\"font-weight: 400;\">Kui teile see toode meeldib, soovitame teil sarja tooteid kasutades koostada terviklik hooldusre\u017eiim <\/span><span style=\"color: #0000ff;\"><a style=\"color: #0000ff;\" href=\"https:\/\/liluilu.ee\/et\/tootesilt\/medi-peel-peptide-9-aqua-essence-line\/\" target=\"_blank\" rel=\"noopener\"><span style=\"font-weight: 400;\">Medi-Peel Peptide 9 Aqua Essence Line<\/span><\/a><span style=\"font-weight: 400;\">:<\/span><\/span><\/p>\n<p>&nbsp;<\/p>\n<ul>\n<li style=\"font-weight: 400;\" aria-level=\"1\"><span style=\"color: #0000ff;\"><a style=\"color: #0000ff;\" href=\"https:\/\/liluilu.ee\/et\/medi-peel-peptide-9-aqua-essence-toner\/\" target=\"_blank\" rel=\"noopener\"><span style=\"font-weight: 400;\">Peptide 9 Aqua Essence toonik<\/span><\/a><\/span><\/li>\n<li style=\"font-weight: 400;\" aria-level=\"1\"><span style=\"color: #0000ff;\"><a style=\"color: #0000ff;\" href=\"https:\/\/liluilu.ee\/et\/medi-peel-peptide-9-aqua-essence-lifting-ampoule\/\" target=\"_blank\" rel=\"noopener\"><span style=\"font-weight: 400;\">Peptide 9 Aqua Essence t\u00f5stev ampull<\/span><\/a><\/span><\/li>\n<li style=\"font-weight: 400;\" aria-level=\"1\"><span style=\"color: #0000ff;\"><a style=\"color: #0000ff;\" href=\"https:\/\/liluilu.ee\/et\/medi-peel-peptide-9-aqua-essence-lifting-eye-cream\/\" target=\"_blank\" rel=\"noopener\"><span style=\"font-weight: 400;\">Peptide 9 Aqua Essence Lifting Eye Cream<\/span><\/a><\/span><\/li>\n<li style=\"font-weight: 400;\" aria-level=\"1\"><span style=\"color: #0000ff;\"><a style=\"color: #0000ff;\" href=\"https:\/\/liluilu.ee\/et\/medi-peel-peptide-9-volume-tox-cream-pro-50gr\/\" target=\"_blank\" rel=\"noopener\"><span style=\"font-weight: 400;\">N\u00e4okreem Peptide 9 Volume Tox Cream PRO<\/span><\/a><\/span><\/li>\n<\/ul>\n<p>&nbsp;<\/p>\n<p><span style=\"font-weight: 400;\">Ja oma esmaseks tutvumiseks liini v\u00f5i reisiga, proovige <\/span><span style=\"color: #0000ff;\"><a style=\"color: #0000ff;\" href=\"https:\/\/liluilu.ee\/et\/medi-peel-peptide-9-aqua-essence-trial-kit\/\" target=\"_blank\" rel=\"noopener\"><span style=\"font-weight: 400;\">miniatuuride n\u00e4idiskomplekt<\/span><\/a><\/span><span style=\"font-weight: 400;\">.<\/span><\/p>\n<p><span style=\"font-weight: 400;\">\u00a0<\/span><\/p>\n<p><b>Toodete nahale kandmise protseduur:<\/b><span style=\"font-weight: 400;\"> toonik - ampull - silmakreem - n\u00e4okreem.<\/span><\/p>\n<p>&nbsp;<\/p>\n<p><b>Kuidas kasutada:<\/b><\/p>\n<p><span style=\"font-weight: 400;\">Kandke v\u00e4ike kogus kreemi s\u00f5rmeotstele ja kandke \u00f5rnalt \u00fclemise ja alumise silmalaugude piirkonda m\u00f6\u00f6da silma\u00fcmbruse luud. Kasutage \u00f5rnaid patsutavaid liigutusi, mis aitavad kreemil imenduda, liikudes \u00fclemisel silmalau silma sisenurgast v\u00e4lisnurka ja alumisel silmalaugul silma v\u00e4lisnurgast sisenurka.<\/span><\/p>\n<p>&nbsp;<\/p>\n<p><b>Netokogus:<\/b><span style=\"font-weight: 400;\"> 40 ml.<\/span><\/p>\n<p>&nbsp;<\/p>\n<p><span style=\"font-weight: 400;\">Kui teil on lisak\u00fcsimusi v\u00f5i vajate toote valimisel n\u00f5u, kirjutage meile. Vestlus asub ekraani paremas alanurgas.<\/span><\/p>\n<p>&nbsp;<\/p>\n<p>&nbsp;<\/p>\n<p><a title=\"TARNETINGIMUSED\" href=\"https:\/\/liluilu.ee\/et\/kohaletoimetamine\/\">TARNETINGIMUSED<\/a><\/p>","protected":false},"excerpt":{"rendered":"<p><span style=\"font-weight: 400;\">MEDI-PEEL Peptide 9 Aqua Essence Lifting Eye Cream silma\u00fcmbrusele peptiidide ja antioks\u00fcdantidega.<\/span><\/p>\n<p>&nbsp;<\/p>\n<p><span style=\"font-weight: 400;\">Tootel on v\u00f5imas taastav toime ning selle eesm\u00e4rk on suurendada \u00f5rna periorbitaalse tsooni elastsust ja turgorit. Sellel on tugevdav ja v\u00e4ljendunud vananemisvastane toime.<\/span><\/p>\n<p>&nbsp;<\/p>\n<p><span style=\"font-weight: 400;\">MEDI-PEEL Peptide 9 Aqua Essence t\u00f5stev silmakreem:<\/span><\/p>\n<p>&nbsp;<\/p>\n<ul>\n<li style=\"font-weight: 400;\" aria-level=\"1\"><span style=\"font-weight: 400;\">Niisutab intensiivselt ja k\u00f5rvaldab kuivuse;<\/span><\/li>\n<li style=\"font-weight: 400;\" aria-level=\"1\"><span style=\"font-weight: 400;\">Aitab pinguldada silmalaugude \u00f5hukest nahka ja hoiab \u00e4ra kudede l\u00f5tvumise;<\/span><\/li>\n<li style=\"font-weight: 400;\" aria-level=\"1\"><span style=\"font-weight: 400;\">V\u00e4hendab kortsude raskust ja s\u00fcgavust. M\u00f5jutab n\u00e4o ja vanusega seotud staatilisi kortse;<\/span><\/li>\n<li style=\"font-weight: 400;\" aria-level=\"1\"><span style=\"font-weight: 400;\">K\u00f5rvaldab tuhmuse ja v\u00e4rskendab v\u00e4limust;<\/span><\/li>\n<li style=\"font-weight: 400;\" aria-level=\"1\"><span style=\"font-weight: 400;\">\u00dchtlustab tooni ja takistab vanuselaikude teket;<\/span><\/li>\n<li style=\"font-weight: 400;\" aria-level=\"1\"><span style=\"font-weight: 400;\">Kaitseb ultraviolettkiirguse ja keskkonna kahjulike m\u00f5jude eest;<\/span><\/li>\n<li style=\"font-weight: 400;\" aria-level=\"1\"><span style=\"font-weight: 400;\">V\u00e4hendab oks\u00fcdatiivset stressi ja aeglustab vabade radikaalide p\u00f5hjustatud naha vananemist.<\/span><\/li>\n<\/ul>","protected":false},"featured_media":9277,"comment_status":"open","ping_status":"closed","template":"","meta":{"_eb_attr":"","jetpack_post_was_ever_published":false,"_joinchat":[]},"product_brand":[],"product_cat":[219,305],"product_tag":[686,445,443,567,465,239,487,489],"class_list":{"0":"post-9275","1":"product","2":"type-product","3":"status-publish","4":"has-post-thumbnail","6":"product_cat-medi-peel","7":"product_cat-kremy-dlya-oblasti-vokrug-glaz","8":"product_tag-medi-peel-peptide-9-aqua-essence-line","9":"product_tag-antivozrastnoj-uhod","10":"product_tag-antioksidanty","11":"product_tag-voljufilin","12":"product_tag-lifting","13":"product_tag-peptidy","14":"product_tag-protiv-morshhin","15":"product_tag-elastichnost-i-uprugost","17":"first","18":"outofstock","19":"shipping-taxable","20":"purchasable","21":"product-type-simple"},"jetpack_sharing_enabled":true,"_links":{"self":[{"href":"https:\/\/liluilu.ee\/et\/wp-json\/wp\/v2\/product\/9275","targetHints":{"allow":["GET"]}}],"collection":[{"href":"https:\/\/liluilu.ee\/et\/wp-json\/wp\/v2\/product"}],"about":[{"href":"https:\/\/liluilu.ee\/et\/wp-json\/wp\/v2\/types\/product"}],"replies":[{"embeddable":true,"href":"https:\/\/liluilu.ee\/et\/wp-json\/wp\/v2\/comments?post=9275"}],"version-history":[{"count":14,"href":"https:\/\/liluilu.ee\/et\/wp-json\/wp\/v2\/product\/9275\/revisions"}],"predecessor-version":[{"id":11270,"href":"https:\/\/liluilu.ee\/et\/wp-json\/wp\/v2\/product\/9275\/revisions\/11270"}],"wp:featuredmedia":[{"embeddable":true,"href":"https:\/\/liluilu.ee\/et\/wp-json\/wp\/v2\/media\/9277"}],"wp:attachment":[{"href":"https:\/\/liluilu.ee\/et\/wp-json\/wp\/v2\/media?parent=9275"}],"wp:term":[{"taxonomy":"product_brand","embeddable":true,"href":"https:\/\/liluilu.ee\/et\/wp-json\/wp\/v2\/product_brand?post=9275"},{"taxonomy":"product_cat","embeddable":true,"href":"https:\/\/liluilu.ee\/et\/wp-json\/wp\/v2\/product_cat?post=9275"},{"taxonomy":"product_tag","embeddable":true,"href":"https:\/\/liluilu.ee\/et\/wp-json\/wp\/v2\/product_tag?post=9275"}],"curies":[{"name":"t\u00f6\u00f6leht","href":"https:\/\/api.w.org\/{rel}","templated":true}]}}