{"id":9266,"date":"2023-04-14T15:21:48","date_gmt":"2023-04-14T12:21:48","guid":{"rendered":"https:\/\/liluilu.ee\/?post_type=product&#038;p=9266"},"modified":"2026-04-13T19:12:06","modified_gmt":"2026-04-13T16:12:06","slug":"medi-peel-peptide-9-aqua-essence-lifting-ampoule","status":"publish","type":"product","link":"https:\/\/liluilu.ee\/et\/medi-peel-peptide-9-aqua-essence-lifting-ampoule\/","title":{"rendered":"Niisutav ja pinguldav ampull peptiidide ja antioks\u00fcdantidega MEDI-PEEL Peptide 9 Aqua Essence Lifting Ampoule 50ml."},"content":{"rendered":"<p><span style=\"font-weight: 400;\">Antioks\u00fcdantne t\u00f5stev ampull peptiididega <\/span>Medi-Peel Peptide 9 Aqua Essence t\u00f5stev ampull. T\u00e4hendab <span style=\"font-weight: 400;\">on laia toimespektriga: parandab jumet, kergendab \u00f5rnalt soovimatut pigmentatsiooni ja \u00fchtlustab tooni, suurendab elastsust, tugevdab turgorit, silub naha kortse ja v\u00e4hendab kortsude raskusastet.<\/span><\/p>\n<p>&nbsp;<\/p>\n<p><span style=\"font-weight: 400;\">T\u00e4nu koostises sisalduvatele tugevatele antioks\u00fcdantidele blokeerib ampull vabade radikaalide h\u00e4vitavat toimet ja parandab oluliselt naha barj\u00e4\u00e4rifunktsioone. On rahustava toimega, v\u00f5itleb tuhmumisega, toniseerib ja taastab tervisliku s\u00e4ra. Niisutab intensiivselt, k\u00fcllastab vitamiinidega ja k\u00f5rvaldab ketenduse.<\/span><\/p>\n<p>&nbsp;<\/p>\n<h2><i><span style=\"font-weight: 400;\">MEDI-PEEL Peptide 9 Aqua Essence Lifting Ampulli peamised aktiivsed komponendid<\/span><\/i><\/h2>\n<p>&nbsp;<\/p>\n<ul>\n<li style=\"font-weight: 400;\" aria-level=\"1\"><b>9 peptiidi kompleks<\/b><span style=\"font-weight: 400;\"> vastutab rakkude pideva taastumise ja uuenemise eest, omab s\u00fcgavat vananemisvastast toimet, v\u00e4hendab kortsude n\u00e4htavust ja takistab uute teket, stimuleerib uuenemis- ja regeneratsiooniprotsesse, aeglustab rakkude vananemist.<\/span><\/li>\n<\/ul>\n<p>&nbsp;<\/p>\n<ul>\n<li style=\"font-weight: 400;\" aria-level=\"1\"><b>7 t\u00fc\u00fcpi h\u00fcaluroonhapet<\/b><span style=\"font-weight: 400;\"> tungivad s\u00fcgavale epidermisesse ja k\u00f5rvaldavad deh\u00fcdratsiooni, t\u00e4idavad niiskusepuuduse, k\u00f5rvaldavad kuivuse ja kaitsevad nahka vananemise eest.<\/span><\/li>\n<\/ul>\n<p>&nbsp;<\/p>\n<ul>\n<li style=\"font-weight: 400;\" aria-level=\"1\"><b>Volufilin (Anemarrhena Asphodeloides juure ekstrakt) <\/b><span style=\"font-weight: 400;\">- aine ekstraheeritakse ja<\/span><span style=\"font-weight: 400;\">z anemarrhens. Volufilin suurendab naha tihedust ja omab lipofillingule sarnast toimet.\u00a0<\/span><\/li>\n<\/ul>\n<p>&nbsp;<\/p>\n<ul>\n<li style=\"font-weight: 400;\" aria-level=\"1\"><b>Astaksantiin <\/b><span style=\"font-weight: 400;\">- v\u00f5imas antioks\u00fcdant, mida nimetatakse peamiseks &quot;nooruse antioks\u00fcdandiks&quot;. Astaksantiin toimib k\u00f5ikides epidermise kihtides, kaitseb UV-kahjustuste eest, v\u00e4hendab kortse ja heledab vanuselaike.\u00a0<\/span><\/li>\n<\/ul>\n<p>&nbsp;<\/p>\n<ul>\n<li style=\"font-weight: 400;\" aria-level=\"1\"><b>Glutatioon <\/b><span style=\"font-weight: 400;\">p\u00e4rsib ultraviolettkiirguse, vabade radikaalide ja muude keskkonnategurite h\u00e4vitavat m\u00f5ju, taastab aktiivselt kahjustatud rakke. Tugevdab naha immuunsust, muutes selle v\u00e4hem reaktiivseks, parandab barj\u00e4\u00e4rifunktsioone ja aeglustab vananemisprotsessi.<\/span><\/li>\n<\/ul>\n<p>&nbsp;<\/p>\n<ul>\n<li style=\"font-weight: 400;\" aria-level=\"1\"><b>Koens\u00fc\u00fcm Q10<\/b><span style=\"font-weight: 400;\"> on noorendava ja antioks\u00fcdantse toimega, aitab siluda kortse, kiirendab regeneratsiooni ja kollageenikiudude s\u00fcnteesi rakkudes. Stimuleerib sidekoe kasvu, kaitseb rakke h\u00e4vimise eest.<\/span><\/li>\n<\/ul>\n<p>&nbsp;<\/p>\n<ul>\n<li style=\"font-weight: 400;\" aria-level=\"1\"><b>Adenosiin <\/b><span style=\"font-weight: 400;\">m\u00f5jutab aktiivselt kollageeni tootmist, stimuleerib elastiini tootmist epidermise rakkudes, v\u00e4hendab vanusega tekkivate kortsude arvu ja nende s\u00fcgavust.<\/span><\/li>\n<\/ul>\n<p>&nbsp;<\/p>\n<p><span style=\"font-weight: 400;\">MEDI-PEEL Peptide 9 Aqua Essence Lifting Ampull on mugava tekstuuri ja \u00f5rna lillearoomiga. P\u00e4rast imendumist ei j\u00e4ta toode liigse rasva ja l\u00e4ike tunnet. Annab m\u00e4rgatava niisutus-, v\u00e4rskuse- ja mugavustunde.<\/span><\/p>\n<p>&nbsp;<\/p>\n<p><span style=\"font-weight: 400;\">Ampull sobib hommikuseks ja \u00f5htuseks hoolduseks ning seda saab kasutada igal aastaajal.\u00a0<\/span><\/p>\n<p>&nbsp;<\/p>\n<p><b>Soovitame MEDI-PEEL Peptide 9 Aqua Essence Lifting Ampulli:<\/b><\/p>\n<p>&nbsp;<\/p>\n<ul>\n<li style=\"font-weight: 400;\" aria-level=\"1\"><span style=\"font-weight: 400;\">Igat t\u00fc\u00fcpi k\u00fcpsele nahale;<\/span><\/li>\n<li style=\"font-weight: 400;\" aria-level=\"1\"><span style=\"font-weight: 400;\">Deh\u00fcdratsiooni n\u00e4htudega nahale;<\/span><\/li>\n<li style=\"font-weight: 400;\" aria-level=\"1\"><span style=\"font-weight: 400;\">Nahale, millel on vanusega seotud muutused: toonuse langus, kortsud, vanuselaikude ilmumine;<\/span><\/li>\n<li style=\"font-weight: 400;\" aria-level=\"1\"><span style=\"font-weight: 400;\">Naha antioks\u00fcdantseks kaitseks, eriti p\u00e4ikese aktiivsuse perioodidel.<\/span><\/li>\n<\/ul>\n<p>&nbsp;<\/p>\n<p><span style=\"font-weight: 400;\">Maksimaalse efekti saavutamiseks soovitame sarja tooteid kasutades koostada terviklik hooldusre\u017eiim <\/span><span style=\"color: #0000ff;\"><a style=\"color: #0000ff;\" href=\"https:\/\/liluilu.ee\/et\/tootesilt\/medi-peel-peptide-9-aqua-essence-line\/\" target=\"_blank\" rel=\"noopener\"><span style=\"font-weight: 400;\">Medi-Peel Peptide 9 Aqua Essence Line<\/span><\/a><span style=\"font-weight: 400;\">:<\/span><\/span><\/p>\n<p>&nbsp;<\/p>\n<ul>\n<li style=\"font-weight: 400;\" aria-level=\"1\"><span style=\"color: #0000ff;\"><a style=\"color: #0000ff;\" href=\"https:\/\/liluilu.ee\/et\/medi-peel-peptide-9-aqua-essence-toner\/\" target=\"_blank\" rel=\"noopener\"><span style=\"font-weight: 400;\">Peptide 9 Aqua Essence toonik<\/span><\/a><\/span><\/li>\n<li style=\"font-weight: 400;\" aria-level=\"1\"><span style=\"color: #0000ff;\"><a style=\"color: #0000ff;\" href=\"https:\/\/liluilu.ee\/et\/medi-peel-peptide-9-aqua-essence-lifting-ampoule\/\" target=\"_blank\" rel=\"noopener\"><span style=\"font-weight: 400;\">Peptide 9 Aqua Essence t\u00f5stev ampull<\/span><\/a><\/span><\/li>\n<li style=\"font-weight: 400;\" aria-level=\"1\"><span style=\"color: #0000ff;\"><a style=\"color: #0000ff;\" href=\"https:\/\/liluilu.ee\/et\/medi-peel-peptide-9-aqua-essence-lifting-eye-cream\/\" target=\"_blank\" rel=\"noopener\"><span style=\"font-weight: 400;\">Peptide 9 Aqua Essence Lifting Eye Cream<\/span><\/a><\/span><\/li>\n<li style=\"font-weight: 400;\" aria-level=\"1\"><span style=\"color: #0000ff;\"><a style=\"color: #0000ff;\" href=\"https:\/\/liluilu.ee\/et\/medi-peel-peptide-9-volume-tox-cream-pro-50gr\/\" target=\"_blank\" rel=\"noopener\"><span style=\"font-weight: 400;\">N\u00e4okreem Peptide 9 Volume Tox Cream PRO<\/span><\/a><\/span><\/li>\n<\/ul>\n<p>&nbsp;<\/p>\n<p><span style=\"font-weight: 400;\">Ja oma esmaseks tutvumiseks liini v\u00f5i reisiga, proovige <\/span><span style=\"color: #0000ff;\"><a style=\"color: #0000ff;\" href=\"https:\/\/liluilu.ee\/et\/medi-peel-peptide-9-aqua-essence-trial-kit\/\" target=\"_blank\" rel=\"noopener\"><span style=\"font-weight: 400;\">miniatuuride n\u00e4idiskomplekt<\/span><\/a><\/span><span style=\"font-weight: 400;\">.<\/span><\/p>\n<p><span style=\"font-weight: 400;\">\u00a0<\/span><\/p>\n<p><b>Toodete nahale kandmise protseduur:<\/b><span style=\"font-weight: 400;\"> toonik - ampull - silmakreem - n\u00e4okreem.<\/span><\/p>\n<p>&nbsp;<\/p>\n<p><b>Kuidas kasutada:<\/b><\/p>\n<p><span style=\"font-weight: 400;\">Kandke v\u00e4ike kogus eelnevalt puhastatud ja toonitud n\u00e4ole ja kaelale. Jaotage ja tehke s\u00f5rmedega kergeid patsutusliigutusi, et aidata ampullil imenduda. J\u00e4rgmisena liikuge oma hoolduse j\u00e4rgmise etapi juurde (emulsioon v\u00f5i kreem).<\/span><\/p>\n<p>&nbsp;<\/p>\n<p class=\"translation-block\">Netokogus: 50 ml.<\/p>\n<p>&nbsp;<\/p>\n<p><a title=\"TARNETINGIMUSED\" href=\"https:\/\/liluilu.ee\/et\/kohaletoimetamine\/\" target=\"_blank\" rel=\"noopener\">TARNETINGIMUSED<\/a><\/p>","protected":false},"excerpt":{"rendered":"<p>\u0410\u043d\u0442\u0438\u043e\u043a\u0441\u0438\u0434\u0430\u043d\u0442\u043d\u0430\u044f \u043b\u0438\u0444\u0442\u0438\u043d\u0433-\u0430\u043c\u043f\u0443\u043b\u0430 \u0441 \u043f\u0435\u043f\u0442\u0438\u0434\u0430\u043c\u0438 Medi-Peel Peptide 9 Aqua Essence Lifting Ampoule. \u0421\u0440\u0435\u0434\u0441\u0442\u0432\u043e \u043e\u0431\u043b\u0430\u0434\u0430\u0435\u0442 \u0448\u0438\u0440\u043e\u043a\u0438\u043c \u0441\u043f\u0435\u043a\u0442\u0440\u043e\u043c \u0434\u0435\u0439\u0441\u0442\u0432\u0438\u0439: \u0443\u043b\u0443\u0447\u0448\u0430\u0435\u0442 \u0446\u0432\u0435\u0442 \u043b\u0438\u0446\u0430, \u043c\u044f\u0433\u043a\u043e \u043e\u0441\u0432\u0435\u0442\u043b\u044f\u0435\u0442 \u043d\u0435\u0436\u0435\u043b\u0430\u0442\u0435\u043b\u044c\u043d\u0443\u044e \u043f\u0438\u0433\u043c\u0435\u043d\u0442\u0430\u0446\u0438\u044e \u0438 \u0432\u044b\u0440\u0430\u0432\u043d\u0438\u0432\u0430\u0435\u0442 \u0442\u043e\u043d, \u043f\u043e\u0432\u044b\u0448\u0430\u0435\u0442 \u0443\u043f\u0440\u0443\u0433\u043e\u0441\u0442\u044c, \u0443\u043a\u0440\u0435\u043f\u043b\u044f\u0435\u0442 \u0442\u0443\u0440\u0433\u043e\u0440, \u0440\u0430\u0437\u0433\u043b\u0430\u0436\u0438\u0432\u0430\u0435\u0442 \u043a\u043e\u0436\u043d\u044b\u0435 \u0437\u0430\u043b\u043e\u043c\u044b \u0438 \u0443\u043c\u0435\u043d\u044c\u0448\u0430\u0435\u0442 \u0432\u044b\u0440\u0430\u0436\u0435\u043d\u043d\u043e\u0441\u0442\u044c \u043c\u043e\u0440\u0449\u0438\u043d. &nbsp; \u0411\u043b\u0430\u0433\u043e\u0434\u0430\u0440\u044f \u0432\u0445\u043e\u0434\u044f\u0449\u0438\u043c \u0432 \u0441\u043e\u0441\u0442\u0430\u0432 \u0441\u0438\u043b\u044c\u043d\u044b\u043c \u0430\u043d\u0442\u0438\u043e\u043a\u0441\u0438\u0434\u0430\u043d\u0442\u0430\u043c, \u0430\u043c\u043f\u0443\u043b\u0430 \u0431\u043b\u043e\u043a\u0438\u0440\u0443\u0435\u0442 \u0440\u0430\u0437\u0440\u0443\u0448\u0430\u044e\u0449\u0435\u0435 \u0434\u0435\u0439\u0441\u0442\u0432\u0438\u0435 \u0441\u0432\u043e\u0431\u043e\u0434\u043d\u044b\u0445 \u0440\u0430\u0434\u0438\u043a\u0430\u043b\u043e\u0432 \u0438 \u0437\u043d\u0430\u0447\u0438\u0442\u0435\u043b\u044c\u043d\u043e \u043f\u043e\u0432\u044b\u0448\u0430\u0435\u0442 \u0431\u0430\u0440\u044c\u0435\u0440\u043d\u044b\u0435 \u0444\u0443\u043d\u043a\u0446\u0438\u0438 [&hellip;]<\/p>","protected":false},"featured_media":9263,"comment_status":"open","ping_status":"closed","template":"","meta":{"_eb_attr":"","jetpack_post_was_ever_published":false,"_joinchat":[]},"product_brand":[],"product_cat":[219,226],"product_tag":[686,445,443,567,465,239,487,489],"class_list":{"0":"post-9266","1":"product","2":"type-product","3":"status-publish","4":"has-post-thumbnail","6":"product_cat-medi-peel","7":"product_cat-serumy","8":"product_tag-medi-peel-peptide-9-aqua-essence-line","9":"product_tag-antivozrastnoj-uhod","10":"product_tag-antioksidanty","11":"product_tag-voljufilin","12":"product_tag-lifting","13":"product_tag-peptidy","14":"product_tag-protiv-morshhin","15":"product_tag-elastichnost-i-uprugost","17":"first","18":"instock","19":"shipping-taxable","20":"purchasable","21":"product-type-simple"},"jetpack_sharing_enabled":true,"_links":{"self":[{"href":"https:\/\/liluilu.ee\/et\/wp-json\/wp\/v2\/product\/9266","targetHints":{"allow":["GET"]}}],"collection":[{"href":"https:\/\/liluilu.ee\/et\/wp-json\/wp\/v2\/product"}],"about":[{"href":"https:\/\/liluilu.ee\/et\/wp-json\/wp\/v2\/types\/product"}],"replies":[{"embeddable":true,"href":"https:\/\/liluilu.ee\/et\/wp-json\/wp\/v2\/comments?post=9266"}],"version-history":[{"count":11,"href":"https:\/\/liluilu.ee\/et\/wp-json\/wp\/v2\/product\/9266\/revisions"}],"predecessor-version":[{"id":11269,"href":"https:\/\/liluilu.ee\/et\/wp-json\/wp\/v2\/product\/9266\/revisions\/11269"}],"wp:featuredmedia":[{"embeddable":true,"href":"https:\/\/liluilu.ee\/et\/wp-json\/wp\/v2\/media\/9263"}],"wp:attachment":[{"href":"https:\/\/liluilu.ee\/et\/wp-json\/wp\/v2\/media?parent=9266"}],"wp:term":[{"taxonomy":"product_brand","embeddable":true,"href":"https:\/\/liluilu.ee\/et\/wp-json\/wp\/v2\/product_brand?post=9266"},{"taxonomy":"product_cat","embeddable":true,"href":"https:\/\/liluilu.ee\/et\/wp-json\/wp\/v2\/product_cat?post=9266"},{"taxonomy":"product_tag","embeddable":true,"href":"https:\/\/liluilu.ee\/et\/wp-json\/wp\/v2\/product_tag?post=9266"}],"curies":[{"name":"t\u00f6\u00f6leht","href":"https:\/\/api.w.org\/{rel}","templated":true}]}}