{"id":9233,"date":"2023-04-11T15:27:54","date_gmt":"2023-04-11T12:27:54","guid":{"rendered":"https:\/\/liluilu.ee\/?post_type=product&#038;p=9233"},"modified":"2026-04-17T12:23:57","modified_gmt":"2026-04-17T09:23:57","slug":"medi-peel-cell-toxing-dermajours-emulsion","status":"publish","type":"product","link":"https:\/\/liluilu.ee\/et\/medi-peel-cell-toxing-dermajours-emulsion\/","title":{"rendered":"Vananemisvastane emulsioon peptiidide ja t\u00fcvirakkudega MEDI-PEEL Cell Toxing Dermajours Emulsion 150ml."},"content":{"rendered":"<h2><i><span style=\"font-weight: 400;\">MEDI-PEEL Cell Toxing Dermajours emulsiooni omadused ja koostis\u00a0<\/span><\/i><\/h2>\n<p>&nbsp;<\/p>\n<p><span style=\"font-weight: 400;\">Nagu k\u00f5igi Cell Toxing Dermajoursi sarja toodete puhul, loodi emulsioon kasutades <\/span><b>liposomaalne tehnoloogia aktiivsete komponentide kohaletoimetamiseks.<\/b><\/p>\n<p>&nbsp;<\/p>\n<p><span style=\"font-weight: 400;\">Meetodi olemus seisneb selles, et varad paigutatakse mikroskoopilistesse liposoomi konteineritesse, mida kasutatakse transpordiks.\u00a0<\/span><\/p>\n<p>&nbsp;<\/p>\n<p><span style=\"font-weight: 400;\">Liposoomid on sarnased rakumembraanide ehitusega, mist\u00f5ttu tungivad nad koos sisuga kergesti naha s\u00fcgavamatesse kihtidesse.<\/span><\/p>\n<p>&nbsp;<\/p>\n<p><span style=\"font-weight: 400;\">See tagab sihip\u00e4rase kohaletoimetamise, maksimaalse l\u00e4bitungimise ja selle tulemusena suurendab oluliselt toote efektiivsust.<\/span><\/p>\n<p>&nbsp;<\/p>\n<p><span style=\"font-weight: 400;\">Patenteeritud Majesta\u2122 kompleksi kasutatakse v\u00f5tmekomponendina. See koosneb <\/span><b>Edelweissi t\u00fcvirakud (1000 ppm) <\/b><span style=\"font-weight: 400;\">ning sellel on m\u00e4rgatav pinguldav toime n\u00e4ole ja kaelale.<\/span><\/p>\n<p>&nbsp;<\/p>\n<p><span style=\"font-weight: 400;\">Edelweissi t\u00fcvirakud:<\/span><\/p>\n<ul>\n<li style=\"font-weight: 400;\" aria-level=\"1\"><span style=\"font-weight: 400;\">Stimuleerida naha enda t\u00fcvirakkude elut\u00e4htsat aktiivsust;<\/span><\/li>\n<li style=\"font-weight: 400;\" aria-level=\"1\"><span style=\"font-weight: 400;\">V\u00e4ltida kollageenikiudude rebenemist ja aidata toota kollageeni ja elastiini;<\/span><\/li>\n<li style=\"font-weight: 400;\" aria-level=\"1\"><span style=\"font-weight: 400;\">Aktiveerige akvaporiine, mis tagavad k\u00fcllusliku niisutuse ja ideaalse veetasakaalu;<\/span><\/li>\n<li style=\"font-weight: 400;\" aria-level=\"1\"><span style=\"font-weight: 400;\">Nad suurendavad toonust, muutes naha toonuse ja tihedamaks.<\/span><\/li>\n<\/ul>\n<p>&nbsp;<\/p>\n<p><b>Multipeptiidide kompleks koosneb 9 peptiidist<\/b><span style=\"font-weight: 400;\">, mis annavad fibroblastidele signaali struktuurivalkude aktiivseks tootmiseks. Selle tulemusena muutub nahk tugevamaks, elastsemaks ja pingul.<\/span><\/p>\n<p>&nbsp;<\/p>\n<p><b>Valem on t\u00e4iustatud kahe lihasrelaksandi neuropeptiidiga<\/b><span style=\"font-weight: 400;\">. Need l\u00f5dvestavad n\u00e4olihaseid, siluvad peeneid kortse ja v\u00e4hendavad staatiliste kortsude s\u00fcgavust.<\/span><\/p>\n<p>&nbsp;<\/p>\n<p><b>Niatsiinamiid<\/b><span style=\"font-weight: 400;\"> \u00fchtlustab \u00f5rnalt tooni ja takistab vanuselaikude teket. Lisaks ahendab niatsiinamiid poore ja m\u00f5jub soodsalt probleemsele nahale.<\/span><\/p>\n<p>&nbsp;<\/p>\n<p><b>12 taimeekstrakti kompleks<\/b><span style=\"font-weight: 400;\"> toidab, rahustab ja taastab nahka. V\u00e4hendab UV-kiirgusest p\u00f5hjustatud oks\u00fcdatiivset stressi ja hoiab \u00e4ra fotovananemise.<\/span><\/p>\n<p>&nbsp;<\/p>\n<p><b>Pantenool, beeta-gl\u00fckaan ja h\u00fcaluroonhape <\/b><span style=\"font-weight: 400;\">pakkuda t\u00e4ielikku, s\u00fcgavat ja kauakestvat niisutust. Hoiab \u00e4ra deh\u00fcdratsiooni ja taastab vee-rasva tasakaalu.<\/span><\/p>\n<p>&nbsp;<\/p>\n<p><span style=\"font-weight: 400;\">MEDI-PEEL Cell Toxing Dermajours Emulsionil on meeldiv luksusliku parf\u00fc\u00fcmi aroom.\u00a0<\/span><\/p>\n<p>&nbsp;<\/p>\n<p><span style=\"font-weight: 400;\">\u00d5rn ja v\u00e4ga kerge tekstuur<\/span> <span style=\"font-weight: 400;\">Eriti meeldib see kombineeritud v\u00f5i rasuse nahaga inimestele. Emulsioon ei koorma nahka \u00fcle, pakkudes samal ajal seda k\u00f5igi vajalike ressurssidega.<\/span><\/p>\n<p>&nbsp;<\/p>\n<p><span style=\"font-weight: 400;\">Toode jaotub \u00f5hukese kihina ja imendub kiiresti, j\u00e4ttes loomuliku viimistluse. P\u00e4rast imendumist annab see mugavuse ja t\u00e4idlase, niisutatud ja sileda naha tunde.\u00a0<\/span><\/p>\n<p>&nbsp;<\/p>\n<p><b>Soovitame MEDI-PEEL Cell Toxing Dermajours emulsiooni:<\/b><\/p>\n<p>&nbsp;<\/p>\n<ul>\n<li style=\"font-weight: 400;\" aria-level=\"1\"><span style=\"font-weight: 400;\">K\u00fcpsele nahale, millel on vanusega seotud muutuste tunnused. Eriti elastsust kaotavale nahale;<\/span><\/li>\n<li style=\"font-weight: 400;\" aria-level=\"1\"><b>\u00d5lisele ja kombineeritud<\/b><span style=\"font-weight: 400;\"> nahk p\u00e4eva- ja\/v\u00f5i \u00f5htukreemina igal aastaajal;<\/span><\/li>\n<li style=\"font-weight: 400;\" aria-level=\"1\"><b>Normaalsele nahat\u00fc\u00fcbile<\/b><span style=\"font-weight: 400;\"> p\u00e4eva- ja\/v\u00f5i \u00f5htukreemina, eriti soojal aastaajal.<\/span><\/li>\n<li style=\"font-weight: 400;\" aria-level=\"1\"><b>Kuivale nahale<\/b><span style=\"font-weight: 400;\"> t\u00e4iendava hooldusetapina (seerum + emulsioon + kreem) v\u00f5i p\u00e4evakreemina soojal aastaajal;<\/span><\/li>\n<\/ul>\n<p>&nbsp;<\/p>\n<p><span style=\"font-weight: 400;\">Maksimaalse efekti saavutamiseks soovitame emulsiooni kasutada sarja osana <\/span><span style=\"color: #0000ff;\"><a style=\"color: #0000ff;\" href=\"https:\/\/liluilu.ee\/et\/tootesilt\/medi-peel-cell-toxing-dermajours\/\" target=\"_blank\" rel=\"noopener\"><span style=\"font-weight: 400;\">MEDI-PEEL rakkude toksiline dermajours<\/span><\/a><span style=\"font-weight: 400;\">:<\/span><\/span><\/p>\n<p>&nbsp;<\/p>\n<p><b>Soovitatav nahale kandmise j\u00e4rjekord:<\/b><\/p>\n<p>&nbsp;<\/p>\n<ol>\n<li style=\"font-weight: 400;\" aria-level=\"1\"><span style=\"font-weight: 400;\">Tooner <\/span><span style=\"color: #0000ff;\"><a style=\"color: #0000ff;\" href=\"https:\/\/liluilu.ee\/et\/medi-peel-cell-toxing-dermajours-toner-250ml\/\" target=\"_blank\" rel=\"noopener\"><span style=\"font-weight: 400;\">MEDI-PEEL Cell Toxing Dermajours tooner<\/span><\/a><\/span><\/li>\n<\/ol>\n<p>&nbsp;<\/p>\n<ol>\n<li style=\"font-weight: 400;\" aria-level=\"1\"><span style=\"font-weight: 400;\">Ampull <\/span><span style=\"color: #0000ff;\"><a style=\"color: #0000ff;\" href=\"https:\/\/liluilu.ee\/et\/medi-peel-cell-toxing-dermajours-ampoule-100ml\/\" target=\"_blank\" rel=\"noopener\"><span style=\"font-weight: 400;\">MEDI-PEEL rakutoksiv Dermajoursi ampull.<\/span><\/a><\/span><\/li>\n<\/ol>\n<p>&nbsp;<\/p>\n<ol>\n<li style=\"font-weight: 400;\" aria-level=\"1\"><span style=\"font-weight: 400;\">Emulsioon MEDI-PEEL Cell Toxing Dermajours Emulsioon<\/span><\/li>\n<\/ol>\n<p>&nbsp;<\/p>\n<p><b>Kuidas kasutada:<\/b><\/p>\n<p><span style=\"font-weight: 400;\">Hoolduse viimasel etapil kanna vajalik kogus emulsiooni n\u00e4o- ja kaelanahale. Jaotage toode kergete liigutustega m\u00f6\u00f6da massaa\u017eijooni ja suruge peopesad m\u00f5neks sekundiks n\u00e4ole, et toode paremini imenduks.\u00a0<\/span><\/p>\n<p>&nbsp;<\/p>\n<p><b>Netokogus:<\/b><span style=\"font-weight: 400;\"> 150 ml.<\/span><\/p>\n<p>&nbsp;<\/p>\n<p><a title=\"TARNETINGIMUSED\" href=\"https:\/\/liluilu.ee\/et\/kohaletoimetamine\/\" target=\"_blank\" rel=\"noopener\">TARNETINGIMUSED<\/a><\/p>","protected":false},"excerpt":{"rendered":"<p><span style=\"font-weight: 400;\">Esmaklassiline noorendav emulsioon MEDI-PEEL Cell Toxing Dermajours Emulsion.<\/span><\/p>\n<p>&nbsp;<\/p>\n<p><span style=\"font-weight: 400;\">Tugevate vananemisvastaste koostisosade kombinatsiooniga toode m\u00f5jub nahale igak\u00fclgselt ja aitab korrigeerida vananemisilminguid. T\u00f6\u00f6tab aktiivselt toonust kaotava k\u00fcpse naha tugevuse ja elastsuse taastamiseks.<\/span><\/p>\n<p>&nbsp;<\/p>\n<p><span style=\"font-weight: 400;\">MEDI-PEEL Cell Toxing Dermajoursi emulsioon:<\/span><\/p>\n<p>&nbsp;<\/p>\n<ul>\n<li style=\"font-weight: 400;\" aria-level=\"1\"><span style=\"font-weight: 400;\">Hoiab \u00e4ra kudede l\u00f5tvumise ja tugevdab nahka, muutes selle toonusemaks ja tihedamaks;<\/span><\/li>\n<li style=\"font-weight: 400;\" aria-level=\"1\"><span style=\"font-weight: 400;\">Silub peeneid jooni ja peeneid kortse;<\/span><\/li>\n<li style=\"font-weight: 400;\" aria-level=\"1\"><span style=\"font-weight: 400;\">V\u00e4hendab vanusega seotud staatiliste kortsude pindala ja s\u00fcgavust;<\/span><\/li>\n<li style=\"font-weight: 400;\" aria-level=\"1\"><span style=\"font-weight: 400;\">Tagab t\u00e4ieliku toitumise ja muudab naha tekstuuri pehmeks;<\/span><\/li>\n<li style=\"font-weight: 400;\" aria-level=\"1\"><span style=\"font-weight: 400;\">Niisutab rikkalikult ja kaua, k\u00f5rvaldab ketenduse ja kuivuse;<\/span><\/li>\n<li style=\"font-weight: 400;\" aria-level=\"1\"><span style=\"font-weight: 400;\">\u00dchtlustab tooni ja parandab jumet.<\/span><\/li>\n<\/ul>\n<p>&nbsp;<\/p>","protected":false},"featured_media":9235,"comment_status":"open","ping_status":"closed","template":"","meta":{"_eb_attr":"","jetpack_post_was_ever_published":false,"_joinchat":[]},"product_brand":[],"product_cat":[219,95],"product_tag":[511,509,507,505,445,415,417,465,419,239,487,371,489],"class_list":{"0":"post-9233","1":"product","2":"type-product","3":"status-publish","4":"has-post-thumbnail","6":"product_cat-medi-peel","7":"product_cat-kremy-emulsii-i-losony-dlya-lica","8":"product_tag-majestem","9":"product_tag-medi-peel-cell-toxing-dermajours","10":"product_tag-snap-8-peptide","11":"product_tag-syn-ake","12":"product_tag-antivozrastnoj-uhod","13":"product_tag-zhirnaya-kozha","14":"product_tag-kombinirovannaya-kozha","15":"product_tag-lifting","16":"product_tag-normalnaya-kozha","17":"product_tag-peptidy","18":"product_tag-protiv-morshhin","19":"product_tag-stvolovye-kletki","20":"product_tag-elastichnost-i-uprugost","22":"first","23":"outofstock","24":"shipping-taxable","25":"purchasable","26":"product-type-simple"},"jetpack_sharing_enabled":true,"_links":{"self":[{"href":"https:\/\/liluilu.ee\/et\/wp-json\/wp\/v2\/product\/9233","targetHints":{"allow":["GET"]}}],"collection":[{"href":"https:\/\/liluilu.ee\/et\/wp-json\/wp\/v2\/product"}],"about":[{"href":"https:\/\/liluilu.ee\/et\/wp-json\/wp\/v2\/types\/product"}],"replies":[{"embeddable":true,"href":"https:\/\/liluilu.ee\/et\/wp-json\/wp\/v2\/comments?post=9233"}],"version-history":[{"count":4,"href":"https:\/\/liluilu.ee\/et\/wp-json\/wp\/v2\/product\/9233\/revisions"}],"predecessor-version":[{"id":10562,"href":"https:\/\/liluilu.ee\/et\/wp-json\/wp\/v2\/product\/9233\/revisions\/10562"}],"wp:featuredmedia":[{"embeddable":true,"href":"https:\/\/liluilu.ee\/et\/wp-json\/wp\/v2\/media\/9235"}],"wp:attachment":[{"href":"https:\/\/liluilu.ee\/et\/wp-json\/wp\/v2\/media?parent=9233"}],"wp:term":[{"taxonomy":"product_brand","embeddable":true,"href":"https:\/\/liluilu.ee\/et\/wp-json\/wp\/v2\/product_brand?post=9233"},{"taxonomy":"product_cat","embeddable":true,"href":"https:\/\/liluilu.ee\/et\/wp-json\/wp\/v2\/product_cat?post=9233"},{"taxonomy":"product_tag","embeddable":true,"href":"https:\/\/liluilu.ee\/et\/wp-json\/wp\/v2\/product_tag?post=9233"}],"curies":[{"name":"t\u00f6\u00f6leht","href":"https:\/\/api.w.org\/{rel}","templated":true}]}}