{"id":9221,"date":"2023-04-10T13:28:14","date_gmt":"2023-04-10T10:28:14","guid":{"rendered":"https:\/\/liluilu.ee\/?post_type=product&#038;p=9221"},"modified":"2026-04-09T12:20:38","modified_gmt":"2026-04-09T09:20:38","slug":"medi-peel-cell-toxing-dermajours-toner-250ml","status":"publish","type":"product","link":"https:\/\/liluilu.ee\/et\/medi-peel-cell-toxing-dermajours-toner-250ml\/","title":{"rendered":"Vananemisvastane taastav toonik MEDI-PEEL Cell Toxing Dermajours Toner 250ml."},"content":{"rendered":"<p><span style=\"font-weight: 400;\">Esmaklassiline, v\u00e4ga kontsentreeritud vananemisvastane tooner <\/span><span style=\"font-weight: 400;\">MEDI-PEEL Cell Toxing Dermajours tooner.<\/span><\/p>\n<p>&nbsp;<\/p>\n<p><span style=\"font-weight: 400;\">Toode sisaldab 9 peptiidi kompleksi, Edelweissi t\u00fcvirakke ja mitmeid v\u00f5imsaid vananemisvastaseid koostisosi, millel on igak\u00fclgne m\u00f5ju vananevale nahale.\u00a0<\/span><\/p>\n<p>&nbsp;<\/p>\n<p><strong>MEDI-PEEL Cell Toxing Dermajours tooner:<\/strong><\/p>\n<p>&nbsp;<\/p>\n<ul>\n<li style=\"font-weight: 400;\" aria-level=\"1\"><span style=\"font-weight: 400;\">Taastab optimaalse pH taseme p\u00e4rast pesemist, valmistab naha ette edasiseks hoolduseks ja suurendab k\u00f5ikide pealekantavate toodete efektiivsust;<\/span><\/li>\n<li style=\"font-weight: 400;\" aria-level=\"1\"><span style=\"font-weight: 400;\">Leevendab koheselt pingulus- ja kuivustunnet, tagab s\u00fcgava ja kauakestva niisutuse. Hoiab \u00e4ra deh\u00fcdratsiooni ja tasakaalustab vee-rasva tasakaalu;<\/span><\/li>\n<li style=\"font-weight: 400;\" aria-level=\"1\"><span style=\"font-weight: 400;\">Tasandab \u00f5rnalt tooni ja takistab vanuselaikude teket;<\/span><\/li>\n<li style=\"font-weight: 400;\" aria-level=\"1\"><span style=\"font-weight: 400;\">Parandab jumet, annab sellele v\u00e4rskuse ja \u00f5rna s\u00e4ra;<\/span><\/li>\n<li style=\"font-weight: 400;\" aria-level=\"1\"><span style=\"font-weight: 400;\">Stimuleerib oluliste valkude tootmist, mis m\u00f5jutavad naha tugevust ja elastsust;<\/span><\/li>\n<li style=\"font-weight: 400;\" aria-level=\"1\"><span style=\"font-weight: 400;\">Hoiab \u00e4ra kudede l\u00f5tvumist ja s\u00fcgavate vanusekortsude teket;<\/span><\/li>\n<li style=\"font-weight: 400;\" aria-level=\"1\"><span style=\"font-weight: 400;\">Toidab nahka rikkalikult vitamiinide ja mikroelementidega, pakub antioks\u00fcdantset kaitset ja toetab ainevahetust.<\/span><\/li>\n<\/ul>\n<h2><\/h2>\n<h2><i>MEDI-PEEL Cell Toxing Dermajours tooniku omadused ja koostis\u00a0<\/i><\/h2>\n<p><b>Tooner on loodud kasutades<\/b> <b>liposomaalne tehnoloogia<\/b><span style=\"font-weight: 400;\">kui aktiivsed komponendid asetatakse mikroskoopilistesse transpordikapslitesse \u2013 liposoomidesse. Nad viivad l\u00e4bi varade sihip\u00e4rast kohaletoimetamist ja tungivad naha s\u00fcgavamatesse kihtidesse. See meetod parandab seeduvust ja suurendab oluliselt toote efektiivsust.\u00a0\u00a0<\/span><\/p>\n<p>&nbsp;<\/p>\n<p><span style=\"font-weight: 400;\">Toonik sisaldab<\/span><b> ainulaadne 9 peptiidi kompleks<\/b><span style=\"font-weight: 400;\">, mis takistab rakkude h\u00e4vimist, aeglustab oks\u00fcdatiivseid protsesse ja parandab k\u00f5igi rakus\u00fcsteemide t\u00f6\u00f6d, taastades kudesid.<\/span><\/p>\n<p>&nbsp;<\/p>\n<p><b>Neuropeptiidid - lihasrelaksandid<\/b><span style=\"font-weight: 400;\"> (Syn-Ake ja SNAP-8 Peptide) l\u00f5\u00f5gastavad n\u00e4olihaseid, siluvad peenikesi miimikajooni ning v\u00e4hendavad vanusekortsude pindala ja s\u00fcgavust.<\/span><\/p>\n<p>&nbsp;<\/p>\n<p><b>Vase tripeptiid<\/b><span style=\"font-weight: 400;\"> blokeerib ens\u00fc\u00fcmide aktiivsust, mis h\u00e4vitavad naha maatriksit ja stimuleerivad regeneratiivseid protsesse.<\/span><\/p>\n<p>&nbsp;<\/p>\n<p><b>Edelweissi t\u00fcvirakud (1000 ppm):<\/b><\/p>\n<ul>\n<li style=\"font-weight: 400;\" aria-level=\"1\"><span style=\"font-weight: 400;\">Stimuleerida naha enda t\u00fcvirakkude elut\u00e4htsat aktiivsust;<\/span><\/li>\n<li style=\"font-weight: 400;\" aria-level=\"1\"><span style=\"font-weight: 400;\">V\u00e4ltida kollageenikiudude rebenemist ja aidata toota kollageeni ja elastiini;<\/span><\/li>\n<li style=\"font-weight: 400;\" aria-level=\"1\"><span style=\"font-weight: 400;\">Aktiveerige akvaporiine, mis tagavad ideaalse veetasakaalu;<\/span><\/li>\n<li style=\"font-weight: 400;\" aria-level=\"1\"><span style=\"font-weight: 400;\">S\u00e4ilitab naha tugevuse ja elastsuse.<\/span><\/li>\n<\/ul>\n<p>&nbsp;<\/p>\n<p><b>Niatsiinamiid <\/b><span style=\"font-weight: 400;\">aeglustab melaniini j\u00f5udmist naha \u00fclemisse kihti, \u00fchtlustades seel\u00e4bi toonust ja takistades vanuselaikude teket.\u00a0<\/span><\/p>\n<p>&nbsp;<\/p>\n<p><b>Taimsete \u00f5lide ja ekstraktide kompleks <\/b><span style=\"font-weight: 400;\">toidab, rahustab ja taastab nahale terve s\u00e4ra.<\/span><\/p>\n<p>&nbsp;<\/p>\n<p><b>H\u00fcaluroonhape ja keramiid NP <\/b><span style=\"font-weight: 400;\">tagavad pikaajalise niisutuse ja hoiavad \u00e4ra naha deh\u00fcdratsiooni.<\/span><\/p>\n<p>&nbsp;<\/p>\n<p><span style=\"font-weight: 400;\">MEDI-PEEL Cell Toxing Dermajours Toonikul on rikkalik, ampullis tekstuur ja \u00f5rn eliitparf\u00fc\u00fcmi aroom.<\/span><\/p>\n<p>&nbsp;<\/p>\n<p><span style=\"font-weight: 400;\">Toonik imendub kiiresti ja t\u00e4idab naha koheselt niiskusega, j\u00e4ttes niisutus- ja mugavustunde.\u00a0<\/span><\/p>\n<p>&nbsp;<\/p>\n<p><b>Soovitame MEDI-PEEL Cell Toxing Dermajours toonikut:<\/b><\/p>\n<ul>\n<li style=\"font-weight: 400;\" aria-level=\"1\"><span style=\"font-weight: 400;\">Igat t\u00fc\u00fcpi k\u00fcpsele nahale. Eriti elastsust kaotavale nahale;<\/span><\/li>\n<li style=\"font-weight: 400;\" aria-level=\"1\"><span style=\"font-weight: 400;\">Igap\u00e4evaseks hommikuseks ja \u00f5htuseks hoolduseks;<\/span><\/li>\n<li style=\"font-weight: 400;\" aria-level=\"1\"><span style=\"font-weight: 400;\">Hooldamiseks igal aastaajal.<\/span><\/li>\n<\/ul>\n<p>&nbsp;<\/p>\n<p><span style=\"font-weight: 400;\">Maksimaalse efekti saavutamiseks soovitame liini osana kasutada toonerit <\/span><span style=\"color: #0000ff;\"><a style=\"color: #0000ff;\" href=\"https:\/\/liluilu.ee\/et\/tootesilt\/medi-peel-cell-toxing-dermajours\/\" target=\"_blank\" rel=\"noopener\"><span style=\"font-weight: 400;\">MEDI-PEEL rakkude toksiline dermajours<\/span><\/a><span style=\"font-weight: 400;\">:<\/span><\/span><\/p>\n<p>&nbsp;<\/p>\n<p><span style=\"font-weight: 400;\">Soovitatav nahale kandmise j\u00e4rjekord:<\/span><\/p>\n<ol>\n<li style=\"font-weight: 400;\" aria-level=\"1\"><span style=\"font-weight: 400;\">Tooner<\/span><\/li>\n<li style=\"font-weight: 400;\" aria-level=\"1\"><span style=\"font-weight: 400;\">Ampull <\/span><span style=\"color: #0000ff;\"><a style=\"color: #0000ff;\" href=\"https:\/\/liluilu.ee\/et\/medi-peel-cell-toxing-dermajours-ampoule-100ml\/\" target=\"_blank\" rel=\"noopener\"><span style=\"font-weight: 400;\">MEDI-PEEL rakutoksiv Dermajoursi ampull.<\/span><\/a><\/span><\/li>\n<li aria-level=\"1\"><span style=\"font-weight: 400;\">Emulsioon <\/span><span style=\"color: #0000ff;\"><a style=\"color: #0000ff;\" href=\"https:\/\/liluilu.ee\/et\/medi-peel-cell-toxing-dermajours-emulsion\/\" target=\"_blank\" rel=\"noopener\"><span style=\"font-weight: 400;\">MEDI-PEEL Cell Toxing Dermajours emulsioon<\/span><\/a><\/span><\/li>\n<li style=\"font-weight: 400;\" aria-level=\"1\"><span style=\"font-weight: 400;\">N\u00e4okreem <\/span><a href=\"https:\/\/liluilu.ee\/et\/medi-peel-cell-toxing-dermajours-cream\/\" target=\"_blank\" rel=\"noopener\"><span style=\"font-weight: 400;\">M<span style=\"color: #0000ff;\">EDI-PEEL Cell Toxing Dermajours kreem<\/span><\/span><\/a><\/li>\n<\/ol>\n<p>&nbsp;<\/p>\n<p><b>Kuidas kasutada:<\/b><\/p>\n<p><span style=\"font-weight: 400;\">Kandke vatipadjakesega v\u00f5i otse peopesadest peale rikkalik kogus <\/span><span style=\"font-weight: 400;\">ja tooneri<\/span><span style=\"font-weight: 400;\"> eelnevalt puhastatud n\u00e4o- ja kaelanahale. Jaotage toode laiali ja tehke s\u00f5rmedega patsutavaid liigutusi, et tooner imenduks. J\u00e4rgmisena j\u00e4tkake oma hoolduse j\u00e4rgmiste etappidega (apula \/ emulsioon v\u00f5i kreem).<\/span><\/p>\n<p>&nbsp;<\/p>\n<p><b>Netokogus:<\/b><span style=\"font-weight: 400;\"> 250 ml.<\/span><\/p>\n<p>&nbsp;<\/p>\n<p><a title=\"TARNETINGIMUSED\" href=\"https:\/\/liluilu.ee\/et\/kohaletoimetamine\/\" target=\"_blank\" rel=\"noopener\">TARNETINGIMUSED<\/a><\/p>","protected":false},"excerpt":{"rendered":"<p>\u0412\u044b\u0441\u043e\u043a\u043e\u043a\u043e\u043d\u0446\u0435\u043d\u0442\u0440\u0438\u0440\u043e\u0432\u0430\u043d\u043d\u044b\u0439 \u043e\u043c\u043e\u043b\u0430\u0436\u0438\u0432\u0430\u044e\u0449\u0438\u0439 \u0442\u043e\u043d\u0435\u0440 \u043f\u0440\u0435\u043c\u0438\u0443\u043c-\u043a\u043b\u0430\u0441\u0441\u0430 MEDI-PEEL Cell Toxing Dermajours Toner. &nbsp; \u0421\u0440\u0435\u0434\u0441\u0442\u0432\u043e \u0441\u043e\u0434\u0435\u0440\u0436\u0438\u0442 \u043a\u043e\u043c\u043f\u043b\u0435\u043a\u0441 \u0438\u0437 9 \u043f\u0435\u043f\u0442\u0438\u0434\u043e\u0432, \u0441\u0442\u0432\u043e\u043b\u043e\u0432\u044b\u0435 \u043a\u043b\u0435\u0442\u043a\u0438 \u042d\u0434\u0435\u043b\u044c\u0432\u0435\u0439\u0441\u0430 \u0438 \u0440\u044f\u0434 \u043c\u043e\u0449\u043d\u044b\u0445 \u0430\u043d\u0442\u0438\u0432\u043e\u0437\u0440\u0430\u0441\u0442\u043d\u044b\u0445 \u0438\u043d\u0433\u0440\u0435\u0434\u0438\u0435\u043d\u0442\u043e\u0432, \u043a\u043e\u0442\u043e\u0440\u044b\u0435 \u043e\u043a\u0430\u0437\u044b\u0432\u0430\u044e\u0442 \u043a\u043e\u043c\u043f\u043b\u0435\u043a\u0441\u043d\u043e\u0435 \u0432\u043e\u0437\u0434\u0435\u0439\u0441\u0442\u0432\u0438\u0435 \u043d\u0430 \u0443\u0432\u044f\u0434\u0430\u044e\u0449\u0443\u044e \u043a\u043e\u0436\u0443.\u00a0 &nbsp; MEDI-PEEL Cell Toxing Dermajours Toner: &nbsp; \u0412\u043e\u0441\u0441\u0442\u0430\u043d\u0430\u0432\u043b\u0438\u0432\u0430\u0435\u0442 \u043e\u043f\u0442\u0438\u043c\u0430\u043b\u044c\u043d\u044b\u0439 \u0443\u0440\u043e\u0432\u0435\u043d\u044c pH \u043f\u043e\u0441\u043b\u0435 \u0443\u043c\u044b\u0432\u0430\u043d\u0438\u044f, \u043f\u043e\u0434\u0433\u043e\u0442\u0430\u0432\u043b\u0438\u0432\u0430\u0435\u0442 \u043a\u043e\u0436\u0443 \u043a \u0434\u0430\u043b\u044c\u043d\u0435\u0439\u0448\u0435\u043c\u0443 \u0443\u0445\u043e\u0434\u0443 \u0438 \u043f\u043e\u0432\u044b\u0448\u0430\u0435\u0442 \u044d\u0444\u0444\u0435\u043a\u0442\u0438\u0432\u043d\u043e\u0441\u0442\u044c \u0432\u0441\u0435\u0445 \u043d\u0430\u043d\u043e\u0441\u0438\u043c\u044b\u0445 \u0441\u0440\u0435\u0434\u0441\u0442\u0432; [&hellip;]<\/p>","protected":false},"featured_media":11701,"comment_status":"open","ping_status":"closed","template":"","meta":{"_eb_attr":"","jetpack_post_was_ever_published":false,"_joinchat":[]},"product_brand":[],"product_cat":[219,217],"product_tag":[511,509,507,505,445,571,465,239,487,371,489],"class_list":{"0":"post-9221","1":"product","2":"type-product","3":"status-publish","4":"has-post-thumbnail","6":"product_cat-medi-peel","7":"product_cat-tonery","8":"product_tag-majestem","9":"product_tag-medi-peel-cell-toxing-dermajours","10":"product_tag-snap-8-peptide","11":"product_tag-syn-ake","12":"product_tag-antivozrastnoj-uhod","13":"product_tag-antivozrastnye-tonery","14":"product_tag-lifting","15":"product_tag-peptidy","16":"product_tag-protiv-morshhin","17":"product_tag-stvolovye-kletki","18":"product_tag-elastichnost-i-uprugost","20":"first","21":"instock","22":"sale","23":"shipping-taxable","24":"purchasable","25":"product-type-simple"},"jetpack_sharing_enabled":true,"_links":{"self":[{"href":"https:\/\/liluilu.ee\/et\/wp-json\/wp\/v2\/product\/9221","targetHints":{"allow":["GET"]}}],"collection":[{"href":"https:\/\/liluilu.ee\/et\/wp-json\/wp\/v2\/product"}],"about":[{"href":"https:\/\/liluilu.ee\/et\/wp-json\/wp\/v2\/types\/product"}],"replies":[{"embeddable":true,"href":"https:\/\/liluilu.ee\/et\/wp-json\/wp\/v2\/comments?post=9221"}],"version-history":[{"count":11,"href":"https:\/\/liluilu.ee\/et\/wp-json\/wp\/v2\/product\/9221\/revisions"}],"predecessor-version":[{"id":13783,"href":"https:\/\/liluilu.ee\/et\/wp-json\/wp\/v2\/product\/9221\/revisions\/13783"}],"wp:featuredmedia":[{"embeddable":true,"href":"https:\/\/liluilu.ee\/et\/wp-json\/wp\/v2\/media\/11701"}],"wp:attachment":[{"href":"https:\/\/liluilu.ee\/et\/wp-json\/wp\/v2\/media?parent=9221"}],"wp:term":[{"taxonomy":"product_brand","embeddable":true,"href":"https:\/\/liluilu.ee\/et\/wp-json\/wp\/v2\/product_brand?post=9221"},{"taxonomy":"product_cat","embeddable":true,"href":"https:\/\/liluilu.ee\/et\/wp-json\/wp\/v2\/product_cat?post=9221"},{"taxonomy":"product_tag","embeddable":true,"href":"https:\/\/liluilu.ee\/et\/wp-json\/wp\/v2\/product_tag?post=9221"}],"curies":[{"name":"t\u00f6\u00f6leht","href":"https:\/\/api.w.org\/{rel}","templated":true}]}}