{"id":9169,"date":"2023-04-04T12:05:07","date_gmt":"2023-04-04T09:05:07","guid":{"rendered":"https:\/\/liluilu.ee\/?post_type=product&#038;p=9169"},"modified":"2026-04-12T21:20:53","modified_gmt":"2026-04-12T18:20:53","slug":"medi-peel-peptide-tox-bor-eye-cream","status":"publish","type":"product","link":"https:\/\/liluilu.ee\/et\/medi-peel-peptide-tox-bor-eye-cream\/","title":{"rendered":"Pinguldav silma\u00fcmbruskreem peptiidide ja volufiliiniga MEDI-PEEL Peptide Tox Bor Eye Cream 40ml."},"content":{"rendered":"<p><span style=\"font-weight: 400;\">Botoxi efektiga kreem silma\u00fcmbrusele <\/span><span style=\"font-weight: 400;\">MEDI-PEEL Peptide Tox Bor silma\u00fcmbruskreem <\/span><span style=\"font-weight: 400;\">Silendab peent kortsude v\u00f5rgustikku, hoiab \u00e4ra kortsude teket ja aitab pinguldada silma\u00fcmbruse \u00f5hukest nahka.<\/span><\/p>\n<p>&nbsp;<\/p>\n<h2><i>MEDI-PEEL Peptide Tox Bor silmakreemi peamised toimeained:<\/i><\/h2>\n<p>&nbsp;<\/p>\n<p><span style=\"font-weight: 400;\">Kreemjas p\u00f5hi <\/span><b>Patenteeritud peptiid - Tox Complex 5%<\/b><span style=\"font-weight: 400;\"> mis koosneb peptiididest, h\u00fcaluroonhappest ja kahest prantsuse komponendist: <\/span><b>volufilina<\/b><span style=\"font-weight: 400;\"> ja patenteeritud kompleks <\/span><b>ACTIMP Powder BIO<\/b><span style=\"font-weight: 400;\">, mis on loodud valge lupiini ekstrakti baasil. T\u00e4idab ja silub ilmejooni. Sellel on v\u00e4ljendunud lifting-efekt, muutes naha siledaks, pingul ja elastseks.<\/span><\/p>\n<p>&nbsp;<\/p>\n<p><b>SYN-Coll (palmito\u00fc\u00fcltripeptiid-5)<\/b><span style=\"font-weight: 400;\"> \u2013 v\u00f5imas peptiid, millel on kahekordne toime, stimuleerides teie enda kollageeni s\u00fcnteesi ja kaitstes seda h\u00e4vimise eest. T\u00e4nu sellele hoiab \u00e4ra kortsude teket ja \u00fcldiselt parandab silma\u00fcmbruse naha struktuuri.<\/span><\/p>\n<p>&nbsp;<\/p>\n<p><b>Patenteeritud Botaniceutical Plus-10 kompleks<\/b><span style=\"font-weight: 400;\"> koosneb 10 taimeekstraktist. Omab antioks\u00fcdantset toimet, aidates \u00fchtlustada nahatooni ja seda taastada. T\u00e4nu sellele takistab see naha vananemist, normaliseerides k\u00f5igi epidermise rakus\u00fcsteemide t\u00f6\u00f6d.<\/span><\/p>\n<p>&nbsp;<\/p>\n<p><b>Ilus \u00fcrdilugu<\/b><span style=\"font-weight: 400;\"> Patenteeritud kompleks p\u00f5hineb nelja t\u00fc\u00fcpi taimeekstraktidel: lavendel, rosmariin, pune, t\u00fc\u00fcmian. Kompleksil on suurep\u00e4rased rahustavad, niisutavad ja taastavad omadused. T\u00e4nu antioks\u00fcdantsele toimele k\u00e4ivitab see epidermises kollageeni, elastiini ja h\u00fcaluroonhapete s\u00fcnteesi, tugevdades kreemi t\u00f5stvat toimet.<\/span><\/p>\n<p>&nbsp;<\/p>\n<p><b>Niatsiinamiid<\/b><span style=\"font-weight: 400;\"> - vitamiini antioks\u00fcdant. \u00dchtlustab tooni, heledamaks tumedaid ringe silmade \u00fcmber, andes nahale terve s\u00e4ra ja v\u00e4rskendades v\u00e4limust.<\/span><\/p>\n<p>&nbsp;<\/p>\n<p><b>Kuidas kasutada:\u00a0<\/b><\/p>\n<p><span style=\"font-weight: 400;\">Kandke v\u00e4ike kogus kreemi s\u00f5rmeotstele ja kandke \u00f5rnalt \u00fclemise ja alumise silmalaugude piirkonda m\u00f6\u00f6da silma\u00fcmbruse luud. V\u00e4ga \u00f5rnade patsutavate liigutustega aidake kreemil imenduda, liikudes \u00fclemisel silmalaul silma sisenurgast v\u00e4lisnurka ja alumisel silmalaugul silma v\u00e4lisnurgast sisenurka.<\/span><\/p>\n<p>&nbsp;<\/p>\n<p><b>Netokogus:<\/b><span style=\"font-weight: 400;\"> 40 ml.<\/span><\/p>\n<p>&nbsp;<\/p>\n<p><span style=\"font-weight: 400;\">Kui teil on lisak\u00fcsimusi v\u00f5i vajate toote valimisel n\u00f5u, kirjutage meile. Vestlus asub ekraani paremas alanurgas.<\/span><\/p>\n<p>&nbsp;<\/p>\n<p><a title=\"TARNETINGIMUSED\" href=\"https:\/\/liluilu.ee\/et\/kohaletoimetamine\/\" target=\"_blank\" rel=\"noopener\">TARNETINGIMUSED<\/a><\/p>","protected":false},"excerpt":{"rendered":"<p>\u041a\u0440\u0435\u043c \u0441 \u044d\u0444\u0444\u0435\u043a\u0442\u043e\u043c \u0431\u043e\u0442\u043e\u043a\u0441\u0430 \u0434\u043b\u044f \u0437\u043e\u043d\u044b \u0432\u043e\u043a\u0440\u0443\u0433 \u0433\u043b\u0430\u0437 MEDI-PEEL Peptide Tox Bor Eye Cream \u043e\u0431\u0435\u0441\u043f\u0435\u0447\u0438\u0432\u0430\u0435\u0442 \u0440\u0430\u0437\u0433\u043b\u0430\u0436\u0438\u0432\u0430\u043d\u0438\u0435 \u043c\u0435\u043b\u043a\u043e\u0439 \u0441\u0435\u0442\u043e\u0447\u043a\u0438 \u043c\u043e\u0440\u0449\u0438\u043d, \u043f\u0440\u0435\u0434\u043e\u0442\u0432\u0440\u0430\u0449\u0430\u0435\u0442 \u043f\u043e\u044f\u0432\u043b\u0435\u043d\u0438\u0435 \u0437\u0430\u043b\u043e\u043c\u043e\u0432 \u0438 \u0441\u043f\u043e\u0441\u043e\u0431\u0441\u0442\u0432\u0443\u0435\u0442 \u0443\u043f\u043b\u043e\u0442\u043d\u0435\u043d\u0438\u044e \u0442\u043e\u043d\u043a\u043e\u0439 \u043a\u043e\u0436\u0438 \u0437\u043e\u043d\u044b \u0432\u043e\u043a\u0440\u0443\u0433 \u0433\u043b\u0430\u0437. &nbsp; \u041e\u0441\u043d\u043e\u0432\u043d\u044b\u0435 \u0434\u0435\u0439\u0441\u0442\u0432\u0443\u044e\u0449\u0438\u0435 \u043a\u043e\u043c\u043f\u043e\u043d\u0435\u043d\u0442\u044b MEDI-PEEL Peptide Tox Bor Eye Cream: &nbsp; \u041e\u0441\u043d\u043e\u0432\u0430 \u043a\u0440\u0435\u043c\u0430 \u0437\u0430\u043f\u0430\u0442\u0435\u043d\u0442\u043e\u0432\u0430\u043d\u043d\u044b\u0439 \u043a\u043e\u043c\u043f\u043b\u0435\u043a\u0441 Peptide &#8212; Tox Complex 5% \u0441\u043e\u0441\u0442\u043e\u044f\u0449\u0438\u0439 \u0438\u0437 \u043f\u0435\u043f\u0442\u0438\u0434\u043e\u0432, \u0433\u0438\u0430\u043b\u0443\u0440\u043e\u043d\u043e\u0432\u043e\u0439 \u043a\u0438\u0441\u043b\u043e\u0442\u044b [&hellip;]<\/p>","protected":false},"featured_media":9155,"comment_status":"open","ping_status":"closed","template":"","meta":{"_eb_attr":"","jetpack_post_was_ever_published":false,"_joinchat":[]},"product_brand":[],"product_cat":[219,305],"product_tag":[570,527,445,567,263,265,465,239,487,568,489],"class_list":{"0":"post-9169","1":"product","2":"type-product","3":"status-publish","4":"has-post-thumbnail","6":"product_cat-medi-peel","7":"product_cat-kremy-dlya-oblasti-vokrug-glaz","8":"product_tag-medi-peel-bor-tox-line","9":"product_tag-syn-col","10":"product_tag-antivozrastnoj-uhod","11":"product_tag-voljufilin","12":"product_tag-gidrolizovannyj-kollagen","13":"product_tag-gidrolizovannyj-elastin","14":"product_tag-lifting","15":"product_tag-peptidy","16":"product_tag-protiv-morshhin","17":"product_tag-fermentirovannye-ingredienty","18":"product_tag-elastichnost-i-uprugost","20":"first","21":"instock","22":"sale","23":"shipping-taxable","24":"purchasable","25":"product-type-simple"},"jetpack_sharing_enabled":true,"_links":{"self":[{"href":"https:\/\/liluilu.ee\/et\/wp-json\/wp\/v2\/product\/9169","targetHints":{"allow":["GET"]}}],"collection":[{"href":"https:\/\/liluilu.ee\/et\/wp-json\/wp\/v2\/product"}],"about":[{"href":"https:\/\/liluilu.ee\/et\/wp-json\/wp\/v2\/types\/product"}],"replies":[{"embeddable":true,"href":"https:\/\/liluilu.ee\/et\/wp-json\/wp\/v2\/comments?post=9169"}],"version-history":[{"count":9,"href":"https:\/\/liluilu.ee\/et\/wp-json\/wp\/v2\/product\/9169\/revisions"}],"predecessor-version":[{"id":12172,"href":"https:\/\/liluilu.ee\/et\/wp-json\/wp\/v2\/product\/9169\/revisions\/12172"}],"wp:featuredmedia":[{"embeddable":true,"href":"https:\/\/liluilu.ee\/et\/wp-json\/wp\/v2\/media\/9155"}],"wp:attachment":[{"href":"https:\/\/liluilu.ee\/et\/wp-json\/wp\/v2\/media?parent=9169"}],"wp:term":[{"taxonomy":"product_brand","embeddable":true,"href":"https:\/\/liluilu.ee\/et\/wp-json\/wp\/v2\/product_brand?post=9169"},{"taxonomy":"product_cat","embeddable":true,"href":"https:\/\/liluilu.ee\/et\/wp-json\/wp\/v2\/product_cat?post=9169"},{"taxonomy":"product_tag","embeddable":true,"href":"https:\/\/liluilu.ee\/et\/wp-json\/wp\/v2\/product_tag?post=9169"}],"curies":[{"name":"t\u00f6\u00f6leht","href":"https:\/\/api.w.org\/{rel}","templated":true}]}}