{"id":9116,"date":"2023-03-28T16:33:05","date_gmt":"2023-03-28T13:33:05","guid":{"rendered":"https:\/\/liluilu.ee\/?post_type=product&#038;p=9116"},"modified":"2026-04-09T12:20:38","modified_gmt":"2026-04-09T09:20:38","slug":"medi-peel-bor-tox-peptide-toner","status":"publish","type":"product","link":"https:\/\/liluilu.ee\/et\/medi-peel-bor-tox-peptide-toner\/","title":{"rendered":"Peptiidide ja volufiliiniga noorendav toonik MEDI-PEEL Bor-Tox Peptide Toner 180ml."},"content":{"rendered":"<p><span style=\"font-weight: 400;\">Multipeptiidtoonik elastsust kaotava naha intensiivseks hoolduseks <strong>MEDI-PEEL Bor-Tox peptiidtoonik<\/strong>.<\/span><\/p>\n<p>&nbsp;<\/p>\n<p><span style=\"font-weight: 400;\">Rikkaliku, t\u00e4iuslikult tasakaalustatud koostisega toode on suunatud kortsude vastu v\u00f5itlemisele ja k\u00fcpse naha tooni t\u00f5stmisele.<\/span><\/p>\n<p>&nbsp;<\/p>\n<p><span style=\"font-weight: 400;\">MEDI-PEEL Bor-Tox peptiidtooner:<\/span><\/p>\n<p>&nbsp;<\/p>\n<ul>\n<li style=\"font-weight: 400;\" aria-level=\"1\"><span style=\"font-weight: 400;\">Niisutab, leevendab pingulolekut ja k\u00f5rvaldab kuivuse;<\/span><\/li>\n<li style=\"font-weight: 400;\" aria-level=\"1\"><span style=\"font-weight: 400;\">V\u00e4rskendab, toniseerib ja parandab jumet;<\/span><\/li>\n<li style=\"font-weight: 400;\" aria-level=\"1\"><span style=\"font-weight: 400;\">L\u00f5dvestab n\u00e4olihaseid ja silub peeneid kortse;<\/span><\/li>\n<li style=\"font-weight: 400;\" aria-level=\"1\"><span style=\"font-weight: 400;\">Muudab naha t\u00e4idlasemaks ja tihedamaks;<\/span><\/li>\n<li style=\"font-weight: 400;\" aria-level=\"1\"><span style=\"font-weight: 400;\">Parandab kudede tugevust ja elastsust;<\/span><\/li>\n<li style=\"font-weight: 400;\" aria-level=\"1\"><span style=\"font-weight: 400;\">Stimuleerib h\u00fcaluroonhappe ja aluseliste valkude s\u00fcnteesi;<\/span><\/li>\n<li style=\"font-weight: 400;\" aria-level=\"1\"><span style=\"font-weight: 400;\">Aeglustab vanusega seotud muutusi, aitab s\u00e4ilitada selgeid jooni ja ilusat ovaalset n\u00e4gu.<\/span><\/li>\n<\/ul>\n<h2><\/h2>\n<h2><\/h2>\n<p>&nbsp;<\/p>\n<h2><i>MEDI-PEEL Bor-Tox peptiidtooni omadused ja koostis<\/i><\/h2>\n<p><span style=\"font-weight: 400;\">Valem p\u00f5hineb vananemisvastaste komponentide kombinatsioonil, millel on igak\u00fclgne m\u00f5ju vanusega seotud muutustele nahas:<\/span><\/p>\n<p>&nbsp;<\/p>\n<p><b>Voljufilin<\/b><span style=\"font-weight: 400;\"> (Volufiline) hoiab \u00e4ra longuse, aitab s\u00e4ilitada joonte t\u00e4idlust ja selgust. Volufiliini toime on suunatud mittes\u00fcstitavale lipofillingule: see stimuleerib rasvkoe s\u00fcnteesi, mis t\u00e4idab kadunud mahud ja modelleerib \u00f5rnalt n\u00e4okontuure.\u00a0<\/span><\/p>\n<p>&nbsp;<\/p>\n<p><b>Edelweissi t\u00fcvirakud<\/b><span style=\"font-weight: 400;\"> aeglustada h\u00fcaluroonhapet ja elastiini h\u00e4vitava ens\u00fc\u00fcmi aktiivsust. Selle tulemusena s\u00e4ilib tugevus ja elastsus ning suureneb naha turgor.<\/span><\/p>\n<p>&nbsp;<\/p>\n<p><b>5-peptiidi kompleks<\/b><span style=\"font-weight: 400;\"> stimuleerib p\u00f5hiliste valkude s\u00fcnteesi, l\u00f5dvestab \u00f5rnalt n\u00e4olihaseid ning m\u00f5jutab kortsude pindala ja s\u00fcgavust. Selle tulemusena paraneb m\u00e4rgatavalt naha kvaliteet, n\u00e4gu muutub toonusemaks ja siledamaks.<\/span><\/p>\n<p>&nbsp;<\/p>\n<p><b>Aquaporin 8G<\/b><span style=\"font-weight: 400;\"> on uus sertifitseeritud toimeaine, mis stimuleerib I, IV ja VII t\u00fc\u00fcpi kollageeni ning fibroblastides leiduvate akvaporiinide s\u00fcnteesi. Komponent normaliseerib rakkude toitumis- ja h\u00fcdratatsiooniprotsessi, pinguldab nahka ja v\u00e4hendab kortsude raskust.<\/span><\/p>\n<p>&nbsp;<\/p>\n<p><b>K\u00e4\u00e4ritatud ekstrakti kompleks<\/b><span style=\"font-weight: 400;\"> taastab mikrobioomi, parandab immuunsust ja tugevdab naha kaitsebarj\u00e4\u00e4ri. Lisaks on kompleks rahustava toimega, \u00fchtlustab nahatooni ja parandab jumet.\u00a0<\/span><\/p>\n<p>&nbsp;<\/p>\n<p><b>H\u00fcdrol\u00fc\u00fcsitud kollageen ja elastiin <\/b><span style=\"font-weight: 400;\">s\u00e4ilitada veetasakaalu, parandada valkude ainevahetust ja toetada naha maatriksit, taastades epidermise struktuuri seestpoolt.<\/span><\/p>\n<p>&nbsp;<\/p>\n<p><span style=\"font-weight: 400;\">\u0423 <\/span><span style=\"font-weight: 400;\">tooneril on luksuslik parf\u00fc\u00fcmi aroom ja rikkalik, ampullistekstuur. Toode imendub, j\u00e4tmata kleepuvust. Leevendab koheselt pesuj\u00e4rgset pingetunnet, taastab tervisliku ph v\u00e4\u00e4rtuse, annab niiskuse ja mugavustunde.<\/span><\/p>\n<p>&nbsp;<\/p>\n<p><span style=\"font-weight: 400;\">Soovitame MEDI-PEEL Bor-Tox peptiidtoonerit:<\/span><\/p>\n<ul>\n<li style=\"font-weight: 400;\" aria-level=\"1\"><span style=\"font-weight: 400;\">Igat t\u00fc\u00fcpi k\u00fcpsele nahale, sealhulgas tundlikule;<\/span><\/li>\n<li style=\"font-weight: 400;\" aria-level=\"1\"><span style=\"font-weight: 400;\">Igap\u00e4evaseks hommikuseks ja\/v\u00f5i \u00f5htuseks hoolduseks;<\/span><\/li>\n<li style=\"font-weight: 400;\" aria-level=\"1\"><span style=\"font-weight: 400;\">Hooldamiseks igal aastaajal.<\/span><\/li>\n<\/ul>\n<p>&nbsp;<\/p>\n<p><span style=\"font-weight: 400;\">Parimate tulemuste saavutamiseks soovitame sarja toodetega proovida igak\u00fclgset hooldust <\/span><span style=\"color: #0000ff;\"><a style=\"color: #0000ff;\" href=\"https:\/\/liluilu.ee\/et\/tootesilt\/medi-peel-bor-tox-line\/\" target=\"_blank\" rel=\"noopener\"><span style=\"font-weight: 400;\">MEDI-PEEL Bor-Tox<\/span><\/a><span style=\"font-weight: 400;\">:<\/span><\/span><\/p>\n<p>&nbsp;<\/p>\n<ul>\n<li style=\"font-weight: 400;\" aria-level=\"1\"><span style=\"font-weight: 400;\">T\u00f5steampull <\/span><span style=\"color: #0000ff;\"><a style=\"color: #0000ff;\" href=\"https:\/\/liluilu.ee\/et\/medi-peel-bor-tox-peptide-ampoule\/\" target=\"_blank\" rel=\"noopener\"><span style=\"font-weight: 400;\">MEDI-PEEL Bor-Tox peptiidampull<\/span><\/a><\/span><\/li>\n<li style=\"font-weight: 400;\" aria-level=\"1\"><span style=\"font-weight: 400;\">N\u00e4okreem <\/span><span style=\"color: #0000ff;\"><a style=\"color: #0000ff;\" href=\"https:\/\/liluilu.ee\/et\/medi-peel-bor-tox-peptide-cream\/\" target=\"_blank\" rel=\"noopener\"><span style=\"font-weight: 400;\">Medi-Peel Bor-Tox peptiidkreem<\/span><\/a><\/span><\/li>\n<\/ul>\n<p>&nbsp;<\/p>\n<p><b>Soovitatav nahale kandmise j\u00e4rjekord:<\/b><span style=\"font-weight: 400;\">\u00a0<\/span><\/p>\n<ol>\n<li style=\"font-weight: 400;\" aria-level=\"1\"><span style=\"font-weight: 400;\">Tooner<\/span><\/li>\n<li style=\"font-weight: 400;\" aria-level=\"1\"><span style=\"font-weight: 400;\">Ampull<\/span><\/li>\n<li style=\"font-weight: 400;\" aria-level=\"1\"><span style=\"font-weight: 400;\">N\u00e4okreem.<\/span><\/li>\n<\/ol>\n<p>&nbsp;<\/p>\n<p><b>Kuidas kasutada:\u00a0<\/b><\/p>\n<p><span style=\"font-weight: 400;\">Kandke vajalik kogus toonikut eelnevalt puhastatud n\u00e4o- ja kaelanahale vatipadja v\u00f5i peopesade abil. Kasutage \u00f5rnaid patsutusliigutusi, et toode imenduks.\u00a0<\/span><\/p>\n<p>&nbsp;<\/p>\n<p><b>Netokogus:<\/b><span style=\"font-weight: 400;\"> 180 ml.<\/span><\/p>\n<p>&nbsp;<\/p>\n<p><span style=\"font-weight: 400;\">Kui teil on lisak\u00fcsimusi v\u00f5i vajate toote valimisel n\u00f5u, kirjutage meile. Vestlus asub ekraani paremas alanurgas.<\/span><\/p>\n<p>&nbsp;<\/p>\n<p><a title=\"TARNETINGIMUSED\" href=\"https:\/\/liluilu.ee\/et\/kohaletoimetamine\/\" target=\"_blank\" rel=\"noopener\">TARNETINGIMUSED<\/a><\/p>","protected":false},"excerpt":{"rendered":"<p>\u041c\u0443\u043b\u044c\u0442\u0438\u043f\u0435\u043f\u0442\u0438\u0434\u043d\u044b\u0439 \u0442\u043e\u043d\u0435\u0440 \u0434\u043b\u044f \u0438\u043d\u0442\u0435\u043d\u0441\u0438\u0432\u043d\u043e\u0433\u043e \u0443\u0445\u043e\u0434\u0430 \u0437\u0430 \u0442\u0435\u0440\u044f\u044e\u0449\u0435\u0439 \u0443\u043f\u0440\u0443\u0433\u043e\u0441\u0442\u044c \u043a\u043e\u0436\u0435\u0439 MEDI-PEEL Bor-Tox Peptide Toner. &nbsp; \u0421\u0440\u0435\u0434\u0441\u0442\u0432\u043e \u0441 \u043d\u0430\u0441\u044b\u0449\u0435\u043d\u043d\u044b\u043c, \u043f\u0440\u0435\u043a\u0440\u0430\u0441\u043d\u043e \u0441\u0431\u0430\u043b\u0430\u043d\u0441\u0438\u0440\u043e\u0432\u0430\u043d\u043d\u044b\u043c \u0441\u043e\u0441\u0442\u0430\u0432\u043e\u043c \u043d\u0430\u043f\u0440\u0430\u0432\u043b\u0435\u043d\u043e \u043d\u0430 \u0431\u043e\u0440\u044c\u0431\u0443 \u0441 \u043c\u043e\u0440\u0449\u0438\u043d\u043a\u0430\u043c\u0438 \u0438 \u043f\u043e\u0432\u044b\u0448\u0435\u043d\u0438\u0435 \u0442\u043e\u043d\u0443\u0441\u0430 \u0437\u0440\u0435\u043b\u043e\u0439 \u043a\u043e\u0436\u0438. &nbsp; MEDI-PEEL Bor-Tox Peptide Toner: &nbsp; \u0423\u0432\u043b\u0430\u0436\u043d\u044f\u0435\u0442, \u0441\u043d\u0438\u043c\u0430\u0435\u0442 \u0447\u0443\u0432\u0441\u0442\u0432\u043e \u0441\u0442\u044f\u043d\u0443\u0442\u043e\u0441\u0442\u0438 \u0438 \u0443\u0441\u0442\u0440\u0430\u043d\u044f\u0435\u0442 \u0441\u0443\u0445\u043e\u0441\u0442\u044c; \u041e\u0441\u0432\u0435\u0436\u0430\u0435\u0442, \u0442\u043e\u043d\u0438\u0437\u0438\u0440\u0443\u0435\u0442 \u0438 \u0443\u043b\u0443\u0447\u0448\u0430\u0435\u0442 \u0446\u0432\u0435\u0442 \u043b\u0438\u0446\u0430; \u0420\u0430\u0441\u0441\u043b\u0430\u0431\u043b\u044f\u0435\u0442 \u043c\u0438\u043c\u0438\u0447\u0435\u0441\u043a\u0443\u044e \u043c\u0443\u0441\u043a\u0443\u043b\u0430\u0442\u0443\u0440\u0443 \u0438 \u0441\u0433\u043b\u0430\u0436\u0438\u0432\u0430\u0435\u0442 \u0442\u043e\u043d\u043a\u0438\u0435 [&hellip;]<\/p>","protected":false},"featured_media":11702,"comment_status":"open","ping_status":"closed","template":"","meta":{"_eb_attr":"","jetpack_post_was_ever_published":false,"_joinchat":[]},"product_brand":[],"product_cat":[219,217],"product_tag":[570,445,571,567,263,265,465,239,487,371,568,489],"class_list":{"0":"post-9116","1":"product","2":"type-product","3":"status-publish","4":"has-post-thumbnail","6":"product_cat-medi-peel","7":"product_cat-tonery","8":"product_tag-medi-peel-bor-tox-line","9":"product_tag-antivozrastnoj-uhod","10":"product_tag-antivozrastnye-tonery","11":"product_tag-voljufilin","12":"product_tag-gidrolizovannyj-kollagen","13":"product_tag-gidrolizovannyj-elastin","14":"product_tag-lifting","15":"product_tag-peptidy","16":"product_tag-protiv-morshhin","17":"product_tag-stvolovye-kletki","18":"product_tag-fermentirovannye-ingredienty","19":"product_tag-elastichnost-i-uprugost","21":"first","22":"instock","23":"sale","24":"shipping-taxable","25":"purchasable","26":"product-type-simple"},"jetpack_sharing_enabled":true,"_links":{"self":[{"href":"https:\/\/liluilu.ee\/et\/wp-json\/wp\/v2\/product\/9116","targetHints":{"allow":["GET"]}}],"collection":[{"href":"https:\/\/liluilu.ee\/et\/wp-json\/wp\/v2\/product"}],"about":[{"href":"https:\/\/liluilu.ee\/et\/wp-json\/wp\/v2\/types\/product"}],"replies":[{"embeddable":true,"href":"https:\/\/liluilu.ee\/et\/wp-json\/wp\/v2\/comments?post=9116"}],"version-history":[{"count":12,"href":"https:\/\/liluilu.ee\/et\/wp-json\/wp\/v2\/product\/9116\/revisions"}],"predecessor-version":[{"id":16419,"href":"https:\/\/liluilu.ee\/et\/wp-json\/wp\/v2\/product\/9116\/revisions\/16419"}],"wp:featuredmedia":[{"embeddable":true,"href":"https:\/\/liluilu.ee\/et\/wp-json\/wp\/v2\/media\/11702"}],"wp:attachment":[{"href":"https:\/\/liluilu.ee\/et\/wp-json\/wp\/v2\/media?parent=9116"}],"wp:term":[{"taxonomy":"product_brand","embeddable":true,"href":"https:\/\/liluilu.ee\/et\/wp-json\/wp\/v2\/product_brand?post=9116"},{"taxonomy":"product_cat","embeddable":true,"href":"https:\/\/liluilu.ee\/et\/wp-json\/wp\/v2\/product_cat?post=9116"},{"taxonomy":"product_tag","embeddable":true,"href":"https:\/\/liluilu.ee\/et\/wp-json\/wp\/v2\/product_tag?post=9116"}],"curies":[{"name":"t\u00f6\u00f6leht","href":"https:\/\/api.w.org\/{rel}","templated":true}]}}