{"id":9103,"date":"2023-03-27T19:35:00","date_gmt":"2023-03-27T16:35:00","guid":{"rendered":"https:\/\/liluilu.ee\/?post_type=product&#038;p=9103"},"modified":"2026-04-10T09:41:28","modified_gmt":"2026-04-10T06:41:28","slug":"medi-peel-bor-tox-peptide-ampoule","status":"publish","type":"product","link":"https:\/\/liluilu.ee\/et\/medi-peel-bor-tox-peptide-ampoule\/","title":{"rendered":"Vananemisvastane liftingampull peptiidide ja volufiliiniga MEDI-PEEL Bor-Tox Peptide Ampull 30ml."},"content":{"rendered":"<h2><i><span style=\"font-weight: 400;\">MEDI-PEEL Bor-Tox peptiidiampulli omadused ja koostis.\u00a0 \u00a0<\/span><\/i><\/h2>\n<p><span style=\"font-weight: 400;\">Valem p\u00f5hineb aktiivsete komponentide baasil, millel on t\u00f5estatud vananemisvastane toime:<\/span><\/p>\n<p>&nbsp;<\/p>\n<p><b>Voljufilin<\/b><span style=\"font-weight: 400;\"> (Volufiline) on patenteeritud koostisosa, mille on v\u00e4lja t\u00f6\u00f6tanud Prantsuse firma SEDERMA. Volufilin stimuleerib aktiivselt lipiidide moodustumist ja ladestumist rasvarakkudes. T\u00e4nu sellele aitab see s\u00e4ilitada noorele ja elastsele nahale iseloomulikku t\u00e4idlust ja vol\u00fc\u00fcmi.\u00a0<\/span><\/p>\n<p>&nbsp;<\/p>\n<p><b>5-peptiidi kompleks<\/b><span style=\"font-weight: 400;\"> aktiveerib kollageeni ja elastiini s\u00fcnteesi, mis on vajalik tugevuse ja elastsuse s\u00e4ilitamiseks. V\u00e4hendab kortsude raskust ja s\u00fcgavust. hoiab \u00e4ra naha l\u00f5tvumise.<\/span><\/p>\n<p>&nbsp;<\/p>\n<p><b>7 k\u00e4\u00e4ritatud ekstrakti <\/b><span style=\"font-weight: 400;\">hoolitseda terve mikrobioomi eest, \u00fchtlustada toonust, parandada jumet ja anda sellele \u00f5rn s\u00e4ra.<\/span><\/p>\n<p>&nbsp;<\/p>\n<p><b>H\u00fcdrol\u00fc\u00fcsitud kollageen ja elastiin <\/b><span style=\"font-weight: 400;\">v\u00e4ltida deh\u00fcdratsiooni ja mis k\u00f5ige t\u00e4htsam -<\/span> <span style=\"font-weight: 400;\">s\u00e4ilitada naha v\u00f5ime venitada ja naasta algsesse olekusse, ilma et see m\u00f5jutaks nahamaatriksi terviklikkust ja elastsust.<\/span><\/p>\n<p>&nbsp;<\/p>\n<p><b>H\u00fcaluroonhappe kompleks<\/b><span style=\"font-weight: 400;\"> erineva molekulmassiga t\u00e4idab naha niiskusega, taastab veetasakaalu ja aitab toota oma h\u00fcaluroonhapet.\u00a0<\/span><\/p>\n<p>&nbsp;<\/p>\n<p><span style=\"font-weight: 400;\">\u0423 <\/span><span style=\"font-weight: 400;\">MEDI-PEEL Bor-Tox peptiidampullil on piimjas v\u00e4rvus, praktiliselt puudub l\u00f5hn ja kreemjas \u00f5rn tekstuur.\u00a0<\/span><\/p>\n<p>&nbsp;<\/p>\n<p><span style=\"font-weight: 400;\">Toode jaotub kergesti \u00f5hukese kihina nahale ja imendub ilma kleepuvuse ja rasvase l\u00e4iketa.<\/span><\/p>\n<p>&nbsp;<\/p>\n<p><span style=\"font-weight: 400;\">See on loomuliku viimistlusega, annab nahale niisutus-, t\u00e4ius- ja mugavustunde.<\/span><\/p>\n<p>&nbsp;<\/p>\n<p><b>MEDI-PEEL Bor-Tox peptiidampull sobib:<\/b><\/p>\n<ul>\n<li style=\"font-weight: 400;\" aria-level=\"1\"><span style=\"font-weight: 400;\">Igasugusele nahat\u00fc\u00fcbile, kuid eriti kombineeritud ja normaalsele nahale.\u00a0<\/span><\/li>\n<li style=\"font-weight: 400;\" aria-level=\"1\"><span style=\"font-weight: 400;\">Hommikuseks ja \u00f5htuseks hoolduseks;<\/span><\/li>\n<li style=\"font-weight: 400;\" aria-level=\"1\"><span style=\"font-weight: 400;\">Igal aastaajal.<\/span><\/li>\n<\/ul>\n<p>&nbsp;<\/p>\n<p><b>Kuidas kasutada:\u00a0<\/b><\/p>\n<p><span style=\"font-weight: 400;\">Kandke m\u00f5ni tilk toodet eelnevalt puhastatud ja toonikuga t\u00f6\u00f6deldud n\u00e4o- ja kaelanahale. Jaotage ja kasutage pehmeid patsutusliigutusi, et aidata ampullil imenduda. J\u00e4rgmisena liikuge oma hoolduse j\u00e4rgmise etapi juurde (losjoon\/emulsioon\/kreem).<\/span><\/p>\n<p>&nbsp;<\/p>\n<p><b>Netokogus:<\/b><span style=\"font-weight: 400;\"> 30 ml<\/span><\/p>\n<p>&nbsp;<\/p>\n<p><span style=\"font-weight: 400;\">Kui teil on lisak\u00fcsimusi v\u00f5i vajate toote valimisel n\u00f5u, kirjutage meile. Vestlus asub ekraani paremas alanurgas.<\/span><\/p>\n<p>&nbsp;<\/p>\n<p><a title=\"TARNETINGIMUSED\" href=\"https:\/\/liluilu.ee\/et\/kohaletoimetamine\/\" target=\"_blank\" rel=\"noopener\">TARNETINGIMUSED<\/a><\/p>","protected":false},"excerpt":{"rendered":"<p><span style=\"font-weight: 400;\">Multipeptiidne noorendav ampull MEDI-PEEL Bor-Tox peptiidampull.\u00a0\u00a0<\/span><\/p>\n<p>&nbsp;<\/p>\n<p><span style=\"font-weight: 400;\">See kontsentreeritud toode on m\u00f5eldud k\u00fcpse ja vananeva naha hooldamiseks, mis kaotab noorusele omase t\u00e4idluse ja vol\u00fc\u00fcmi.\u00a0<\/span><\/p>\n<p>&nbsp;<\/p>\n<p><span style=\"font-weight: 400;\">MEDI-PEEL Bor-Tox peptiidi ampull:<\/span><\/p>\n<p>&nbsp;<\/p>\n<ul>\n<li style=\"font-weight: 400;\" aria-level=\"1\"><span style=\"font-weight: 400;\">Niisutab ja toidab nahka. Taastab optimaalse vee-rasva tasakaalu;<\/span><\/li>\n<li style=\"font-weight: 400;\" aria-level=\"1\"><span style=\"font-weight: 400;\">K\u00f5rvaldab tekkiva l\u00f5tvumise, suurendab kudede elastsust ja tugevust;<\/span><\/li>\n<li style=\"font-weight: 400;\" aria-level=\"1\"><span style=\"font-weight: 400;\">Aitab s\u00e4ilitada joonte t\u00e4idlust ja selgust;<\/span><\/li>\n<li style=\"font-weight: 400;\" aria-level=\"1\"><span style=\"font-weight: 400;\">V\u00e4hendab n\u00e4htavalt peente joonte ja kortsude teket;<\/span><\/li>\n<li style=\"font-weight: 400;\" aria-level=\"1\"><span style=\"font-weight: 400;\">Parandab naha tekstuuri ja mikroreljeefi;<\/span><\/li>\n<li style=\"font-weight: 400;\" aria-level=\"1\"><span style=\"font-weight: 400;\">Hoolitseb kaitsebarj\u00e4\u00e4ri tervise eest,<\/span><\/li>\n<li style=\"font-weight: 400;\" aria-level=\"1\"><span style=\"font-weight: 400;\">Ei \u00e4rrita tundlikku ega punetusele kalduvat nahka. Tagab t\u00f5husa, kuid \u00f5rna hoolduse.<\/span><\/li>\n<\/ul>\n<p>&nbsp;<\/p>","protected":false},"featured_media":9094,"comment_status":"open","ping_status":"closed","template":"","meta":{"_eb_attr":"","jetpack_post_was_ever_published":false,"_joinchat":[]},"product_brand":[],"product_cat":[219,226],"product_tag":[570,445,731,567,263,265,465,824,239,487,568,489],"class_list":{"0":"post-9103","1":"product","2":"type-product","3":"status-publish","4":"has-post-thumbnail","6":"product_cat-medi-peel","7":"product_cat-serumy","8":"product_tag-medi-peel-bor-tox-line","9":"product_tag-antivozrastnoj-uhod","10":"product_tag-antivozrastnye-syvorotki","11":"product_tag-voljufilin","12":"product_tag-gidrolizovannyj-kollagen","13":"product_tag-gidrolizovannyj-elastin","14":"product_tag-lifting","15":"product_tag-omolozhenie","16":"product_tag-peptidy","17":"product_tag-protiv-morshhin","18":"product_tag-fermentirovannye-ingredienty","19":"product_tag-elastichnost-i-uprugost","21":"first","22":"instock","23":"sale","24":"shipping-taxable","25":"purchasable","26":"product-type-simple"},"jetpack_sharing_enabled":true,"_links":{"self":[{"href":"https:\/\/liluilu.ee\/et\/wp-json\/wp\/v2\/product\/9103","targetHints":{"allow":["GET"]}}],"collection":[{"href":"https:\/\/liluilu.ee\/et\/wp-json\/wp\/v2\/product"}],"about":[{"href":"https:\/\/liluilu.ee\/et\/wp-json\/wp\/v2\/types\/product"}],"replies":[{"embeddable":true,"href":"https:\/\/liluilu.ee\/et\/wp-json\/wp\/v2\/comments?post=9103"}],"version-history":[{"count":9,"href":"https:\/\/liluilu.ee\/et\/wp-json\/wp\/v2\/product\/9103\/revisions"}],"predecessor-version":[{"id":9109,"href":"https:\/\/liluilu.ee\/et\/wp-json\/wp\/v2\/product\/9103\/revisions\/9109"}],"wp:featuredmedia":[{"embeddable":true,"href":"https:\/\/liluilu.ee\/et\/wp-json\/wp\/v2\/media\/9094"}],"wp:attachment":[{"href":"https:\/\/liluilu.ee\/et\/wp-json\/wp\/v2\/media?parent=9103"}],"wp:term":[{"taxonomy":"product_brand","embeddable":true,"href":"https:\/\/liluilu.ee\/et\/wp-json\/wp\/v2\/product_brand?post=9103"},{"taxonomy":"product_cat","embeddable":true,"href":"https:\/\/liluilu.ee\/et\/wp-json\/wp\/v2\/product_cat?post=9103"},{"taxonomy":"product_tag","embeddable":true,"href":"https:\/\/liluilu.ee\/et\/wp-json\/wp\/v2\/product_tag?post=9103"}],"curies":[{"name":"t\u00f6\u00f6leht","href":"https:\/\/api.w.org\/{rel}","templated":true}]}}