{"id":9068,"date":"2023-03-24T16:45:55","date_gmt":"2023-03-24T13:45:55","guid":{"rendered":"https:\/\/liluilu.ee\/?post_type=product&#038;p=9068"},"modified":"2026-04-14T21:05:10","modified_gmt":"2026-04-14T18:05:10","slug":"mary-may-cica-soothing-sun-cream","status":"publish","type":"product","link":"https:\/\/liluilu.ee\/et\/mary-may-cica-soothing-sun-cream\/","title":{"rendered":"Mary&amp;May CICA rahustav p\u00e4ikesekreem SPF50+\/PA++++ 50ml."},"content":{"rendered":"<p><span style=\"font-weight: 400;\">Vegan niisutav ja rahustav p\u00e4ikesekaitsekreem <\/span><span style=\"font-weight: 400;\">Mary&amp;May <\/span><span style=\"font-weight: 400;\">CICA rahustav p\u00e4ikesekreem SPF50+\/PA++++ <\/span><span style=\"font-weight: 400;\">on 2 in 1 toode \u2013 see kaitseb nahka t\u00f5husalt ultraviolettkiirguse eest ja on suunatud \u00f5rnale nahahooldusele, nimelt: intensiivne niisutamine, noorendamine ja toonide \u00fchtlustamine.<\/span><\/p>\n<p>&nbsp;<\/p>\n<p><span style=\"font-weight: 400;\">\u00a0<\/span><span style=\"font-weight: 400;\">Mary&amp;May <\/span><span style=\"font-weight: 400;\">CICA rahustav p\u00e4ikesekreem SPF50+\/PA++++:<\/span><\/p>\n<ul>\n<li style=\"font-weight: 400;\" aria-level=\"1\"><span style=\"font-weight: 400;\">\u00a0Kaitseb nahka t\u00f5husalt ultraviolettkiirguse eest;<\/span><\/li>\n<li style=\"font-weight: 400;\" aria-level=\"1\"><span style=\"font-weight: 400;\">\u00a0\u00dchtlaselt jaotunud;<\/span><\/li>\n<li style=\"font-weight: 400;\" aria-level=\"1\"><span style=\"font-weight: 400;\">\u00a0Sobib igap\u00e4evaseks kasutamiseks;<\/span><\/li>\n<li style=\"font-weight: 400;\" aria-level=\"1\"><span style=\"font-weight: 400;\">\u00a0Lihtne kasutada niisutajana;<\/span><\/li>\n<li style=\"font-weight: 400;\" aria-level=\"1\"><span style=\"font-weight: 400;\">\u00a0Kiiresti imenduv;<\/span><\/li>\n<li style=\"font-weight: 400;\" aria-level=\"1\"><span style=\"font-weight: 400;\">\u00a0Niisutab ja rahustab nahka;<\/span><\/li>\n<li style=\"font-weight: 400;\" aria-level=\"1\"><span style=\"font-weight: 400;\">\u00a0Kaitseb pigmentatsiooni eest;<\/span><\/li>\n<li style=\"font-weight: 400;\" aria-level=\"1\"><span style=\"font-weight: 400;\">\u00a0\u00dchtlustab tooni;<\/span><\/li>\n<li style=\"font-weight: 400;\" aria-level=\"1\"><span style=\"font-weight: 400;\">\u00a0Omab noorendavat toimet.<\/span><\/li>\n<\/ul>\n<p>&nbsp;<\/p>\n<p><b>Kuidas kasutada:<\/b><\/p>\n<p><span style=\"font-weight: 400;\">Hoolduse viimasel etapil kandke n\u00e4o- ja kaelanahale piisav kogus p\u00e4ikesekaitsekreemi. Soovitatav on toodet peale kanda v\u00e4hemalt 30 minutit enne \u00f5ue minekut.<\/span><\/p>\n<p>&nbsp;<\/p>\n<p class=\"translation-block\">Netokogus: 50 ml.<\/p>\n<p>&nbsp;<\/p>\n<p><span style=\"font-weight: 400;\">Kui teil on lisak\u00fcsimusi v\u00f5i vajate toote valimisel n\u00f5u, kirjutage meile. Vestlus asub ekraani paremas alanurgas.<\/span><\/p>\n<p>&nbsp;<\/p>\n<p><a title=\"TARNETINGIMUSED\" href=\"https:\/\/liluilu.ee\/et\/kohaletoimetamine\/\" target=\"_blank\" rel=\"noopener\">TARNETINGIMUSED<\/a><\/p>","protected":false},"excerpt":{"rendered":"<p>\u0412\u0435\u0433\u0430\u043d\u0441\u043a\u0438\u0439 \u0443\u0432\u043b\u0430\u0436\u043d\u044f\u044e\u0449\u0438\u0439 \u0438 \u0443\u0441\u043f\u043e\u043a\u0430\u0438\u0432\u0430\u044e\u0449\u0438\u0439 \u0441\u043e\u043b\u043d\u0446\u0435\u0437\u0430\u0449\u0438\u0442\u043d\u044b\u0439 \u043a\u0440\u0435\u043c Mary&amp;May CICA Soothing Sun Cream SPF50+\/PA++++ \u044f\u0432\u043b\u044f\u0435\u0442\u0441\u044f \u0441\u0440\u0435\u0434\u0441\u0442\u0432\u043e\u043c 2 \u0432 1 \u2013 \u043e\u043d \u044d\u0444\u0444\u0435\u043a\u0442\u0438\u0432\u043d\u043e \u0437\u0430\u0449\u0438\u0449\u0430\u0435\u0442 \u043a\u043e\u0436\u0443 \u043e\u0442 \u0443\u043b\u044c\u0442\u0440\u0430\u0444\u0438\u043e\u043b\u0435\u0442\u0430 \u0438 \u043d\u0430\u043f\u0440\u0430\u0432\u043b\u0435\u043d \u043d\u0430 \u0431\u0435\u0440\u0435\u0436\u043d\u044b\u0439 \u0443\u0445\u043e\u0434 \u0437\u0430 \u043a\u043e\u0436\u0435\u0439, \u0430 \u0438\u043c\u0435\u043d\u043d\u043e: \u0438\u043d\u0442\u0435\u043d\u0441\u0438\u0432\u043d\u043e\u0435 \u0443\u0432\u043b\u0430\u0436\u043d\u0435\u043d\u0438\u0435, \u043e\u043c\u043e\u043b\u043e\u0436\u0435\u043d\u0438\u0435 \u0438 \u0432\u044b\u0440\u0430\u0432\u043d\u0438\u0432\u0430\u043d\u0438\u0435 \u0442\u043e\u043d\u0430. &nbsp; \u00a0Mary&amp;May CICA Soothing Sun Cream SPF50+\/PA++++: \u00a0\u042d\u0444\u0444\u0435\u043a\u0442\u0438\u0432\u043d\u043e \u0437\u0430\u0449\u0438\u0449\u0430\u0435\u0442 \u043a\u043e\u0436\u0443 \u043e\u0442 \u0443\u043b\u044c\u0442\u0440\u0430\u0444\u0438\u043e\u043b\u0435\u0442\u0430; \u00a0\u0420\u0430\u0432\u043d\u043e\u043c\u0435\u0440\u043d\u043e \u0440\u0430\u0441\u043f\u0440\u0435\u0434\u0435\u043b\u044f\u0435\u0442\u0441\u044f; \u00a0\u041f\u043e\u0434\u0445\u043e\u0434\u0438\u0442 \u0434\u043b\u044f [&hellip;]<\/p>","protected":false},"featured_media":9023,"comment_status":"open","ping_status":"closed","template":"","meta":{"_eb_attr":"","jetpack_post_was_ever_published":false,"_joinchat":[]},"product_brand":[],"product_cat":[232,657,569],"product_tag":[],"class_list":{"0":"post-9068","1":"product","2":"type-product","3":"status-publish","4":"has-post-thumbnail","6":"product_cat-mary-may","7":"product_cat-akcii-i-skidki","8":"product_cat-solncezashhitnye-sredstva","10":"first","11":"instock","12":"sale","13":"shipping-taxable","14":"purchasable","15":"product-type-simple"},"jetpack_sharing_enabled":true,"_links":{"self":[{"href":"https:\/\/liluilu.ee\/et\/wp-json\/wp\/v2\/product\/9068","targetHints":{"allow":["GET"]}}],"collection":[{"href":"https:\/\/liluilu.ee\/et\/wp-json\/wp\/v2\/product"}],"about":[{"href":"https:\/\/liluilu.ee\/et\/wp-json\/wp\/v2\/types\/product"}],"replies":[{"embeddable":true,"href":"https:\/\/liluilu.ee\/et\/wp-json\/wp\/v2\/comments?post=9068"}],"version-history":[{"count":9,"href":"https:\/\/liluilu.ee\/et\/wp-json\/wp\/v2\/product\/9068\/revisions"}],"predecessor-version":[{"id":9083,"href":"https:\/\/liluilu.ee\/et\/wp-json\/wp\/v2\/product\/9068\/revisions\/9083"}],"wp:featuredmedia":[{"embeddable":true,"href":"https:\/\/liluilu.ee\/et\/wp-json\/wp\/v2\/media\/9023"}],"wp:attachment":[{"href":"https:\/\/liluilu.ee\/et\/wp-json\/wp\/v2\/media?parent=9068"}],"wp:term":[{"taxonomy":"product_brand","embeddable":true,"href":"https:\/\/liluilu.ee\/et\/wp-json\/wp\/v2\/product_brand?post=9068"},{"taxonomy":"product_cat","embeddable":true,"href":"https:\/\/liluilu.ee\/et\/wp-json\/wp\/v2\/product_cat?post=9068"},{"taxonomy":"product_tag","embeddable":true,"href":"https:\/\/liluilu.ee\/et\/wp-json\/wp\/v2\/product_tag?post=9068"}],"curies":[{"name":"t\u00f6\u00f6leht","href":"https:\/\/api.w.org\/{rel}","templated":true}]}}