{"id":8981,"date":"2023-03-11T19:51:31","date_gmt":"2023-03-11T16:51:31","guid":{"rendered":"https:\/\/liluilu.ee\/?post_type=product&#038;p=8981"},"modified":"2026-04-10T09:41:28","modified_gmt":"2026-04-10T06:41:28","slug":"medi-peel-bor-tox-peptide-cream","status":"publish","type":"product","link":"https:\/\/liluilu.ee\/et\/medi-peel-bor-tox-peptide-cream\/","title":{"rendered":"Vananemisvastane peptiidkreem MEDI-PEEL Bor-Tox Peptide Cream 50g."},"content":{"rendered":"<p>Peptiidikompleksiga t\u00f5stev kreem\u00a0<b>Medi-Peel<\/b><b>\u00a0Bor-Tox peptiidkreem<\/b>\u00a0on v\u00e4ljendunud vananemisvastase toimega: suurendab naha tugevust ja elastsust, v\u00e4hendab kortsude s\u00fcgavust ja muudab n\u00e4o tekstuuri siledamaks. Aeglustab vananemisprotsessi, s\u00e4ilitab toonuse, toidab ja niisutab s\u00fcgavuti.<\/p>\n<p>Kreemil on Botoxi-laadne toime: see aitab l\u00f5dvestada ja leevendada pingeid n\u00e4olihastest, hoides \u00e4ra kortsude ja nahakurdude teket. Tugevdab naha turgorit, pinguldab n\u00e4o ovaali, silub nasolaabiaalseid voldid, marionettide jooned ja varesejalad. Muudab naha tihedamaks, parandab rakkude v\u00f5imet s\u00e4ilitada niiskust, hoiab \u00e4ra deh\u00fcdratsiooni ja deh\u00fcdratsiooni ilmnemise.<\/p>\n<p>Kreem on \u00f5rna kreemja tekstuuriga, niisutab koheselt ja k\u00f5rvaldab pinguloleku.<\/p>\n<p><b>Peamised toimeained:<\/b><\/p>\n<ul>\n<li><b>Voljufilin\u00a0<\/b>- unikaalne anemarrhena juurest saadud toimeaine, mis stimuleerib aktiivselt rasvkoe lokaalset kogunemist, suurendades naha tihedust ja elastsust, k\u00f5rvaldades l\u00f5tvunud ja siluvad kortse.<\/li>\n<li><b>H\u00fcaluroonhape<\/b>\u00a0tungib s\u00fcgavale epidermisesse ja on loodud k\u00f5rvaldama naha deh\u00fcdratsiooni, t\u00e4iendama niiskusepuudust, k\u00f5rvaldama kuivust ja kaitsma nahka vananemise eest.<\/li>\n<li><b>5 peptiidi kompleks<\/b>\u00a0vastutab rakkude pideva taastumise ja uuenemise eest, omab s\u00fcgavat vananemisvastast toimet, v\u00e4hendab kortsude n\u00e4htavust ja takistab uute teket, stimuleerib uuenemis- ja regeneratsiooniprotsesse, aeglustab rakkude vananemist. Normaliseerib kollageeni ja elastiini tootmist, silub nahka, \u00fchtlustab reljeefi.<\/li>\n<li><b>H\u00fcdrol\u00fc\u00fcsitud kollageen\u00a0<\/b>taastab epidermise struktuuri seestpoolt, tugevdab rakuseinu, parandab valkude ainevahetust. Toetab naha maatriksit, silub kortse ja kortse.<\/li>\n<li><b>Jojoba\u00f5li<\/b>\u00a0s\u00e4ilitab naha elastsuse ja tugevuse. Toidab nahka A- ja E-vitamiiniga, hoiab \u00e4ra kuivuse, koorumise ja \u00e4rrituse tekkimise.<\/li>\n<li><b>Makadaamia \u00f5li<\/b>\u00a0pehmendab ja toidab, taastab nahka, on antioks\u00fcdantsete omadustega.<\/li>\n<li><b>Skvalaan\u00a0<\/b>rahustab kahjustatud ja \u00e4rritunud nahka, avaldab antioks\u00fcdantseid omadusi, niisutab ja kaitseb nahka negatiivsete keskkonnam\u00f5jude eest.<\/li>\n<li><b>Probiootikumid\u00a0<\/b>s\u00e4ilitada normaalset naha mikrofloorat ning aidata ka pigmentatsiooni heledamaks muuta ja nahatooni \u00fchtlustada. Niisutage, eemaldage punetus, reguleerige melaniini tootmist epidermises, koorige \u00f5rnalt sarvkihti ja kiirendage regeneratsiooniprotsesse. Tugevdada naha kaitsekihti, mis kaitseb v\u00e4liskeskkonna negatiivsete m\u00f5jude eest.<\/li>\n<\/ul>\n<p>Sobib k\u00f5ikidele nahat\u00fc\u00fcpidele.<\/p>\n<p><b>Kuidas kasutada:\u00a0<\/b>Hoolduse viimase etapina kandke v\u00e4ike kogus kreemi.<\/p>\n<p>&nbsp;<\/p>\n<p><a title=\"TARNETINGIMUSED\" href=\"https:\/\/liluilu.ee\/et\/kohaletoimetamine\/\" target=\"_blank\" rel=\"noopener\">TARNETINGIMUSED<\/a><\/p>","protected":false},"excerpt":{"rendered":"<p>\u041b\u0438\u0444\u0442\u0438\u043d\u0433-\u043a\u0440\u0435\u043c \u0441 \u043f\u0435\u043f\u0442\u0438\u0434\u043d\u044b\u043c \u043a\u043e\u043c\u043f\u043b\u0435\u043a\u0441\u043e\u043c\u00a0Medi-Peel\u00a0Bor-Tox Peptide Cream\u00a0\u043e\u0431\u043b\u0430\u0434\u0430\u0435\u0442 \u0432\u044b\u0440\u0430\u0436\u0435\u043d\u043d\u044b\u043c anti-age \u044d\u0444\u0444\u0435\u043a\u0442\u043e\u043c: \u043f\u043e\u0432\u044b\u0448\u0430\u0435\u0442 \u0443\u043f\u0440\u0443\u0433\u043e\u0441\u0442\u044c \u0438 \u044d\u043b\u0430\u0441\u0442\u0438\u0447\u043d\u043e\u0441\u0442\u044c \u043a\u043e\u0436\u0438, \u0443\u043c\u0435\u043d\u044c\u0448\u0430\u0435\u0442 \u0433\u043b\u0443\u0431\u0438\u043d\u0443 \u043c\u043e\u0440\u0449\u0438\u043d, \u0434\u0435\u043b\u0430\u0435\u0442\u00a0\u0440\u0435\u043b\u044c\u0435\u0444 \u043b\u0438\u0446\u0430 \u0431\u043e\u043b\u0435\u0435 \u0433\u043b\u0430\u0434\u043a\u0438\u043c.\u00a0\u0417\u0430\u043c\u0435\u0434\u043b\u044f\u0435\u0442 \u043f\u0440\u043e\u0446\u0435\u0441\u0441\u044b \u0441\u0442\u0430\u0440\u0435\u043d\u0438\u044f, \u043f\u043e\u0434\u0434\u0435\u0440\u0436\u0438\u0432\u0430\u0435\u0442 \u0442\u043e\u043d\u0443\u0441, \u0433\u043b\u0443\u0431\u043e\u043a\u043e \u043f\u0438\u0442\u0430\u0435\u0442 \u0438 \u0443\u0432\u043b\u0430\u0436\u043d\u044f\u0435\u0442. \u041a\u0440\u0435\u043c \u043e\u043a\u0430\u0437\u044b\u0432\u0430\u0435\u0442 \u0431\u043e\u0442\u043e\u043a\u0441\u043e\u043f\u043e\u0434\u043e\u0431\u043d\u043e\u0435 \u0434\u0435\u0439\u0441\u0442\u0432\u0438\u0435: \u043f\u043e\u043c\u043e\u0433\u0430\u0435\u0442 \u0440\u0430\u0441\u0441\u043b\u0430\u0431\u0438\u0442\u044c \u0438 \u0441\u043d\u044f\u0442\u044c \u043d\u0430\u043f\u0440\u044f\u0436\u0435\u043d\u0438\u0435 \u0441 \u043c\u044b\u0448\u0446\u00a0\u043b\u0438\u0446\u0430, \u043f\u0440\u0435\u043f\u044f\u0442\u0441\u0442\u0432\u0443\u044f \u043f\u043e\u044f\u0432\u043b\u0435\u043d\u0438\u044e \u043c\u043e\u0440\u0449\u0438\u043d\u043e\u043a \u0438 \u043a\u043e\u0436\u043d\u044b\u0445 \u0437\u0430\u043b\u043e\u043c\u043e\u0432. \u0423\u043a\u0440\u0435\u043f\u043b\u044f\u0435\u0442 \u0442\u0443\u0440\u0433\u043e\u0440 \u043a\u043e\u0436\u0438, \u043f\u043e\u0434\u0442\u044f\u0433\u0438\u0432\u0430\u0435\u0442 \u043e\u0432\u0430\u043b \u043b\u0438\u0446\u0430, \u0440\u0430\u0437\u0433\u043b\u0430\u0436\u0438\u0432\u0430\u0435\u0442 \u043d\u043e\u0441\u043e\u0433\u0443\u0431\u043d\u044b\u0435 \u0441\u043a\u043b\u0430\u0434\u043a\u0438, [&hellip;]<\/p>","protected":false},"featured_media":8973,"comment_status":"open","ping_status":"closed","template":"","meta":{"_eb_attr":"","jetpack_post_was_ever_published":false,"_joinchat":[]},"product_brand":[],"product_cat":[219,95],"product_tag":[570,445,567,263,265,417,465,419,239,487,493,371,568,489],"class_list":{"0":"post-8981","1":"product","2":"type-product","3":"status-publish","4":"has-post-thumbnail","6":"product_cat-medi-peel","7":"product_cat-kremy-emulsii-i-losony-dlya-lica","8":"product_tag-medi-peel-bor-tox-line","9":"product_tag-antivozrastnoj-uhod","10":"product_tag-voljufilin","11":"product_tag-gidrolizovannyj-kollagen","12":"product_tag-gidrolizovannyj-elastin","13":"product_tag-kombinirovannaya-kozha","14":"product_tag-lifting","15":"product_tag-normalnaya-kozha","16":"product_tag-peptidy","17":"product_tag-protiv-morshhin","18":"product_tag-sklonnaya-k-suhosti-kozha","19":"product_tag-stvolovye-kletki","20":"product_tag-fermentirovannye-ingredienty","21":"product_tag-elastichnost-i-uprugost","23":"first","24":"instock","25":"shipping-taxable","26":"purchasable","27":"product-type-simple"},"jetpack_sharing_enabled":true,"_links":{"self":[{"href":"https:\/\/liluilu.ee\/et\/wp-json\/wp\/v2\/product\/8981","targetHints":{"allow":["GET"]}}],"collection":[{"href":"https:\/\/liluilu.ee\/et\/wp-json\/wp\/v2\/product"}],"about":[{"href":"https:\/\/liluilu.ee\/et\/wp-json\/wp\/v2\/types\/product"}],"replies":[{"embeddable":true,"href":"https:\/\/liluilu.ee\/et\/wp-json\/wp\/v2\/comments?post=8981"}],"version-history":[{"count":3,"href":"https:\/\/liluilu.ee\/et\/wp-json\/wp\/v2\/product\/8981\/revisions"}],"predecessor-version":[{"id":8984,"href":"https:\/\/liluilu.ee\/et\/wp-json\/wp\/v2\/product\/8981\/revisions\/8984"}],"wp:featuredmedia":[{"embeddable":true,"href":"https:\/\/liluilu.ee\/et\/wp-json\/wp\/v2\/media\/8973"}],"wp:attachment":[{"href":"https:\/\/liluilu.ee\/et\/wp-json\/wp\/v2\/media?parent=8981"}],"wp:term":[{"taxonomy":"product_brand","embeddable":true,"href":"https:\/\/liluilu.ee\/et\/wp-json\/wp\/v2\/product_brand?post=8981"},{"taxonomy":"product_cat","embeddable":true,"href":"https:\/\/liluilu.ee\/et\/wp-json\/wp\/v2\/product_cat?post=8981"},{"taxonomy":"product_tag","embeddable":true,"href":"https:\/\/liluilu.ee\/et\/wp-json\/wp\/v2\/product_tag?post=8981"}],"curies":[{"name":"t\u00f6\u00f6leht","href":"https:\/\/api.w.org\/{rel}","templated":true}]}}