{"id":8604,"date":"2022-11-21T13:36:53","date_gmt":"2022-11-21T10:36:53","guid":{"rendered":"https:\/\/liluilu.ee\/?post_type=product&#038;p=8604"},"modified":"2026-04-10T09:41:28","modified_gmt":"2026-04-10T06:41:28","slug":"mary-may-vegan-blackberry-complex-cream-essence","status":"publish","type":"product","link":"https:\/\/liluilu.ee\/et\/mary-may-vegan-blackberry-complex-cream-essence\/","title":{"rendered":"Niisutav kreemessents Mary&amp;May Vegan Blackberry Complex Cream Essence 140ml."},"content":{"rendered":"<h2><i><span style=\"font-weight: 400;\">Mary&amp;May Vegan Blackberry Complex Cream Essence&#039;i omadused ja koostis<\/span><\/i><\/h2>\n<p><span style=\"font-weight: 400;\">T\u00f5estatud koostisainete kombinatsioon on suunatud naha niisutamisele, taastamisele ja kaitsefunktsioonide taastamisele.<\/span><\/p>\n<p>&nbsp;<\/p>\n<p><b>Muraka ekstrakt (50 000 ppm)<\/b><span style=\"font-weight: 400;\"> toniseerib ja reguleerib veetasakaalu. Aktiveerib kudede ainevahetust ja suurendab naha elastsust. V\u00e4hendab kapillaaride haprust ja ennetab rosaatsea tekkimist.<\/span><\/p>\n<p>&nbsp;<\/p>\n<p><span style=\"font-weight: 400;\">Murakate tumelilla viljaliha sisaldab tohutul hulgal antots\u00fcaane. Nad eemaldavad oks\u00fcdatsiooni tagaj\u00e4rjel rakkudest aktiivse hapniku ja aeglustavad vabade radikaalide p\u00f5hjustatud vananemist.\u00a0<\/span><\/p>\n<p>&nbsp;<\/p>\n<p><b>Blue Lotus Hydrosol (100 000 ppm)<\/b><span style=\"font-weight: 400;\"> korvab niiskusepuuduse ja rahustab nahka. Muudab selle niisutatuks, t\u00e4idlaseks ja elastseks.\u00a0<\/span><\/p>\n<p>&nbsp;<\/p>\n<p><b>Jojoba\u00f5li (80 000 ppm)<\/b><span style=\"font-weight: 400;\"> aitab siluda peeneid kortse, v\u00f5itleb t\u00f5husalt kuivuse ja ketenduse vastu.<\/span><\/p>\n<p>&nbsp;<\/p>\n<p><span style=\"font-weight: 400;\">Sisaldab vahaestreid, mille koostis on l\u00e4hedane inimese lipiididele. T\u00e4nu sellele omadusele imendub jojoba\u00f5li kergesti ega ummista poore. Ja naha pinnale loob niiskust hoidva kihi, mis takistab niiskuse kadu.<\/span><\/p>\n<p>&nbsp;<\/p>\n<p><span style=\"font-weight: 400;\">Lisaks sisaldab jojoba\u00f5li aminohapet, mis on koostiselt sarnane kollageeniga. See valk annab nahale tugevuse ja elastsuse.<\/span><\/p>\n<p>&nbsp;<\/p>\n<p><b>Centella ekstrakt<\/b><span style=\"font-weight: 400;\"> leevendab \u00e4rritust, on haavu parandavate ja \u00fcldtugevdavate omadustega. Taastab kiiresti kahjustatud naha ja parandab selle immuunsust.<\/span><\/p>\n<p>&nbsp;<\/p>\n<p><b>Joonise ekstrakt<\/b><span style=\"font-weight: 400;\"> poleerib \u00f5rnalt, \u00fchtlustab tooni ja parandab jumet.<\/span><\/p>\n<p>&nbsp;<\/p>\n<p><span style=\"font-weight: 400;\">Viigimarja ekstrakt sisaldab ainulaadset ens\u00fc\u00fcmi \u2013 fitsiini, mis eemaldab \u00f5rnalt ja \u00e4rritamata surnud nahaosakesed. Selle tulemusena muutub nahk siledaks ning jume s\u00e4ravaks ja v\u00e4rskeks.<\/span><\/p>\n<p>&nbsp;<\/p>\n<p><b>Keramiid NP<\/b><span style=\"font-weight: 400;\"> hoolitseb niisutuse eest ja tugevdab loomulikku nahabarj\u00e4\u00e4ri. K\u00f5rvaldab ketenduse, hoiab \u00e4ra niiskuskadu ja v\u00e4hendab tundlikkust agressiivsete keskkonnam\u00f5jude suhtes.<\/span><\/p>\n<p>&nbsp;<\/p>\n<p><span style=\"font-weight: 400;\">Mary&amp;May Vegan Blackberry Complex Cream Essence on <\/span><b>h\u00fcpoallergeenne, 100% vegan toode<\/b><span style=\"font-weight: 400;\">:<\/span><\/p>\n<p>&nbsp;<\/p>\n<ul>\n<li style=\"font-weight: 400;\" aria-level=\"1\"><span style=\"font-weight: 400;\">Ilma loomse p\u00e4ritoluga komponentideta;<\/span><\/li>\n<li style=\"font-weight: 400;\" aria-level=\"1\"><span style=\"font-weight: 400;\">Loomkatseid ei tehta;<\/span><\/li>\n<li style=\"font-weight: 400;\" aria-level=\"1\"><span style=\"font-weight: 400;\">20 m\u00fcrgise koostisosata;<\/span><\/li>\n<li style=\"font-weight: 400;\" aria-level=\"1\"><span style=\"font-weight: 400;\">Ilma geneetiliselt muundatud komponentideta;<\/span><\/li>\n<li style=\"font-weight: 400;\" aria-level=\"1\"><span style=\"font-weight: 400;\">L\u00f5hnaaineid pole;<\/span><\/li>\n<li style=\"font-weight: 400;\" aria-level=\"1\"><span style=\"font-weight: 400;\">EWG Green Grade koostisainetega.<\/span><\/li>\n<\/ul>\n<p>&nbsp;<\/p>\n<p><span style=\"font-weight: 400;\">Mary&amp;May Vegan Blackberry Complex Cream Essence\u2019il on uskumatult \u00f5rn, siidine tekstuur. See on nagu niisutava tooniku ja toitva kreemi samaaegne kasutamine.\u00a0<\/span><\/p>\n<p>&nbsp;<\/p>\n<p><span style=\"font-weight: 400;\">Pealekandmisel t\u00e4idab toode naha koheselt niiskusega, pehmendab ja annab mugavustunde. T\u00e4iuslikult rahustab ja k\u00f5rvaldab kuivuse, muudab nahapinna sametiseks ja siledaks.<\/span><\/p>\n<p>&nbsp;<\/p>\n<p><span style=\"font-weight: 400;\">Essents imendub \u00fcsna kiiresti, j\u00e4tmata aimugi kleepuvast v\u00f5i rasvasest l\u00e4igest.<\/span><\/p>\n<p>&nbsp;<\/p>\n<p><span style=\"font-weight: 400;\">\u00d5rn satiinviimistlus loob sileda ja seestpoolt kergelt valgustatud naha efekti.<\/span><\/p>\n<p>&nbsp;<\/p>\n<p><b>Soovitame Mary&amp;May Vegan Blackberry Complex Cream Essence&#039;i, kui teil on:<\/b><\/p>\n<ul>\n<li><span style=\"font-weight: 400;\">Kuiv v\u00f5i kuiv nahk;<\/span><\/li>\n<li style=\"font-weight: 400;\" aria-level=\"1\"><span style=\"font-weight: 400;\">Deh\u00fcdreeritud nahk;<\/span><\/li>\n<li style=\"font-weight: 400;\" aria-level=\"1\"><span style=\"font-weight: 400;\">Tundlik, ketendav nahk;<\/span><\/li>\n<li style=\"font-weight: 400;\" aria-level=\"1\"><span style=\"font-weight: 400;\">Pingul nahk s\u00e4raga;<\/span><\/li>\n<li style=\"font-weight: 400;\" aria-level=\"1\"><span style=\"font-weight: 400;\">Nahk j\u00e4\u00e4b kuivaks ka p\u00e4rast mitmeastmelist hooldust;<\/span><\/li>\n<\/ul>\n<p>&nbsp;<\/p>\n<p><span style=\"font-weight: 400;\">Kui teile sobib \u00fcks v\u00f5i mitu neist punktidest, soovitame proovida Mary&amp;May Vegan Blackberry Complex Cream Essence&#039;i.<\/span><\/p>\n<p>&nbsp;<\/p>\n<p><span style=\"font-weight: 400;\">Soovitame seda toodet ka neile, kellele ei meeldi enne meigi pealekandmist kasutada mitmeastmelist hooldust ja eelistavad k\u00f5ik-\u00fches tooteid.<\/span><\/p>\n<p>&nbsp;<\/p>\n<p><span style=\"font-weight: 400;\">Kui teile see toode meeldib, siis soovitame proovida Mary&amp;May idebenooni ja muraka sarja osana:<\/span><\/p>\n<p>&nbsp;<\/p>\n<ul>\n<li style=\"font-weight: 400;\" aria-level=\"1\"><span style=\"color: #0000ff;\"><a style=\"color: #0000ff;\" href=\"https:\/\/liluilu.ee\/et\/mary-may-idebenone-blackberry-complex-serum\/\" target=\"_blank\" rel=\"noopener\"><span style=\"font-weight: 400;\">Idebenooni ja murakaga seerum<\/span><\/a><\/span><\/li>\n<li style=\"font-weight: 400;\" aria-level=\"1\"><a href=\"https:\/\/liluilu.ee\/et\/mary-may-idebenone-blackberry-intense-cream\/\" target=\"_blank\" rel=\"noopener\"><span style=\"font-weight: 400;\"><span style=\"color: #0000ff;\">Kreem idebenooni ja murakatega<\/span><\/span><\/a><\/li>\n<\/ul>\n<p>&nbsp;<\/p>\n<p><strong>Soovitatav nahale kandmise j\u00e4rjekord: Kreemi essents - Seerum - Kreem.<\/strong><\/p>\n<p>&nbsp;<\/p>\n<p><b>Olemus on esitatud kahes k\u00f6ites:<\/b><\/p>\n<ul>\n<li style=\"font-weight: 400;\" aria-level=\"1\"><a href=\"https:\/\/liluilu.ee\/et\/miniature-vegan-blackberry-complex-cream-essence-30ml\/\" target=\"_blank\" rel=\"noopener\"><span style=\"font-weight: 400;\"><span style=\"color: #0000ff;\">30 ml<\/span>.<\/span><\/a><\/li>\n<li style=\"font-weight: 400;\" aria-level=\"1\"><span style=\"font-weight: 400;\">140 ml.<\/span><\/li>\n<\/ul>\n<p>&nbsp;<\/p>\n<p><b>Kuidas kasutada:<\/b><\/p>\n<p><span style=\"font-weight: 400;\">Raputage pudelit, et essentsi ja koorekihid seguneksid.\u00a0<\/span><\/p>\n<p><span style=\"font-weight: 400;\">Kandke vajalik kogus toodet puhastatud n\u00e4o- ja kaelanahale. Jaotage ja tehke kergeid patsutusliigutusi, et essents t\u00e4ielikult imenduks.<\/span><\/p>\n<p>&nbsp;<\/p>\n<p><b>Netokogus:<\/b><span style=\"font-weight: 400;\"> 140 ml.<\/span><\/p>\n<p>&nbsp;<\/p>\n<p><a title=\"TARNETINGIMUSED\" href=\"https:\/\/liluilu.ee\/et\/kohaletoimetamine\/\" target=\"_blank\" rel=\"noopener\">TARNETINGIMUSED<\/a><\/p>","protected":false},"excerpt":{"rendered":"<p><span style=\"font-weight: 400;\">Uskumatult \u00f5rn, toitev ja superniisutav toode Mary&amp;May Vegan Blackberry Complex Cream Essence&#039;i formaadis.<\/span><\/p>\n<p>&nbsp;<\/p>\n<p><span style=\"font-weight: 400;\">Essents on loodud spetsiaalse tehnoloogia abil ja koosneb kahest etapist:\u00a0<\/span><\/p>\n<p><span style=\"font-weight: 400;\">toitev ja niisutav.<\/span><\/p>\n<p>&nbsp;<\/p>\n<p><span style=\"font-weight: 400;\">Nende segamise tulemusena s\u00fcnnib kerge ja v\u00e4rskendav toode, mis muudab kuiva v\u00f5i deh\u00fcdreeritud naha.<\/span><\/p>\n<p>&nbsp;<\/p>\n<p><span style=\"font-weight: 400;\">Mary&amp;May Vegan Blackberry Complex Cream Essence:<\/span><\/p>\n<p>&nbsp;<\/p>\n<ul>\n<li style=\"font-weight: 400;\" aria-level=\"1\"><span style=\"font-weight: 400;\">Tagab k\u00fcllusliku, s\u00fcgava ja kauakestva niisutuse;<\/span><\/li>\n<li style=\"font-weight: 400;\" aria-level=\"1\"><span style=\"font-weight: 400;\">K\u00f5rvaldab koheselt pingul, ketenduse ja kuivuse tunde;<\/span><\/li>\n<li style=\"font-weight: 400;\" aria-level=\"1\"><span style=\"font-weight: 400;\">On \u00f5rna kooriva toimega, \u00fchtlustab tekstuuri ja reljeefi;<\/span><\/li>\n<li style=\"font-weight: 400;\" aria-level=\"1\"><span style=\"font-weight: 400;\">Toidab ja annab nahale h\u00e4mmastava pehmuse;<\/span><\/li>\n<li style=\"font-weight: 400;\" aria-level=\"1\"><span style=\"font-weight: 400;\">Rahustab ja parandab jumet;<\/span><\/li>\n<li style=\"font-weight: 400;\" aria-level=\"1\"><span style=\"font-weight: 400;\">Taastab naha loomuliku barj\u00e4\u00e4ri;<\/span><\/li>\n<li style=\"font-weight: 400;\" aria-level=\"1\"><span style=\"font-weight: 400;\">Ei p\u00f5hjusta \u00e4rritust ja sobib isegi tundlikule nahale.<\/span><\/li>\n<\/ul>\n<p>&nbsp;<\/p>","protected":false},"featured_media":8585,"comment_status":"open","ping_status":"closed","template":"","meta":{"_eb_attr":"","jetpack_post_was_ever_published":false,"_joinchat":[]},"product_brand":[],"product_cat":[232,217],"product_tag":[619,633,543,533,631,541,537,423,493,421,400,535,539],"class_list":{"0":"post-8604","1":"product","2":"type-product","3":"status-publish","4":"has-post-thumbnail","6":"product_cat-mary-may","7":"product_cat-tonery","8":"product_tag-mary-amp-may-idebenone-blackberry-line","9":"product_tag-veganskaya-kosmetika","10":"product_tag-vse-v-odnom","11":"product_tag-gidrolat-golubogo-lotosa","12":"product_tag-dvuhfaznyj-toner","13":"product_tag-keramid-np","14":"product_tag-maslo-zhozhoba","15":"product_tag-obezvozhennaya-kozha","16":"product_tag-sklonnaya-k-suhosti-kozha","17":"product_tag-suhaya-kozha","18":"product_tag-uvlazhnenie","19":"product_tag-ekstrakt-ezheviki","20":"product_tag-ekstrakt-inzhira","22":"first","23":"instock","24":"sale","25":"shipping-taxable","26":"purchasable","27":"product-type-simple"},"jetpack_sharing_enabled":true,"_links":{"self":[{"href":"https:\/\/liluilu.ee\/et\/wp-json\/wp\/v2\/product\/8604","targetHints":{"allow":["GET"]}}],"collection":[{"href":"https:\/\/liluilu.ee\/et\/wp-json\/wp\/v2\/product"}],"about":[{"href":"https:\/\/liluilu.ee\/et\/wp-json\/wp\/v2\/types\/product"}],"replies":[{"embeddable":true,"href":"https:\/\/liluilu.ee\/et\/wp-json\/wp\/v2\/comments?post=8604"}],"version-history":[{"count":14,"href":"https:\/\/liluilu.ee\/et\/wp-json\/wp\/v2\/product\/8604\/revisions"}],"predecessor-version":[{"id":10661,"href":"https:\/\/liluilu.ee\/et\/wp-json\/wp\/v2\/product\/8604\/revisions\/10661"}],"wp:featuredmedia":[{"embeddable":true,"href":"https:\/\/liluilu.ee\/et\/wp-json\/wp\/v2\/media\/8585"}],"wp:attachment":[{"href":"https:\/\/liluilu.ee\/et\/wp-json\/wp\/v2\/media?parent=8604"}],"wp:term":[{"taxonomy":"product_brand","embeddable":true,"href":"https:\/\/liluilu.ee\/et\/wp-json\/wp\/v2\/product_brand?post=8604"},{"taxonomy":"product_cat","embeddable":true,"href":"https:\/\/liluilu.ee\/et\/wp-json\/wp\/v2\/product_cat?post=8604"},{"taxonomy":"product_tag","embeddable":true,"href":"https:\/\/liluilu.ee\/et\/wp-json\/wp\/v2\/product_tag?post=8604"}],"curies":[{"name":"t\u00f6\u00f6leht","href":"https:\/\/api.w.org\/{rel}","templated":true}]}}