{"id":8524,"date":"2022-11-14T22:41:39","date_gmt":"2022-11-14T19:41:39","guid":{"rendered":"https:\/\/liluilu.ee\/?post_type=product&#038;p=8524"},"modified":"2026-04-09T12:20:38","modified_gmt":"2026-04-09T09:20:38","slug":"medi-peel-collagen-super10-sleeping-cream","status":"publish","type":"product","link":"https:\/\/liluilu.ee\/et\/medi-peel-collagen-super10-sleeping-cream\/","title":{"rendered":"Vananemisvastane \u00f6\u00f6kreem kollageeni ja peptiididega MEDI-PEEL Collagen Super10 Sleeping Cream 70ml."},"content":{"rendered":"<h2><i><span style=\"font-weight: 400;\">MEDI-PEEL Collagen Super10 unekreemi omadused ja koostis.<\/span><\/i><\/h2>\n<p>&nbsp;<\/p>\n<p><b>Kreemi p\u00f5hikomponendid<\/b><span style=\"font-weight: 400;\">: h\u00fcdrol\u00fc\u00fcsitud kollageen, 10 supertoidu kompleks, peptiidid, skvalaan ja v\u00e4\u00e4rtuslikud \u00f5lid.<\/span><\/p>\n<p>&nbsp;<\/p>\n<p><b>H\u00fcdrol\u00fc\u00fcsitud kollageen<\/b> <b>(1000 ppm)<\/b><span style=\"font-weight: 400;\"> t\u00e4iuslikult niisutab, k\u00fcllastab nahka peptiidide ja aminohapetega. Toimib t\u00e4iteainena, t\u00e4ites peeneid kortse ja pinguldab nahka.<\/span><\/p>\n<p>&nbsp;<\/p>\n<p><span style=\"font-weight: 400;\">Lisaks suurendab h\u00fcdrol\u00fc\u00fcsitud kollageen koostises sisalduvate \u00f5lide ja ekstraktide efektiivsust.<\/span><\/p>\n<p>&nbsp;<\/p>\n<p><b>Kompleks \u201c10 supertoitu\u201d<\/b><span style=\"font-weight: 400;\"> sisaldab kaera, kreeka p\u00e4hklite, viinamarjaveini, rohelise tee, mustikate, acai marjade, brokkoli, k\u00fc\u00fcslaugu, tomati ja spinati ekstrakte.\u00a0<\/span><\/p>\n<p>&nbsp;<\/p>\n<p><span style=\"font-weight: 400;\">See kasulike omadustega kompleks ravib ja tugevdab nahka. Parandab rakuhingamist ja kiirendab ainevahetust. Toidab ja niisutab aktiivselt. Pakub antioks\u00fcdantset kaitset ja parandab naha immuunsust.<\/span><\/p>\n<p>&nbsp;<\/p>\n<p><b>Palmito\u00fc\u00fclpentapeptiid-4 peptiid<\/b><span style=\"font-weight: 400;\"> silub kortse ja parandab naha tekstuuri.<\/span><\/p>\n<p>&nbsp;<\/p>\n<p><span style=\"font-weight: 400;\">See peptiid annab fibroblastidele signaali struktuursete valkude s\u00fcnteesimiseks ning t\u00e4iendab elastiini ja kollageeni puudust kudedes. Selle tulemusena muutub nahk tihedamaks ja elastsemaks ning kortsud on v\u00e4hem m\u00e4rgatavad.<\/span><\/p>\n<p>&nbsp;<\/p>\n<p><b>Atset\u00fc\u00fclheksapeptiid-8 peptiid<\/b><span style=\"font-weight: 400;\"> ennetab kortsude teket, v\u00e4hendab n\u00e4okortsude pindala ja s\u00fcgavust.\u00a0<\/span><\/p>\n<p>&nbsp;<\/p>\n<p><span style=\"font-weight: 400;\">Peptiid aeglustab n\u00e4rviimpulsside \u00fclekannet, aitab kontrollida liigset miimikat ja takistab kortsude s\u00fcvenemist.<\/span><\/p>\n<p>&nbsp;<\/p>\n<p><b>Vase tripeptiid<\/b><span style=\"font-weight: 400;\"> soodustab oluliste valkude s\u00fcnteesi ja takistab naha vananemist.\u00a0<\/span><\/p>\n<p>&nbsp;<\/p>\n<p><span style=\"font-weight: 400;\">Lisaks on vasktripeptiidil ainulaadne haavu parandav, p\u00f5letikuvastane ja antioks\u00fcdantne toime.<\/span><\/p>\n<p>&nbsp;<\/p>\n<p><b>Oligopeptiid-29 peptiid<\/b><span style=\"font-weight: 400;\">muuhulgas stimuleerib h\u00fcaluroonhappe tootmist ja s\u00e4ilitab h\u00fcdrotasakaalu.<\/span><\/p>\n<p>&nbsp;<\/p>\n<p><b>V\u00e4\u00e4rtuslikud argaania-, jojoba- ja mandli\u00f5lid<\/b><span style=\"font-weight: 400;\"> anda nahale pehmust ja sametist. K\u00fcllastunud rasvhapete ja vitamiinidega, sealhulgas E-vitamiiniga.<\/span><\/p>\n<p>&nbsp;<\/p>\n<p><b>Skvalaan<\/b><span style=\"font-weight: 400;\"> tekitab naha pinnale kile, mis laseb l\u00e4bi \u00f5hu, kuid takistab niiskuse aurustumist. Tulemus: nahk on \u00f5htust hommikuni sile ja niisutatud.<\/span><\/p>\n<p>&nbsp;<\/p>\n<p><span style=\"font-weight: 400;\">MEDI-PEEL Collagen Super10 Sleeping Cream on meeldiva v\u00e4rske aroomiga. Tekstuur on kerge ja v\u00e4ga ebatavaline, meenutades \u00f5rna tarretist.<\/span><\/p>\n<p>&nbsp;<\/p>\n<p><span style=\"font-weight: 400;\">Nahale kandes kreem sulab koheselt ja lamab \u00f5hukese, peaaegu m\u00e4rkamatu kihina.\u00a0<\/span><\/p>\n<p>&nbsp;<\/p>\n<p><span style=\"font-weight: 400;\">P\u00e4rast imendumist ei j\u00e4ta see kleepuvat ja on loomuliku, sametise viimistlusega. Annab niisutus-, mugavus- ja jaheduse tunde. Hommikul n\u00e4eb nahk v\u00e4rske, priske ja puhanud ning meik sobib ideaalselt.<\/span><\/p>\n<p>&nbsp;<\/p>\n<p><span style=\"font-weight: 400;\">Kreem on m\u00f5eldud igap\u00e4evaseks hoolduseks ja sobib igat t\u00fc\u00fcpi k\u00fcpsele nahale.<\/span><\/p>\n<p>&nbsp;<\/p>\n<p><b>Soovitame<\/b> <b>MEDI-PEEL Collagen Super10 unekreem:\u00a0<\/b><\/p>\n<p>&nbsp;<\/p>\n<ul>\n<li style=\"font-weight: 400;\" aria-level=\"1\"><span style=\"font-weight: 400;\">Kui nahal puudub niisutus. H\u00e4irib pakitsus-, ketendus- ja kuivustunne;<\/span><\/li>\n<li style=\"font-weight: 400;\" aria-level=\"1\"><span style=\"font-weight: 400;\">Kui nahk kaotab toonuse, elastsuse ja tugevuse.<\/span><\/li>\n<li style=\"font-weight: 400;\" aria-level=\"1\"><span style=\"font-weight: 400;\">V\u00f5i on vanusega seotud v\u00f5i n\u00e4o kortsud;<\/span><\/li>\n<li style=\"font-weight: 400;\" aria-level=\"1\"><span style=\"font-weight: 400;\">Ja teile meeldivad toodete kerged, niisutavad tekstuurid.<\/span><\/li>\n<\/ul>\n<p>&nbsp;<\/p>\n<p><b>Ja veel \u00fcks soovitus<\/b><span style=\"font-weight: 400;\">: proovige ravi teha hiljemalt 2 tundi enne magamaminekut. Nii saab teie nahk \u00f5htusest hooldusest maksimaalset kasu ja te v\u00e4hendate hommikuse turse tekkimise ohtu.<\/span><\/p>\n<p>&nbsp;<\/p>\n<p><b>Kuidas kasutada:<\/b><\/p>\n<p><span style=\"font-weight: 400;\">Hoolduse viimasel etapil kandke v\u00e4ike kogus kreemi n\u00e4o- ja kaelanahale. Jaotage \u00f5rnade masseerivate liigutustega ja laske kreemil t\u00e4ielikult imenduda.<\/span><\/p>\n<p>&nbsp;<\/p>\n<p><b>Netokogus:<\/b><span style=\"font-weight: 400;\"> 70 ml.<\/span><\/p>\n<p>&nbsp;<\/p>\n<p><a title=\"TARNETINGIMUSED\" href=\"https:\/\/liluilu.ee\/et\/kohaletoimetamine\/\" target=\"_blank\" rel=\"noopener\">TARNETINGIMUSED<\/a><\/p>","protected":false},"excerpt":{"rendered":"<p><span style=\"font-weight: 400;\">\u00d6\u00f6kreem MEDI-PEEL Collagen Super10 Sleeping Cream t\u00f6\u00f6tab aktiivselt teie naha kasuks ka magamise ajal. Et teie nahk n\u00e4eks hommikul v\u00e4lja v\u00e4rske, t\u00e4idlane ja puhanud ning tunnete heameelt selle \u00f5itseva v\u00e4limusega.<\/span><\/p>\n<p>&nbsp;<\/p>\n<p><span style=\"font-weight: 400;\">Kreemi toime on suunatud niisutamisele, t\u00f5stmisele ja kortsude vastu v\u00f5itlemisele. See on vananemisvastane toode ja m\u00f5eldud k\u00fcpse naha hooldamiseks.<\/span><\/p>\n<p>&nbsp;<\/p>\n<p><span style=\"font-weight: 400;\">MEDI-PEEL Collagen Super10 unekreem:<\/span><\/p>\n<p>&nbsp;<\/p>\n<ul>\n<li style=\"font-weight: 400;\" aria-level=\"1\"><span style=\"font-weight: 400;\">Tagab s\u00fcgava, k\u00fcllusliku ja kauakestva niisutuse;<\/span><\/li>\n<li style=\"font-weight: 400;\" aria-level=\"1\"><span style=\"font-weight: 400;\">Suurendab toonust, elastsust ja tugevust;<\/span><\/li>\n<li style=\"font-weight: 400;\" aria-level=\"1\"><span style=\"font-weight: 400;\">Pinguldab nahka, aitab s\u00e4ilitada selgeid jooni ja n\u00e4oovaali;<\/span><\/li>\n<li style=\"font-weight: 400;\" aria-level=\"1\"><span style=\"font-weight: 400;\">V\u00e4hendab kortsude raskust ja takistab nende teket;<\/span><\/li>\n<li style=\"font-weight: 400;\" aria-level=\"1\"><span style=\"font-weight: 400;\">Parandab tekstuuri ja \u00fchtlustab mikroreljeefi. Muudab naha sametiseks ja siledaks.<\/span><\/li>\n<li style=\"font-weight: 400;\" aria-level=\"1\"><span style=\"font-weight: 400;\">Sellel on rahustav toime;<\/span><\/li>\n<li style=\"font-weight: 400;\" aria-level=\"1\"><span style=\"font-weight: 400;\">Tugevdab naha barj\u00e4\u00e4ri ja taastab naha kaitsefunktsioonid.<\/span><\/li>\n<\/ul>\n<p>&nbsp;<\/p>","protected":false},"featured_media":8516,"comment_status":"open","ping_status":"closed","template":"","meta":{"_eb_attr":"","jetpack_post_was_ever_published":false,"_joinchat":[]},"product_brand":[],"product_cat":[219,95],"product_tag":[517,515,445,263,465,239,487,519,400,489],"class_list":{"0":"post-8524","1":"product","2":"type-product","3":"status-publish","4":"has-post-thumbnail","6":"product_cat-medi-peel","7":"product_cat-kremy-emulsii-i-losony-dlya-lica","8":"product_tag-acetyl-hexapeptide-8","9":"product_tag-palmitoyl-pentapeptide-4","10":"product_tag-antivozrastnoj-uhod","11":"product_tag-gidrolizovannyj-kollagen","12":"product_tag-lifting","13":"product_tag-peptidy","14":"product_tag-protiv-morshhin","15":"product_tag-tripeptid-medi","16":"product_tag-uvlazhnenie","17":"product_tag-elastichnost-i-uprugost","19":"first","20":"instock","21":"shipping-taxable","22":"purchasable","23":"product-type-simple"},"jetpack_sharing_enabled":true,"_links":{"self":[{"href":"https:\/\/liluilu.ee\/et\/wp-json\/wp\/v2\/product\/8524","targetHints":{"allow":["GET"]}}],"collection":[{"href":"https:\/\/liluilu.ee\/et\/wp-json\/wp\/v2\/product"}],"about":[{"href":"https:\/\/liluilu.ee\/et\/wp-json\/wp\/v2\/types\/product"}],"replies":[{"embeddable":true,"href":"https:\/\/liluilu.ee\/et\/wp-json\/wp\/v2\/comments?post=8524"}],"version-history":[{"count":5,"href":"https:\/\/liluilu.ee\/et\/wp-json\/wp\/v2\/product\/8524\/revisions"}],"predecessor-version":[{"id":8531,"href":"https:\/\/liluilu.ee\/et\/wp-json\/wp\/v2\/product\/8524\/revisions\/8531"}],"wp:featuredmedia":[{"embeddable":true,"href":"https:\/\/liluilu.ee\/et\/wp-json\/wp\/v2\/media\/8516"}],"wp:attachment":[{"href":"https:\/\/liluilu.ee\/et\/wp-json\/wp\/v2\/media?parent=8524"}],"wp:term":[{"taxonomy":"product_brand","embeddable":true,"href":"https:\/\/liluilu.ee\/et\/wp-json\/wp\/v2\/product_brand?post=8524"},{"taxonomy":"product_cat","embeddable":true,"href":"https:\/\/liluilu.ee\/et\/wp-json\/wp\/v2\/product_cat?post=8524"},{"taxonomy":"product_tag","embeddable":true,"href":"https:\/\/liluilu.ee\/et\/wp-json\/wp\/v2\/product_tag?post=8524"}],"curies":[{"name":"t\u00f6\u00f6leht","href":"https:\/\/api.w.org\/{rel}","templated":true}]}}