{"id":8473,"date":"2022-11-10T19:04:36","date_gmt":"2022-11-10T16:04:36","guid":{"rendered":"https:\/\/liluilu.ee\/?post_type=product&#038;p=8473"},"modified":"2026-04-14T11:35:19","modified_gmt":"2026-04-14T08:35:19","slug":"medi-peel-cell-toxing-dermajours-cream","status":"publish","type":"product","link":"https:\/\/liluilu.ee\/et\/medi-peel-cell-toxing-dermajours-cream\/","title":{"rendered":"Vananemisvastane kreem t\u00fcvirakkudega MEDI-PEEL Cell Toxing Dermajours Cream 50g."},"content":{"rendered":"<p><span style=\"font-weight: 400;\">Esmaklassiline, \u00fclitoitev pinguldav kreem <strong>MEDI-PEEL Cell Toxing Dermajours kreem<\/strong>.<\/span><\/p>\n<p>&nbsp;<\/p>\n<p><span style=\"font-weight: 400;\">Edelweissi t\u00fcvirakud, multipeptiidide kompleks ja 5 patenteeritud koostisosa annavad nahale vajalikud ressursid ja aeglustavad kiiret vananemisprotsessi.<\/span><\/p>\n<p>&nbsp;<\/p>\n<p><span style=\"font-weight: 400;\">Kreemi regulaarne kasutamine v\u00f5imaldab s\u00e4ilitada naha head kvaliteeti ja sellel on v\u00e4ljendunud noorendav toime.<\/span><\/p>\n<p>&nbsp;<\/p>\n<p><strong>MEDI-PEEL Cell Toxing Dermajours kreem:<\/strong><\/p>\n<p>&nbsp;<\/p>\n<ul>\n<li style=\"font-weight: 400;\" aria-level=\"1\"><span style=\"font-weight: 400;\">Hoiab \u00e4ra kudede l\u00f5tvumise ja pinguldab nahka;<\/span><\/li>\n<li style=\"font-weight: 400;\" aria-level=\"1\"><span style=\"font-weight: 400;\">Silendab v\u00e4ikseid kortse;<\/span><\/li>\n<li style=\"font-weight: 400;\" aria-level=\"1\"><span style=\"font-weight: 400;\">V\u00e4hendab vanusega seotud kortsude pindala ja s\u00fcgavust;<\/span><\/li>\n<li style=\"font-weight: 400;\" aria-level=\"1\"><span style=\"font-weight: 400;\">\u00dchtlustab tooni ja v\u00e4rskendab jumet;<\/span><\/li>\n<li style=\"font-weight: 400;\" aria-level=\"1\"><span style=\"font-weight: 400;\">Niisutab rikkalikult. K\u00f5rvaldab ketenduse ja kuivuse;<\/span><\/li>\n<li style=\"font-weight: 400;\" aria-level=\"1\"><span style=\"font-weight: 400;\">Pehmendab ja muudab naha tekstuuri sametiseks ja \u00f5rnaks;<\/span><\/li>\n<li style=\"font-weight: 400;\" aria-level=\"1\"><span style=\"font-weight: 400;\">Pakub antioks\u00fcdantset kaitset ja tugevdab naha immuunsust.<\/span><\/li>\n<\/ul>\n<p>&nbsp;<\/p>\n<p>&nbsp;<\/p>\n<h2><i>MEDI-PEEL Cell Toxing Dermajours Cream omadused ja koostis.\u00a0<\/i><\/h2>\n<p><span style=\"font-weight: 400;\">Kreemi loomiseks kasutati spetsiaalset tehnoloogiat - <\/span><b>aktiivsete komponentide liposomaalse kohaletoimetamise meetod.\u00a0<\/b><\/p>\n<p>&nbsp;<\/p>\n<p><span style=\"font-weight: 400;\">Meetodi olemus seisneb selles, et toimeained asetatakse liposoomikapslitesse, mida kasutatakse transportimiseks.<\/span><\/p>\n<p>&nbsp;<\/p>\n<p><span style=\"font-weight: 400;\">Kuna liposoomid on sarnased rakumembraanide struktuuriga, tungivad nad koos sisuga kergesti naha s\u00fcgavamatesse kihtidesse. See annab <\/span><b>aktiivsete komponentide maksimaalne l\u00e4bitungimine ja tugevdab nende toimet<\/b><span style=\"font-weight: 400;\">.<\/span><\/p>\n<p>&nbsp;<\/p>\n<p><span style=\"font-weight: 400;\">Kasutatakse p\u00f5hikomponendina <\/span><b>Majestem\u2122<\/b><span style=\"font-weight: 400;\">, mis koosneb Edelweissi t\u00fcvirakkudest (1000 ppm).\u00a0<\/span><\/p>\n<p>&nbsp;<\/p>\n<p><span style=\"font-weight: 400;\">Edelweissi t\u00fcvirakud pakuvad <\/span><b>m\u00e4rgatav pinguldav toime n\u00e4ole ja kaelale<\/b><span style=\"font-weight: 400;\">.\u00a0<\/span><\/p>\n<p>&nbsp;<\/p>\n<p><span style=\"font-weight: 400;\">Nad stimuleerivad naha enda t\u00fcvirakkude elut\u00e4htsat tegevust ja aitavad aktiivselt kaasa kollageeni tootmisele. Selle tulemusena t\u00f5useb kudede toonus ja elastsus, nahk pinguldub ja n\u00e4eb tihedam v\u00e4lja.<\/span><\/p>\n<p>&nbsp;<\/p>\n<p><b>9 peptiidi kompleks<\/b><span style=\"font-weight: 400;\"> parandab k\u00f5igi rakus\u00fcsteemide t\u00f6\u00f6d, kaitseb nahka deh\u00fcdratsiooni ja agressiivsete keskkonnategurite eest.<\/span><\/p>\n<p>&nbsp;<\/p>\n<p><span style=\"font-weight: 400;\">Peptiidid sisaldavad tohutul hulgal aminohappeid, stimuleerivad valkude, sealhulgas kollageeni ja elastiini s\u00fcnteesi ning on v\u00f5imelised tungima s\u00fcgavale nahka. T\u00e4nu sellele on neil mitte ainult pindmine noorendav toime, vaid <\/span><b>aeglustada oluliselt vanusega seotud muutusi<\/b><span style=\"font-weight: 400;\">.<\/span><\/p>\n<p>&nbsp;<\/p>\n<p><span style=\"font-weight: 400;\">Peptiidi valemit t\u00e4iustavad kaks v\u00f5imsat neuropeptiidset lihasrelaksanti: SYN-AKE ja SNAP-8 peptiid.<\/span><\/p>\n<p>&nbsp;<\/p>\n<p><b>SYN-AKE <\/b><span style=\"font-weight: 400;\">l\u00f5dvestab n\u00e4olihaseid, silub v\u00e4ikseid ja keskmisi ilmekortse. SYN-AKE on eriti efektiivne j\u00e4rgmistes piirkondades:<\/span><\/p>\n<p>&nbsp;<\/p>\n<ul>\n<li style=\"font-weight: 400;\" aria-level=\"1\"><span style=\"font-weight: 400;\">Vertikaalsed kulmude kortsud;<\/span><\/li>\n<li style=\"font-weight: 400;\" aria-level=\"1\"><span style=\"font-weight: 400;\">Horisontaalsed otsmikukortsud;<\/span><\/li>\n<li style=\"font-weight: 400;\" aria-level=\"1\"><span style=\"font-weight: 400;\">Kortsud nina tagak\u00fcljel ja ninasilla k\u00fclgedel.<\/span><\/li>\n<\/ul>\n<p>&nbsp;<\/p>\n<p><span style=\"font-weight: 400;\">Uue p\u00f5lvkonna peptiid <\/span><b>SNAP-8 peptiid <\/b><span style=\"font-weight: 400;\">v\u00e4hendab vanuse kortsude pindala ja s\u00fcgavust. Tegelikult on see peptiid kuulsa argireliini t\u00e4iustatud versioon.<\/span><\/p>\n<p>&nbsp;<\/p>\n<p><b>Niatsiinamiid<\/b><span style=\"font-weight: 400;\"> m\u00f5jub nahka kirgastavalt ja \u00fchtlustab t\u00f5husalt tooni. K\u00f5rvaldab tuhmuse ja parandab jumet. Annab sellele v\u00e4rskuse, rikkalikud v\u00e4rvid ja tervisliku s\u00e4ra.<\/span><\/p>\n<p>&nbsp;<\/p>\n<p><b>12 botaanilist ekstrakti, sealhulgas mooruspuu, viigipuu, ginko biloba ja granaat\u00f5una ekstraktid<\/b><span style=\"font-weight: 400;\"> k\u00fcllastage nahka vitamiinide, aminohapete, pol\u00fcsahhariidide ja antioks\u00fcdantidega.\u00a0<\/span><\/p>\n<p>&nbsp;<\/p>\n<p><span style=\"font-weight: 400;\">Pehmendab, niisutab ja parandab mikrotsirkulatsiooni. K\u00fcllastage kudesid hapnikuga ja kiirendage ainevahetusprotsesse. Pakkuda antioks\u00fcdantset kaitset ja aeglustada naha vananemist.<\/span><\/p>\n<p>&nbsp;<\/p>\n<p><b>Shea v\u00f5i <\/b><span style=\"font-weight: 400;\">kaitseb nahka v\u00e4listegurite (p\u00e4ike, tuul, madalad temperatuurid) eest ja omab h\u00e4mmastavaid pehmendavaid omadusi, mida on raske \u00fcletada.<\/span><\/p>\n<p>&nbsp;<\/p>\n<p><span style=\"font-weight: 400;\">MEDI-PEEL Cell Toxing Dermajours kreemil on \u00f5rn eliitparf\u00fc\u00fcmi aroom ja rikkalik, tihe tekstuur.<\/span><\/p>\n<p>&nbsp;<\/p>\n<p><span style=\"font-weight: 400;\">Sooja nahaga kokkupuutel sulab kreem koheselt ja levib kergesti.\u00a0<\/span><\/p>\n<p>&nbsp;<\/p>\n<p><span style=\"font-weight: 400;\">J\u00e4tab selgelt toidetud, pehme ja elastse naha tunde. Satiinviimistlus lisab peent s\u00e4ra ja loob seestpoolt valgustatud naha efekti.<\/span><\/p>\n<p>&nbsp;<\/p>\n<p><span style=\"font-weight: 400;\">Kreem sobib nii hommikuseks kui \u00f5htuseks hoolduseks.<\/span><\/p>\n<p>&nbsp;<\/p>\n<p><span style=\"font-weight: 400;\">Soovitame MEDI-PEEL Cell Toxing Dermajours kreemi <\/span><b>k\u00fcpsele kombineeritud, normaalsele ja kuivale nahat\u00fc\u00fcbile.<\/b><\/p>\n<p>&nbsp;<\/p>\n<p><span style=\"font-weight: 400;\">Maksimaalse efekti saavutamiseks kasutage kreemi koos teiste sama sarja toodetega. <\/span><span style=\"color: #0000ff;\"><a style=\"color: #0000ff;\" href=\"https:\/\/liluilu.ee\/et\/tootesilt\/medi-peel-cell-toxing-dermajours\/\" target=\"_blank\" rel=\"noopener\">MEDI-PEEL rakkude toksiline dermajours<\/a><\/span>:<\/p>\n<p>&nbsp;<\/p>\n<p><b>Soovitatav nahale kandmise j\u00e4rjekord:<\/b><\/p>\n<ul>\n<li><span style=\"font-weight: 400;\">Tooner <\/span><span style=\"color: #0000ff;\"><a style=\"color: #0000ff;\" href=\"https:\/\/liluilu.ee\/et\/medi-peel-cell-toxing-dermajours-toner-250ml\/\" target=\"_blank\" rel=\"noopener\">MEDI-PEEL Cell Toxing Dermajours tooner<\/a>;<\/span><\/li>\n<li>Ampull <span style=\"color: #0000ff;\"><a style=\"color: #0000ff;\" href=\"https:\/\/liluilu.ee\/et\/medi-peel-cell-toxing-dermajours-ampoule-100ml\/\" target=\"_blank\" rel=\"noopener\">MEDI-PEEL rakutoksiv Dermajoursi ampull<\/a><\/span>;<\/li>\n<li>MEDI-PEEL Cell Toxing Dermajours kreem.<\/li>\n<\/ul>\n<p>&nbsp;<\/p>\n<p><b>Kuidas kasutada:<\/b><\/p>\n<p><span style=\"font-weight: 400;\">Hoolduse viimasel etapil kandke n\u00e4o- ja kaelanahale vajalik kogus kreemi. Jaotage toodet pehmete masseerivate liigutustega ja suruge peopesad korraks n\u00e4ole. Nii imendub kreem paremini ja kiiremini.\u00a0<\/span><\/p>\n<p>&nbsp;<\/p>\n<p><b>Netokogus:<\/b><span style=\"font-weight: 400;\"> 50 gr.<\/span><\/p>\n<p>&nbsp;<\/p>\n<p><a title=\"TARNETINGIMUSED\" href=\"https:\/\/liluilu.ee\/et\/kohaletoimetamine\/\" target=\"_blank\" rel=\"noopener\">TARNETINGIMUSED<\/a><\/p>","protected":false},"excerpt":{"rendered":"<p>\u0412\u044b\u0441\u043e\u043a\u043e\u043f\u0438\u0442\u0430\u0442\u0435\u043b\u044c\u043d\u044b\u0439 \u043f\u043e\u0434\u0442\u044f\u0433\u0438\u0432\u0430\u044e\u0449\u0438\u0439 \u043a\u0440\u0435\u043c \u043f\u0440\u0435\u043c\u0438\u0443\u043c-\u043a\u043b\u0430\u0441\u0441\u0430 MEDI-PEEL Cell Toxing Dermajours Cream. &nbsp; \u0421\u0442\u0432\u043e\u043b\u043e\u0432\u044b\u0435 \u043a\u043b\u0435\u0442\u043a\u0438 \u042d\u0434\u0435\u043b\u044c\u0432\u0435\u0439\u0441\u0430, \u043c\u0443\u043b\u044c\u0442\u0438\u043f\u0435\u043f\u0442\u0438\u0434\u043d\u044b\u0439 \u043a\u043e\u043c\u043f\u043b\u0435\u043a\u0441 \u0438 5 \u0437\u0430\u043f\u0430\u0442\u0435\u043d\u0442\u043e\u0432\u0430\u043d\u043d\u044b\u0445 \u0438\u043d\u0433\u0440\u0435\u0434\u0438\u0435\u043d\u0442\u043e\u0432 \u0441\u043d\u0430\u0431\u0436\u0430\u044e\u0442 \u043a\u043e\u0436\u0443 \u043d\u0435\u043e\u0431\u0445\u043e\u0434\u0438\u043c\u044b\u043c\u0438 \u0440\u0435\u0441\u0443\u0440\u0441\u0430\u043c\u0438 \u0438 \u0437\u0430\u043c\u0435\u0434\u043b\u044f\u044e\u0442 \u0441\u0442\u0440\u0435\u043c\u0438\u0442\u0435\u043b\u044c\u043d\u044b\u0439 \u043f\u0440\u043e\u0446\u0435\u0441\u0441 \u0441\u0442\u0430\u0440\u0435\u043d\u0438\u044f. &nbsp; \u0410 \u0440\u0435\u0433\u0443\u043b\u044f\u0440\u043d\u043e\u0435 \u0438\u0441\u043f\u043e\u043b\u044c\u0437\u043e\u0432\u0430\u043d\u0438\u0435 \u043a\u0440\u0435\u043c\u0430 \u043f\u043e\u0437\u0432\u043e\u043b\u044f\u0435\u0442 \u0441\u043e\u0445\u0440\u0430\u043d\u0438\u0442\u044c \u0445\u043e\u0440\u043e\u0448\u0435\u0435 \u043a\u0430\u0447\u0435\u0441\u0442\u0432\u043e \u043a\u043e\u0436\u0438 \u0438 \u043e\u043a\u0430\u0437\u044b\u0432\u0430\u0435\u0442 \u0432\u044b\u0440\u0430\u0436\u0435\u043d\u043d\u044b\u0439 \u043e\u043c\u043e\u043b\u0430\u0436\u0438\u0432\u0430\u044e\u0449\u0438\u0439 \u044d\u0444\u0444\u0435\u043a\u0442. &nbsp; MEDI-PEEL Cell Toxing Dermajours Cream: &nbsp; \u041f\u0440\u0435\u043f\u044f\u0442\u0441\u0442\u0432\u0443\u0435\u0442 \u043f\u0440\u043e\u0432\u0438\u0441\u0430\u043d\u0438\u044e \u0442\u043a\u0430\u043d\u0435\u0439 \u0438 \u043f\u043e\u0434\u0442\u044f\u0433\u0438\u0432\u0430\u0435\u0442 [&hellip;]<\/p>","protected":false},"featured_media":8469,"comment_status":"open","ping_status":"closed","template":"","meta":{"_eb_attr":"","jetpack_post_was_ever_published":false,"_joinchat":[]},"product_brand":[],"product_cat":[219,95],"product_tag":[511,509,507,505,445,417,465,419,239,487,371,421,489],"class_list":{"0":"post-8473","1":"product","2":"type-product","3":"status-publish","4":"has-post-thumbnail","6":"product_cat-medi-peel","7":"product_cat-kremy-emulsii-i-losony-dlya-lica","8":"product_tag-majestem","9":"product_tag-medi-peel-cell-toxing-dermajours","10":"product_tag-snap-8-peptide","11":"product_tag-syn-ake","12":"product_tag-antivozrastnoj-uhod","13":"product_tag-kombinirovannaya-kozha","14":"product_tag-lifting","15":"product_tag-normalnaya-kozha","16":"product_tag-peptidy","17":"product_tag-protiv-morshhin","18":"product_tag-stvolovye-kletki","19":"product_tag-suhaya-kozha","20":"product_tag-elastichnost-i-uprugost","22":"first","23":"instock","24":"sale","25":"shipping-taxable","26":"purchasable","27":"product-type-simple"},"jetpack_sharing_enabled":true,"_links":{"self":[{"href":"https:\/\/liluilu.ee\/et\/wp-json\/wp\/v2\/product\/8473","targetHints":{"allow":["GET"]}}],"collection":[{"href":"https:\/\/liluilu.ee\/et\/wp-json\/wp\/v2\/product"}],"about":[{"href":"https:\/\/liluilu.ee\/et\/wp-json\/wp\/v2\/types\/product"}],"replies":[{"embeddable":true,"href":"https:\/\/liluilu.ee\/et\/wp-json\/wp\/v2\/comments?post=8473"}],"version-history":[{"count":17,"href":"https:\/\/liluilu.ee\/et\/wp-json\/wp\/v2\/product\/8473\/revisions"}],"predecessor-version":[{"id":16425,"href":"https:\/\/liluilu.ee\/et\/wp-json\/wp\/v2\/product\/8473\/revisions\/16425"}],"wp:featuredmedia":[{"embeddable":true,"href":"https:\/\/liluilu.ee\/et\/wp-json\/wp\/v2\/media\/8469"}],"wp:attachment":[{"href":"https:\/\/liluilu.ee\/et\/wp-json\/wp\/v2\/media?parent=8473"}],"wp:term":[{"taxonomy":"product_brand","embeddable":true,"href":"https:\/\/liluilu.ee\/et\/wp-json\/wp\/v2\/product_brand?post=8473"},{"taxonomy":"product_cat","embeddable":true,"href":"https:\/\/liluilu.ee\/et\/wp-json\/wp\/v2\/product_cat?post=8473"},{"taxonomy":"product_tag","embeddable":true,"href":"https:\/\/liluilu.ee\/et\/wp-json\/wp\/v2\/product_tag?post=8473"}],"curies":[{"name":"t\u00f6\u00f6leht","href":"https:\/\/api.w.org\/{rel}","templated":true}]}}