{"id":8465,"date":"2022-11-10T11:13:56","date_gmt":"2022-11-10T08:13:56","guid":{"rendered":"https:\/\/liluilu.ee\/?post_type=product&#038;p=8465"},"modified":"2026-04-17T12:23:57","modified_gmt":"2026-04-17T09:23:57","slug":"medi-peel-cell-toxing-dermajours-ampoule-100ml","status":"publish","type":"product","link":"https:\/\/liluilu.ee\/et\/medi-peel-cell-toxing-dermajours-ampoule-100ml\/","title":{"rendered":"T\u00fcvirakkudega vananemisvastane ampull MEDI-PEEL Cell Toxing Dermajours Ampull 100ml."},"content":{"rendered":"<h2><i><span style=\"font-weight: 400;\">MEDI-PEEL Cell Toxing Dermajours Ampulli omadused ja koostis.<\/span><\/i><\/h2>\n<p>&nbsp;<\/p>\n<p><span style=\"font-weight: 400;\">Ampull on loodud kasutades <\/span><b>liposomaalne meetod varade toimetamiseks naha s\u00fcgavatesse kihtidesse<\/b><span style=\"font-weight: 400;\">. See kaubam\u00e4rgi poolt v\u00e4lja t\u00f6\u00f6tatud tehnoloogia tagab aktiivsete komponentide maksimaalse l\u00e4bitungimise ja suurendab nende toimet.<\/span><\/p>\n<p>&nbsp;<\/p>\n<p><b>Edelweissi t\u00fcvirakud (1000 ppm)<\/b><span style=\"font-weight: 400;\"> soodustab kollageeni tootmist ja stimuleerib naha enda t\u00fcvirakkude elut\u00e4htsat aktiivsust.\u00a0<\/span><\/p>\n<p>&nbsp;<\/p>\n<p><span style=\"font-weight: 400;\">Selle tulemusena t\u00f5useb toonus ja elastsus ning nahk n\u00e4eb v\u00e4lja toonusem ja tihedam.<\/span><\/p>\n<p>&nbsp;<\/p>\n<p><b>9 peptiidi kompleks<\/b><span style=\"font-weight: 400;\"> parandab k\u00f5igi rakus\u00fcsteemide t\u00f6\u00f6d, kaitseb nahka deh\u00fcdratsiooni ja agressiivsete keskkonnategurite eest.<\/span><\/p>\n<p>&nbsp;<\/p>\n<p><span style=\"font-weight: 400;\">Peptiidid sisaldavad tohutul hulgal aminohappeid, stimuleerivad valkude, sealhulgas kollageeni ja elastiini s\u00fcnteesi ning on v\u00f5imelised tungima s\u00fcgavale nahka. T\u00e4nu sellele ei ole neil mitte ainult pindmine noorendav toime, vaid aeglustavad oluliselt vanusega seotud muutusi.<\/span><\/p>\n<p>&nbsp;<\/p>\n<p><span style=\"font-weight: 400;\">Valem on t\u00e4iustatud kahe neuropeptiidiga - lihasrelaksantidega:<\/span><\/p>\n<p>&nbsp;<\/p>\n<ul>\n<li style=\"font-weight: 400;\" aria-level=\"1\"><b>SYN-AKE<\/b><span style=\"font-weight: 400;\"> l\u00f5dvestab n\u00e4olihaseid ja silub peeneid n\u00e4okortse;<\/span><\/li>\n<\/ul>\n<p>&nbsp;<\/p>\n<ul>\n<li style=\"font-weight: 400;\" aria-level=\"1\"><b>SNAP-8 peptiid<\/b><span style=\"font-weight: 400;\"> - uue p\u00f5lvkonna peptiid. See on t\u00e4iustatud versioon kuulsast Argireline&#039;ist, mis v\u00e4hendab vanuse kortsude pindala ja s\u00fcgavust.<\/span><\/li>\n<\/ul>\n<p>&nbsp;<\/p>\n<p><b>Niatsiinamiid<\/b><span style=\"font-weight: 400;\"> v\u00f5itleb soovimatu pigmentatsiooniga ja \u00fchtlustab oluliselt tooni. K\u00f5rvaldab tuhmuse ja parandab jumet. Reguleerib rasueritust ja ahendab poore.\u00a0<\/span><\/p>\n<p>&nbsp;<\/p>\n<p><b>12 botaanilist ekstrakti, sealhulgas mooruspuu, viigipuu, ginko biloba ja granaat\u00f5una ekstraktid<\/b><span style=\"font-weight: 400;\"> k\u00fcllastage nahka vitamiinide, aminohapete, pol\u00fcsahhariidide ja antioks\u00fcdantidega.\u00a0<\/span><\/p>\n<p><span style=\"font-weight: 400;\">Pehmendab, niisutab ja parandab mikrotsirkulatsiooni. K\u00fcllastage kudesid hapnikuga ja kiirendage ainevahetusprotsesse. Pakkuda antioks\u00fcdantset kaitset ja aeglustada naha vananemist.<\/span><\/p>\n<p>&nbsp;<\/p>\n<p><span style=\"font-weight: 400;\">MEDI-PEEL Cell Toxing Dermajours Ampoule on eliitparf\u00fc\u00fcmi aroomiga, heleda meev\u00e4rvi ja kerge geelitaolise tekstuuriga.\u00a0<\/span><\/p>\n<p>&nbsp;<\/p>\n<p><span style=\"font-weight: 400;\">P\u00e4rast imendumist j\u00e4tab ampull nahale t\u00e4idlase, niisutatud ja sileda tunde. Satiinviimistlus annab peene s\u00e4ra ja seestpoolt valgustatud naha efekti.<\/span><\/p>\n<p>&nbsp;<\/p>\n<p><span style=\"font-weight: 400;\">MEDI-PEEL Cell Toxing Dermajours Ampulli v\u00f5ib kasutada nii hommikuses kui ka \u00f5htuses hoolduses ja <\/span><b>sobib k\u00f5ikidele k\u00fcpsetele nahat\u00fc\u00fcpidele<\/b><span style=\"font-weight: 400;\">.<\/span><\/p>\n<p>&nbsp;<\/p>\n<p><span style=\"font-weight: 400;\">Maksimaalse efekti saavutamiseks soovitame kasutada ampulli liini osana <\/span><span style=\"color: #0000ff;\"><a style=\"color: #0000ff;\" href=\"https:\/\/liluilu.ee\/et\/tootesilt\/medi-peel-cell-toxing-dermajours\/\" target=\"_blank\" rel=\"noopener\"><span style=\"font-weight: 400;\">MEDI-PEEL rakkude toksiline dermajours<\/span><\/a><\/span><span style=\"font-weight: 400;\">:<\/span><\/p>\n<p>&nbsp;<\/p>\n<p><strong>Soovitatav nahale kandmise j\u00e4rjekord:<\/strong><\/p>\n<ol>\n<li style=\"font-weight: 400;\" aria-level=\"1\"><span style=\"font-weight: 400;\">Tooner <\/span><span style=\"color: #0000ff;\"><a style=\"color: #0000ff;\" href=\"https:\/\/liluilu.ee\/et\/medi-peel-cell-toxing-dermajours-toner-250ml\/\" target=\"_blank\" rel=\"noopener\"><span style=\"font-weight: 400;\">MEDI-PEEL Cell Toxing Dermajours tooner<\/span><\/a><\/span><span style=\"font-weight: 400;\">;<\/span><\/li>\n<li style=\"font-weight: 400;\" aria-level=\"1\"><span style=\"font-weight: 400;\">MEDI-PEEL Cell Toxing Dermajoursi ampull;<\/span><\/li>\n<li style=\"font-weight: 400;\" aria-level=\"1\"><span style=\"font-weight: 400;\">Emulsioon <\/span><span style=\"color: #0000ff;\"><a style=\"color: #0000ff;\" href=\"https:\/\/liluilu.ee\/et\/medi-peel-cell-toxing-dermajours-emulsion\/\" target=\"_blank\" rel=\"noopener\"><span style=\"font-weight: 400;\">MEDI-PEEL Cell Toxing Dermajours emulsioon<\/span><\/a><\/span><span style=\"font-weight: 400;\"> v\u00f5i n\u00e4okreemi <\/span><span style=\"color: #0000ff;\"><a style=\"color: #0000ff;\" href=\"https:\/\/liluilu.ee\/et\/medi-peel-cell-toxing-dermajours-cream\/\" target=\"_blank\" rel=\"noopener\"><span style=\"font-weight: 400;\">MEDI-PEEL Cell Toxing Dermajours kreem<\/span><\/a><\/span><span style=\"font-weight: 400;\">.<\/span><\/li>\n<\/ol>\n<p>&nbsp;<\/p>\n<p><b>Kuidas kasutada:<\/b><\/p>\n<p><span style=\"font-weight: 400;\">Kandke ja jaotage sobiv kogus puhtale, toonikuga t\u00f6\u00f6deldud n\u00e4ole ja kaelale. Kasutage s\u00f5rmedega \u00f5rnaid patsutusliigutusi, et aidata ampullil imenduda. J\u00e4rgmisena j\u00e4tkake oma hoolduse j\u00e4rgmise etapiga (emulsioon ja\/v\u00f5i kreem).<\/span><\/p>\n<p>&nbsp;<\/p>\n<p><b>Netokogus:<\/b><span style=\"font-weight: 400;\"> 100 ml.<\/span><\/p>\n<p>&nbsp;<\/p>\n<p><a title=\"TARNETINGIMUSED\" href=\"https:\/\/liluilu.ee\/et\/kohaletoimetamine\/\" target=\"_blank\" rel=\"noopener\">TARNETINGIMUSED<\/a><\/p>","protected":false},"excerpt":{"rendered":"<p><span style=\"font-weight: 400;\">K\u00f5rge kontsentratsiooniga esmaklassiline pinguldav ampull MEDI-PEEL Cell Toxing Dermajours Ampoule.<\/span><\/p>\n<p>&nbsp;<\/p>\n<p><span style=\"font-weight: 400;\">Toode on k\u00fcllastunud vananemisvastastest komponentidest, sisaldab Edelweissi t\u00fcvirakke ja multipeptiidide kompleksi. Pakub rikkalikku toitumist ja s\u00fcgavat, kauakestvat niisutust. <\/span><b>M\u00f5eldud k\u00fcpse ja vananeva naha intensiivseks hoolduseks.<\/b><\/p>\n<p>&nbsp;<\/p>\n<p><span style=\"font-weight: 400;\">MEDI-PEEL rakutoksiv Dermajours ampull:<\/span><\/p>\n<p>&nbsp;<\/p>\n<ul>\n<li style=\"font-weight: 400;\" aria-level=\"1\"><span style=\"font-weight: 400;\">Stimuleerib regeneratiivseid protsesse, ennetab kudede l\u00f5tvumist ja kortsude teket;<\/span><\/li>\n<li style=\"font-weight: 400;\" aria-level=\"1\"><span style=\"font-weight: 400;\">Taastab nahatooni. Muudab selle elastsemaks, toonilisemaks ja tihedamaks;<\/span><\/li>\n<li style=\"font-weight: 400;\" aria-level=\"1\"><span style=\"font-weight: 400;\">\u00dchtlustab mikroreljeefi, silub peened jooned ja nahakurrud;<\/span><\/li>\n<li style=\"font-weight: 400;\" aria-level=\"1\"><span style=\"font-weight: 400;\">V\u00e4hendab vanusega seotud kortsude pindala ja s\u00fcgavust;<\/span><\/li>\n<li style=\"font-weight: 400;\" aria-level=\"1\"><span style=\"font-weight: 400;\">Parandab jumet, annab sellele v\u00e4rskuse ja terve s\u00e4ra;<\/span><\/li>\n<li style=\"font-weight: 400;\" aria-level=\"1\"><span style=\"font-weight: 400;\">Pakub antioks\u00fcdantset kaitset ja tugevdab naha loomulikku immuunsust.<\/span><\/li>\n<\/ul>\n<p>&nbsp;<\/p>","protected":false},"featured_media":8459,"comment_status":"open","ping_status":"closed","template":"","meta":{"_eb_attr":"","jetpack_post_was_ever_published":false,"_joinchat":[]},"product_brand":[],"product_cat":[219,226],"product_tag":[511,509,507,505,445,465,239,487,371,489],"class_list":{"0":"post-8465","1":"product","2":"type-product","3":"status-publish","4":"has-post-thumbnail","6":"product_cat-medi-peel","7":"product_cat-serumy","8":"product_tag-majestem","9":"product_tag-medi-peel-cell-toxing-dermajours","10":"product_tag-snap-8-peptide","11":"product_tag-syn-ake","12":"product_tag-antivozrastnoj-uhod","13":"product_tag-lifting","14":"product_tag-peptidy","15":"product_tag-protiv-morshhin","16":"product_tag-stvolovye-kletki","17":"product_tag-elastichnost-i-uprugost","19":"first","20":"outofstock","21":"sale","22":"shipping-taxable","23":"purchasable","24":"product-type-simple"},"jetpack_sharing_enabled":true,"_links":{"self":[{"href":"https:\/\/liluilu.ee\/et\/wp-json\/wp\/v2\/product\/8465","targetHints":{"allow":["GET"]}}],"collection":[{"href":"https:\/\/liluilu.ee\/et\/wp-json\/wp\/v2\/product"}],"about":[{"href":"https:\/\/liluilu.ee\/et\/wp-json\/wp\/v2\/types\/product"}],"replies":[{"embeddable":true,"href":"https:\/\/liluilu.ee\/et\/wp-json\/wp\/v2\/comments?post=8465"}],"version-history":[{"count":8,"href":"https:\/\/liluilu.ee\/et\/wp-json\/wp\/v2\/product\/8465\/revisions"}],"predecessor-version":[{"id":8475,"href":"https:\/\/liluilu.ee\/et\/wp-json\/wp\/v2\/product\/8465\/revisions\/8475"}],"wp:featuredmedia":[{"embeddable":true,"href":"https:\/\/liluilu.ee\/et\/wp-json\/wp\/v2\/media\/8459"}],"wp:attachment":[{"href":"https:\/\/liluilu.ee\/et\/wp-json\/wp\/v2\/media?parent=8465"}],"wp:term":[{"taxonomy":"product_brand","embeddable":true,"href":"https:\/\/liluilu.ee\/et\/wp-json\/wp\/v2\/product_brand?post=8465"},{"taxonomy":"product_cat","embeddable":true,"href":"https:\/\/liluilu.ee\/et\/wp-json\/wp\/v2\/product_cat?post=8465"},{"taxonomy":"product_tag","embeddable":true,"href":"https:\/\/liluilu.ee\/et\/wp-json\/wp\/v2\/product_tag?post=8465"}],"curies":[{"name":"t\u00f6\u00f6leht","href":"https:\/\/api.w.org\/{rel}","templated":true}]}}