{"id":8434,"date":"2022-11-09T14:52:42","date_gmt":"2022-11-09T11:52:42","guid":{"rendered":"https:\/\/liluilu.ee\/?post_type=product&#038;p=8434"},"modified":"2026-04-23T20:51:03","modified_gmt":"2026-04-23T17:51:03","slug":"skin1004-madagascar-centella-tone-brightening-capsule-cream","status":"publish","type":"product","link":"https:\/\/liluilu.ee\/et\/skin1004-madagascar-centella-tone-brightening-capsule-cream\/","title":{"rendered":"Kapseldatud pigmentatsioonivastane kreem SKIN1004 Madagascar Centella Tone Brightening Capsule Cream 75ml."},"content":{"rendered":"<h2><i><span style=\"font-weight: 400;\">SKIN1004 Madagascar Centella Tone Brightening Capsule Cream omadused ja koostis.<\/span><\/i><\/h2>\n<p>&nbsp;<\/p>\n<p><span style=\"font-weight: 400;\">SKIN1004 Madagascar Centella Tone Brightening Capsule Cream sisaldab spetsiaalset patenteeritud koostisosa <\/span><b>MadeWhite\u2122<\/b><span style=\"font-weight: 400;\">, mis on v\u00e4lja t\u00f6\u00f6tatud Madagaskari madecassoside baasil.\u00a0<\/span><\/p>\n<p>&nbsp;<\/p>\n<p><span style=\"font-weight: 400;\">MadeWhite\u2122 m\u00f5jutab melaniini s\u00fcnteesi ja kergendab t\u00f5husalt pigmentatsiooni. Lisaks leevendab MadeWhite\u2122 tsentella derivaadina \u00e4rritust, rahustab nahka ja tugevdab selle loomulikku kaitsebarj\u00e4\u00e4ri.<\/span><\/p>\n<p>&nbsp;<\/p>\n<p><span style=\"font-weight: 400;\">Koostisosa on kapseldatud. Nahale kandes sulavad mikrokapslid koheselt ja vabastavad aktiivse komponendi. See tehnoloogia v\u00f5imaldab teil suurendada l\u00e4bitungimist ja s\u00e4ilitada k\u00f5ik MadeWhite\u2122 kasulikud omadused.<\/span><\/p>\n<p>&nbsp;<\/p>\n<p><span style=\"font-weight: 400;\">T\u00e4iustab helendavat koostist kolmekordse kompleksiga:<\/span><\/p>\n<p>&nbsp;<\/p>\n<ul>\n<li style=\"font-weight: 400;\" aria-level=\"1\"><span style=\"font-weight: 400;\">niatsiinamiid;<\/span><\/li>\n<li style=\"font-weight: 400;\" aria-level=\"1\"><span style=\"font-weight: 400;\">traneksaamhape;<\/span><\/li>\n<li style=\"font-weight: 400;\" aria-level=\"1\"><span style=\"font-weight: 400;\">Alfa-bisabolool.<\/span><\/li>\n<\/ul>\n<p>&nbsp;<\/p>\n<p><b>Niatsiinamiid<\/b><span style=\"font-weight: 400;\"> \u00fcks multifunktsionaalsemaid komponente.<\/span><\/p>\n<p><span style=\"font-weight: 400;\">Muuhulgas takistab see melaniini liikumist naha \u00fclemisse kihti ja on t\u00f5estatud helendavate omadustega:<\/span><\/p>\n<p>&nbsp;<\/p>\n<ul>\n<li style=\"font-weight: 400;\" aria-level=\"1\"><span style=\"font-weight: 400;\">Helendab j\u00e4rk-j\u00e4rgult pigmentatsiooni ja aknej\u00e4rgseid j\u00e4lgi;<\/span><\/li>\n<li style=\"font-weight: 400;\" aria-level=\"1\"><span style=\"font-weight: 400;\">\u00dchtlustab tooni;<\/span><\/li>\n<\/ul>\n<ul>\n<li style=\"font-weight: 400;\" aria-level=\"1\"><span style=\"font-weight: 400;\">K\u00f5rvaldab tuhmi, kahvatu nahatooni ja v\u00e4rskendab jumet;<\/span><\/li>\n<li style=\"font-weight: 400;\" aria-level=\"1\"><span style=\"font-weight: 400;\">V\u00e4hendab naha tundlikkust ultraviolettkiirguse suhtes ja v\u00e4hendab oluliselt uute vanuselaikude tekkeriski.<\/span><\/li>\n<\/ul>\n<p>&nbsp;<\/p>\n<p><b>Traneksaamhape <\/b><span style=\"font-weight: 400;\">v\u00e4hendab pindmiste veresoonte punakat v\u00e4rvi ja muudab need v\u00e4hem m\u00e4rgatavaks.<\/span><\/p>\n<p><span style=\"font-weight: 400;\">Supresseerib liigset melaniini s\u00fcnteesi ja heledab j\u00e4rk-j\u00e4rgult eba\u00fchtlase pigmentatsiooniga nahapiirkondi.\u00a0<\/span><\/p>\n<p>&nbsp;<\/p>\n<p><b>Alfa-bisabolool<\/b><span style=\"font-weight: 400;\"> suurendab eelmiste komponentide l\u00e4bitungimisv\u00f5imet ja suurendab nende efektiivsust.\u00a0<\/span><\/p>\n<p>&nbsp;<\/p>\n<p><span style=\"font-weight: 400;\">Sellel on v\u00e4ljendunud rahustav toime, t\u00e4nu millele leevendab \u00e4rritust ja \u00fchtlustab \u00fcldist tooni.<\/span><\/p>\n<p>&nbsp;<\/p>\n<p><b>Shea v\u00f5i <\/b><span style=\"font-weight: 400;\">toidab nahka toitainete, antioks\u00fcdantide ja vitamiinidega, sh A-, E- ja F-vitamiinidega.<\/span><\/p>\n<p>&nbsp;<\/p>\n<p><span style=\"font-weight: 400;\">Taastab, niisutab ja kaitseb nahka v\u00e4listegurite eest (p\u00e4ike, tuul, madalad temperatuurid).<\/span><\/p>\n<p>&nbsp;<\/p>\n<p><span style=\"font-weight: 400;\">Sellel on ka maagilised pehmendavad omadused, mida on raske \u00fcletada.<\/span><\/p>\n<p>&nbsp;<\/p>\n<p><b>AQUAXYL\u2122 <\/b><span style=\"font-weight: 400;\">stimuleerib suurenenud h\u00fcaluroonhappe, lipiidide ja aluseliste valkude tootmist, mis osalevad naha sarvkihi moodustamisel. Niisutab ja suurendab sisemist niiskuse ringlust.<\/span><\/p>\n<p>&nbsp;<\/p>\n<p><span style=\"font-weight: 400;\">Selle tulemusena taastub vee tasakaal, kaob koorumine, siluvad v\u00e4ikesed kortsud, nahk muutub siledaks.<\/span><\/p>\n<p>&nbsp;<\/p>\n<p><span style=\"font-weight: 400;\">K\u00f5ikides toodetes kasutab SKIN1004 seda pidevalt <\/span><b>signatuurkoostisosa: tsentella ekstrakt<\/b><span style=\"font-weight: 400;\">, kasvanud Madagaskari m\u00e4gedes.\u00a0<\/span><\/p>\n<p>&nbsp;<\/p>\n<p><span style=\"font-weight: 400;\">Eriline kliima ja hoolikalt l\u00e4bim\u00f5eldud ekstraheerimistehnoloogia v\u00f5imaldavad saada toote, mis paljastab tsentella kogu elu andva potentsiaali.<\/span><\/p>\n<p>&nbsp;<\/p>\n<p><b>Centella ekstrakt (60%)<\/b><span style=\"font-weight: 400;\"> omab nahka taastavat, tugevdavat ja noorendavat toimet:<\/span><\/p>\n<p>&nbsp;<\/p>\n<ul>\n<li style=\"font-weight: 400;\" aria-level=\"1\"><span style=\"font-weight: 400;\">Rahustab, ravib mikropragusid ja haavu;<\/span><\/li>\n<li style=\"font-weight: 400;\" aria-level=\"1\"><span style=\"font-weight: 400;\">Toniseerib ja tugevdab kapillaaride seinu;<\/span><\/li>\n<li style=\"font-weight: 400;\" aria-level=\"1\"><span style=\"font-weight: 400;\">Muudab naha elastsemaks ja pringimaks, stimuleerides kollageeni ja h\u00fcaluroonhappe s\u00fcnteesi.<\/span><\/li>\n<\/ul>\n<p>&nbsp;<\/p>\n<p><span style=\"font-weight: 400;\">Tootel on mugav v\u00e4\u00e4rtus <\/span><b>pH (5,5)<\/b><span style=\"font-weight: 400;\">, terve naha pH l\u00e4hedal.\u00a0<\/span><\/p>\n<p>&nbsp;<\/p>\n<p><span style=\"font-weight: 400;\">Sisaldab SKIN1004 Madagascar Centella Tone Brightening kapslikreemi<\/span><\/p>\n<p><span style=\"font-weight: 400;\">ei sisalda maitseaineid, kunstlikke v\u00e4rvaineid, alkohole ega loomseid saadusi.<\/span><\/p>\n<p>&nbsp;<\/p>\n<p><span style=\"font-weight: 400;\">Kreemil pole praktiliselt l\u00f5hna ja see on \u00fcllatavalt \u00f5rna tekstuuriga.<\/span><\/p>\n<p>&nbsp;<\/p>\n<p><span style=\"font-weight: 400;\">Mikrokapslid sulavad kokkupuutel sooja nahaga ja kreem lamab \u00f5hukese, m\u00e4rkamatu kihina.\u00a0<\/span><\/p>\n<p><span style=\"font-weight: 400;\">Imendub kiiresti, j\u00e4tmata ebameeldivat kleepuvust.<\/span><\/p>\n<p>&nbsp;<\/p>\n<p><span style=\"font-weight: 400;\">Annab t\u00e4isk\u00f5hutunde, niisutus- ja mugavustunde. Pehme satiinviimistlus loob seestpoolt valgustatud naha efekti.<\/span><\/p>\n<p>&nbsp;<\/p>\n<p><span style=\"font-weight: 400;\">Kreem sobib nii hommikuseks kui \u00f5htuseks hoolduseks.\u00a0<\/span><\/p>\n<p>&nbsp;<\/p>\n<p><span style=\"font-weight: 400;\">Igasugusele nahat\u00fc\u00fcbile. Kui teil on rasune nahk, kasutage v\u00e4ikest kogust kreemi. Kui teie nahk on kuiv v\u00f5i kuiv, kasutage suuremat kogust.<\/span><\/p>\n<p>&nbsp;<\/p>\n<p><b>Soovitame SKIN1004 Madagascar Centella Tone Brightening Capsule kreemi, kui:<\/b><\/p>\n<p>&nbsp;<\/p>\n<ul>\n<li style=\"font-weight: 400;\" aria-level=\"1\"><span style=\"font-weight: 400;\">Soovid saavutada selget ja \u00fchtlast nahatooni;<\/span><\/li>\n<li style=\"font-weight: 400;\" aria-level=\"1\"><span style=\"font-weight: 400;\">V\u00f5i h\u00e4irivad pigmendilaigud, aknej\u00e4rgne v\u00f5i tedret\u00e4hnid;<\/span><\/li>\n<\/ul>\n<ul>\n<li style=\"font-weight: 400;\" aria-level=\"1\"><span style=\"font-weight: 400;\">V\u00f5i on jume kaotanud s\u00e4ra ja v\u00e4rskuse. Muutus tuhmiks, elutuks ja kahvatuks.<\/span><\/li>\n<li style=\"font-weight: 400;\" aria-level=\"1\"><span style=\"font-weight: 400;\">Sulle meeldib seestpoolt valgustatud lihav ja niisutatud nahk.<\/span><\/li>\n<\/ul>\n<p>&nbsp;<\/p>\n<p><span style=\"font-weight: 400;\">Kui m\u00f5ni punktidest Sulle sobib, siis tasub proovida SKIN1004 Madagascar Centella Tone Brightening Capsule Cream.<\/span><\/p>\n<p>&nbsp;<\/p>\n<p><span style=\"font-weight: 400;\">Maksimaalse efekti saavutamiseks soovitame luua tervikliku hoolduse, kasutades SKIN1004 valgustussarja tooteid:<\/span><\/p>\n<p>&nbsp;<\/p>\n<ul>\n<li style=\"font-weight: 400;\" aria-level=\"1\"><span style=\"color: #0000ff;\"><a style=\"color: #0000ff;\" href=\"https:\/\/liluilu.ee\/et\/skin1004-madagascar-centella-tone-brightening-cleansing-gel-foam\/\" target=\"_blank\" rel=\"noopener\"><span style=\"font-weight: 400;\">Madagascar Centella Tone Brightening Cleansing Gel Foam<\/span><\/a><\/span><\/li>\n<\/ul>\n<p>&nbsp;<\/p>\n<ul>\n<li style=\"font-weight: 400;\" aria-level=\"1\"><span style=\"color: #0000ff;\"><a style=\"color: #0000ff;\" href=\"https:\/\/liluilu.ee\/et\/skin1004-madagascar-centella-tone-brightening-boosting-toner\/\" target=\"_blank\" rel=\"noopener\"><span style=\"font-weight: 400;\">Madagascar Centella Tone Brightening Boosting Toner<\/span><\/a><\/span><\/li>\n<\/ul>\n<p>&nbsp;<\/p>\n<ul>\n<li style=\"font-weight: 400;\" aria-level=\"1\"><span style=\"color: #0000ff;\"><a style=\"color: #0000ff;\" href=\"https:\/\/liluilu.ee\/et\/skin1004-madagascar-centella-tone-brightening-capsule-ampoule\/\" target=\"_blank\" rel=\"noopener\"><span style=\"font-weight: 400;\">Madagascar Centella Tone Brightening Kapsli Ampull<\/span><\/a><\/span><\/li>\n<\/ul>\n<p>&nbsp;<\/p>\n<p><b>Kuidas kasutada:<\/b><\/p>\n<p><span style=\"font-weight: 400;\">Hommikul ja\/v\u00f5i \u00f5htul, hoolduse viimases etapis, kanna nahale vajalik kogus kreemi. Jaotage \u00f5rnade masseerivate liigutustega ja asetage peopesad korraks n\u00e4ole. Nii imendub kreem paremini ja kiiremini.<\/span><\/p>\n<p>&nbsp;<\/p>\n<p><b>Netokogus:<\/b><span style=\"font-weight: 400;\"> 75 ml.<\/span><\/p>\n<p>&nbsp;<\/p>\n<p><a title=\"TARNETINGIMUSED\" href=\"https:\/\/liluilu.ee\/et\/kohaletoimetamine\/\" target=\"_blank\" rel=\"noopener\">TARNETINGIMUSED<\/a><\/p>","protected":false},"excerpt":{"rendered":"<p><span style=\"font-weight: 400;\">Helendava, niisutava ja taastava toimega multifunktsionaalne kreem SKIN1004 Madagascar Centella Tone Brightening Capsule Cream:<\/span><\/p>\n<p>&nbsp;<\/p>\n<ul>\n<li style=\"font-weight: 400;\" aria-level=\"1\"><span style=\"font-weight: 400;\">Aitab v\u00f5idelda erineva p\u00e4ritoluga pigmentatsiooni vastu. Helendab tumedaid laike, akne j\u00e4lgi ja tedret\u00e4hne;<\/span><\/li>\n<li style=\"font-weight: 400;\" aria-level=\"1\"><span style=\"font-weight: 400;\">Takistab uute plekkide teket;<\/span><\/li>\n<li style=\"font-weight: 400;\" aria-level=\"1\"><span style=\"font-weight: 400;\">T\u00f5husalt \u00fchtlustab tooni;<\/span><\/li>\n<li style=\"font-weight: 400;\" aria-level=\"1\"><span style=\"font-weight: 400;\">K\u00f5rvaldab tuhmuse ja parandab jumet. Muudab selle v\u00e4rskeks, s\u00e4ravaks ja s\u00e4ravaks;<\/span><\/li>\n<li style=\"font-weight: 400;\" aria-level=\"1\"><span style=\"font-weight: 400;\">Omab \u00f6deemivastast toimet ja parandab laienenud pooride seisundit;<\/span><\/li>\n<li style=\"font-weight: 400;\" aria-level=\"1\"><span style=\"font-weight: 400;\">Pehmendab ja \u00fchtlustab naha mikroreljeefi ja tekstuuri. Annab sellele siidise sileduse;<\/span><\/li>\n<li style=\"font-weight: 400;\" aria-level=\"1\"><span style=\"font-weight: 400;\">Parandab elastsust ja tugevust;<\/span><\/li>\n<li style=\"font-weight: 400;\" aria-level=\"1\"><span style=\"font-weight: 400;\">Tagab kauakestva niisutuse ja taastab vee-rasva tasakaalu.<\/span><\/li>\n<\/ul>\n<p>&nbsp;<\/p>\n<p><span style=\"font-weight: 400;\">T\u00e4nu oma k\u00f5rgele \u00e4rritusvastaste ja rahustavate koostisosade kontsentratsioonile sobib SKIN1004 Madagascar Centella Tone Brightening Capsule Cream ka tundlikule ja punetusele kalduvale nahale.<\/span><\/p>\n<p>&nbsp;<\/p>\n<p>&nbsp;<\/p>","protected":false},"featured_media":8435,"comment_status":"open","ping_status":"closed","template":"","meta":{"_eb_attr":"","jetpack_post_was_ever_published":false,"_joinchat":[]},"product_brand":[],"product_cat":[449,95],"product_tag":[337,495,501,261,457,433,253,429,437,307,459,247],"class_list":{"0":"post-8434","1":"product","2":"type-product","3":"status-publish","4":"has-post-thumbnail","6":"product_cat-skin1004","7":"product_cat-kremy-emulsii-i-losony-dlya-lica","8":"product_tag-aquaxyl","9":"product_tag-madewhite","10":"product_tag-skin1004-madagascar-centella-tone-brightening-line","11":"product_tag-alfa-bisabolol","12":"product_tag-vesnushki","13":"product_tag-nerovnyj-ton-kozhi","14":"product_tag-niacinamid","15":"product_tag-pigmentaciya","16":"product_tag-postakne","17":"product_tag-traneksamovaya-kislota","18":"product_tag-tusklyj-cvet-lica","19":"product_tag-centella","21":"first","22":"instock","23":"sale","24":"shipping-taxable","25":"purchasable","26":"product-type-simple"},"jetpack_sharing_enabled":true,"_links":{"self":[{"href":"https:\/\/liluilu.ee\/et\/wp-json\/wp\/v2\/product\/8434","targetHints":{"allow":["GET"]}}],"collection":[{"href":"https:\/\/liluilu.ee\/et\/wp-json\/wp\/v2\/product"}],"about":[{"href":"https:\/\/liluilu.ee\/et\/wp-json\/wp\/v2\/types\/product"}],"replies":[{"embeddable":true,"href":"https:\/\/liluilu.ee\/et\/wp-json\/wp\/v2\/comments?post=8434"}],"version-history":[{"count":7,"href":"https:\/\/liluilu.ee\/et\/wp-json\/wp\/v2\/product\/8434\/revisions"}],"predecessor-version":[{"id":10554,"href":"https:\/\/liluilu.ee\/et\/wp-json\/wp\/v2\/product\/8434\/revisions\/10554"}],"wp:featuredmedia":[{"embeddable":true,"href":"https:\/\/liluilu.ee\/et\/wp-json\/wp\/v2\/media\/8435"}],"wp:attachment":[{"href":"https:\/\/liluilu.ee\/et\/wp-json\/wp\/v2\/media?parent=8434"}],"wp:term":[{"taxonomy":"product_brand","embeddable":true,"href":"https:\/\/liluilu.ee\/et\/wp-json\/wp\/v2\/product_brand?post=8434"},{"taxonomy":"product_cat","embeddable":true,"href":"https:\/\/liluilu.ee\/et\/wp-json\/wp\/v2\/product_cat?post=8434"},{"taxonomy":"product_tag","embeddable":true,"href":"https:\/\/liluilu.ee\/et\/wp-json\/wp\/v2\/product_tag?post=8434"}],"curies":[{"name":"t\u00f6\u00f6leht","href":"https:\/\/api.w.org\/{rel}","templated":true}]}}