{"id":8407,"date":"2022-11-04T16:03:25","date_gmt":"2022-11-04T13:03:25","guid":{"rendered":"https:\/\/liluilu.ee\/?post_type=product&#038;p=8407"},"modified":"2026-04-08T17:24:41","modified_gmt":"2026-04-08T14:24:41","slug":"skin1004-madagascar-centella-tone-brightening-capsule-ampoule","status":"publish","type":"product","link":"https:\/\/liluilu.ee\/et\/skin1004-madagascar-centella-tone-brightening-capsule-ampoule\/","title":{"rendered":"Kapseldatud pigmentatsioonivastane ampull SKIN1004 Madagascar Centella Tone Brightening Capsule Ampull 100ml."},"content":{"rendered":"<h2><i><span style=\"font-weight: 400;\">SKIN1004 Madagascar Centella Tone Brightening Capsule Ampulli omadused ja koostis.<\/span><\/i><\/h2>\n<p><span style=\"font-weight: 400;\">Valem p\u00f5hineb mikrokapslitesse suletud koostisosal <\/span><b>Valmistatud valgeks\u2122<\/b><span style=\"font-weight: 400;\"> ja kolm v\u00f5imsat valgendavat koostisainet:<\/span><\/p>\n<p>&nbsp;<\/p>\n<ul>\n<li aria-level=\"1\"><b><span style=\"vertical-align: inherit;\"><span style=\"vertical-align: inherit;\">Niatsiinamiid (4%)<\/span><\/span><\/b><\/li>\n<\/ul>\n<ul>\n<li aria-level=\"1\"><b>Traneksaamhape (2%)<\/b><\/li>\n<\/ul>\n<ul>\n<li aria-level=\"1\"><b>3-O-et\u00fc\u00fclaskorbiinhape.<\/b><\/li>\n<\/ul>\n<p>&nbsp;<\/p>\n<p><span style=\"font-weight: 400;\">M\u00f5jutades pigmentatsiooniprobleemi erinevate nurkade alt, t\u00f6\u00f6tavad need \u00fcldise tulemuse nimel:\u00a0<\/span><\/p>\n<p>&nbsp;<\/p>\n<ul>\n<li style=\"font-weight: 400;\" aria-level=\"1\"><span style=\"font-weight: 400;\">T\u00f5husalt heledamaks tumedaid laike, akne j\u00e4lgi ja tedret\u00e4hne;<\/span><\/li>\n<li style=\"font-weight: 400;\" aria-level=\"1\"><span style=\"font-weight: 400;\">Joondab \u00fcldise tooni;<\/span><\/li>\n<li style=\"font-weight: 400;\" aria-level=\"1\"><span style=\"font-weight: 400;\">Hoiab \u00e4ra uute plekkide teket.<\/span><\/li>\n<\/ul>\n<p>&nbsp;<\/p>\n<p><span style=\"font-weight: 400;\">Lisaks on igal komponendil t\u00e4iendavad omadused:<\/span><\/p>\n<p>&nbsp;<\/p>\n<p><b>Valmistatud valgeks\u2122<\/b><span style=\"font-weight: 400;\">, mis on saadud Madagaskari madecassociide&#039;ist, annab \u00e4rritava toime.\u00a0<\/span><\/p>\n<p>&nbsp;<\/p>\n<p><b>Niatsiinamiid<\/b><span style=\"font-weight: 400;\"> tasakaalustab rasu tootmist, aitab leevendada turseid ja ahendab poore.\u00a0<\/span><\/p>\n<p>&nbsp;<\/p>\n<p><b>Traneksaamhape<\/b><span style=\"font-weight: 400;\"> v\u00e4hendab pindmiste veresoonte punakat v\u00e4rvi ja muudab need v\u00e4hem m\u00e4rgatavaks.\u00a0<\/span><\/p>\n<p>&nbsp;<\/p>\n<p><b>3-O-et\u00fc\u00fclaskorbiinhape<\/b><span style=\"font-weight: 400;\"> suurendab kolme eelmise komponendi m\u00f5ju ja k\u00f5rvaldab tuhmuse. Annab v\u00e4rske, s\u00e4rava ja s\u00e4rava jume.<\/span><\/p>\n<p>&nbsp;<\/p>\n<p><b>Laktobatsillid ja betaiin<\/b><span style=\"font-weight: 400;\"> tugevdada naha loomulikku barj\u00e4\u00e4ri.<\/span><\/p>\n<p>&nbsp;<\/p>\n<p><b>AQUAXYL\u2122<\/b><span style=\"font-weight: 400;\"> Tagab s\u00fcgava ja kauakestva niisutuse.<\/span><\/p>\n<p>&nbsp;<\/p>\n<p><span style=\"font-weight: 400;\">SKIN1004 n\u00f5uab oma tunnuskoostisosa kasutamist k\u00f5igis oma toodetes - <\/span><b>Madagaskari m\u00e4gedes kasvatatud centella ekstrakt<\/b><span style=\"font-weight: 400;\">. Eriline kliima ja hoolikalt l\u00e4bim\u00f5eldud ekstraheerimistehnoloogia v\u00f5imaldavad saada toote, mis paljastab tsentella kogu elu andva potentsiaali.<\/span><\/p>\n<p>&nbsp;<\/p>\n<p><b>Centella ekstrakt (77%)<\/b><span style=\"font-weight: 400;\"> omab nahka taastavat, tugevdavat ja noorendavat toimet:<\/span><\/p>\n<p>&nbsp;<\/p>\n<ul>\n<li style=\"font-weight: 400;\" aria-level=\"1\"><span style=\"font-weight: 400;\">Rahustab, ravib mikropragusid ja haavu;<\/span><\/li>\n<li style=\"font-weight: 400;\" aria-level=\"1\"><span style=\"font-weight: 400;\">Toniseerib ja tugevdab kapillaaride seinu;<\/span><\/li>\n<li style=\"font-weight: 400;\" aria-level=\"1\"><span style=\"font-weight: 400;\">Muudab naha elastsemaks ja pringimaks, stimuleerides kollageeni ja h\u00fcaluroonhappe s\u00fcnteesi.<\/span><\/li>\n<\/ul>\n<p>&nbsp;<\/p>\n<p><span style=\"font-weight: 400;\">Tootel on mugav v\u00e4\u00e4rtus <\/span><b>pH (5,5)<\/b><span style=\"font-weight: 400;\">, terve naha pH l\u00e4hedal.\u00a0<\/span><\/p>\n<p>&nbsp;<\/p>\n<p><span style=\"font-weight: 400;\">SKIN1004 Madagascar Centella Tone Brightening Capsule Ampull ei sisalda l\u00f5hnaaineid, kunstlikke v\u00e4rvaineid, alkohole ega loomseid saadusi.<\/span><\/p>\n<p>&nbsp;<\/p>\n<p><span style=\"font-weight: 400;\">Ampullil pole l\u00f5hna. Kerge, mitterasvane ja ebatavaline tekstuur. Paljude v\u00e4ikeste lisanditega, mis sarnanevad mullidega. Need on helendava koostisega mikrokapslid. Nahale kandes kapslid sulavad ja aktiivsed komponendid tungivad s\u00fcgavale sisse.\u00a0<\/span><\/p>\n<p>&nbsp;<\/p>\n<p><span style=\"font-weight: 400;\">Toode sobib nii \u00f5htuseks kui ka hommikuseks hoolduseks.\u00a0<\/span><\/p>\n<p>&nbsp;<\/p>\n<p><b>Soovitame <\/b><span style=\"font-weight: 400;\">SKIN1004 Madagascar Centella Tone Brightening Kapselampull<\/span><b> mis tahes nahat\u00fc\u00fcbile, kui:<\/b><\/p>\n<p>&nbsp;<\/p>\n<ul>\n<li style=\"font-weight: 400;\" aria-level=\"1\"><span style=\"font-weight: 400;\">Kas soovite saavutada selgemat ja \u00fchtlasemat nahatooni?<\/span><\/li>\n<li style=\"font-weight: 400;\" aria-level=\"1\"><span style=\"font-weight: 400;\">V\u00f5i h\u00e4irivad pigmendilaigud, postakne ja tedret\u00e4hnid;<\/span><\/li>\n<\/ul>\n<ul>\n<li style=\"font-weight: 400;\" aria-level=\"1\"><span style=\"font-weight: 400;\">V\u00f5i on jume kaotanud s\u00e4ra ja v\u00e4rskuse. Muutus tuhmiks, elutuks ja kahvatuks.<\/span><\/li>\n<\/ul>\n<p>&nbsp;<\/p>\n<p><span style=\"font-weight: 400;\">Kui m\u00f5ni punktidest Sulle sobib, siis tasub proovida SKIN1004 Madagascar Centella Tone Brightening Capsule Ampoule.<\/span><\/p>\n<p>&nbsp;<\/p>\n<p><span style=\"font-weight: 400;\">Maksimaalse efekti saavutamiseks soovitame luua tervikliku hoolduse, kasutades SKIN1004 valgustussarja tooteid:<\/span><\/p>\n<p>&nbsp;<\/p>\n<ul>\n<li style=\"font-weight: 400;\" aria-level=\"1\"><span style=\"color: #0000ff;\"><a style=\"color: #0000ff;\" href=\"https:\/\/liluilu.ee\/et\/skin1004-madagascar-centella-tone-brightening-cleansing-gel-foam\/\" target=\"_blank\" rel=\"noopener\"><span style=\"font-weight: 400;\">Madagascar Centella Tone Brightening Cleansing Gel Foam<\/span><\/a><\/span><\/li>\n<\/ul>\n<p>&nbsp;<\/p>\n<ul>\n<li style=\"font-weight: 400;\" aria-level=\"1\"><span style=\"color: #0000ff;\"><a style=\"color: #0000ff;\" href=\"https:\/\/liluilu.ee\/et\/skin1004-madagascar-centella-tone-brightening-boosting-toner\/\" target=\"_blank\" rel=\"noopener\"><span style=\"font-weight: 400;\">Madagascar Centella Tone Brightening Boosting Toner<\/span><\/a><\/span><\/li>\n<\/ul>\n<p>&nbsp;<\/p>\n<ul>\n<li style=\"font-weight: 400;\" aria-level=\"1\"><span style=\"color: #0000ff;\"><a style=\"color: #0000ff;\" href=\"https:\/\/liluilu.ee\/et\/skin1004-madagascar-centella-tone-brightening-capsule-cream\/\" target=\"_blank\" rel=\"noopener\"><span style=\"font-weight: 400;\">Kapseldatud pigmentatsioonivastane kreem Madagascar Centella Tone Brightening Capsule Cream\u00a0<\/span><\/a><\/span><\/li>\n<\/ul>\n<p>&nbsp;<\/p>\n<p><b>Kuidas kasutada:<\/b><\/p>\n<p><span style=\"font-weight: 400;\">Kandke pipeti abil vajalik kogus toodet puhtale, toonikuga t\u00f6\u00f6deldud n\u00e4onahale. Jaotage ja tehke s\u00f5rmedega \u00f5rnaid patsutusliigutusi, et ampull imenduks.<\/span><\/p>\n<p><span style=\"font-weight: 400;\">Kasutage hommikul ja\/v\u00f5i \u00f5htul.<\/span><\/p>\n<p>&nbsp;<\/p>\n<p><b>Netokogus:<\/b><span style=\"font-weight: 400;\"> 100 ml.<\/span><\/p>\n<p>&nbsp;<\/p>\n<p><a title=\"TARNETINGIMUSED\" href=\"https:\/\/liluilu.ee\/et\/kohaletoimetamine\/\" target=\"_blank\" rel=\"noopener\">TARNETINGIMUSED<\/a><\/p>","protected":false},"excerpt":{"rendered":"<p><span style=\"font-weight: 400;\">SKIN1004 Madagascar Centella Tone Brightening Capsule Ampull aitab teil saavutada s\u00e4rava, kauni naha selge ja \u00fchtlase tooniga.<\/span><\/p>\n<p>&nbsp;<\/p>\n<p><span style=\"font-weight: 400;\">See kontsentreeritud toode eemaldab t\u00f5husalt tuhmuse ja kergendab pigmentatsiooni. T\u00e4idab niiskusepuudust ja noorendab nahka.\u00a0<\/span><\/p>\n<p>&nbsp;<\/p>\n<p><span style=\"font-weight: 400;\">Ja Madagaskaril kasvatatud tsentella puhtaim ekstrakt pakub tervendavat ja \u00e4rritusvastast hooldust.<\/span><\/p>\n<p>&nbsp;<\/p>\n<p><span style=\"font-weight: 400;\">SKIN1004 Madagascar Centella Tone Brightening Kapsli ampull:<\/span><\/p>\n<p>&nbsp;<\/p>\n<ul>\n<li style=\"font-weight: 400;\" aria-level=\"1\"><span style=\"font-weight: 400;\">Helendab tumedaid laike, akne j\u00e4lgi ja tedret\u00e4hne;<\/span><\/li>\n<li style=\"font-weight: 400;\" aria-level=\"1\"><span style=\"font-weight: 400;\">\u00dchtlustab \u00fcldtooni ja parandab jumet;<\/span><\/li>\n<li style=\"font-weight: 400;\" aria-level=\"1\"><span style=\"font-weight: 400;\">Takistab vanuselaikude teket;<\/span><\/li>\n<li style=\"font-weight: 400;\" aria-level=\"1\"><span style=\"font-weight: 400;\">Toniseerib, ahendab poore ja aitab leevendada turseid;<\/span><\/li>\n<li style=\"font-weight: 400;\" aria-level=\"1\"><span style=\"font-weight: 400;\">Niisutab ja silub kuivusest tingitud kortse;<\/span><\/li>\n<li style=\"font-weight: 400;\" aria-level=\"1\"><span style=\"font-weight: 400;\">Muudab naha elastsemaks ja pingul;<\/span><\/li>\n<li style=\"font-weight: 400;\" aria-level=\"1\"><span style=\"font-weight: 400;\">Stimuleerib kollageeni ja h\u00fcaluroonhappe s\u00fcnteesi.<\/span><\/li>\n<\/ul>\n<p>&nbsp;<\/p>\n<p>Toode ei suurenda valgustundlikkust, seega v\u00f5ib ampulli kasutada igal aastaajal, \u00f5htuses ja p\u00e4evases hoolduses.<\/p>\n<p>&nbsp;<\/p>\n<p>&nbsp;<\/p>","protected":false},"featured_media":8409,"comment_status":"open","ping_status":"closed","template":"","meta":{"_eb_attr":"","jetpack_post_was_ever_published":false,"_joinchat":[]},"product_brand":[],"product_cat":[449,226],"product_tag":[499,337,495,501,457,277,433,253,429,437,307,459,247],"class_list":{"0":"post-8407","1":"product","2":"type-product","3":"status-publish","4":"has-post-thumbnail","6":"product_cat-skin1004","7":"product_cat-serumy","8":"product_tag-3-o-etil-askorbinovaya-kislota","9":"product_tag-aquaxyl","10":"product_tag-madewhite","11":"product_tag-skin1004-madagascar-centella-tone-brightening-line","12":"product_tag-vesnushki","13":"product_tag-vitamin-s-ru","14":"product_tag-nerovnyj-ton-kozhi","15":"product_tag-niacinamid","16":"product_tag-pigmentaciya","17":"product_tag-postakne","18":"product_tag-traneksamovaya-kislota","19":"product_tag-tusklyj-cvet-lica","20":"product_tag-centella","22":"first","23":"instock","24":"sale","25":"shipping-taxable","26":"purchasable","27":"product-type-simple"},"jetpack_sharing_enabled":true,"_links":{"self":[{"href":"https:\/\/liluilu.ee\/et\/wp-json\/wp\/v2\/product\/8407","targetHints":{"allow":["GET"]}}],"collection":[{"href":"https:\/\/liluilu.ee\/et\/wp-json\/wp\/v2\/product"}],"about":[{"href":"https:\/\/liluilu.ee\/et\/wp-json\/wp\/v2\/types\/product"}],"replies":[{"embeddable":true,"href":"https:\/\/liluilu.ee\/et\/wp-json\/wp\/v2\/comments?post=8407"}],"version-history":[{"count":17,"href":"https:\/\/liluilu.ee\/et\/wp-json\/wp\/v2\/product\/8407\/revisions"}],"predecessor-version":[{"id":11480,"href":"https:\/\/liluilu.ee\/et\/wp-json\/wp\/v2\/product\/8407\/revisions\/11480"}],"wp:featuredmedia":[{"embeddable":true,"href":"https:\/\/liluilu.ee\/et\/wp-json\/wp\/v2\/media\/8409"}],"wp:attachment":[{"href":"https:\/\/liluilu.ee\/et\/wp-json\/wp\/v2\/media?parent=8407"}],"wp:term":[{"taxonomy":"product_brand","embeddable":true,"href":"https:\/\/liluilu.ee\/et\/wp-json\/wp\/v2\/product_brand?post=8407"},{"taxonomy":"product_cat","embeddable":true,"href":"https:\/\/liluilu.ee\/et\/wp-json\/wp\/v2\/product_cat?post=8407"},{"taxonomy":"product_tag","embeddable":true,"href":"https:\/\/liluilu.ee\/et\/wp-json\/wp\/v2\/product_tag?post=8407"}],"curies":[{"name":"t\u00f6\u00f6leht","href":"https:\/\/api.w.org\/{rel}","templated":true}]}}