{"id":8371,"date":"2022-10-31T19:44:50","date_gmt":"2022-10-31T16:44:50","guid":{"rendered":"https:\/\/liluilu.ee\/?post_type=product&#038;p=8371"},"modified":"2026-04-23T20:51:35","modified_gmt":"2026-04-23T17:51:35","slug":"skin1004-madagascar-centella-tone-brightening-boosting-toner","status":"publish","type":"product","link":"https:\/\/liluilu.ee\/et\/skin1004-madagascar-centella-tone-brightening-boosting-toner\/","title":{"rendered":"Brightening Booster Toner SKIN1004 Madagascar Centella Tone Brightening Boosting Toner 210ml."},"content":{"rendered":"<h2 style=\"text-align: left;\"><i><span style=\"font-weight: 400;\">SKIN1004 Madagascar Centella Tone Brightening Boosting Tooneri omadused ja koostis<\/span><\/i><\/h2>\n<p>&nbsp;<\/p>\n<p><span style=\"font-weight: 400;\">SKIN1004 kasutab k\u00f5igis toodetes oma tunnuskomponenti - <\/span><b>puhas tsentella ekstrakt<\/b><span style=\"font-weight: 400;\">, kasvanud iidse Madagaskari m\u00e4gedes.\u00a0<\/span><\/p>\n<p>&nbsp;<\/p>\n<p><span style=\"font-weight: 400;\">Madagaskari centella on kuulus oma ainulaadsete omaduste poolest:\u00a0<\/span><\/p>\n<p>&nbsp;<\/p>\n<ul>\n<li style=\"font-weight: 400;\" aria-level=\"1\"><span style=\"font-weight: 400;\">Rahustab ja taastab nahka;<\/span><\/li>\n<li style=\"font-weight: 400;\" aria-level=\"1\"><span style=\"font-weight: 400;\">Pakub tugevat antioks\u00fcdantset kaitset;<\/span><\/li>\n<li style=\"font-weight: 400;\" aria-level=\"1\"><span style=\"font-weight: 400;\">Taastab loomuliku barj\u00e4\u00e4ri ja parandab naha immuunsust;<\/span><\/li>\n<li style=\"font-weight: 400;\" aria-level=\"1\"><span style=\"font-weight: 400;\">Tugevdab kapillaaride seinu, toniseerib ja parandab jumet;<\/span><\/li>\n<li style=\"font-weight: 400;\" aria-level=\"1\"><span style=\"font-weight: 400;\">Stimuleerib kollageeni ja h\u00fcaluroonhappe tootmist.<\/span><\/li>\n<\/ul>\n<p>&nbsp;<\/p>\n<p><span style=\"font-weight: 400;\">SKIN1004 Madagascar Centella Tone Brightening Boosting Toner <\/span><b>sisaldab 90% eluandvat tsentella ekstrakti<\/b><span style=\"font-weight: 400;\">, mis pakub nahale tervendavat, rahustavat ja noorendavat hooldust.<\/span><\/p>\n<p>&nbsp;<\/p>\n<p><span style=\"font-weight: 400;\">SINGREENi kompleks sisaldab puuvilju <\/span><b>viinamarjade, \u00f5unte, ploomide ja papaia ekstraktid.<\/b><span style=\"font-weight: 400;\"> Nad koorivad \u00f5rnalt surnud nahaosakesed, poleerivad ja uuendavad nahka j\u00e4rk-j\u00e4rgult. Nad parandavad rakuhingamist, k\u00fcllastuvad vitamiinidega, k\u00f5rvaldavad tuhmuse ja annavad selge, s\u00e4rava jume.<\/span><\/p>\n<p>&nbsp;<\/p>\n<p><b>Helendav valem<\/b><span style=\"font-weight: 400;\"> Sisaldab patenteeritud MadeWhite\u2122-i, niatsiinamiidi ja stabiilset C-vitamiini vormi (3-O-et\u00fc\u00fclaskorbiinhape)<\/span><\/p>\n<p>&nbsp;<\/p>\n<p><b>MadeWhite\u2122<\/b><span style=\"font-weight: 400;\"> Tuletatud Madagascan Madecassocide&#039;ist. See p\u00e4rsib melaniini tootmist, kergendab t\u00f5husalt pigmentatsiooni, tedret\u00e4hne ja akne j\u00e4lgi. Samal ajal on sellel v\u00e4ljendunud \u00e4rritus- ja p\u00f5letikuvastane toime.<\/span><\/p>\n<p>&nbsp;<\/p>\n<p><b>Niatsiinamiid<\/b><span style=\"font-weight: 400;\"> blokeerib melaniini liikumise naha \u00fclemisse kihti ja \u00fchtlustab tooni. Lisaks tasakaalustab niatsiinamiid rasu tootmist, ahendab poore ja aitab leevendada turseid.<\/span><\/p>\n<p>&nbsp;<\/p>\n<p><b>3-O-et\u00fc\u00fclaskorbiinhape<\/b><span style=\"font-weight: 400;\"> kaitseb rakke ultraviolettkiirguse eest ja omab v\u00f5imsaid helendavaid omadusi. Koos niatsiinamiidiga annab see s\u00fcnergilise toime. Komponent on suure l\u00e4bitungimisv\u00f5imega ja fotostabiilne. Ei p\u00f5hjusta \u00e4rritust ja sobib isegi tundlikule nahale.<\/span><\/p>\n<p>&nbsp;<\/p>\n<p><b>AQUAXYL\u2122<\/b><span style=\"font-weight: 400;\"> stimuleerib h\u00fcaluroonhappe tootmist ja suurendab niiskuse ringlust k\u00f5ikides nahakihtides. Tugevdab looduslikku barj\u00e4\u00e4ri ja taastab veetasakaalu.<\/span><\/p>\n<p>&nbsp;<\/p>\n<p><span style=\"font-weight: 400;\">Toode on neutraalse pH-ga, mis on l\u00e4hedane terve naha pH-le (~5,5-6,0)<\/span><\/p>\n<p>&nbsp;<\/p>\n<p><span style=\"font-weight: 400;\">SKIN1004 Madagascar Centella Tone Brightening Boosting Tooner on l\u00f5hnatu ja v\u00e4ga kerge, vesise tekstuuriga. Pealekandmisel niisutab toode koheselt nahka ja imendub j\u00e4ljetult. J\u00e4tab meeldiva v\u00e4rskuse ja mugavuse j\u00e4relmaitse.<\/span><\/p>\n<p>&nbsp;<\/p>\n<p><span style=\"font-weight: 400;\">Toonikul on v\u00f5imendav omadus, see t\u00e4hendab, et see suurendab naha v\u00f5imet absorbeerida ja absorbeerida kogu j\u00e4rgnevat hooldust.<\/span><\/p>\n<p>&nbsp;<\/p>\n<p><b>Soovitame SKIN1004 Madagascar Centella Tone Brightening Boosting Toonerit:<\/b><\/p>\n<p>&nbsp;<\/p>\n<ul>\n<li style=\"font-weight: 400;\" aria-level=\"1\"><span style=\"font-weight: 400;\">Kui sulle meeldivad kerge tekstuuriga, maheda kirgastava ja kooriva toimega v\u00e4rskendavad toonerid;<\/span><\/li>\n<li style=\"font-weight: 400;\" aria-level=\"1\"><span style=\"font-weight: 400;\">Kui on kuiva ja kareda nahaga piirkondi;<\/span><\/li>\n<li style=\"font-weight: 400;\" aria-level=\"1\"><span style=\"font-weight: 400;\">V\u00f5i on jume kaotanud s\u00e4ra ja v\u00e4rskuse. Muutus tuhmiks, elutuks ja kahvatuks;<\/span><\/li>\n<li style=\"font-weight: 400;\" aria-level=\"1\"><span style=\"font-weight: 400;\">V\u00f5i h\u00e4irivad tumedad laigud, aknej\u00e4rgne v\u00f5i tedret\u00e4hnid. Eba\u00fchtlane toon.<\/span><\/li>\n<\/ul>\n<p>&nbsp;<\/p>\n<p><span style=\"font-weight: 400;\">Maksimaalse efekti saavutamiseks soovitame luua tervikliku hoolduse, kasutades SKIN1004 valgustussarja tooteid:<\/span><\/p>\n<p>&nbsp;<\/p>\n<ul>\n<li style=\"font-weight: 400;\" aria-level=\"1\"><span style=\"color: #0000ff;\"><a style=\"color: #0000ff;\" href=\"https:\/\/liluilu.ee\/et\/skin1004-madagascar-centella-tone-brightening-cleansing-gel-foam\/\" target=\"_blank\" rel=\"noopener\"><span style=\"font-weight: 400;\">Madagascar Centella Tone Brightening Cleansing Gel Foam<\/span><\/a><\/span><\/li>\n<\/ul>\n<p>&nbsp;<\/p>\n<ul>\n<li style=\"font-weight: 400;\" aria-level=\"1\"><span style=\"color: #0000ff;\"><a style=\"color: #0000ff;\" href=\"https:\/\/liluilu.ee\/et\/skin1004-madagascar-centella-tone-brightening-capsule-ampoule\/\" target=\"_blank\" rel=\"noopener\"><span style=\"font-weight: 400;\">Madagascar Centella Tone Brightening Kapsli Ampull<\/span><\/a><\/span><\/li>\n<\/ul>\n<p>&nbsp;<\/p>\n<ul>\n<li style=\"font-weight: 400;\" aria-level=\"1\"><span style=\"color: #0000ff;\"><a style=\"color: #0000ff;\" href=\"https:\/\/liluilu.ee\/et\/skin1004-madagascar-centella-tone-brightening-capsule-cream\/\" target=\"_blank\" rel=\"noopener\"><span style=\"font-weight: 400;\">Madagascar Centella Tone Brightening Kapslikreem\u00a0<\/span><\/a><\/span><\/li>\n<\/ul>\n<p>&nbsp;<\/p>\n<p><b>Kuidas kasutada:<\/b><\/p>\n<p><span style=\"font-weight: 400;\">Kanna vajalik kogus toonikut puhtale n\u00e4onahale. Kasutage pehmeid patsutavaid liigutusi, et aidata tootel imenduda. J\u00e4rgmisena j\u00e4tkake oma hoolduse j\u00e4rgmise etapiga (seerum, emulsioon v\u00f5i kreem).<\/span><\/p>\n<p>&nbsp;<\/p>\n<p><b>Netokogus:<\/b><span style=\"font-weight: 400;\"> 210 ml.<\/span><\/p>\n<p>&nbsp;<\/p>\n<p><a title=\"TARNETINGIMUSED\" href=\"https:\/\/liluilu.ee\/et\/kohaletoimetamine\/\" target=\"_blank\" rel=\"noopener\">TARNETINGIMUSED<\/a><\/p>","protected":false},"excerpt":{"rendered":"<p><span style=\"font-weight: 400;\">SKIN1004 Madagascar Centella Tone Brightening Boosting Toner aitab tooni \u00fchtlustada, parandada jumet ning muuta naha siidiseks ja siledaks.<\/span><\/p>\n<p>&nbsp;<\/p>\n<p><span style=\"font-weight: 400;\">Helendav toonik tsentella, niatsiinamiidi, C-vitamiini ja puuviljaekstraktidega.\u00a0<\/span><\/p>\n<p>&nbsp;<\/p>\n<p><span style=\"font-weight: 400;\">SKIN1004 Madagascar Centella Tone Brightening Boosting Toner:<\/span><\/p>\n<p>&nbsp;<\/p>\n<ul>\n<li style=\"font-weight: 400;\" aria-level=\"1\"><span style=\"font-weight: 400;\">V\u00e4rskendab, rahustab ja taastab niiskustasakaalu;<\/span><\/li>\n<li style=\"font-weight: 400;\" aria-level=\"1\"><span style=\"font-weight: 400;\">Koorib, uuendab ja poleerib nahka \u00f5rnalt;<\/span><\/li>\n<li style=\"font-weight: 400;\" aria-level=\"1\"><span style=\"font-weight: 400;\">Toniseerib ja aitab leevendada turset;<\/span><\/li>\n<li style=\"font-weight: 400;\" aria-level=\"1\"><span style=\"font-weight: 400;\">Tasakaalustab rasu tootmist ja ahendab poore;<\/span><\/li>\n<li style=\"font-weight: 400;\" aria-level=\"1\"><span style=\"font-weight: 400;\">\u00dchtlustab nahatooni ja parandab naha jumet;<\/span><\/li>\n<li style=\"font-weight: 400;\" aria-level=\"1\"><span style=\"font-weight: 400;\">Helendab laike, aknej\u00e4rgseid ja tedret\u00e4hne;<\/span><\/li>\n<li style=\"font-weight: 400;\" aria-level=\"1\"><span style=\"font-weight: 400;\">Suurendab naha v\u00f5imet imada ja imada pealekantud tooteid.<\/span><\/li>\n<\/ul>\n<p>&nbsp;<\/p>\n<p>&nbsp;<\/p>\n<p>&nbsp;<\/p>","protected":false},"featured_media":8370,"comment_status":"open","ping_status":"closed","template":"","meta":{"_eb_attr":"","jetpack_post_was_ever_published":false,"_joinchat":[]},"product_brand":[],"product_cat":[449,217],"product_tag":[499,337,495,501,457,277,433,253,429,437,459,247],"class_list":{"0":"post-8371","1":"product","2":"type-product","3":"status-publish","4":"has-post-thumbnail","6":"product_cat-skin1004","7":"product_cat-tonery","8":"product_tag-3-o-etil-askorbinovaya-kislota","9":"product_tag-aquaxyl","10":"product_tag-madewhite","11":"product_tag-skin1004-madagascar-centella-tone-brightening-line","12":"product_tag-vesnushki","13":"product_tag-vitamin-s-ru","14":"product_tag-nerovnyj-ton-kozhi","15":"product_tag-niacinamid","16":"product_tag-pigmentaciya","17":"product_tag-postakne","18":"product_tag-tusklyj-cvet-lica","19":"product_tag-centella","21":"first","22":"instock","23":"sale","24":"shipping-taxable","25":"purchasable","26":"product-type-simple"},"jetpack_sharing_enabled":true,"_links":{"self":[{"href":"https:\/\/liluilu.ee\/et\/wp-json\/wp\/v2\/product\/8371","targetHints":{"allow":["GET"]}}],"collection":[{"href":"https:\/\/liluilu.ee\/et\/wp-json\/wp\/v2\/product"}],"about":[{"href":"https:\/\/liluilu.ee\/et\/wp-json\/wp\/v2\/types\/product"}],"replies":[{"embeddable":true,"href":"https:\/\/liluilu.ee\/et\/wp-json\/wp\/v2\/comments?post=8371"}],"version-history":[{"count":10,"href":"https:\/\/liluilu.ee\/et\/wp-json\/wp\/v2\/product\/8371\/revisions"}],"predecessor-version":[{"id":10888,"href":"https:\/\/liluilu.ee\/et\/wp-json\/wp\/v2\/product\/8371\/revisions\/10888"}],"wp:featuredmedia":[{"embeddable":true,"href":"https:\/\/liluilu.ee\/et\/wp-json\/wp\/v2\/media\/8370"}],"wp:attachment":[{"href":"https:\/\/liluilu.ee\/et\/wp-json\/wp\/v2\/media?parent=8371"}],"wp:term":[{"taxonomy":"product_brand","embeddable":true,"href":"https:\/\/liluilu.ee\/et\/wp-json\/wp\/v2\/product_brand?post=8371"},{"taxonomy":"product_cat","embeddable":true,"href":"https:\/\/liluilu.ee\/et\/wp-json\/wp\/v2\/product_cat?post=8371"},{"taxonomy":"product_tag","embeddable":true,"href":"https:\/\/liluilu.ee\/et\/wp-json\/wp\/v2\/product_tag?post=8371"}],"curies":[{"name":"t\u00f6\u00f6leht","href":"https:\/\/api.w.org\/{rel}","templated":true}]}}