{"id":8362,"date":"2022-10-29T18:08:11","date_gmt":"2022-10-29T15:08:11","guid":{"rendered":"https:\/\/liluilu.ee\/?post_type=product&#038;p=8362"},"modified":"2026-04-23T20:51:59","modified_gmt":"2026-04-23T17:51:59","slug":"skin1004-madagascar-centella-tone-brightening-cleansing-gel-foam","status":"publish","type":"product","link":"https:\/\/liluilu.ee\/et\/skin1004-madagascar-centella-tone-brightening-cleansing-gel-foam\/","title":{"rendered":"Brightening geelvaht pesemiseks SKIN1004 Madagascar Centella Tone Brightening Cleansing Gel Foam 125ml."},"content":{"rendered":"<h2><i><span style=\"font-weight: 400;\">SKIN1004 Madagascar Centella Tone Brightening Cleansing Gel Foam omadused ja koostis<\/span><\/i><\/h2>\n<p>&nbsp;<\/p>\n<p><span style=\"font-weight: 400;\">Puhastav valem sisaldab <\/span><b>Loodusliku p\u00e4ritoluga pindaktiivsed ained<\/b><span style=\"font-weight: 400;\">, mis on saadud kookosp\u00e4hkli viljalihast. Erinevalt sulfaatpindaktiivsetest ainetest ei kuivata ega \u00e4rrita need nahka ning neid kasutatakse sageli lastele m\u00f5eldud puhastusvahendites.<\/span><\/p>\n<p>&nbsp;<\/p>\n<p><b>Looduslik kooriv komponent SINGREEN<\/b><span style=\"font-weight: 400;\"> koorib \u00f5rnalt vanade surnud rakkude kihi. See on valmistatud taimsetest koostisosadest ja sisaldab <\/span><b>papaia-, viinamarja-, \u00f5una- ja ploomiviljade ekstraktid<\/b><span style=\"font-weight: 400;\">.\u00a0<\/span><\/p>\n<p>&nbsp;<\/p>\n<p><span style=\"font-weight: 400;\">SINGREEN uuendab nahka, parandab naha hingamist, k\u00fcllastab seda vitamiinidega ja annab puhta, terve s\u00e4ra. Suurendab naha v\u00f5imet absorbeerida j\u00e4rgnevat hooldust ja saada pealekantud toodetest maksimaalset kasu.<\/span><\/p>\n<p>&nbsp;<\/p>\n<p><b>MadeWhite\u2122<\/b><span style=\"font-weight: 400;\"> - Madagaskari madekassosiidi baasil v\u00e4lja t\u00f6\u00f6tatud patenteeritud helendav koostisosa. Made White\u2122 v\u00e4hendab t\u00f5husalt melaniini tootmist, sellel on p\u00f5letikuvastased omadused ja rahustav toime.<\/span><\/p>\n<p>&nbsp;<\/p>\n<p><b>Niatsiinamiid ja C-vitamiini stabiilne vorm<\/b><span style=\"font-weight: 400;\"> (3-O-Ethyl Ascorbic Acid) \u2013 kaks v\u00f5imsat pigmentatsioonivastast komponenti. Need aitavad saavutada \u00fchtlast ja selget nahatooni, heledamaks tumedaid laike, tedret\u00e4hne ja akne j\u00e4lgi.<\/span><\/p>\n<p>&nbsp;<\/p>\n<p><b>Patenditud Centella ekstrakt<\/b><span style=\"font-weight: 400;\">, kasvatatud Madagaskaril, rahustab, leevendab \u00e4rritust ja tugevdab naha immuunsust.<\/span><\/p>\n<p>&nbsp;<\/p>\n<p><b>AQUAXYL\u2122 <\/b><span style=\"font-weight: 400;\">vastutab h\u00fcdratsiooni eest. Stimuleerib h\u00fcaluroonhappe tootmist ja parandab niiskuse ringlust k\u00f5ikides nahakihtides.<\/span><\/p>\n<p>&nbsp;<\/p>\n<p><span style=\"font-weight: 400;\">A <\/span><b>neutraalne pH tase (~6)<\/b><span style=\"font-weight: 400;\"> Tasakaalustab happe-aluse tasakaalu ja s\u00e4ilitab naha barj\u00e4\u00e4ri tervise.<\/span><\/p>\n<p>&nbsp;<\/p>\n<p><span style=\"font-weight: 400;\">SKIN1004 Madagascar Centella Tone Brightening Cleansing Gel Foam on l\u00f5hnatu ja ebatavalise tekstuuriga. L\u00e4bipaistev geel vahustub kokkupuutel veega \u00f5rnaks puhastusvahuks. P\u00e4rast loputamist j\u00e4tab see mugavuse, v\u00e4rskuse ja puhtuse tunde.<\/span><\/p>\n<p>&nbsp;<\/p>\n<p><span style=\"font-weight: 400;\">Geelvaht sobib suurep\u00e4raselt igale nahat\u00fc\u00fcbile, ka tundlikule. Kasutatakse hommikul ja\/v\u00f5i \u00f5htul.\u00a0<\/span><\/p>\n<p>&nbsp;<\/p>\n<p><b>Soovitame SKIN1004 Madagascar Centella Tone Brightening puhastusgeeli vahtu:<\/b><\/p>\n<p>&nbsp;<\/p>\n<ul>\n<li style=\"font-weight: 400;\" aria-level=\"1\"><span style=\"font-weight: 400;\">Kui tunnete muret p\u00e4rast pesemist kuivuse ja tiheduse p\u00e4rast;<\/span><\/li>\n<li style=\"font-weight: 400;\" aria-level=\"1\"><span style=\"font-weight: 400;\">V\u00f5i on kare ja kareda tekstuuriga piirkondi;<\/span><\/li>\n<li style=\"font-weight: 400;\" aria-level=\"1\"><span style=\"font-weight: 400;\">V\u00f5i on teie jume muutunud kahvatuks ja tuhmiks. Kaotatud erksad v\u00e4rvid, s\u00e4ra ja v\u00e4rskus;\u00a0<\/span><\/li>\n<li style=\"font-weight: 400;\" aria-level=\"1\"><span style=\"font-weight: 400;\">Kui teil on postakne, laigud v\u00f5i tedret\u00e4hnid. Eba\u00fchtlane toon;<\/span><\/li>\n<li style=\"font-weight: 400;\" aria-level=\"1\"><span style=\"font-weight: 400;\">V\u00f5i otsite pigmentatsiooni vastu v\u00f5itlemiseks k\u00f5ikeh\u00f5lmavat valgustusravi?<\/span><\/li>\n<\/ul>\n<p>&nbsp;<\/p>\n<p><span style=\"font-weight: 400;\">Kui teie eesm\u00e4rk on vabaneda pigmentatsioonist, siis soovitame luua tervikliku hooldusre\u017eiimi, kasutades SKIN1004 valgustussarja:<\/span><\/p>\n<p>&nbsp;<\/p>\n<ul>\n<li style=\"font-weight: 400;\" aria-level=\"1\"><span style=\"color: #0000ff;\"><a style=\"color: #0000ff;\" href=\"https:\/\/liluilu.ee\/et\/skin1004-madagascar-centella-tone-brightening-boosting-toner\/\" target=\"_blank\" rel=\"noopener\"><span style=\"font-weight: 400;\">Madagascar Centella Tone Brightening Boosting Toner<\/span><\/a><\/span><\/li>\n<\/ul>\n<p>&nbsp;<\/p>\n<ul>\n<li style=\"font-weight: 400;\" aria-level=\"1\"><span style=\"color: #0000ff;\"><a style=\"color: #0000ff;\" href=\"https:\/\/liluilu.ee\/et\/skin1004-madagascar-centella-tone-brightening-capsule-ampoule\/\" target=\"_blank\" rel=\"noopener\"><span style=\"font-weight: 400;\">Madagascar Centella Tone Brightening Kapsli Ampull<\/span><\/a><\/span><\/li>\n<\/ul>\n<p>&nbsp;<\/p>\n<ul>\n<li style=\"font-weight: 400;\" aria-level=\"1\"><span style=\"color: #0000ff;\"><a style=\"color: #0000ff;\" href=\"https:\/\/liluilu.ee\/et\/skin1004-madagascar-centella-tone-brightening-capsule-cream\/\" target=\"_blank\" rel=\"noopener\"><span style=\"font-weight: 400;\">Madagascar Centella Tone Brightening Kapslikreem <\/span><\/a><\/span><\/li>\n<\/ul>\n<p>&nbsp;<\/p>\n<p><b>Kuidas kasutada:<\/b><\/p>\n<p><span style=\"font-weight: 400;\">Niisutage oma n\u00e4gu sooja veega. Aja vajalik kogus toodet niisketele peopesadele vahule ning kanna saadud vaht niiskele n\u00e4o- ja kaelanahale. Jaotage ja masseerige \u00f5rnalt. Seej\u00e4rel loputage k\u00f5ik p\u00f5hjalikult sooja veega.<\/span><\/p>\n<p>&nbsp;<\/p>\n<p><b>Netokogus:<\/b><span style=\"font-weight: 400;\"> 125 ml.<\/span><\/p>\n<p>&nbsp;<\/p>\n<p><a title=\"TARNETINGIMUSED\" href=\"https:\/\/liluilu.ee\/et\/kohaletoimetamine\/\" target=\"_blank\" rel=\"noopener\">TARNETINGIMUSED<\/a><\/p>","protected":false},"excerpt":{"rendered":"<p><span style=\"font-weight: 400;\">P\u00f5hjalik, kuid \u00f5rn puhastus on kauni ja s\u00e4rava naha v\u00f5ti. <\/span><\/p>\n<p>&nbsp;<\/p>\n<p><span style=\"font-weight: 400;\">IN<\/span><span style=\"font-weight: 400;\">\u00a0SKIN1004 teavad seda, nii et nad l\u00f5id k\u00f5ige \u00f5rnema puhastustoote - SKIN1004 Madagascar Centella Tone Brightening Cleansing Gel Foam.<\/span><\/p>\n<p>&nbsp;<\/p>\n<p><span style=\"font-weight: 400;\">Geelvaht on efektiivne<\/span><b> eemaldab mustuse, k\u00f5rvaldab tuhmuse ja \u00fchtlustab tooni. <\/b><span style=\"font-weight: 400;\">Sel juhul see toimib <\/span><b>nii delikaatselt kui v\u00f5imalik<\/b><span style=\"font-weight: 400;\">. Ilma naha loomulikust niiskusest ilma j\u00e4tmata ja selle vee-rasva tasakaalu rikkumata.<\/span><\/p>\n<p>&nbsp;<\/p>\n<p><span style=\"font-weight: 400;\">SKIN1004 Madagascar Centella Tone Brightening puhastav geelvaht:<\/span><\/p>\n<ul>\n<li style=\"font-weight: 400;\"><span style=\"font-weight: 400;\">Puhastab p\u00f5hjalikult k\u00f5igist vees lahustuvatest saasteainetest. <\/span><b>P\u00e4rast pesemist ei tunne kuivus ega pingul.<\/b><\/li>\n<\/ul>\n<ul>\n<li style=\"font-weight: 400;\"><span style=\"font-weight: 400;\">Taastab tervisliku happe-aluse tasakaalu ja tugevdab naha loomulikku barj\u00e4\u00e4ri;<\/span><\/li>\n<\/ul>\n<ul>\n<li style=\"font-weight: 400;\"><span style=\"font-weight: 400;\">Koorib surnud nahaosakesed ja <\/span><b>uuendab nahka<\/b><span style=\"font-weight: 400;\">. Muudab selle siledaks, s\u00e4ravaks ja v\u00e4rskeks; <\/span><\/li>\n<\/ul>\n<ul>\n<li style=\"font-weight: 400;\"><span style=\"font-weight: 400;\">\u00dchtlustab nahatooni ja parandab naha jumet;<\/span><\/li>\n<\/ul>\n<ul>\n<li style=\"font-weight: 400;\"><span style=\"font-weight: 400;\">Aitab v\u00f5idelda postakne ja erineva p\u00e4ritoluga pigmentatsiooni vastu;<\/span><\/li>\n<\/ul>\n<ul>\n<li style=\"font-weight: 400;\"><span style=\"font-weight: 400;\">Suurendab naha v\u00f5imet imada ja imada pealekantud tooteid.<\/span><\/li>\n<\/ul>\n<p>&nbsp;<\/p>","protected":false},"featured_media":8311,"comment_status":"open","ping_status":"closed","template":"","meta":{"_eb_attr":"","jetpack_post_was_ever_published":false,"_joinchat":[]},"product_brand":[],"product_cat":[449,211],"product_tag":[499,337,495,501,457,277,433,253,429,437,459,247],"class_list":{"0":"post-8362","1":"product","2":"type-product","3":"status-publish","4":"has-post-thumbnail","6":"product_cat-skin1004","7":"product_cat-penki-i-geli-dlya-umyvaniya","8":"product_tag-3-o-etil-askorbinovaya-kislota","9":"product_tag-aquaxyl","10":"product_tag-madewhite","11":"product_tag-skin1004-madagascar-centella-tone-brightening-line","12":"product_tag-vesnushki","13":"product_tag-vitamin-s-ru","14":"product_tag-nerovnyj-ton-kozhi","15":"product_tag-niacinamid","16":"product_tag-pigmentaciya","17":"product_tag-postakne","18":"product_tag-tusklyj-cvet-lica","19":"product_tag-centella","21":"first","22":"instock","23":"sale","24":"shipping-taxable","25":"purchasable","26":"product-type-simple"},"jetpack_sharing_enabled":true,"_links":{"self":[{"href":"https:\/\/liluilu.ee\/et\/wp-json\/wp\/v2\/product\/8362","targetHints":{"allow":["GET"]}}],"collection":[{"href":"https:\/\/liluilu.ee\/et\/wp-json\/wp\/v2\/product"}],"about":[{"href":"https:\/\/liluilu.ee\/et\/wp-json\/wp\/v2\/types\/product"}],"replies":[{"embeddable":true,"href":"https:\/\/liluilu.ee\/et\/wp-json\/wp\/v2\/comments?post=8362"}],"version-history":[{"count":15,"href":"https:\/\/liluilu.ee\/et\/wp-json\/wp\/v2\/product\/8362\/revisions"}],"predecessor-version":[{"id":10553,"href":"https:\/\/liluilu.ee\/et\/wp-json\/wp\/v2\/product\/8362\/revisions\/10553"}],"wp:featuredmedia":[{"embeddable":true,"href":"https:\/\/liluilu.ee\/et\/wp-json\/wp\/v2\/media\/8311"}],"wp:attachment":[{"href":"https:\/\/liluilu.ee\/et\/wp-json\/wp\/v2\/media?parent=8362"}],"wp:term":[{"taxonomy":"product_brand","embeddable":true,"href":"https:\/\/liluilu.ee\/et\/wp-json\/wp\/v2\/product_brand?post=8362"},{"taxonomy":"product_cat","embeddable":true,"href":"https:\/\/liluilu.ee\/et\/wp-json\/wp\/v2\/product_cat?post=8362"},{"taxonomy":"product_tag","embeddable":true,"href":"https:\/\/liluilu.ee\/et\/wp-json\/wp\/v2\/product_tag?post=8362"}],"curies":[{"name":"t\u00f6\u00f6leht","href":"https:\/\/api.w.org\/{rel}","templated":true}]}}