{"id":8202,"date":"2022-10-14T20:24:38","date_gmt":"2022-10-14T17:24:38","guid":{"rendered":"https:\/\/liluilu.ee\/?post_type=product&#038;p=8202"},"modified":"2026-04-23T20:52:16","modified_gmt":"2026-04-23T17:52:16","slug":"skin1004-madagascar-centella-light-cleansing-oil-200ml","status":"publish","type":"product","link":"https:\/\/liluilu.ee\/et\/skin1004-madagascar-centella-light-cleansing-oil-200ml\/","title":{"rendered":"H\u00fcdrofiilne puhastus\u00f5li SKIN1004 Madagascar Centella Light Cleansing Oil 200ml."},"content":{"rendered":"<p><span style=\"font-weight: 400;\">SKIN1004 Madagascar Centella Light Cleansing Oil on kerge ja h\u00fcpoallergeenne puhastus\u00f5li. Sisaldab Centella Asiatica ekstrakti Madagaskari saarelt ja 6 t\u00fc\u00fcpi taime\u00f5lisid, mis eemaldavad \u00f5rnalt mustuse ja kauap\u00fcsiva meigi. Kerge koostis t\u00e4iuslikult puhastab, toniseerib ja v\u00e4rskendab nahka.\u00a0<\/span><\/p>\n<p>&nbsp;<\/p>\n<p><span style=\"font-weight: 400;\">Toode sobib ka meigi eemaldamiseks huultelt ja silmalaugudelt.<\/span><\/p>\n<p>&nbsp;<\/p>\n<p><b>Kuidas kasutada:<\/b><\/p>\n<p><span style=\"font-weight: 400;\">Kasutades kuiva k\u00e4si, kandke v\u00e4ike kogus puhastus\u00f5li kuivale n\u00e4onahale. Jaotage ja masseerige \u00f5rnalt v\u00e4hemalt 30 sekundit. Kui meik hakkab lahustuma, lisa veidi sooja vett ja j\u00e4tka masseerimist. \u00d5li emulgeerub ja muutub kergeks piimjaks emulsiooniks, mis tuleb seej\u00e4rel piisavalt sooja veega maha pesta.<\/span><\/p>\n<p>&nbsp;<\/p>\n<p><b>Netokogus:<\/b><span style=\"font-weight: 400;\"> 200 ml.<\/span><\/p>\n<p>&nbsp;<\/p>\n<p><a title=\"TARNETINGIMUSED\" href=\"https:\/\/liluilu.ee\/et\/kohaletoimetamine\/\" target=\"_blank\" rel=\"noopener\">TARNETINGIMUSED<\/a><\/p>","protected":false},"excerpt":{"rendered":"<p>SKIN1004 Madagascar Centella Light Cleansing Oil &#8212; \u044d\u0442\u043e \u043b\u0435\u0433\u043a\u043e\u0435 \u0438 \u0433\u0438\u043f\u043e\u0430\u043b\u043b\u0435\u0440\u0433\u0435\u043d\u043d\u043e\u0435 \u043e\u0447\u0438\u0449\u0430\u044e\u0449\u0435\u0435 \u043c\u0430\u0441\u043b\u043e. \u0421\u043e\u0434\u0435\u0440\u0436\u0438\u0442 \u044d\u043a\u0441\u0442\u0440\u0430\u043a\u0442 \u0446\u0435\u043d\u0442\u0435\u043b\u043b\u044b \u0430\u0437\u0438\u0430\u0442\u0441\u043a\u043e\u0439 \u0441 \u043e\u0441\u0442\u0440\u043e\u0432\u0430 \u041c\u0430\u0434\u0430\u0433\u0430\u0441\u043a\u0430\u0440 \u0438 6 \u0432\u0438\u0434\u043e\u0432 \u0440\u0430\u0441\u0442\u0438\u0442\u0435\u043b\u044c\u043d\u044b\u0445 \u043c\u0430\u0441\u0435\u043b, \u043a\u043e\u0442\u043e\u0440\u044b\u0435 \u043c\u044f\u0433\u043a\u043e \u0443\u0434\u0430\u043b\u044f\u044e\u0442 \u0437\u0430\u0433\u0440\u044f\u0437\u043d\u0435\u043d\u0438\u044f \u0438 \u0441\u0442\u043e\u0439\u043a\u0438\u0439 \u043c\u0430\u043a\u0438\u044f\u0436. \u041b\u0435\u0433\u043a\u0430\u044f \u0444\u043e\u0440\u043c\u0443\u043b\u0430 \u0432\u0435\u043b\u0438\u043a\u043e\u043b\u0435\u043f\u043d\u043e \u043e\u0447\u0438\u0449\u0430\u0435\u0442, \u0442\u043e\u043d\u0438\u0437\u0438\u0440\u0443\u0435\u0442 \u0438 \u043e\u0441\u0432\u0435\u0436\u0430\u0435\u0442 \u043a\u043e\u0436\u0443.\u00a0 &nbsp; \u0421\u0440\u0435\u0434\u0441\u0442\u0432\u043e \u0442\u0430\u043a\u0436\u0435 \u043f\u043e\u0434\u0445\u043e\u0434\u0438\u0442 \u0434\u043b\u044f \u0443\u0434\u0430\u043b\u0435\u043d\u0438\u044f \u043c\u0430\u043a\u0438\u044f\u0436\u0430 \u0441 \u043e\u0431\u043b\u0430\u0441\u0442\u0438 \u0433\u0443\u0431 \u0438 \u0432\u0435\u043a. &nbsp; \u0421\u043f\u043e\u0441\u043e\u0431 \u043f\u0440\u0438\u043c\u0435\u043d\u0435\u043d\u0438\u044f: [&hellip;]<\/p>","protected":false},"featured_media":8193,"comment_status":"open","ping_status":"closed","template":"","meta":{"_eb_attr":"","jetpack_post_was_ever_published":false,"_joinchat":[]},"product_brand":[],"product_cat":[449,299],"product_tag":[453,247],"class_list":{"0":"post-8202","1":"product","2":"type-product","3":"status-publish","4":"has-post-thumbnail","6":"product_cat-skin1004","7":"product_cat-sredstva-dlya-snyatiya-makiyazha","8":"product_tag-skin1004-madagascar-centella-line","9":"product_tag-centella","11":"first","12":"instock","13":"sale","14":"shipping-taxable","15":"purchasable","16":"product-type-simple"},"jetpack_sharing_enabled":true,"_links":{"self":[{"href":"https:\/\/liluilu.ee\/et\/wp-json\/wp\/v2\/product\/8202","targetHints":{"allow":["GET"]}}],"collection":[{"href":"https:\/\/liluilu.ee\/et\/wp-json\/wp\/v2\/product"}],"about":[{"href":"https:\/\/liluilu.ee\/et\/wp-json\/wp\/v2\/types\/product"}],"replies":[{"embeddable":true,"href":"https:\/\/liluilu.ee\/et\/wp-json\/wp\/v2\/comments?post=8202"}],"version-history":[{"count":3,"href":"https:\/\/liluilu.ee\/et\/wp-json\/wp\/v2\/product\/8202\/revisions"}],"predecessor-version":[{"id":8205,"href":"https:\/\/liluilu.ee\/et\/wp-json\/wp\/v2\/product\/8202\/revisions\/8205"}],"wp:featuredmedia":[{"embeddable":true,"href":"https:\/\/liluilu.ee\/et\/wp-json\/wp\/v2\/media\/8193"}],"wp:attachment":[{"href":"https:\/\/liluilu.ee\/et\/wp-json\/wp\/v2\/media?parent=8202"}],"wp:term":[{"taxonomy":"product_brand","embeddable":true,"href":"https:\/\/liluilu.ee\/et\/wp-json\/wp\/v2\/product_brand?post=8202"},{"taxonomy":"product_cat","embeddable":true,"href":"https:\/\/liluilu.ee\/et\/wp-json\/wp\/v2\/product_cat?post=8202"},{"taxonomy":"product_tag","embeddable":true,"href":"https:\/\/liluilu.ee\/et\/wp-json\/wp\/v2\/product_tag?post=8202"}],"curies":[{"name":"t\u00f6\u00f6leht","href":"https:\/\/api.w.org\/{rel}","templated":true}]}}