{"id":8118,"date":"2022-10-02T19:37:27","date_gmt":"2022-10-02T16:37:27","guid":{"rendered":"https:\/\/liluilu.ee\/?post_type=product&#038;p=8118"},"modified":"2026-04-03T17:52:48","modified_gmt":"2026-04-03T14:52:48","slug":"mary-may-vegan-cica-tea-tree-aha-pha-toner","status":"publish","type":"product","link":"https:\/\/liluilu.ee\/et\/mary-may-vegan-cica-tea-tree-aha-pha-toner\/","title":{"rendered":"Happeline toonik probleemsele nahale Mary&amp;May Vegan CICA Tea Tree AHA PHA toonik 200ml."},"content":{"rendered":"<h2><i><span style=\"font-weight: 400;\">Mary&amp;May Vegan CICA Tea Tree AHA PHA tooniku omadused ja koostis\u00a0<\/span><\/i><\/h2>\n<p><span style=\"font-weight: 400;\">Valem p\u00f5hineb - <\/span><b>teepuu lehtede h\u00fcdrosool (300 700 ppm)<\/b><span style=\"font-weight: 400;\">. Komponent rahustab suurep\u00e4raselt nahka ja aitab v\u00f5idelda l\u00f6\u00f6be ja aknega.<\/span><\/p>\n<p>&nbsp;<\/p>\n<p><b>AHA\/PHA kombinatsioon<\/b><span style=\"font-weight: 400;\"> happed koorib \u00f5rnalt keratiniseeritud rakkude kihti, puhastab poorid ja \u00fchtlustab kareda kareda tekstuuri. J\u00e4tab naha siledaks ja jume s\u00e4ravaks ja terveks.<\/span><\/p>\n<p>&nbsp;<\/p>\n<p><b>Niatsiinamiid 2%<\/b><span style=\"font-weight: 400;\"> reguleerib rasu tootmist ja \u00fchtlustab tooni. Helendab \u00f5rnalt tumedaid laike ja akne j\u00e4lgi.<\/span><\/p>\n<p>&nbsp;<\/p>\n<p><b>Gesolza\u2122 kompleks<\/b><span style=\"font-weight: 400;\">, mis on saadud traditsioonilistest idamaistest \u00fcrtidest, hoiab \u00e4ra akne ilmnemise. Omab p\u00f5letikuvastast ja antibakteriaalset toimet.\u00a0<\/span><\/p>\n<p>&nbsp;<\/p>\n<p><b>Patenteeritud Aquaxyl\u2122 kompleks<\/b><span style=\"font-weight: 400;\">, sh kaseekstrakt ja ks\u00fclitool, suurendab niiskusvarusid. Pakub niisutust ja v\u00e4rskust kogu p\u00e4evaks.<\/span><\/p>\n<p>&nbsp;<\/p>\n<p><b>Madala happesusega valem<\/b><span style=\"font-weight: 400;\"> (pH 4-5) s\u00e4ilitab tervisliku happe-aluse tasakaalu ja kaitseb naha barj\u00e4\u00e4riomadusi.<\/span><\/p>\n<p>&nbsp;<\/p>\n<p><span style=\"font-weight: 400;\">Mary&amp;May Vegan CICA Tea Tree AHA PHA Tooner on v\u00e4rske aroomiga, mis loob hommikuse metsask\u00e4igu atmosf\u00e4\u00e4ri.<\/span><\/p>\n<p>&nbsp;<\/p>\n<p><span style=\"font-weight: 400;\">\u00dclikerge vesine tekstuur v\u00f5imaldab toonikul koheselt nahka imenduda. Niiske viimistlus annab mugava v\u00e4rskuse ja puhtuse tunde.<\/span><\/p>\n<p>&nbsp;<\/p>\n<p><span style=\"font-weight: 400;\">Br\u00e4nd kasutab ainult ohutuid ja puhtaid tooraineid ning k\u00f5ik selle tooted on Vegan ja EWG sertifikaadiga.<\/span><\/p>\n<p>&nbsp;<\/p>\n<p><span style=\"font-weight: 400;\">Mary&amp;May Vegan CICA Tea Tree AHA PHA tooner on <\/span><b>h\u00fcpoallergeenne<\/b><span style=\"font-weight: 400;\">, <\/span><b>100% vegan toode<\/b><span style=\"font-weight: 400;\">:<\/span><\/p>\n<p>&nbsp;<\/p>\n<ul>\n<li style=\"font-weight: 400;\" aria-level=\"1\"><span style=\"font-weight: 400;\">Ilma loomse p\u00e4ritoluga komponentideta;<\/span><\/li>\n<li style=\"font-weight: 400;\" aria-level=\"1\"><span style=\"font-weight: 400;\">Loomkatseid ei tehta;<\/span><\/li>\n<li style=\"font-weight: 400;\" aria-level=\"1\"><span style=\"font-weight: 400;\">Ilma geneetiliselt muundatud komponentideta;<\/span><\/li>\n<li style=\"font-weight: 400;\" aria-level=\"1\"><span style=\"font-weight: 400;\">EWG Green Grade koostisainetega.<\/span><\/li>\n<\/ul>\n<p>&nbsp;<\/p>\n<p><b>Soovitame Mary&amp;May Vegan CICA Teepuu AHA PHA toonikut <\/b><span style=\"font-weight: 400;\">rasusele, kombineeritud v\u00f5i probleemsele nahale, mida iseloomustavad:<\/span><\/p>\n<p>&nbsp;<\/p>\n<ul>\n<li style=\"font-weight: 400;\" aria-level=\"1\"><span style=\"font-weight: 400;\">Akne ja aknej\u00e4rgne;<\/span><\/li>\n<li style=\"font-weight: 400;\" aria-level=\"1\"><span style=\"font-weight: 400;\">Liigne rasu tootmine ja \u00f5line l\u00e4ige;<\/span><\/li>\n<li style=\"font-weight: 400;\" aria-level=\"1\"><span style=\"font-weight: 400;\">Ummistunud poorid;<\/span><\/li>\n<li style=\"font-weight: 400;\" aria-level=\"1\"><span style=\"font-weight: 400;\">kare ja kare tekstuur;<\/span><\/li>\n<li style=\"font-weight: 400;\" aria-level=\"1\"><span style=\"font-weight: 400;\">tuhm jume;<\/span><\/li>\n<li style=\"font-weight: 400;\" aria-level=\"1\"><span style=\"font-weight: 400;\">Suurenenud tundlikkus ja kalduvus \u00e4rritusele;<\/span><\/li>\n<li style=\"font-weight: 400;\" aria-level=\"1\"><span style=\"font-weight: 400;\">Niisutuse puudumine.<\/span><\/li>\n<\/ul>\n<p>&nbsp;<\/p>\n<p><b>Toode on esitatud kahes mahus:<\/b><\/p>\n<ul>\n<li style=\"font-weight: 400;\" aria-level=\"1\"><a href=\"https:\/\/liluilu.ee\/et\/miniature-vegan-cica-tea-tree-aha-pha-blemish-toner-30ml\/\" target=\"_blank\" rel=\"noopener\"><span style=\"font-weight: 400;\"><span style=\"color: #0000ff;\">30 ml<\/span>.<\/span><\/a><\/li>\n<li style=\"font-weight: 400;\" aria-level=\"1\"><span style=\"font-weight: 400;\">200 ml.<\/span><\/li>\n<\/ul>\n<p>&nbsp;<\/p>\n<p><span style=\"font-weight: 400;\">Kui teile see toode meeldib, soovitame koostada k\u00f5ikeh\u00f5lmava hooldusre\u017eiimi, kasutades Mary&amp;May tooteid:<\/span><\/p>\n<p>&nbsp;<\/p>\n<ul>\n<li style=\"font-weight: 400;\" aria-level=\"1\"><span style=\"color: #0000ff;\"><a style=\"color: #0000ff;\" href=\"https:\/\/liluilu.ee\/et\/mary-may-houttuynia-cordata-tea-tree-cleansing-foam\/\" target=\"_blank\" rel=\"noopener\"><span style=\"font-weight: 400;\">Mary&amp;May Houttuynia Cordata+Teepuu puhastusvaht<\/span><\/a><\/span><\/li>\n<\/ul>\n<p>&nbsp;<\/p>\n<ul>\n<li style=\"font-weight: 400;\" aria-level=\"1\"><span style=\"color: #0000ff;\"><a style=\"color: #0000ff;\" href=\"https:\/\/liluilu.ee\/et\/mary-may-houttuynia-cordata-tea-tree-serum-30ml\/\" target=\"_blank\" rel=\"noopener\"><span style=\"font-weight: 400;\">Seerum Mary&amp;May Houttuynia Cordata+Teepuu seerum<\/span><\/a><\/span><\/li>\n<\/ul>\n<p>&nbsp;<\/p>\n<ul>\n<li style=\"font-weight: 400;\" aria-level=\"1\"><span style=\"color: #0000ff;\"><a style=\"color: #0000ff;\" href=\"https:\/\/liluilu.ee\/et\/mary-may-sensitive-soothing-gel-blemish-cream-70-gr\/\" target=\"_blank\" rel=\"noopener\"><span style=\"font-weight: 400;\">Mary&amp;May Sensitive rahustav geel-plekkimiskreem<\/span><\/a><\/span><\/li>\n<\/ul>\n<p>&nbsp;<\/p>\n<p><b>Kuidas kasutada:<\/b><\/p>\n<p><span style=\"font-weight: 400;\">Kandke peopesade v\u00f5i vatipadja abil vajalik kogus toonikut puhastatud n\u00e4onahale. Kasutades s\u00f5rmedega patsutusliigutusi, aidake tootel imenduda.<\/span><\/p>\n<p>&nbsp;<\/p>\n<p><b>Netokogus:<\/b><span style=\"font-weight: 400;\"> 200 ml.<\/span><\/p>\n<p>&nbsp;<\/p>\n<p><a title=\"TARNETINGIMUSED\" href=\"https:\/\/liluilu.ee\/et\/kohaletoimetamine\/\" target=\"_blank\" rel=\"noopener\">TARNETINGIMUSED<\/a><\/p>","protected":false},"excerpt":{"rendered":"<p><span style=\"font-weight: 400;\">Mary&amp;May Vegan CICA Tea Tree AHA PHA toonik on terviklik lahendus probleemse, rasuse v\u00f5i kombineeritud naha hooldamiseks.<\/span><\/p>\n<p>&nbsp;<\/p>\n<p><span style=\"font-weight: 400;\">Teepuu ekstrakti ja tsentellaga happeline tooner lahendab korraga mitu probleemi:<\/span><\/p>\n<p>&nbsp;<\/p>\n<ul>\n<li style=\"font-weight: 400;\" aria-level=\"1\"><span style=\"font-weight: 400;\">Niisutab, toniseerib ja v\u00e4rskendab;<\/span><\/li>\n<li style=\"font-weight: 400;\" aria-level=\"1\"><span style=\"font-weight: 400;\">Kontrollib rasu tootmist ja v\u00e4hendab \u00f5list l\u00e4iget;<\/span><\/li>\n<li style=\"font-weight: 400;\" aria-level=\"1\"><span style=\"font-weight: 400;\">Ennetab p\u00f5letikku ja aknet;<\/span><\/li>\n<li style=\"font-weight: 400;\" aria-level=\"1\"><span style=\"font-weight: 400;\">Rahustab ja leevendab \u00e4rritust;<\/span><\/li>\n<li style=\"font-weight: 400;\" aria-level=\"1\"><span style=\"font-weight: 400;\">Koorib \u00f5rnalt surnud nahaosakesed;<\/span><\/li>\n<li style=\"font-weight: 400;\" aria-level=\"1\"><span style=\"font-weight: 400;\">Helendab tumedaid laike ja akne j\u00e4lgi;<\/span><\/li>\n<li style=\"font-weight: 400;\" aria-level=\"1\"><span style=\"font-weight: 400;\">\u00dchtlustab nahatooni ja parandab naha jumet;<\/span><\/li>\n<li style=\"font-weight: 400;\" aria-level=\"1\"><span style=\"font-weight: 400;\">S\u00e4ilitab naha barj\u00e4\u00e4ri tervise ja optimaalse pH taseme.<\/span><\/li>\n<\/ul>\n<p>&nbsp;<\/p>","protected":false},"featured_media":8121,"comment_status":"open","ping_status":"closed","template":"","meta":{"_eb_attr":"","jetpack_post_was_ever_published":false,"_joinchat":[]},"product_brand":[],"product_cat":[232,217],"product_tag":[279,337,481,425,455,633,477,415,473,593,253,479,437,451,523,247,475,389],"class_list":{"0":"post-8118","1":"product","2":"type-product","3":"status-publish","4":"has-post-thumbnail","6":"product_cat-mary-may","7":"product_cat-tonery","8":"product_tag-aha","9":"product_tag-aquaxyl","10":"product_tag-gesolza","11":"product_tag-houttuynia-cordata-line","12":"product_tag-pha","13":"product_tag-veganskaya-kosmetika","14":"product_tag-vysypaniya-i-akne","15":"product_tag-zhirnaya-kozha","16":"product_tag-zabitye-pory","17":"product_tag-kosmetika-s-kislotami","18":"product_tag-niacinamid","19":"product_tag-otshelushivanie","20":"product_tag-postakne","21":"product_tag-problemnaya-kozha","22":"product_tag-tonery-s-kislotami","23":"product_tag-centella","24":"product_tag-chernye-tochki","25":"product_tag-ekstrakt-chajnogo-dereva","27":"first","28":"instock","29":"sale","30":"shipping-taxable","31":"purchasable","32":"product-type-simple"},"jetpack_sharing_enabled":true,"_links":{"self":[{"href":"https:\/\/liluilu.ee\/et\/wp-json\/wp\/v2\/product\/8118","targetHints":{"allow":["GET"]}}],"collection":[{"href":"https:\/\/liluilu.ee\/et\/wp-json\/wp\/v2\/product"}],"about":[{"href":"https:\/\/liluilu.ee\/et\/wp-json\/wp\/v2\/types\/product"}],"replies":[{"embeddable":true,"href":"https:\/\/liluilu.ee\/et\/wp-json\/wp\/v2\/comments?post=8118"}],"version-history":[{"count":5,"href":"https:\/\/liluilu.ee\/et\/wp-json\/wp\/v2\/product\/8118\/revisions"}],"predecessor-version":[{"id":10653,"href":"https:\/\/liluilu.ee\/et\/wp-json\/wp\/v2\/product\/8118\/revisions\/10653"}],"wp:featuredmedia":[{"embeddable":true,"href":"https:\/\/liluilu.ee\/et\/wp-json\/wp\/v2\/media\/8121"}],"wp:attachment":[{"href":"https:\/\/liluilu.ee\/et\/wp-json\/wp\/v2\/media?parent=8118"}],"wp:term":[{"taxonomy":"product_brand","embeddable":true,"href":"https:\/\/liluilu.ee\/et\/wp-json\/wp\/v2\/product_brand?post=8118"},{"taxonomy":"product_cat","embeddable":true,"href":"https:\/\/liluilu.ee\/et\/wp-json\/wp\/v2\/product_cat?post=8118"},{"taxonomy":"product_tag","embeddable":true,"href":"https:\/\/liluilu.ee\/et\/wp-json\/wp\/v2\/product_tag?post=8118"}],"curies":[{"name":"t\u00f6\u00f6leht","href":"https:\/\/api.w.org\/{rel}","templated":true}]}}