{"id":8063,"date":"2022-09-26T19:44:56","date_gmt":"2022-09-26T16:44:56","guid":{"rendered":"https:\/\/liluilu.ee\/?post_type=product&#038;p=8063"},"modified":"2026-04-09T20:01:05","modified_gmt":"2026-04-09T17:01:05","slug":"skin1004-madagascar-centella-ampoule-foam","status":"publish","type":"product","link":"https:\/\/liluilu.ee\/et\/skin1004-madagascar-centella-ampoule-foam\/","title":{"rendered":"Puhastusvaht Madagascar centellaga SKIN1004 Madagascar Centella Ampoule Foam 125ml."},"content":{"rendered":"<h2><i><span style=\"font-weight: 400;\">SKIN1004 Madagascar Centella ampullvahu omadused ja koostis<\/span><\/i><\/h2>\n<p>&nbsp;<\/p>\n<p><span style=\"font-weight: 400;\">Valem p\u00f5hineb patenteeritud koostisosal SKIN1004 - <\/span><b>33% Madagaskari tsentella ekstrakt<\/b><span style=\"font-weight: 400;\">.<\/span><\/p>\n<p>&nbsp;<\/p>\n<p><b>See on eriline ekstrakt.<\/b><\/p>\n<p>&nbsp;<\/p>\n<p><span style=\"font-weight: 400;\">Centellat kasvatatakse Madagaskari m\u00e4gedes, kus loodust on s\u00e4ilinud algsel kujul 200 miljonit aastat.<\/span><\/p>\n<p>&nbsp;<\/p>\n<p><span style=\"font-weight: 400;\">Eritingimustes kasvatatud tsentella kogutakse k\u00e4sitsi ja l\u00e4bib kiire 4-etapilise ekstraheerimise.<\/span><\/p>\n<p>&nbsp;<\/p>\n<p><span style=\"font-weight: 400;\">Selle tulemusena s\u00fcnnib <\/span><b>puhas, kvaliteetne toode<\/b><span style=\"font-weight: 400;\">, paljastades centella t\u00e4ieliku potentsiaali.<\/span><\/p>\n<p>&nbsp;<\/p>\n<p><b>Centella ekstrakt<\/b><span style=\"font-weight: 400;\"> rahustab ja taastab nahka. Tugevdab naha barj\u00e4\u00e4ri ja v\u00e4hendab reaktiivsust. Sellel on noorendav toime, stimuleerib kollageeni, elastiini ja h\u00fcaluroonhappe s\u00fcnteesi.<\/span><\/p>\n<p>&nbsp;<\/p>\n<p><span style=\"font-weight: 400;\">\u00d5rnaks puhastamiseks kasutab SKIN1004 4 looduslikku p\u00e4ritolu pehmet pindaktiivset ainet.\u00a0<\/span><\/p>\n<p>&nbsp;<\/p>\n<p><b>Kookosmassist ekstraheeritud pindaktiivsed ained<\/b><span style=\"font-weight: 400;\"> ei p\u00f5hjusta \u00e4rritust ja on h\u00e4sti omaks v\u00f5etud isegi v\u00e4ga tundlikule nahale.\u00a0<\/span><\/p>\n<p>&nbsp;<\/p>\n<p><span style=\"font-weight: 400;\">Need loovad elastse ja lopsaka vahu, mis puhastab \u00f5rnalt, kaitseb nahabarj\u00e4\u00e4ri ega j\u00e4ta nahka ilma loomulikust niiskusest.\u00a0<\/span><\/p>\n<p>&nbsp;<\/p>\n<p><span style=\"font-weight: 400;\">P\u00e4rast pesemist ei tunne kuivus ega pingul. Ainult v\u00e4rskus ja mugavus.<\/span><\/p>\n<p>&nbsp;<\/p>\n<p><span style=\"font-weight: 400;\">Tagab pooride s\u00fcgavpuhastuse <\/span><b>peen sooda pulber<\/b><span style=\"font-weight: 400;\">. Selle molekulide suurus on nii v\u00e4ike, et pulber tungib kergesti pooridesse ja imab rasu.<\/span><\/p>\n<p>&nbsp;<\/p>\n<p><span style=\"font-weight: 400;\">Testi tulemused n\u00e4itasid, et SKIN1004 Madagascar Centella Ampoule Foam eemaldab 92 69% ebapuhtust, rasu ja mikrotolmu, j\u00e4ttes naha poorid ja pinna ideaalselt puhtaks.<\/span><\/p>\n<p>&nbsp;<\/p>\n<p><b>H\u00fcaluroonhape ja Coptis chinensise ekstrakt<\/b><span style=\"font-weight: 400;\"> pakkuda niisutust naha s\u00fcgavates kihtides ja stimuleerida rakulist immuunsust.<\/span><\/p>\n<p>&nbsp;<\/p>\n<p><b>Kakao ekstrakt<\/b><span style=\"font-weight: 400;\"> - toniseerib ja parandab naha elastsust.<\/span><\/p>\n<p>&nbsp;<\/p>\n<p><span style=\"font-weight: 400;\">Madala happesusega h\u00fcpoallergeenne valem <\/span><b>(pH 5)<\/b><span style=\"font-weight: 400;\"> taastab tervisliku happe-aluse tasakaalu, hoiab \u00e4ra p\u00f5letike ja aknet.<\/span><\/p>\n<p>&nbsp;<\/p>\n<p><span style=\"font-weight: 400;\">SKIN1004 Madagascar Centella Ampoule Foam on praktiliselt l\u00f5hnatu, kreemja tekstuuri ja p\u00e4rlmutterv\u00e4rvi tumeda liivaga.\u00a0<\/span><\/p>\n<p>&nbsp;<\/p>\n<p><span style=\"font-weight: 400;\">Kokkupuutel veega moodustab toode paksu vahu ja puhastab nahka \u00f5rnalt. J\u00e4tab naha t\u00e4iuslikult puhtaks, v\u00e4rskeks ja niisutatuks.\u00a0<\/span><\/p>\n<p>&nbsp;<\/p>\n<p><span style=\"font-weight: 400;\">Vaht sobib <\/span><b>sobib igale nahat\u00fc\u00fcbile<\/b><span style=\"font-weight: 400;\">, hommikuseks ja \u00f5htuseks hoolduseks.<\/span><\/p>\n<p>&nbsp;<\/p>\n<p><b>Soovitame SKIN1004 Madagascar Centella ampulli:<\/b><\/p>\n<p>&nbsp;<\/p>\n<ul>\n<li style=\"font-weight: 400;\" aria-level=\"1\"><span style=\"font-weight: 400;\">Kui sulle meeldib puhastus, mis ei kuivata nahka;<\/span><\/li>\n<li style=\"font-weight: 400;\" aria-level=\"1\"><span style=\"font-weight: 400;\">Kui teil on tundlik nahk;<\/span><\/li>\n<li style=\"font-weight: 400;\" aria-level=\"1\"><span style=\"font-weight: 400;\">Kui teil on \u00f5huke nahk;<\/span><\/li>\n<li style=\"font-weight: 400;\" aria-level=\"1\"><span style=\"font-weight: 400;\">Kui teie nahk on \u00e4rritunud ja punetav;<\/span><\/li>\n<li style=\"font-weight: 400;\" aria-level=\"1\"><span style=\"font-weight: 400;\">Kui teie nahk on rosaatseale kalduv;<\/span><\/li>\n<li style=\"font-weight: 400;\" aria-level=\"1\"><span style=\"font-weight: 400;\">Taastavaks hoolduseks p\u00e4rast agressiivseid kosmeetilisi protseduure;<\/span><\/li>\n<li style=\"font-weight: 400;\" aria-level=\"1\"><span style=\"font-weight: 400;\">Vananemisvastaseks hoolduseks.<\/span><\/li>\n<\/ul>\n<p>&nbsp;<\/p>\n<p><span style=\"font-weight: 400;\">Tundliku naha hooldamiseks on br\u00e4nd SKIN1004 v\u00e4lja t\u00f6\u00f6tanud spetsiaalse tootesarja. Soovitame proovida:<\/span><\/p>\n<p>&nbsp;<\/p>\n<ul>\n<li style=\"font-weight: 400;\" aria-level=\"1\"><span style=\"color: #0000ff;\"><a style=\"color: #0000ff;\" href=\"https:\/\/liluilu.ee\/et\/skin1004-madagascar-centella-light-cleansing-oil-200ml\/\" target=\"_blank\" rel=\"noopener\"><span style=\"font-weight: 400;\">Puhastus\u00f5li<\/span><\/a><\/span><\/li>\n<li style=\"font-weight: 400;\" aria-level=\"1\"><span style=\"color: #0000ff;\"><a style=\"color: #0000ff;\" href=\"https:\/\/liluilu.ee\/et\/skin1004-madagascar-centella-toning-toner-210-ml\/\" target=\"_blank\" rel=\"noopener\"><span style=\"font-weight: 400;\">Toonik tundlikule nahale<\/span><\/a><\/span><\/li>\n<li style=\"font-weight: 400;\" aria-level=\"1\"><span style=\"color: #0000ff;\"><a style=\"color: #0000ff;\" href=\"https:\/\/liluilu.ee\/et\/skin1004-madagascar-centella-ampoule-55ml\/\" target=\"_blank\" rel=\"noopener\"><span style=\"font-weight: 400;\">Taastav ampull<\/span><\/a><\/span><\/li>\n<li style=\"font-weight: 400;\" aria-level=\"1\"><span style=\"color: #0000ff;\"><a style=\"color: #0000ff;\" href=\"https:\/\/liluilu.ee\/et\/skin1004-madagascar-centella-cream\/\" target=\"_blank\" rel=\"noopener\"><span style=\"font-weight: 400;\">Elustav kreem<\/span><\/a><\/span><\/li>\n<\/ul>\n<p>&nbsp;<\/p>\n<p><b>Kuidas kasutada:<\/b><\/p>\n<p><span style=\"font-weight: 400;\">Pigista v\u00e4ike kogus niisketele peopesadele ja aja vahule. Jaotage saadud vaht niiskele n\u00e4o- ja kaelanahale, masseerige ja loputage hoolikalt sooja veega.<\/span><\/p>\n<p>&nbsp;<\/p>\n<p><b>Netokogus:<\/b><span style=\"font-weight: 400;\"> 125 ml.<\/span><\/p>\n<p>&nbsp;<\/p>\n<p><a title=\"TARNETINGIMUSED\" href=\"https:\/\/liluilu.ee\/et\/kohaletoimetamine\/\" target=\"_blank\" rel=\"noopener\">TARNETINGIMUSED<\/a><\/p>","protected":false},"excerpt":{"rendered":"<p><span style=\"font-weight: 400;\">Nahka kuivatavate ja \u00e4rritavate puhastusvahendite asemel proovi SKIN1004 Madagascar Centella ampulli vahtu.<\/span><\/p>\n<p>&nbsp;<\/p>\n<p><span style=\"font-weight: 400;\">See luksuslik ampullvaht t\u00e4iusliku tasemega <\/span><b>pH (5)<\/b><span style=\"font-weight: 400;\"> eemaldab t\u00f5husalt mustuse <\/span><b>p\u00e4rast pesemist pole pingetunnet<\/b><span style=\"font-weight: 400;\">.<\/span><\/p>\n<p>&nbsp;<\/p>\n<p><span style=\"font-weight: 400;\">Ja puhtaim patenteeritud tsentella ekstrakt pakub t\u00f5eliselt rahustavat ja tervendavat hooldust.<\/span><\/p>\n<p>&nbsp;<\/p>\n<p><span style=\"font-weight: 400;\">SKIN1004 Madagascar Centella ampulli vaht:<\/span><\/p>\n<p>&nbsp;<\/p>\n<ul>\n<li style=\"font-weight: 400;\" aria-level=\"1\"><span style=\"font-weight: 400;\">Kustutab <\/span><b>92,69%<\/b><span style=\"font-weight: 400;\"> k\u00f5ik saasteained, sealhulgas meigij\u00e4\u00e4gid ja isegi v\u00e4ikseimad tolmuosakesed;<\/span><\/li>\n<li style=\"font-weight: 400;\" aria-level=\"1\"><span style=\"font-weight: 400;\">Imab liigse rasu ja puhastab poorid p\u00f5hjalikult;<\/span><\/li>\n<li style=\"font-weight: 400;\" aria-level=\"1\"><span style=\"font-weight: 400;\">V\u00e4rskendab, toniseerib ja niisutab;<\/span><\/li>\n<li style=\"font-weight: 400;\" aria-level=\"1\"><span style=\"font-weight: 400;\">Rahustab, v\u00e4hendab punetust, leevendab \u00e4rritust ja s\u00fcgelust;<\/span><\/li>\n<li style=\"font-weight: 400;\" aria-level=\"1\"><span style=\"font-weight: 400;\">Stimuleerib kudede taastumist;<\/span><\/li>\n<li style=\"font-weight: 400;\" aria-level=\"1\"><span style=\"font-weight: 400;\">Tugevdab naha barj\u00e4\u00e4ri kaitsefunktsioone;<\/span><\/li>\n<li style=\"font-weight: 400;\" aria-level=\"1\"><span style=\"font-weight: 400;\">Aktiveerib kollageeni ja h\u00fcaluroonhappe s\u00fcnteesi.<\/span><\/li>\n<\/ul>\n<p>&nbsp;<\/p>\n<p>&nbsp;<\/p>","protected":false},"featured_media":8060,"comment_status":"open","ping_status":"closed","template":"","meta":{"_eb_attr":"","jetpack_post_was_ever_published":false,"_joinchat":[]},"product_brand":[],"product_cat":[449,211],"product_tag":[453,467,247,413],"class_list":{"0":"post-8063","1":"product","2":"type-product","3":"status-publish","4":"has-post-thumbnail","6":"product_cat-skin1004","7":"product_cat-penki-i-geli-dlya-umyvaniya","8":"product_tag-skin1004-madagascar-centella-line","9":"product_tag-tonkaya-kozha","10":"product_tag-centella","11":"product_tag-chuvstvitelnaya-kozha","13":"first","14":"outofstock","15":"sale","16":"shipping-taxable","17":"purchasable","18":"product-type-simple"},"jetpack_sharing_enabled":true,"_links":{"self":[{"href":"https:\/\/liluilu.ee\/et\/wp-json\/wp\/v2\/product\/8063","targetHints":{"allow":["GET"]}}],"collection":[{"href":"https:\/\/liluilu.ee\/et\/wp-json\/wp\/v2\/product"}],"about":[{"href":"https:\/\/liluilu.ee\/et\/wp-json\/wp\/v2\/types\/product"}],"replies":[{"embeddable":true,"href":"https:\/\/liluilu.ee\/et\/wp-json\/wp\/v2\/comments?post=8063"}],"version-history":[{"count":10,"href":"https:\/\/liluilu.ee\/et\/wp-json\/wp\/v2\/product\/8063\/revisions"}],"predecessor-version":[{"id":8556,"href":"https:\/\/liluilu.ee\/et\/wp-json\/wp\/v2\/product\/8063\/revisions\/8556"}],"wp:featuredmedia":[{"embeddable":true,"href":"https:\/\/liluilu.ee\/et\/wp-json\/wp\/v2\/media\/8060"}],"wp:attachment":[{"href":"https:\/\/liluilu.ee\/et\/wp-json\/wp\/v2\/media?parent=8063"}],"wp:term":[{"taxonomy":"product_brand","embeddable":true,"href":"https:\/\/liluilu.ee\/et\/wp-json\/wp\/v2\/product_brand?post=8063"},{"taxonomy":"product_cat","embeddable":true,"href":"https:\/\/liluilu.ee\/et\/wp-json\/wp\/v2\/product_cat?post=8063"},{"taxonomy":"product_tag","embeddable":true,"href":"https:\/\/liluilu.ee\/et\/wp-json\/wp\/v2\/product_tag?post=8063"}],"curies":[{"name":"t\u00f6\u00f6leht","href":"https:\/\/api.w.org\/{rel}","templated":true}]}}