{"id":7989,"date":"2022-09-15T14:58:58","date_gmt":"2022-09-15T11:58:58","guid":{"rendered":"https:\/\/liluilu.ee\/?post_type=product&#038;p=7989"},"modified":"2026-04-14T21:05:10","modified_gmt":"2026-04-14T18:05:10","slug":"isntree-tw-real-eye-cream","status":"publish","type":"product","link":"https:\/\/liluilu.ee\/et\/isntree-tw-real-eye-cream\/","title":{"rendered":"Noorendav silma\u00fcmbruskreem peptiidide ja probiootikumidega \u2014 Isntree TW-Real Eye Cream (30 ml)"},"content":{"rendered":"<p><span style=\"font-weight: 400;\">Kui teie silma\u00fcmbrusnahk vajab pinguldamist, toitmist ja vananemisvastast hooldust, proovige <strong>Isntree TW-Real Eye Cream<\/strong>.<\/span><\/p>\n<p>&nbsp;<\/p>\n<p><span style=\"font-weight: 400;\">See toitev kreem on t\u00e4is probiootikume, peptiide, v\u00e4\u00e4rtuslikke \u00f5lisid ja kasvufaktoreid.<\/span><\/p>\n<p>&nbsp;<\/p>\n<p><span style=\"font-weight: 400;\">Just see, mida vajate, et aeglustada vanusega seotud muutusi, muuta silmad avatuks ning anda nahale v\u00e4rske ja s\u00e4rav v\u00e4limus.<\/span><\/p>\n<p>&nbsp;<\/p>\n<p><span style=\"font-weight: 400;\"><strong>Isntree TW-Real Eye Cream<\/strong>:<\/span><\/p>\n<p>&nbsp;<\/p>\n<ul>\n<li style=\"font-weight: 400;\" aria-level=\"1\"><span style=\"font-weight: 400;\">Toniseerib ja pinguldab nahka;<\/span><\/li>\n<li style=\"font-weight: 400;\" aria-level=\"1\"><span style=\"font-weight: 400;\">Teeb selle tihedaks, elastseks ja tugevaks;<\/span><\/li>\n<li style=\"font-weight: 400;\" aria-level=\"1\"><span style=\"font-weight: 400;\">V\u00e4hendab kortsude pindala ja s\u00fcgavust;<\/span><\/li>\n<li style=\"font-weight: 400;\" aria-level=\"1\"><span style=\"font-weight: 400;\">K\u00f5rvaldab tuhmuse ja \u00fchtlustab tooni;<\/span><\/li>\n<li style=\"font-weight: 400;\" aria-level=\"1\"><span style=\"font-weight: 400;\">Toniseerib ja aitab leevendada turset;<\/span><\/li>\n<li style=\"font-weight: 400;\" aria-level=\"1\"><span style=\"font-weight: 400;\">Hoolitseb nahabarj\u00e4\u00e4ri tervise eest ja elavdab mikrobioomi.<\/span><\/li>\n<\/ul>\n<p>&nbsp;<\/p>\n<h2><\/h2>\n<h2><i>Isntree TW-Real Eye Cream omadused ja koostis:<\/i><\/h2>\n<p><span style=\"font-weight: 400;\">Valem p\u00f5hineb k\u00f5rge kontsentratsiooniga Bifida l\u00fcsaadil. <\/span><b>(61%)<\/b><span style=\"font-weight: 400;\"> ja peptiidkompleks koos kasvufaktoritega.<\/span><\/p>\n<p>&nbsp;<\/p>\n<p><span style=\"font-weight: 400;\">See kombinatsioon m\u00f5jutab k\u00f5iki vananemisega seotud muutusi, sellel on silmatorkav t\u00f5stev toime ja see noorendab nahka m\u00e4rkimisv\u00e4\u00e4rselt.<\/span><\/p>\n<p>&nbsp;<\/p>\n<p><b>Bifida l\u00fcsaat<\/b><span style=\"font-weight: 400;\"> sisaldab suures koguses valke, peptiide, vitamiine ja aminohappeid.\u00a0<\/span><\/p>\n<p>&nbsp;<\/p>\n<p><span style=\"font-weight: 400;\">See on eriti kasulik naha tuhmumise korral, kuna:<\/span><\/p>\n<p>&nbsp;<\/p>\n<ul>\n<li style=\"font-weight: 400;\" aria-level=\"1\"><span style=\"font-weight: 400;\">Taastab nahabarj\u00e4\u00e4ri kaitsefunktsioonid;<\/span><\/li>\n<li style=\"font-weight: 400;\" aria-level=\"1\"><span style=\"font-weight: 400;\">Toniseerib ja pinguldab nahka;<\/span><\/li>\n<li style=\"font-weight: 400;\" aria-level=\"1\"><span style=\"font-weight: 400;\">See parandab mikrotsirkulatsiooni ja aitab leevendada turset.<\/span><\/li>\n<\/ul>\n<p>&nbsp;<\/p>\n<p><b>EGF (SH-oligopeptiid-1)<\/b><span style=\"font-weight: 400;\"> uuendab epidermist, parandab naha elastsust ja pinguldatust. Stimuleerib kollageeni, elastiini ja h\u00fcaluroonhappe s\u00fcnteesi.<\/span><\/p>\n<p>&nbsp;<\/p>\n<p><b>IGF (SH-oligopeptiid-2)<\/b><span style=\"font-weight: 400;\"> niisutab intensiivselt, k\u00f5rvaldab tuhmuse ja tumedad ringid.<\/span><\/p>\n<p>&nbsp;<\/p>\n<p><b>FGF (SH-pol\u00fcpeptiid-1).<\/b><span style=\"font-weight: 400;\"> taastab niiskusepuudust, s\u00e4ilitab h\u00fcdrotasakaalu, aitab nahal j\u00e4\u00e4da siledaks ja elastseks.<\/span><\/p>\n<p>&nbsp;<\/p>\n<p><b>Atset\u00fc\u00fclheksapeptiid-8<\/b><span style=\"font-weight: 400;\"> v\u00e4hendab kortsude v\u00e4ljendumist ja takistab uute moodustumist.<\/span><\/p>\n<p>&nbsp;<\/p>\n<p><b>V\u00e4\u00e4rtuslikud \u00f5lid (karitsa-, avokaado- ja mangoseemne\u00f5li).<\/b><span style=\"font-weight: 400;\"> k\u00f5rvaldavad kuivuse ja pakuvad rikkalikku toitu. Toitke nahka rasvhapete, aminohapete ja vitamiinidega, sealhulgas A-, D- ja E-vitamiinidega.\u00a0<\/span><\/p>\n<p>&nbsp;<\/p>\n<p><b>Niatsiinamiid ja C-vitamiini stabiilne vorm<\/b><span style=\"font-weight: 400;\"> tasandada \u00f5rnalt tooni, muutes selle puhtaks ja \u00fchtlaseks.\u00a0<\/span><\/p>\n<p>&nbsp;<\/p>\n<p><b>Ceramide NP ja kolesterool<\/b><span style=\"font-weight: 400;\"> osaleda tugeva kaitsva barj\u00e4\u00e4ri moodustamisel. Nad taastavad naha v\u00f5ime s\u00e4ilitada niiskust ja seista vastu keskkonna agressiivsetele m\u00f5judele.<\/span><\/p>\n<p>&nbsp;<\/p>\n<p><span style=\"font-weight: 400;\">Kreem ei tekita \u00e4rritust ja l\u00e4biviidud testide tulemusena <\/span><b>h\u00fcpoallergeenne<\/b><span style=\"font-weight: 400;\">. Selle naha\u00e4rrituse indeks on 0,05.<\/span><\/p>\n<p>&nbsp;<\/p>\n<p><span style=\"font-weight: 400;\">Isntree TW-Real silmakreem. <\/span><b>multifunktsionaalne<\/b><span style=\"font-weight: 400;\">.<\/span><\/p>\n<p>&nbsp;<\/p>\n<p><span style=\"font-weight: 400;\">Kreemi v\u00f5ib kasutada mitte ainult silmapiirkonnas. Tootja soovitab kreemi kasutada ka:<\/span><\/p>\n<ul>\n<li style=\"font-weight: 400;\" aria-level=\"1\"><span style=\"font-weight: 400;\">huultel ja nasolaabiaalvoltidel;<\/span><\/li>\n<li style=\"font-weight: 400;\" aria-level=\"1\"><span style=\"font-weight: 400;\">kaela \u00fcmber;<\/span><\/li>\n<li style=\"font-weight: 400;\" aria-level=\"1\"><span style=\"font-weight: 400;\">otsmiku kortsude puhul.<\/span><\/li>\n<\/ul>\n<p>&nbsp;<\/p>\n<p><span style=\"font-weight: 400;\">Kasutamise ja doseerimise lihtsustamiseks on toru varustatud \u00fcmmarguse toruga. <\/span><b>tilguti aplikaator<\/b><span style=\"font-weight: 400;\">.\u00a0<\/span><\/p>\n<p>&nbsp;<\/p>\n<p><span style=\"font-weight: 400;\">See muudab mahu reguleerimise lihtsaks ja ei tekita \u00e4rritust, isegi kui puudutate aplikaatoriga \u00f5rna silmapiirkonda.<\/span><\/p>\n<p>&nbsp;<\/p>\n<p><span style=\"font-weight: 400;\">Isntree TW-Real silmakreem on l\u00f5hnatu ja rikkaliku, tiheda tekstuuriga. Kuumuse m\u00f5jul sulab kreem ja \u00fcmbritseb nahka \u00f5rnalt. See imendub j\u00e4rk-j\u00e4rgult. See j\u00e4tab toidetud, pinguldatud ja elastsema naha tunde, mis kestab kogu p\u00e4eva.<\/span><\/p>\n<p>&nbsp;<\/p>\n<p><b>Soovitame Isntree TW-Real Eye Cream:<\/b><\/p>\n<p>&nbsp;<\/p>\n<ul>\n<li style=\"font-weight: 400;\" aria-level=\"1\"><span style=\"font-weight: 400;\">T\u00f5stmiseks, tugevuse ja elastsuse parandamiseks;<\/span><\/li>\n<li style=\"font-weight: 400;\" aria-level=\"1\"><span style=\"font-weight: 400;\">Kuivuse ja rohke toitmise k\u00f5rvaldamiseks;<\/span><\/li>\n<li style=\"font-weight: 400;\" aria-level=\"1\"><span style=\"font-weight: 400;\">Likvideerida tuhm nahatoon ja v\u00e4sinud silmad (panda silmad);<\/span><\/li>\n<li style=\"font-weight: 400;\" aria-level=\"1\"><span style=\"font-weight: 400;\">Et v\u00e4ltida uute kortsude teket;<\/span><\/li>\n<li style=\"font-weight: 400;\" aria-level=\"1\"><span style=\"font-weight: 400;\">Igak\u00fclgseks vananemisvastaseks hoolduseks.<\/span><\/li>\n<\/ul>\n<p>&nbsp;<\/p>\n<p><span style=\"font-weight: 400;\">Kui kasutate kreemi koos ampulliga <\/span><span style=\"color: #0000ff;\"><a style=\"color: #0000ff;\" href=\"https:\/\/liluilu.ee\/et\/isntree-tw-real-bifida-ampoule-50ml\/\" target=\"_blank\" rel=\"noopener\"><span style=\"font-weight: 400;\">Isntree TW-Real Bifida Ampoule<\/span><\/a><\/span><span style=\"font-weight: 400;\"> saavutatakse k\u00f5ige tugevam m\u00f5ju.<\/span><\/p>\n<p>&nbsp;<\/p>\n<p><b>Kuidas kasutada:<\/b><\/p>\n<p><span style=\"font-weight: 400;\">Kandke v\u00e4ike kogus kreemi silmade \u00fcmber ja vajadusel huultele, nasolabiaalvoldidele, otsmikule ja kaela piirkonda.<\/span><\/p>\n<p><span style=\"font-weight: 400;\">Patsutage toodet \u00f5rnalt, et see paremini sisse imenduks.<\/span><\/p>\n<p>&nbsp;<\/p>\n<p><b>Netokogus:<\/b><span style=\"font-weight: 400;\"> 30 ml<\/span><\/p>\n<p>&nbsp;<\/p>\n<p><a title=\"TARNETINGIMUSED\" href=\"https:\/\/liluilu.ee\/et\/kohaletoimetamine\/\" target=\"_blank\" rel=\"noopener\">TARNETINGIMUSED<\/a><\/p>","protected":false},"excerpt":{"rendered":"<p>\u0415\u0441\u043b\u0438 \u0442\u0432\u043e\u044f \u043a\u043e\u0436\u0430 \u0432\u043e\u043a\u0440\u0443\u0433 \u0433\u043b\u0430\u0437 \u043d\u0443\u0436\u0434\u0430\u0435\u0442\u0441\u044f \u0432 \u043b\u0438\u0444\u0442\u0438\u043d\u0433\u0435, \u043f\u0438\u0442\u0430\u043d\u0438\u0438 \u0438 \u0430\u043d\u0442\u0438\u0432\u043e\u0437\u0440\u0430\u0441\u0442\u043d\u043e\u043c \u0443\u0445\u043e\u0434\u0435, \u043f\u043e\u043f\u0440\u043e\u0431\u0443\u0439 Isntree TW-Real Eye Cream. &nbsp; \u042d\u0442\u043e\u0442 \u043f\u0438\u0442\u0430\u0442\u0435\u043b\u044c\u043d\u044b\u0439 \u043a\u0440\u0435\u043c \u043d\u0430\u0441\u044b\u0449\u0435\u043d \u043f\u0440\u043e\u0431\u0438\u043e\u0442\u0438\u043a\u0430\u043c\u0438, \u043f\u0435\u043f\u0442\u0438\u0434\u0430\u043c\u0438, \u0446\u0435\u043d\u043d\u044b\u043c\u0438 \u043c\u0430\u0441\u043b\u0430\u043c\u0438 \u0438 \u0444\u0430\u043a\u0442\u043e\u0440\u0430\u043c\u0438 \u0440\u043e\u0441\u0442\u0430. &nbsp; \u0422\u043e, \u0447\u0442\u043e \u043d\u0443\u0436\u043d\u043e, \u0447\u0442\u043e\u0431\u044b \u0437\u0430\u043c\u0435\u0434\u043b\u0438\u0442\u044c \u0432\u043e\u0437\u0440\u0430\u0441\u0442\u043d\u044b\u0435 \u0438\u0437\u043c\u0435\u043d\u0435\u043d\u0438\u044f, \u0441\u0434\u0435\u043b\u0430\u0442\u044c \u0432\u0437\u0433\u043b\u044f\u0434 \u0440\u0430\u0441\u043f\u0430\u0445\u043d\u0443\u0442\u044b\u043c, \u0430 \u043a\u043e\u0436\u0435 \u043f\u0440\u0438\u0434\u0430\u0442\u044c \u0441\u0432\u0435\u0436\u0438\u0439 \u0438 \u0445\u043e\u043b\u0435\u043d\u044b\u0439 \u0432\u0438\u0434. &nbsp; Isntree TW-Real Eye Cream: &nbsp; \u041f\u043e\u0432\u044b\u0448\u0430\u0435\u0442 \u0442\u043e\u043d\u0443\u0441 [&hellip;]<\/p>","protected":false},"featured_media":16783,"comment_status":"open","ping_status":"closed","template":"","meta":{"_eb_attr":"","jetpack_post_was_ever_published":false,"_joinchat":[]},"product_brand":[873],"product_cat":[66,305],"product_tag":[287,355,353,445,351,391,465,239,297],"class_list":{"0":"post-7989","1":"product","2":"type-product","3":"status-publish","4":"has-post-thumbnail","6":"product_brand-isntree","7":"product_cat-isntree","8":"product_cat-kremy-dlya-oblasti-vokrug-glaz","9":"product_tag-egf","10":"product_tag-fgf","11":"product_tag-igf","12":"product_tag-antivozrastnoj-uhod","13":"product_tag-kosmetika-s-faktorom-rosta","14":"product_tag-lizat-bifidobakterij","15":"product_tag-lifting","16":"product_tag-peptidy","17":"product_tag-probiotiki","19":"first","20":"instock","21":"sale","22":"shipping-taxable","23":"purchasable","24":"product-type-simple"},"jetpack_sharing_enabled":true,"_links":{"self":[{"href":"https:\/\/liluilu.ee\/et\/wp-json\/wp\/v2\/product\/7989","targetHints":{"allow":["GET"]}}],"collection":[{"href":"https:\/\/liluilu.ee\/et\/wp-json\/wp\/v2\/product"}],"about":[{"href":"https:\/\/liluilu.ee\/et\/wp-json\/wp\/v2\/types\/product"}],"replies":[{"embeddable":true,"href":"https:\/\/liluilu.ee\/et\/wp-json\/wp\/v2\/comments?post=7989"}],"version-history":[{"count":7,"href":"https:\/\/liluilu.ee\/et\/wp-json\/wp\/v2\/product\/7989\/revisions"}],"predecessor-version":[{"id":7996,"href":"https:\/\/liluilu.ee\/et\/wp-json\/wp\/v2\/product\/7989\/revisions\/7996"}],"wp:featuredmedia":[{"embeddable":true,"href":"https:\/\/liluilu.ee\/et\/wp-json\/wp\/v2\/media\/16783"}],"wp:attachment":[{"href":"https:\/\/liluilu.ee\/et\/wp-json\/wp\/v2\/media?parent=7989"}],"wp:term":[{"taxonomy":"product_brand","embeddable":true,"href":"https:\/\/liluilu.ee\/et\/wp-json\/wp\/v2\/product_brand?post=7989"},{"taxonomy":"product_cat","embeddable":true,"href":"https:\/\/liluilu.ee\/et\/wp-json\/wp\/v2\/product_cat?post=7989"},{"taxonomy":"product_tag","embeddable":true,"href":"https:\/\/liluilu.ee\/et\/wp-json\/wp\/v2\/product_tag?post=7989"}],"curies":[{"name":"t\u00f6\u00f6leht","href":"https:\/\/api.w.org\/{rel}","templated":true}]}}