{"id":7918,"date":"2022-09-02T12:51:22","date_gmt":"2022-09-02T09:51:22","guid":{"rendered":"https:\/\/liluilu.ee\/?post_type=product&#038;p=7918"},"modified":"2026-04-23T20:53:04","modified_gmt":"2026-04-23T17:53:04","slug":"skin1004-madagascar-centella-ampoule","status":"publish","type":"product","link":"https:\/\/liluilu.ee\/et\/skin1004-madagascar-centella-ampoule\/","title":{"rendered":"Tsenella ekstraktiga taastav seerum SKIN1004 Madagascar Centella Ampull 100ml."},"content":{"rendered":"<h2><i><span style=\"font-weight: 400;\">SKIN1004 Madagaskar Centella ampulli omadused ja koostis<\/span><\/i><\/h2>\n<p>&nbsp;<\/p>\n<p><span style=\"font-weight: 400;\">Ampull per <\/span><b>100% koosneb tsentella ekstraktist<\/b><span style=\"font-weight: 400;\">kasvatatud Madagaskaril. See on eriline SKIN1004 eriline koostisosa ja kaubam\u00e4rgi uhkus.<\/span><\/p>\n<p>&nbsp;<\/p>\n<p><span style=\"font-weight: 400;\">Centellat kasvatatakse Madagaskari m\u00e4gistes piirkondades, kus loodus on s\u00e4ilinud oma \u00fcrgses olekus 200 miljonit aastat.<\/span><\/p>\n<p>&nbsp;<\/p>\n<p><span style=\"font-weight: 400;\">Tsentella kasvatatakse eritingimustes, korjatakse k\u00e4sitsi ja l\u00e4bib kiire 4-astmelise ekstraheerimisprotsessi.<\/span><\/p>\n<p>&nbsp;<\/p>\n<p><span style=\"font-weight: 400;\">Selle tulemusena s\u00fcnnib <\/span><b>puhas, kvaliteetne <\/b><span style=\"font-weight: 400;\">toode, mis avab centella kogu potentsiaali:<\/span><\/p>\n<p>&nbsp;<\/p>\n<ul>\n<li style=\"font-weight: 400;\" aria-level=\"1\"><span style=\"font-weight: 400;\">Centella ekstrakt on suurep\u00e4rane nahka rahustav ja elavdav;<\/span><\/li>\n<\/ul>\n<p>&nbsp;<\/p>\n<ul>\n<li style=\"font-weight: 400;\" aria-level=\"1\"><span style=\"font-weight: 400;\">Sellel on haavade paranemise ja p\u00f5letikuvastased omadused;<\/span><\/li>\n<\/ul>\n<p>&nbsp;<\/p>\n<ul>\n<li style=\"font-weight: 400;\" aria-level=\"1\"><span style=\"font-weight: 400;\">See tugevdab kapillaaride seinu ja aitab v\u00f5idelda kuperoosi vastu;<\/span><\/li>\n<\/ul>\n<p>&nbsp;<\/p>\n<ul>\n<li style=\"font-weight: 400;\" aria-level=\"1\"><span style=\"font-weight: 400;\">Toonib ja parandab jume;<\/span><\/li>\n<\/ul>\n<p>&nbsp;<\/p>\n<ul>\n<li style=\"font-weight: 400;\" aria-level=\"1\"><span style=\"font-weight: 400;\">Stimuleerib kollageeni, elastiini ja h\u00fcaluroonhappe s\u00fcnteesi. Sellel on v\u00e4ljendunud noorendav toime;<\/span><\/li>\n<\/ul>\n<p>&nbsp;<\/p>\n<ul>\n<li style=\"font-weight: 400;\" aria-level=\"1\"><span style=\"font-weight: 400;\">Kaitseb nahka vabade radikaalide ja UV-kiirguse kahjuliku m\u00f5ju eest, kuna on v\u00f5imas looduslik antioks\u00fcdant.<\/span><\/li>\n<\/ul>\n<p>&nbsp;<\/p>\n<p><span style=\"font-weight: 400;\">Seerumi on langetatud <\/span><b>pH (5,5).<\/b><span style=\"font-weight: 400;\"> See v\u00e4\u00e4rtus on v\u00f5imalikult l\u00e4hedal terve naha pH-le.\u00a0<\/span><\/p>\n<p>&nbsp;<\/p>\n<p><span style=\"font-weight: 400;\">See kergelt happeline keskkond tasakaalustab kahjustatud nahka, ennetab p\u00f5letikku ja s\u00e4ilitab nahabarj\u00e4\u00e4ri tervise.<\/span><\/p>\n<p>&nbsp;<\/p>\n<p><span style=\"font-weight: 400;\">SKIN1004 Madagaskar Centella ampullil on. <\/span><b>EWG sertifitseerimine<\/b><span style=\"font-weight: 400;\"> (roheline klass).<\/span><\/p>\n<p>&nbsp;<\/p>\n<p><b>Seerum ei ummista poore<\/b><span style=\"font-weight: 400;\"> ja ei tekita komeedoneid (mittekomedogeenne test l\u00f5petatud).<\/span><\/p>\n<p>&nbsp;<\/p>\n<p><span style=\"font-weight: 400;\">Vahenditega <\/span><b>praktiliselt l\u00f5hnatu ja \u00f5rna meev\u00e4rviga.<\/b><span style=\"font-weight: 400;\">. Toon v\u00f5ib veidi varieeruda, kuna v\u00e4rvi ei anna mitte kunstlik v\u00e4rvaine, vaid otse tsentella ekstrakt ise.<\/span><\/p>\n<p>&nbsp;<\/p>\n<p><b>Tekstuur on v\u00e4ga kerge ja niisutav.<\/b><span style=\"font-weight: 400;\">. V\u00f5imaldab seerumit vajadusel kanda mitme kihina. Toode imendub kiiresti, ilma kleepuvuseta. J\u00e4tab \u00f5rna satiinse viimistluse, j\u00e4ttes nahale rahuliku ja mugava tunde.<\/span><\/p>\n<p>&nbsp;<\/p>\n<p><b>Soovitame SKIN1004 Madagaskar Centella ampulli.<\/b><span style=\"font-weight: 400;\">:<\/span><\/p>\n<p>&nbsp;<\/p>\n<ul>\n<li style=\"font-weight: 400;\" aria-level=\"1\"><span style=\"font-weight: 400;\">K\u00f5igi nahat\u00fc\u00fcpide tundlikule nahale;\u00a0<\/span><\/li>\n<li style=\"font-weight: 400;\" aria-level=\"1\"><span style=\"font-weight: 400;\">\u00c4rritusele ja punetusele kalduvale nahale;<\/span><\/li>\n<li style=\"font-weight: 400;\" aria-level=\"1\"><span style=\"font-weight: 400;\">Kahjustatud naha taastamiseks (nt p\u00e4rast koorimist, retinooli ja muud agressiivset ravi);<\/span><\/li>\n<li style=\"font-weight: 400;\" aria-level=\"1\"><span style=\"font-weight: 400;\">Probleemsele nahale, mis kaldub p\u00f5letikule ja aknele;\u00a0<\/span><\/li>\n<li style=\"font-weight: 400;\" aria-level=\"1\"><span style=\"font-weight: 400;\">Kuperoosile kalduvale nahale;<\/span><\/li>\n<li style=\"font-weight: 400;\" aria-level=\"1\"><span style=\"font-weight: 400;\">Vananemisvastane hooldus k\u00f5ikidele nahat\u00fc\u00fcpidele.<\/span><\/li>\n<\/ul>\n<p>&nbsp;<\/p>\n<p><span style=\"font-weight: 400;\">Maksimaalse efekti saavutamiseks soovitame luua tervikliku hooldusre\u017eiimi, kasutades tundlikule nahale m\u00f5eldud SKIN1004 Madagascar Centella sarja tooteid:<\/span><\/p>\n<p>&nbsp;<\/p>\n<ul>\n<li style=\"font-weight: 400;\" aria-level=\"1\"><span style=\"color: #0000ff;\"><a style=\"color: #0000ff;\" href=\"https:\/\/liluilu.ee\/et\/skin1004-madagascar-centella-light-cleansing-oil-200ml\/\" target=\"_blank\" rel=\"noopener\"><span style=\"font-weight: 400;\">Puhastus\u00f5li<\/span><\/a><\/span><\/li>\n<li style=\"font-weight: 400;\" aria-level=\"1\"><span style=\"color: #0000ff;\"><a style=\"color: #0000ff;\" href=\"https:\/\/liluilu.ee\/et\/skin1004-madagascar-centella-ampoule-foam\/\" target=\"_blank\" rel=\"noopener\"><span style=\"font-weight: 400;\">Puhastusvaht<\/span><\/a><\/span><\/li>\n<li style=\"font-weight: 400;\" aria-level=\"1\"><span style=\"color: #0000ff;\"><a style=\"color: #0000ff;\" href=\"https:\/\/liluilu.ee\/et\/skin1004-madagascar-centella-toning-toner-210-ml\/\" target=\"_blank\" rel=\"noopener\"><span style=\"font-weight: 400;\">Toonik tundlikule nahale<\/span><\/a><\/span><\/li>\n<li style=\"font-weight: 400;\" aria-level=\"1\"><span style=\"color: #0000ff;\"><a style=\"color: #0000ff;\" href=\"https:\/\/liluilu.ee\/et\/skin1004-madagascar-centella-cream\/\" target=\"_blank\" rel=\"noopener\"><span style=\"font-weight: 400;\">Elustav kreem<\/span><\/a><\/span><\/li>\n<\/ul>\n<p>&nbsp;<\/p>\n<p><b>Kuidas kasutada:<\/b><\/p>\n<p><span style=\"font-weight: 400;\">Kandke vajalik kogus SKIN1004 Madagaskar Centella Ampoule'i eelnevalt puhastatud ja toonitud n\u00e4ole ja kaelale. Levitage seerum ja patsutage toodet \u00f5rnalt s\u00f5rmedega, et see imenduks.<\/span><\/p>\n<p><span style=\"font-weight: 400;\">Vajaduse korral v\u00f5ib kanda mitu kihti.<\/span><\/p>\n<p>&nbsp;<\/p>\n<p><b>Netokogus:<\/b> <span style=\"font-weight: 400;\">100 ml.<\/span><\/p>\n<p>&nbsp;<\/p>\n<p><a href=\"https:\/\/liluilu.ee\/et\/kohaletoimetamine\/\" target=\"_blank\" rel=\"noopener\">TARNETINGIMUSED<\/a><\/p>","protected":false},"excerpt":{"rendered":"<p><span style=\"font-weight: 400;\">SKIN1004 Madagaskar Centella Ampull taastav, rahustav ja noorendav seerum.<\/span><\/p>\n<p>&nbsp;<\/p>\n<p><span style=\"font-weight: 400;\">See h\u00e4mmastav toode 100% koosneb kosutavast tsentella ekstraktist ja s\u00f5na otseses m\u00f5ttes muudab nahka. See pakub t\u00f5husat, kuid samas \u00f5rna hooldust.<\/span><\/p>\n<p>&nbsp;<\/p>\n<p><span style=\"font-weight: 400;\">SKIN1004 Madagaskar Centella ampull:<\/span><\/p>\n<p>&nbsp;<\/p>\n<ul>\n<li style=\"font-weight: 400;\" aria-level=\"1\"><span style=\"font-weight: 400;\">Rahustab, leevendab \u00e4rritust ja s\u00fcgelust;<\/span><\/li>\n<li style=\"font-weight: 400;\" aria-level=\"1\"><span style=\"font-weight: 400;\">See k\u00f5rvaldab punetuse ja parandab jume;<\/span><\/li>\n<li style=\"font-weight: 400;\" aria-level=\"1\"><span style=\"font-weight: 400;\">Parandab ja elustab nahka kiiresti;<\/span><\/li>\n<li style=\"font-weight: 400;\" aria-level=\"1\"><span style=\"font-weight: 400;\">Tasakaalustab talitootmist ja v\u00e4hendab rasvast l\u00e4iget;<\/span><\/li>\n<li style=\"font-weight: 400;\" aria-level=\"1\"><span style=\"font-weight: 400;\">Annab nahatekstuurile pehmuse, \u00f5rnuse ja siidilisuse;<\/span><\/li>\n<li style=\"font-weight: 400;\" aria-level=\"1\"><span style=\"font-weight: 400;\">Suurendab toonust, parandab elastsust ja tugevust;<\/span><\/li>\n<li style=\"font-weight: 400;\" aria-level=\"1\"><span style=\"font-weight: 400;\">Tagab antioks\u00fcdantide kaitse ja naha barj\u00e4\u00e4ri tervise.<\/span><\/li>\n<\/ul>\n<p>&nbsp;<\/p>","protected":false},"featured_media":13689,"comment_status":"open","ping_status":"closed","template":"","meta":{"_eb_attr":"","jetpack_post_was_ever_published":false,"_joinchat":[]},"product_brand":[],"product_cat":[449,226],"product_tag":[453,445,443,451,247,413],"class_list":{"0":"post-7918","1":"product","2":"type-product","3":"status-publish","4":"has-post-thumbnail","6":"product_cat-skin1004","7":"product_cat-serumy","8":"product_tag-skin1004-madagascar-centella-line","9":"product_tag-antivozrastnoj-uhod","10":"product_tag-antioksidanty","11":"product_tag-problemnaya-kozha","12":"product_tag-centella","13":"product_tag-chuvstvitelnaya-kozha","15":"first","16":"instock","17":"sale","18":"shipping-taxable","19":"purchasable","20":"product-type-simple"},"jetpack_sharing_enabled":true,"_links":{"self":[{"href":"https:\/\/liluilu.ee\/et\/wp-json\/wp\/v2\/product\/7918","targetHints":{"allow":["GET"]}}],"collection":[{"href":"https:\/\/liluilu.ee\/et\/wp-json\/wp\/v2\/product"}],"about":[{"href":"https:\/\/liluilu.ee\/et\/wp-json\/wp\/v2\/types\/product"}],"replies":[{"embeddable":true,"href":"https:\/\/liluilu.ee\/et\/wp-json\/wp\/v2\/comments?post=7918"}],"version-history":[{"count":9,"href":"https:\/\/liluilu.ee\/et\/wp-json\/wp\/v2\/product\/7918\/revisions"}],"predecessor-version":[{"id":13694,"href":"https:\/\/liluilu.ee\/et\/wp-json\/wp\/v2\/product\/7918\/revisions\/13694"}],"wp:featuredmedia":[{"embeddable":true,"href":"https:\/\/liluilu.ee\/et\/wp-json\/wp\/v2\/media\/13689"}],"wp:attachment":[{"href":"https:\/\/liluilu.ee\/et\/wp-json\/wp\/v2\/media?parent=7918"}],"wp:term":[{"taxonomy":"product_brand","embeddable":true,"href":"https:\/\/liluilu.ee\/et\/wp-json\/wp\/v2\/product_brand?post=7918"},{"taxonomy":"product_cat","embeddable":true,"href":"https:\/\/liluilu.ee\/et\/wp-json\/wp\/v2\/product_cat?post=7918"},{"taxonomy":"product_tag","embeddable":true,"href":"https:\/\/liluilu.ee\/et\/wp-json\/wp\/v2\/product_tag?post=7918"}],"curies":[{"name":"t\u00f6\u00f6leht","href":"https:\/\/api.w.org\/{rel}","templated":true}]}}