{"id":7835,"date":"2022-09-01T17:08:56","date_gmt":"2022-09-01T14:08:56","guid":{"rendered":"https:\/\/liluilu.ee\/?post_type=product&#038;p=7835"},"modified":"2026-04-23T20:53:23","modified_gmt":"2026-04-23T17:53:23","slug":"skin1004-madagascar-centella-toning-toner-210-ml","status":"publish","type":"product","link":"https:\/\/liluilu.ee\/et\/skin1004-madagascar-centella-toning-toner-210-ml\/","title":{"rendered":"Toonik tundlikule nahale SKIN1004 Madagascar Centella Toniseeriv Toonik 210ml."},"content":{"rendered":"<h2><i><span style=\"font-weight: 400;\">Toniseeriva tooniku SKIN1004 Madagascar Centella omadused ja koostis<\/span><\/i><span style=\"font-weight: 400;\">\u00a0<\/span><\/h2>\n<p><span style=\"font-weight: 400;\">Valem p\u00f5hineb patenteeritud koostisosal SKIN1004 - <\/span><b>84% Centella Asiatica ekstrakt, <\/b><span style=\"font-weight: 400;\">kasvanud Madagaskaril.<\/span><\/p>\n<p>&nbsp;<\/p>\n<p><b>See on eriline ekstrakt.<\/b><span style=\"font-weight: 400;\">\u00a0<\/span><\/p>\n<p><span style=\"font-weight: 400;\">Centellat kasvatati Madagaskari m\u00e4gises piirkonnas, mis on s\u00e4ilitanud loodust algsel kujul 200 miljonit aastat.\u00a0<\/span><\/p>\n<p>&nbsp;<\/p>\n<p><span style=\"font-weight: 400;\">Eritingimustes kasvatatud tsentella kogutakse k\u00e4sitsi ja l\u00e4bib kiire 4-etapilise ekstraheerimise. Selle tulemusena s\u00fcnnib <\/span><b>puhas, kvaliteetne toode<\/b><span style=\"font-weight: 400;\"> paljastades centella t\u00e4ieliku potentsiaali.<\/span><\/p>\n<p>&nbsp;<\/p>\n<p><b>Centella ekstrakt rahustab ja taastab suurep\u00e4raselt nahka.\u00a0<\/b><\/p>\n<p><span style=\"font-weight: 400;\">K\u00f5rvaldab punetuse, leevendab \u00e4rritust ja s\u00fcgelust. Soodustab kahjustatud naha kiiret taastumist ja paranemist. Toniseerib ja parandab jumet.<\/span><\/p>\n<p>&nbsp;<\/p>\n<p><span style=\"font-weight: 400;\">\u00d5rnaks koorimiseks on koostis rikastatud gl\u00fckonolaktooniga. See on \u00fcks sortidest <\/span><b>Uue p\u00f5lvkonna PHA happed<\/b><span style=\"font-weight: 400;\">. See ei \u00e4rrita tundlikku nahka ja omab samas k\u00f5iki hapete imelisi omadusi.<\/span><\/p>\n<p>&nbsp;<\/p>\n<p><b>Gl\u00fckonolaktoon<\/b><span style=\"font-weight: 400;\"> Koorib \u00f5rnalt surnud naharakkude kihti, puhastab poorid, \u00fchtlustab mikroreljeefi ja muudab nahapinna siledaks.<\/span><\/p>\n<p>&nbsp;<\/p>\n<p><span style=\"font-weight: 400;\">Aitab taastada tugeva nahabarj\u00e4\u00e4ri. <\/span><b>Omab noorendavaid omadusi,<\/b><span style=\"font-weight: 400;\"> nagu naha tiheduse suurendamine ja kortsude s\u00fcgavuse v\u00e4hendamine.<\/span><\/p>\n<p>&nbsp;<\/p>\n<p><b>Niatsiinamiid <\/b><span style=\"font-weight: 400;\">Helendab eba\u00fchtlase pigmentatsiooniga ja aknej\u00e4rgsete j\u00e4lgedega piirkondi. Avab selge ja \u00fchtlase nahatooni.\u00a0<\/span><\/p>\n<p>&nbsp;<\/p>\n<p><span style=\"font-weight: 400;\">Niatsiinamiid v\u00e4hendab ka n\u00e4o rasust, ahendab poore ja takistab akne teket.<\/span><\/p>\n<p>&nbsp;<\/p>\n<p><b>Adenosiin <\/b><span style=\"font-weight: 400;\">v\u00f5itleb kortsude vastu.<\/span><\/p>\n<p>&nbsp;<\/p>\n<p><b>H\u00fcaluroonhape, betaiin ja NMF<\/b><span style=\"font-weight: 400;\"> (looduslik niisutusfaktor)\u00a0<\/span><\/p>\n<p><span style=\"font-weight: 400;\">j\u00e4tab naha v\u00e4rske, pringi ja niisutatud tunde.<\/span><\/p>\n<p>&nbsp;<\/p>\n<p><span style=\"font-weight: 400;\">K\u00f5ik komponendid, mida on kasutatud SKIN1004 Madagascar Centella tooniva tooneri koostises <\/span><b>on EWG sertifikaadiga<\/b><span style=\"font-weight: 400;\">. See on parim t\u00f5end nende kvaliteedi ja ohutuse kohta nahale.<\/span><\/p>\n<p>&nbsp;<\/p>\n<p><span style=\"font-weight: 400;\">Tooneri juures <\/span><b>ei l\u00f5hna<\/b><span style=\"font-weight: 400;\"> ja rafineeritud <\/span><b>merevaigukollane<\/b><span style=\"font-weight: 400;\">. Kompositsioonis ei ole v\u00e4rvaineid, see on centella ekstrakti loomulik v\u00e4rv. Seet\u00f5ttu v\u00f5ib toon varieeruda heledast merevaigust tumedamaks.<\/span><\/p>\n<p>&nbsp;<\/p>\n<p><b>Tekstuur on v\u00e4ga kerge, meeldiv ja ei ole \u00fcldse kleepuv.<\/b><span style=\"font-weight: 400;\">. Pealekandmisel imendub tooner koheselt ja v\u00e4rskendab nahka. Annab talle \u00f5rna jaheduse ja mugavuse.\u00a0<\/span><\/p>\n<p>&nbsp;<\/p>\n<p><span style=\"font-weight: 400;\">Toode sobib <\/span><b>igap\u00e4evaseks kasutamiseks<\/b><span style=\"font-weight: 400;\">. Seda saab kasutada nii hommiku- kui \u00f5htuhoolduseks.<\/span><\/p>\n<p>&nbsp;<\/p>\n<p><b>Soovitame<\/b><span style=\"font-weight: 400;\"> vali SKIN1004 Madagascar Centella tooniv tooner, kui:<\/span><\/p>\n<p>&nbsp;<\/p>\n<ul>\n<li style=\"font-weight: 400;\" aria-level=\"1\"><span style=\"font-weight: 400;\">Teil on mis tahes t\u00fc\u00fcpi tundlik nahk;<\/span><\/li>\n<li style=\"font-weight: 400;\" aria-level=\"1\"><span style=\"font-weight: 400;\">Teie nahk on \u00e4rritunud ja punetav;<\/span><\/li>\n<li style=\"font-weight: 400;\" aria-level=\"1\"><span style=\"font-weight: 400;\">Teil on probleemne nahk, mis on kalduvus p\u00f5letikule ja aknele;<\/span><\/li>\n<li style=\"font-weight: 400;\" aria-level=\"1\"><span style=\"font-weight: 400;\">Sul on rosaatsea.<\/span><\/li>\n<\/ul>\n<p>&nbsp;<\/p>\n<p><span style=\"font-weight: 400;\">Maksimaalse efekti saavutamiseks soovitame luua tervikliku hooldusre\u017eiimi, kasutades tundlikule nahale m\u00f5eldud SKIN1004 Madagascar Centella sarja tooteid:<\/span><\/p>\n<p>&nbsp;<\/p>\n<ul>\n<li style=\"font-weight: 400;\" aria-level=\"1\"><span style=\"color: #0000ff;\"><a style=\"color: #0000ff;\" href=\"https:\/\/liluilu.ee\/et\/skin1004-madagascar-centella-light-cleansing-oil-200ml\/\" target=\"_blank\" rel=\"noopener\"><span style=\"font-weight: 400;\">Puhastus\u00f5li\u00a0<\/span><\/a><\/span><\/li>\n<li style=\"font-weight: 400;\" aria-level=\"1\"><span style=\"color: #0000ff;\"><a style=\"color: #0000ff;\" href=\"https:\/\/liluilu.ee\/et\/skin1004-madagascar-centella-ampoule-foam\/\" target=\"_blank\" rel=\"noopener\"><span style=\"font-weight: 400;\">Puhastusvaht<\/span><\/a><\/span><\/li>\n<li style=\"font-weight: 400;\" aria-level=\"1\"><span style=\"color: #0000ff;\"><a style=\"color: #0000ff;\" href=\"https:\/\/liluilu.ee\/et\/skin1004-madagascar-centella-ampoule-55ml\/\" target=\"_blank\" rel=\"noopener\"><span style=\"font-weight: 400;\">Taastav ampull<\/span><\/a><\/span><\/li>\n<li style=\"font-weight: 400;\" aria-level=\"1\"><span style=\"color: #0000ff;\"><a style=\"color: #0000ff;\" href=\"https:\/\/liluilu.ee\/et\/skin1004-madagascar-centella-cream\/\" target=\"_blank\" rel=\"noopener\"><span style=\"font-weight: 400;\">Elustav kreem<\/span><\/a><\/span><\/li>\n<\/ul>\n<p>&nbsp;<\/p>\n<p><b>Kuidas kasutada:<\/b><\/p>\n<p><span style=\"font-weight: 400;\">Kanna peopesade abil rohkelt toonikut puhtale n\u00e4o- ja kaelanahale. Kasutades s\u00f5rmedega \u00f5rnaid patsutusliigutusi, aita tootel t\u00e4ielikult imenduda.<\/span><\/p>\n<p>&nbsp;<\/p>\n<p><b>N\u00f5uanne<\/b><span style=\"font-weight: 400;\">: Kui soovid saavutada tugevamat koorivat efekti, kanna toonik vatipadjale ja p\u00fchi sellega massaa\u017eijooni j\u00e4rgides \u00fcle n\u00e4o.<\/span><\/p>\n<p>&nbsp;<\/p>\n<p><b>Netokogus:<\/b><span style=\"font-weight: 400;\"> 210 ml.<\/span><\/p>\n<p>&nbsp;<\/p>\n<p><a title=\"TARNETINGIMUSED\" href=\"https:\/\/liluilu.ee\/et\/kohaletoimetamine\/\" target=\"_blank\" rel=\"noopener\">TARNETINGIMUSED<\/a><\/p>","protected":false},"excerpt":{"rendered":"<p><span style=\"font-weight: 400;\">Toonik tundlikule \u00e4rritusele ja punetusele kalduvale nahale SKIN1004 Madagascar Centella Toniseeriv Toonik.<\/span><\/p>\n<p>&nbsp;<\/p>\n<p><span style=\"font-weight: 400;\">H\u00fcpoallergeenne valem suure tsentellasisaldusega rahustab ja elustab nahka.\u00a0<\/span><\/p>\n<p>&nbsp;<\/p>\n<p><span style=\"font-weight: 400;\">Ning niisutavate, koorivate ja s\u00e4ra andvate koostisosade kombinatsioon v\u00f5imaldab lahendada mitu probleemi korraga.<\/span><\/p>\n<p>&nbsp;<\/p>\n<p><span style=\"font-weight: 400;\">SKIN1004 Madagascar Centella tooniv tooner:<\/span><\/p>\n<ul>\n<li style=\"font-weight: 400;\" aria-level=\"1\"><span style=\"font-weight: 400;\">Niisutab, toniseerib ja v\u00e4rskendab. S\u00e4ilitab tervisliku happe-aluse tasakaalu (pH 5,5);<\/span><\/li>\n<li style=\"font-weight: 400;\" aria-level=\"1\"><span style=\"font-weight: 400;\">Rahustab, leevendab \u00e4rritust ja s\u00fcgelust;<\/span><\/li>\n<li style=\"font-weight: 400;\" aria-level=\"1\"><span style=\"font-weight: 400;\">V\u00e4hendab punetust, muudab plekid heledamaks ja \u00fchtlustab tooni;<\/span><\/li>\n<li style=\"font-weight: 400;\" aria-level=\"1\"><span style=\"font-weight: 400;\">Koorib \u00f5rnalt surnud naharakkude kihti, muutes naha \u00fchtlaseks, siledaks ja elastseks;<\/span><\/li>\n<li style=\"font-weight: 400;\" aria-level=\"1\"><span style=\"font-weight: 400;\">Parandab elastsust ja takistab kortsude teket;<\/span><\/li>\n<li style=\"font-weight: 400;\" aria-level=\"1\"><span style=\"font-weight: 400;\">Taastab ja tugevdab naha loomulikke kaitseomadusi (kaitsev nahabarj\u00e4\u00e4r).<\/span><\/li>\n<\/ul>\n<p>&nbsp;<\/p>","protected":false},"featured_media":7849,"comment_status":"open","ping_status":"closed","template":"","meta":{"_eb_attr":"","jetpack_post_was_ever_published":false,"_joinchat":[]},"product_brand":[],"product_cat":[449,217],"product_tag":[455,453,525,451,523,247,413],"class_list":{"0":"post-7835","1":"product","2":"type-product","3":"status-publish","4":"has-post-thumbnail","6":"product_cat-skin1004","7":"product_cat-tonery","8":"product_tag-pha","9":"product_tag-skin1004-madagascar-centella-line","10":"product_tag-gljukonolakton","11":"product_tag-problemnaya-kozha","12":"product_tag-tonery-s-kislotami","13":"product_tag-centella","14":"product_tag-chuvstvitelnaya-kozha","16":"first","17":"instock","18":"shipping-taxable","19":"purchasable","20":"product-type-simple"},"jetpack_sharing_enabled":true,"_links":{"self":[{"href":"https:\/\/liluilu.ee\/et\/wp-json\/wp\/v2\/product\/7835","targetHints":{"allow":["GET"]}}],"collection":[{"href":"https:\/\/liluilu.ee\/et\/wp-json\/wp\/v2\/product"}],"about":[{"href":"https:\/\/liluilu.ee\/et\/wp-json\/wp\/v2\/types\/product"}],"replies":[{"embeddable":true,"href":"https:\/\/liluilu.ee\/et\/wp-json\/wp\/v2\/comments?post=7835"}],"version-history":[{"count":10,"href":"https:\/\/liluilu.ee\/et\/wp-json\/wp\/v2\/product\/7835\/revisions"}],"predecessor-version":[{"id":8551,"href":"https:\/\/liluilu.ee\/et\/wp-json\/wp\/v2\/product\/7835\/revisions\/8551"}],"wp:featuredmedia":[{"embeddable":true,"href":"https:\/\/liluilu.ee\/et\/wp-json\/wp\/v2\/media\/7849"}],"wp:attachment":[{"href":"https:\/\/liluilu.ee\/et\/wp-json\/wp\/v2\/media?parent=7835"}],"wp:term":[{"taxonomy":"product_brand","embeddable":true,"href":"https:\/\/liluilu.ee\/et\/wp-json\/wp\/v2\/product_brand?post=7835"},{"taxonomy":"product_cat","embeddable":true,"href":"https:\/\/liluilu.ee\/et\/wp-json\/wp\/v2\/product_cat?post=7835"},{"taxonomy":"product_tag","embeddable":true,"href":"https:\/\/liluilu.ee\/et\/wp-json\/wp\/v2\/product_tag?post=7835"}],"curies":[{"name":"t\u00f6\u00f6leht","href":"https:\/\/api.w.org\/{rel}","templated":true}]}}