{"id":7771,"date":"2022-08-13T18:45:40","date_gmt":"2022-08-13T15:45:40","guid":{"rendered":"https:\/\/liluilu.ee\/?post_type=product&#038;p=7771"},"modified":"2026-03-28T11:28:21","modified_gmt":"2026-03-28T08:28:21","slug":"mary-may-niacinamide-vitamin-c-brightening-mask","status":"publish","type":"product","link":"https:\/\/liluilu.ee\/et\/mary-may-niacinamide-vitamin-c-brightening-mask\/","title":{"rendered":"Helendavad maskid niatsinamiidi ja C-vitamiiniga Mary&amp;May Niacinamide Vitamin C Brightening Mask 30 tk."},"content":{"rendered":"<h2><i><span style=\"font-weight: 400;\">Mary&amp;May Niacinamide Vitamin C Brightening Maski omadused ja koostis<\/span><\/i><\/h2>\n<p><span style=\"font-weight: 400;\">Valem p\u00f5hineb kahel v\u00f5imsal, aja testitud antioks\u00fcdandil, millel on t\u00f5estatud helendavad omadused - <\/span><b>niatsiinamiid (2%) ja C-vitamiin (1000 ppm).<\/b><\/p>\n<p>&nbsp;<\/p>\n<p><span style=\"font-weight: 400;\">Nad r\u00fcndavad pigmentatsiooni (melaniini) peamist s\u00fc\u00fcdlast kahest erinevast suunast:<\/span><\/p>\n<p>&nbsp;<\/p>\n<ul>\n<li style=\"font-weight: 400;\" aria-level=\"1\"><span style=\"font-weight: 400;\">Niatsiinamiid<\/span><b> blokeerib liiklust<\/b><span style=\"font-weight: 400;\"> melaniini \u00fclemisele nahakihile, j\u00e4rk-j\u00e4rgult heledamaks tumedad laigud ja post-akne;<\/span><\/li>\n<\/ul>\n<p>&nbsp;<\/p>\n<ul>\n<li style=\"font-weight: 400;\" aria-level=\"1\"><span style=\"font-weight: 400;\">C-vitamiin<\/span><b> blokeerib tootmist<\/b><span style=\"font-weight: 400;\"> melaniini, v\u00e4hendab oks\u00fcdeerunud melaniini ja hoiab \u00e4ra h\u00fcperpigmentatsiooni ilmnemise.<\/span><\/li>\n<\/ul>\n<p>&nbsp;<\/p>\n<p><span style=\"font-weight: 400;\">Lisaks kontrollib niatsiinamiid rasu tootmist, hoiab \u00e4ra akne teket ja parandab pooride seisundit.<\/span><\/p>\n<p>&nbsp;<\/p>\n<p><span style=\"font-weight: 400;\">C-vitamiin stimuleerib kollageeni tootmist ning aitab nahal p\u00fcsida elastsena ja pingul.\u00a0<\/span><\/p>\n<p>&nbsp;<\/p>\n<p><b>H\u00fcaluroonhape<\/b><span style=\"font-weight: 400;\"> muudab kuiva naha niisutatuks ja elastseks.<\/span><\/p>\n<p>&nbsp;<\/p>\n<p><b>Arginiin<\/b><span style=\"font-weight: 400;\"> ravib mikropragusid ja haavu.<\/span><\/p>\n<p>&nbsp;<\/p>\n<p><b>Allantoiin<\/b><span style=\"font-weight: 400;\"> rahustab ja v\u00e4hendab punetust. Pehmendab ja muudab naha tekstuuri siidiseks.<\/span><\/p>\n<p>&nbsp;<\/p>\n<p><span style=\"font-weight: 400;\">Mary&amp;May Niacinamide Vitamin C Brightening Mask on valmistatud EWG poolt heaks kiidetud keskkonnas\u00f5bralikest koostisosadest (v.a aroom).<\/span><\/p>\n<p>&nbsp;<\/p>\n<p><span style=\"font-weight: 400;\">Ergonoomiline pakend 30 kangasmaskiga spetsiaalse \u00fcmbrise kujul v\u00f5imaldab hoolitseda oma naha eest keskkonda mittevajalike j\u00e4\u00e4tmetega reostamata.<\/span><\/p>\n<p>&nbsp;<\/p>\n<p><span style=\"font-weight: 400;\">Topelttihendiga kaitsemembraan ei lase essentsil aurustuda ja hoiab ohtralt niiskust kuni viimase maskini.<\/span><\/p>\n<p>&nbsp;<\/p>\n<p><span style=\"font-weight: 400;\">Kaasasolevad minipintsetid muudavad ekstraheerimisprotsessi mugavaks ja h\u00fcgieeniliseks.<\/span><\/p>\n<p>&nbsp;<\/p>\n<p>&nbsp;<\/p>\n<p><span style=\"font-weight: 400;\">Maskid on valmistatud naturaalsest h\u00fcpoallergeensest kiust, mis liibub tihedalt nahaga.\u00a0<\/span><\/p>\n<p>&nbsp;<\/p>\n<p><span style=\"font-weight: 400;\">H\u00fcgroskoopne materjal ei lase essentsil v\u00e4lja voolata ja muudab protseduuri mitte ainult t\u00f5husaks, vaid ka mugavaks.\u00a0<\/span><\/p>\n<p>&nbsp;<\/p>\n<p><span style=\"font-weight: 400;\">Komponendid imenduvad \u00f5rnalt ja ei j\u00e4ta kleepuvat.\u00a0<\/span><\/p>\n<p>&nbsp;<\/p>\n<p><span style=\"font-weight: 400;\">Mary&amp;May Niacinamide Vitamin C Brightening Mask sobib igale nahat\u00fc\u00fcbile. Kaasa arvatud need, kes on tundlikud.\u00a0<\/span><\/p>\n<p>&nbsp;<\/p>\n<p><span style=\"font-weight: 400;\">T\u00e4iendab suurep\u00e4raselt nii hommikust kui \u00f5htust hooldust.<\/span><\/p>\n<p>&nbsp;<\/p>\n<p><b>Soovitus:<\/b><\/p>\n<p>&nbsp;<\/p>\n<p><span style=\"font-weight: 400;\">Kui teile see toode meeldib, \u00fchendage oma ravi teiste Mary&amp;May toodetega:<\/span><\/p>\n<p>&nbsp;<\/p>\n<ul>\n<li style=\"font-weight: 400;\" aria-level=\"1\"><span style=\"color: #0000ff;\"><a style=\"color: #0000ff;\" href=\"https:\/\/liluilu.ee\/et\/mary-may-niacinamide-chaenomeles-sinensis-serum\/\" target=\"_blank\" rel=\"noopener\"><span style=\"font-weight: 400;\">Seerum niatsiinamiidiga Mary&amp;May Niacinamide + Chaenomeles Sinensis Serum<\/span><\/a><\/span><\/li>\n<\/ul>\n<p>&nbsp;<\/p>\n<ul>\n<li style=\"font-weight: 400;\" aria-level=\"1\"><span style=\"color: #0000ff;\"><a style=\"color: #0000ff;\" href=\"https:\/\/liluilu.ee\/et\/mary-may-tranexamic-acid-glutathione-eye-cream\/\" target=\"_blank\" rel=\"noopener\"><span style=\"font-weight: 400;\">Mary&amp;May traneksaamhape + glutatioon silma\u00fcmbruskreem<\/span><\/a><\/span><\/li>\n<\/ul>\n<p>&nbsp;<\/p>\n<ul>\n<li style=\"font-weight: 400;\" aria-level=\"1\"><span style=\"color: #0000ff;\"><a style=\"color: #0000ff;\" href=\"https:\/\/liluilu.ee\/et\/mary-may-vitamin-c-bifida-lotion\/\" target=\"_blank\" rel=\"noopener\"><span style=\"font-weight: 400;\">Emulsioon C-vitamiini ja Bifida Mary&amp;May C-vitamiiniga + Bifida Lotion<\/span><\/a><\/span><\/li>\n<\/ul>\n<p>&nbsp;<\/p>\n<p><b>Kuidas kasutada:<\/b><\/p>\n<p>&nbsp;<\/p>\n<ul>\n<li style=\"font-weight: 400;\" aria-level=\"1\"><span style=\"font-weight: 400;\">Puhastage oma n\u00e4gu ja t\u00f6\u00f6tlege seda toonikuga, et valmistada see maski pealekandmiseks ette.<\/span><\/li>\n<li style=\"font-weight: 400;\" aria-level=\"1\"><span style=\"font-weight: 400;\">Eemaldage kate ja t\u00f5stke kaitsemembraan \u00fcles, t\u00f5mmates r\u00f5ngast. \u00c4rge eemaldage membraani t\u00e4ielikult. See kaitseb maske kuivamise eest.<\/span><\/li>\n<li style=\"font-weight: 400;\" aria-level=\"1\"><span style=\"font-weight: 400;\">Eemaldage minipintsettide abil \u00fcks mask ja kandke see \u00f5rnalt n\u00e4ole, v\u00e4ltides suu- ja silmapiirkondi.<\/span><\/li>\n<li style=\"font-weight: 400;\" aria-level=\"1\"><span style=\"font-weight: 400;\">Sirgendage nii, et mask sobiks tihedalt nahaga ilma \u00f5humulle moodustamata ja j\u00e4tke 10-20 minutiks.<\/span><\/li>\n<li style=\"font-weight: 400;\" aria-level=\"1\"><span style=\"font-weight: 400;\">Seej\u00e4rel eemalda mask ja m\u00e4\u00e4ri \u00fclej\u00e4\u00e4nud essents kergelt patsutavate liigutustega n\u00e4onahale kuni t\u00e4ieliku imendumiseni.<\/span><\/li>\n<li style=\"font-weight: 400;\" aria-level=\"1\"><span style=\"font-weight: 400;\">J\u00e4tkake oma hoolduse j\u00e4rgmise etapiga (losjoon, emulsioon v\u00f5i kreem).<\/span><\/li>\n<\/ul>\n<p>&nbsp;<\/p>\n<p><b>Netokogus:<\/b><span style=\"font-weight: 400;\"> 30 t\u00fckki \/ 400 ml.<\/span><\/p>\n<p>&nbsp;<\/p>\n<p><a title=\"TARNETINGIMUSED\" href=\"https:\/\/liluilu.ee\/et\/kohaletoimetamine\/\" target=\"_blank\" rel=\"noopener\">TARNETINGIMUSED<\/a><\/p>\n<p>&nbsp;<\/p>\n<p>&nbsp;<\/p>\n<p>&nbsp;<\/p>","protected":false},"excerpt":{"rendered":"<p><span style=\"font-weight: 400;\">Mary&amp;May Niacinamide Vitamin C Brightening Mask aitab sul vabaneda tumedatest laikudest ja aknej\u00e4rgsetest laikudest ning annab nahale kauni \u00fchtlase tooni.<\/span><\/p>\n<p>&nbsp;<\/p>\n<p><span style=\"font-weight: 400;\">Niatsiinamiidi ja puhta C-vitamiiniga 30 lehest koosnev mask igap\u00e4evaseks intensiivseks hoolduseks.<\/span><\/p>\n<p>&nbsp;<\/p>\n<p><span style=\"font-weight: 400;\">Mary&amp;May Niatsiinamiidi C-vitamiini helendav mask:<\/span><\/p>\n<p>&nbsp;<\/p>\n<ul>\n<li style=\"font-weight: 400;\" aria-level=\"1\"><span style=\"font-weight: 400;\">Helendab tedret\u00e4hne, aknej\u00e4rgseid j\u00e4lgi ja vanusega seotud pigmentatsiooni;<\/span><\/li>\n<li style=\"font-weight: 400;\" aria-level=\"1\"><span style=\"font-weight: 400;\">Hoiab \u00e4ra uute tumedate laikude teket;<\/span><\/li>\n<li style=\"font-weight: 400;\" aria-level=\"1\"><span style=\"font-weight: 400;\">V\u00e4hendab \u00f5list l\u00e4iget, ennetab p\u00f5letikku ja aknet;<\/span><\/li>\n<li style=\"font-weight: 400;\" aria-level=\"1\"><span style=\"font-weight: 400;\">Kitsendab laienenud poore;<\/span><\/li>\n<li style=\"font-weight: 400;\" aria-level=\"1\"><span style=\"font-weight: 400;\">Toniseerib ja niisutab;<\/span><\/li>\n<li style=\"font-weight: 400;\" aria-level=\"1\"><span style=\"font-weight: 400;\">Parandab elastsust ja tugevust;<\/span><\/li>\n<li style=\"font-weight: 400;\" aria-level=\"1\"><span style=\"font-weight: 400;\">Annab nahale siidise tunde ja selge \u00fchtlase tooni.<\/span><\/li>\n<\/ul>\n<p>&nbsp;<\/p>","protected":false},"featured_media":7772,"comment_status":"open","ping_status":"closed","template":"","meta":{"_eb_attr":"","jetpack_post_was_ever_published":false,"_joinchat":[]},"product_brand":[],"product_cat":[232,103],"product_tag":[443,457,277,433,253,429,437,431],"class_list":{"0":"post-7771","1":"product","2":"type-product","3":"status-publish","4":"has-post-thumbnail","6":"product_cat-mary-may","7":"product_cat-maski-dlya-lica","8":"product_tag-antioksidanty","9":"product_tag-vesnushki","10":"product_tag-vitamin-s-ru","11":"product_tag-nerovnyj-ton-kozhi","12":"product_tag-niacinamid","13":"product_tag-pigmentaciya","14":"product_tag-postakne","15":"product_tag-rasshirennye-pory","17":"first","18":"instock","19":"sale","20":"shipping-taxable","21":"purchasable","22":"product-type-simple"},"jetpack_sharing_enabled":true,"_links":{"self":[{"href":"https:\/\/liluilu.ee\/et\/wp-json\/wp\/v2\/product\/7771","targetHints":{"allow":["GET"]}}],"collection":[{"href":"https:\/\/liluilu.ee\/et\/wp-json\/wp\/v2\/product"}],"about":[{"href":"https:\/\/liluilu.ee\/et\/wp-json\/wp\/v2\/types\/product"}],"replies":[{"embeddable":true,"href":"https:\/\/liluilu.ee\/et\/wp-json\/wp\/v2\/comments?post=7771"}],"version-history":[{"count":7,"href":"https:\/\/liluilu.ee\/et\/wp-json\/wp\/v2\/product\/7771\/revisions"}],"predecessor-version":[{"id":7817,"href":"https:\/\/liluilu.ee\/et\/wp-json\/wp\/v2\/product\/7771\/revisions\/7817"}],"wp:featuredmedia":[{"embeddable":true,"href":"https:\/\/liluilu.ee\/et\/wp-json\/wp\/v2\/media\/7772"}],"wp:attachment":[{"href":"https:\/\/liluilu.ee\/et\/wp-json\/wp\/v2\/media?parent=7771"}],"wp:term":[{"taxonomy":"product_brand","embeddable":true,"href":"https:\/\/liluilu.ee\/et\/wp-json\/wp\/v2\/product_brand?post=7771"},{"taxonomy":"product_cat","embeddable":true,"href":"https:\/\/liluilu.ee\/et\/wp-json\/wp\/v2\/product_cat?post=7771"},{"taxonomy":"product_tag","embeddable":true,"href":"https:\/\/liluilu.ee\/et\/wp-json\/wp\/v2\/product_tag?post=7771"}],"curies":[{"name":"t\u00f6\u00f6leht","href":"https:\/\/api.w.org\/{rel}","templated":true}]}}