{"id":7717,"date":"2022-08-08T15:24:04","date_gmt":"2022-08-08T12:24:04","guid":{"rendered":"https:\/\/liluilu.ee\/?post_type=product&#038;p=7717"},"modified":"2025-11-08T13:00:55","modified_gmt":"2025-11-08T10:00:55","slug":"torriden-dive-in-soothing-cream-100-ml","status":"publish","type":"product","link":"https:\/\/liluilu.ee\/et\/torriden-dive-in-soothing-cream-100-ml\/","title":{"rendered":"Madala molekulmassiga h\u00fcaluroonhappega rahustav kreem Torriden DIVE-IN rahustav kreem 100 ml."},"content":{"rendered":"<p><span style=\"font-weight: 400;\">Torriden DIVE-IN rahustav kreem on \u00f5rna tekstuuriga pehme niisutaja, mis on \u00f5rn tundlikule nahale.<\/span><\/p>\n<p>&nbsp;<\/p>\n<p><span style=\"font-weight: 400;\">Niisutavate, rahustavate ja toitvate koostisosade s\u00fcnergia taastab deh\u00fcdreeritud naha. Ning mittekleepuv, v\u00e4rskendav valem annab kerguse ja mugavuse.<\/span><\/p>\n<p>&nbsp;<\/p>\n<p><span style=\"font-weight: 400;\">Torriden DIVE-IN rahustav kreem:<\/span><\/p>\n<p>&nbsp;<\/p>\n<ul>\n<li style=\"font-weight: 400;\" aria-level=\"1\"><span style=\"font-weight: 400;\">Niisutab ja rahustab nahka s\u00fcgavuti;<\/span><\/li>\n<li style=\"font-weight: 400;\" aria-level=\"1\"><span style=\"font-weight: 400;\">Leevendab \u00e4rritust, k\u00f5rvaldab pigistustunde, ketenduse ja kuivuse;<\/span><\/li>\n<li style=\"font-weight: 400;\" aria-level=\"1\"><span style=\"font-weight: 400;\">\u00dchtlustab mikroreljeefi ja pehmendab seda. Muudab naha siledamaks, t\u00e4idlasemaks ja pringimaks.\u00a0<\/span><\/li>\n<li style=\"font-weight: 400;\" aria-level=\"1\"><span style=\"font-weight: 400;\">Loob kaitsekihi, mis takistab niiskuse aurustumist. Nahk p\u00fcsib kaua v\u00e4rske ja niisutatud;<\/span><\/li>\n<li style=\"font-weight: 400;\" aria-level=\"1\"><span style=\"font-weight: 400;\">S\u00e4ilitab tervisliku happe-aluse tasakaalu ja ennetab p\u00f5letikku;<\/span><\/li>\n<li style=\"font-weight: 400;\" aria-level=\"1\"><span style=\"font-weight: 400;\">Kerge jahutav efekt toniseerib ja annab m\u00f5nusa jaheduse tunde.<\/span><\/li>\n<\/ul>\n<h2><\/h2>\n<h2><i><span style=\"font-weight: 400;\">Torriden DIVE-IN rahustava kreemi omadused ja koostis<\/span><\/i><\/h2>\n<p>&nbsp;<\/p>\n<p><span style=\"font-weight: 400;\">Valem p\u00f5hineb kaubam\u00e4rgi enda v\u00e4ljat\u00f6\u00f6tamisel \u2013 niisutaval kompleksil <\/span><b>5D h\u00fcaluroonkompleks.<\/b><\/p>\n<p>&nbsp;<\/p>\n<p><span style=\"font-weight: 400;\">See koosneb 5 erinevat t\u00fc\u00fcpi h\u00fcaluroonhappest, millel on erinev l\u00e4bitungimisv\u00f5ime ja molekulmass.<\/span><\/p>\n<p>&nbsp;<\/p>\n<p><span style=\"font-weight: 400;\">5 h\u00fcaluroonhappe molekuli tungivad erinevatele s\u00fcgavustele, loovad kolmem\u00f5\u00f5tmelise niisutava raami ja t\u00e4idavad naha niiskusega seestpoolt v\u00e4ljapoole.<\/span><\/p>\n<p>&nbsp;<\/p>\n<p><b>Veepalli hoidmise s\u00fcsteem<\/b><span style=\"font-weight: 400;\"> v\u00e4hendab rakendatud niiskuse kadu. T\u00e4nu spetsiaalsele tehnoloogiale moodustub naha pinnale kaitsekiht. Ta <\/span><b>Mitte<\/b><span style=\"font-weight: 400;\"> takistab naha hingamist, kuid takistab vee aurustumist, mis v\u00f5imaldab nahal p\u00fcsida pikka aega v\u00e4rske ja niisutatud.\u00a0<\/span><\/p>\n<p>&nbsp;<\/p>\n<p><b>Trehaloos <\/b><span style=\"font-weight: 400;\">pakub t\u00e4iendavat niisutust.<\/span><\/p>\n<p>&nbsp;<\/p>\n<p><b>Pantenool ja allantoiin <\/b><span style=\"font-weight: 400;\">rahustab, ravib kahjustusi, k\u00f5rvaldab ketenduse ja kuivuse. Muudab naha pehmeks, sametiseks ja pehmeks.<\/span><\/p>\n<p>&nbsp;<\/p>\n<p><b>Rahustav kompleks Blue Complex HR <\/b><span style=\"font-weight: 400;\">sisaldab 6 taimeekstrakti - oder, rukkilill, lavendel, kummel, salvei ja h\u00fcatsint. Nende komponentide s\u00fcnergia rahustab ja toidab nahka. Ravib ja parandab tema immuunsust.\u00a0<\/span><\/p>\n<p>&nbsp;<\/p>\n<p><b>V\u00e4hendatud pH (~5,5)<\/b><span style=\"font-weight: 400;\"> v\u00f5imalikult l\u00e4hedal terve naha pH-le. See kergelt happeline keskkond tagab \u00f5rna nahahoolduse ja p\u00e4rsib bakterite arengut. Hoiab \u00e4ra p\u00f5letikku ja aknet.<\/span><\/p>\n<p>&nbsp;<\/p>\n<p><span style=\"font-weight: 400;\">Torriden DIVE-IN rahustav kreem on sertifitseeritud kui <\/span><b>vegan toode.\u00a0<\/b><\/p>\n<p>&nbsp;<\/p>\n<p><span style=\"font-weight: 400;\">Ta <\/span><b>ei sisalda<\/b><span style=\"font-weight: 400;\">tonni kunstlikke l\u00f5hna- ja maitseaineid, v\u00e4rvaineid, loomset p\u00e4ritolu koostisosi ja veel 28 komponenti, mis v\u00f5ivad olla nahale kahjulikud. <\/span><b>Torrideni kaubam\u00e4rk ei testi loomade peal.<\/b><\/p>\n<p>&nbsp;<\/p>\n<p><span style=\"font-weight: 400;\">Kreem on ebatavaliselt kerge tekstuuriga, sobib ideaalselt rasusele ja kombineeritud nahale.\u00a0<\/span><\/p>\n<p>&nbsp;<\/p>\n<p><span style=\"font-weight: 400;\">Kreem hajub kergesti, libiseb h\u00e4sti ja imendub j\u00e4tmata kleepuvust v\u00f5i l\u00e4iget. Sellel on pehme, loomulik viimistlus ja \u00f5rn jahutav toime.<\/span><\/p>\n<p>&nbsp;<\/p>\n<p><span style=\"font-weight: 400;\">Sobib igap\u00e4evaseks hommikuseks ja p\u00e4rastl\u00f5unaseks hoolduseks. Kui teie nahk on tugevalt deh\u00fcdreeritud, kandke kreemi paksu kihina eriti kuivadele ja karedatele kohtadele.<\/span><\/p>\n<p>&nbsp;<\/p>\n<p><b>N\u00f5uanded tootjalt:<\/b><\/p>\n<p>&nbsp;<\/p>\n<ul>\n<li style=\"font-weight: 400;\" aria-level=\"1\"><span style=\"font-weight: 400;\">Kreemi v\u00f5ib kasutada kui <\/span><b>niisutav \u00fcle\u00f6\u00f6 mask<\/b><span style=\"font-weight: 400;\">. Selleks kanna Torriden DIVE-IN rahustavat kreemi paksu kihina kogu n\u00e4ole ja kaelale, v\u00e4ltides silma- ja huulte piirkondi.<\/span><\/li>\n<\/ul>\n<p>&nbsp;<\/p>\n<ul>\n<li style=\"font-weight: 400;\" aria-level=\"1\"><span style=\"font-weight: 400;\">Kandke kreem oma tavalise lehtmaski peale ja nautige sellega v\u00f5rreldavat efekti <\/span><b>alginaatmaski m\u00f5ju.<\/b><\/li>\n<\/ul>\n<p>&nbsp;<\/p>\n<p><span style=\"font-weight: 400;\">Torriden DIVE-IN rahustav kreem on soovitatav:<\/span><\/p>\n<p>&nbsp;<\/p>\n<ul>\n<li style=\"font-weight: 400;\" aria-level=\"1\"><span style=\"font-weight: 400;\">Rasusele, kombineeritud ja normaalsele nahale;<\/span><\/li>\n<li style=\"font-weight: 400;\" aria-level=\"1\"><span style=\"font-weight: 400;\">Deh\u00fcdreeritud nahale;<\/span><\/li>\n<li style=\"font-weight: 400;\" aria-level=\"1\"><span style=\"font-weight: 400;\">Tundlikule ja \u00e4rritunud nahale.<\/span><\/li>\n<\/ul>\n<p>&nbsp;<\/p>\n<p><span style=\"font-weight: 400;\">Kui teile see toode meeldib, soovitame proovida teisi Torriden DIVE-IN niisutava sarja tooteid:<\/span><\/p>\n<p>&nbsp;<\/p>\n<ul>\n<li style=\"font-weight: 400;\" aria-level=\"1\"><span style=\"color: #0000ff;\"><a style=\"color: #0000ff;\" href=\"https:\/\/liluilu.ee\/et\/torriden-dive-in-low-molecular-hyaluronic-acid-skin-booster\/\" target=\"_blank\" rel=\"noopener\"><span style=\"font-weight: 400;\">Tooneri tugevdaja Torriden DIVE-IN Madala molekulmassiga h\u00fcaluroonhappega naha tugevdaja<\/span><\/a><\/span><\/li>\n<\/ul>\n<p>&nbsp;<\/p>\n<ul>\n<li style=\"font-weight: 400;\" aria-level=\"1\"><span style=\"color: #0000ff;\"><a style=\"color: #0000ff;\" href=\"https:\/\/liluilu.ee\/et\/torriden-dive-in-low-molecular-hyaluronic-acid-serum\/\" target=\"_blank\" rel=\"noopener\"><span style=\"font-weight: 400;\">Seerum Torriden DIVE-IN Madala molekulmassiga h\u00fcaluroonhappe seerum<\/span><\/a><\/span><\/li>\n<\/ul>\n<p>&nbsp;<\/p>\n<ul>\n<li style=\"font-weight: 400;\" aria-level=\"1\"><span style=\"color: #0000ff;\"><a style=\"color: #0000ff;\" href=\"https:\/\/liluilu.ee\/et\/torriden-dive-in-mask-1-sht\/\" target=\"_blank\" rel=\"noopener\"><span style=\"font-weight: 400;\">Torrideni DIVE-IN mask<\/span><\/a><\/span><\/li>\n<\/ul>\n<p>&nbsp;<\/p>\n<p><b>Kuidas kasutada:<\/b><\/p>\n<p><span style=\"font-weight: 400;\">Hoolduse viimasel etapil kandke n\u00e4o- ja kaelanahale vajalik kogus kreemi. Jaotage ja tehke \u00f5rnaid patsutusliigutusi, et kreem imenduks.<\/span><\/p>\n<p>&nbsp;<\/p>\n<p><b>Netokogus:<\/b><span style=\"font-weight: 400;\"> 100 ml.<\/span><\/p>\n<p>&nbsp;<\/p>\n<p><a title=\"TARNETINGIMUSED\" href=\"https:\/\/liluilu.ee\/et\/kohaletoimetamine\/\" target=\"_blank\" rel=\"noopener\">TARNETINGIMUSED<\/a><\/p>","protected":false},"excerpt":{"rendered":"<p>Torriden DIVE-IN Soothing Cream &#8212; \u044d\u0442\u043e \u043c\u044f\u0433\u043a\u0438\u0439 \u0443\u0432\u043b\u0430\u0436\u043d\u044f\u044e\u0449\u0438\u0439 \u043a\u0440\u0435\u043c \u0441 \u043d\u0435\u0436\u043d\u043e\u0439 \u0442\u0435\u043a\u0441\u0442\u0443\u0440\u043e\u0439, \u043a\u043e\u0442\u043e\u0440\u044b\u0439 \u0431\u0435\u0440\u0435\u0436\u043d\u043e \u043e\u0442\u043d\u043e\u0441\u0438\u0442\u0441\u044f \u043a \u0447\u0443\u0432\u0441\u0442\u0432\u0438\u0442\u0435\u043b\u044c\u043d\u043e\u0439 \u043a\u043e\u0436\u0435. &nbsp; \u0421\u0438\u043d\u0435\u0440\u0433\u0438\u044f \u0443\u0432\u043b\u0430\u0436\u043d\u044f\u044e\u0449\u0438\u0445, \u0443\u0441\u043f\u043e\u043a\u0430\u0438\u0432\u0430\u044e\u0449\u0438\u0445 \u0438 \u043f\u0438\u0442\u0430\u0442\u0435\u043b\u044c\u043d\u044b\u0445 \u043a\u043e\u043c\u043f\u043e\u043d\u0435\u043d\u0442\u043e\u0432 \u0432\u043e\u0441\u0441\u0442\u0430\u043d\u0430\u0432\u043b\u0438\u0432\u0430\u0435\u0442 \u043e\u0431\u0435\u0437\u0432\u043e\u0436\u0435\u043d\u043d\u0443\u044e \u043a\u043e\u0436\u0443. \u0410 \u043d\u0435\u043b\u0438\u043f\u043a\u0430\u044f, \u043e\u0441\u0432\u0435\u0436\u0430\u044e\u0449\u0430\u044f \u0444\u043e\u0440\u043c\u0443\u043b\u0430 \u0434\u0430\u0440\u0438\u0442 \u043b\u0435\u0433\u043a\u043e\u0441\u0442\u044c \u0438 \u043a\u043e\u043c\u0444\u043e\u0440\u0442. &nbsp; Torriden DIVE-IN Soothing Cream : &nbsp; \u0413\u043b\u0443\u0431\u043e\u043a\u043e \u0443\u0432\u043b\u0430\u0436\u043d\u044f\u0435\u0442 \u0438 \u0443\u0441\u043f\u043e\u043a\u0430\u0438\u0432\u0430\u0435\u0442 \u043a\u043e\u0436\u0443; \u0421\u043d\u0438\u043c\u0430\u0435\u0442 \u0440\u0430\u0437\u0434\u0440\u0430\u0436\u0435\u043d\u0438\u044f, \u0443\u0441\u0442\u0440\u0430\u043d\u044f\u0435\u0442 \u0447\u0443\u0432\u0441\u0442\u0432\u043e \u0441\u0442\u044f\u043d\u0443\u0442\u043e\u0441\u0442\u0438, \u0448\u0435\u043b\u0443\u0448\u0435\u043d\u0438\u044f \u0438 [&hellip;]<\/p>","protected":false},"featured_media":9906,"comment_status":"open","ping_status":"closed","template":"","meta":{"_eb_attr":"","jetpack_post_was_ever_published":false,"_joinchat":[]},"product_brand":[],"product_cat":[394,95],"product_tag":[599,405,269,415,417,419,423,400,413],"class_list":{"0":"post-7717","1":"product","2":"type-product","3":"status-publish","4":"has-post-thumbnail","6":"product_cat-torriden","7":"product_cat-kremy-emulsii-i-losony-dlya-lica","8":"product_tag-blue-complex-hr","9":"product_tag-torriden-dive-in","10":"product_tag-gialuronovaya-kislota","11":"product_tag-zhirnaya-kozha","12":"product_tag-kombinirovannaya-kozha","13":"product_tag-normalnaya-kozha","14":"product_tag-obezvozhennaya-kozha","15":"product_tag-uvlazhnenie","16":"product_tag-chuvstvitelnaya-kozha","18":"first","19":"outofstock","20":"shipping-taxable","21":"purchasable","22":"product-type-simple"},"jetpack_sharing_enabled":true,"_links":{"self":[{"href":"https:\/\/liluilu.ee\/et\/wp-json\/wp\/v2\/product\/7717","targetHints":{"allow":["GET"]}}],"collection":[{"href":"https:\/\/liluilu.ee\/et\/wp-json\/wp\/v2\/product"}],"about":[{"href":"https:\/\/liluilu.ee\/et\/wp-json\/wp\/v2\/types\/product"}],"replies":[{"embeddable":true,"href":"https:\/\/liluilu.ee\/et\/wp-json\/wp\/v2\/comments?post=7717"}],"version-history":[{"count":10,"href":"https:\/\/liluilu.ee\/et\/wp-json\/wp\/v2\/product\/7717\/revisions"}],"predecessor-version":[{"id":14761,"href":"https:\/\/liluilu.ee\/et\/wp-json\/wp\/v2\/product\/7717\/revisions\/14761"}],"wp:featuredmedia":[{"embeddable":true,"href":"https:\/\/liluilu.ee\/et\/wp-json\/wp\/v2\/media\/9906"}],"wp:attachment":[{"href":"https:\/\/liluilu.ee\/et\/wp-json\/wp\/v2\/media?parent=7717"}],"wp:term":[{"taxonomy":"product_brand","embeddable":true,"href":"https:\/\/liluilu.ee\/et\/wp-json\/wp\/v2\/product_brand?post=7717"},{"taxonomy":"product_cat","embeddable":true,"href":"https:\/\/liluilu.ee\/et\/wp-json\/wp\/v2\/product_cat?post=7717"},{"taxonomy":"product_tag","embeddable":true,"href":"https:\/\/liluilu.ee\/et\/wp-json\/wp\/v2\/product_tag?post=7717"}],"curies":[{"name":"t\u00f6\u00f6leht","href":"https:\/\/api.w.org\/{rel}","templated":true}]}}