{"id":7688,"date":"2022-08-05T16:01:22","date_gmt":"2022-08-05T13:01:22","guid":{"rendered":"https:\/\/liluilu.ee\/?post_type=product&#038;p=7688"},"modified":"2025-11-08T13:00:55","modified_gmt":"2025-11-08T10:00:55","slug":"torriden-dive-in-mask-1-sht","status":"publish","type":"product","link":"https:\/\/liluilu.ee\/et\/torriden-dive-in-mask-1-sht\/","title":{"rendered":"Niisutav n\u00e4omask Torriden DIVE-IN Mask 1 tk."},"content":{"rendered":"<h2><i><span style=\"font-weight: 400;\">Torrideni DIVE-IN maski omadused ja koostis<\/span><\/i><\/h2>\n<p>&nbsp;<\/p>\n<p><span style=\"font-weight: 400;\">Valem p\u00f5hineb <\/span><b>Niisutav kompleks 5D, <\/b><span style=\"font-weight: 400;\">mis koosneb 5 erineva molekulmassiga h\u00fcaluroonhappe t\u00fc\u00fcbist.\u00a0<\/span><\/p>\n<p>&nbsp;<\/p>\n<p><span style=\"font-weight: 400;\">5 t\u00fc\u00fcpi molekule tungivad naha pinnale erinevatele s\u00fcgavustele. Need loovad kolmem\u00f5\u00f5tmelise niisutava raami ja s\u00f5na otseses m\u00f5ttes k\u00fcllastavad nahka niiskusega.\u00a0<\/span><\/p>\n<p>&nbsp;<\/p>\n<p><b>Provitamiin B5 (pantenool) ja allantoiin <\/b><span style=\"font-weight: 400;\">pehmendab, leevendab \u00e4rritust, tervendab ja rahustab nahka. Muudab selle \u00f5rnaks, pehmeks ja elavaks.<\/span><\/p>\n<p>&nbsp;<\/p>\n<p><b>Malahhiidi ekstrakt <\/b><span style=\"font-weight: 400;\">kaitseb vabade radikaalide h\u00e4vitava m\u00f5ju ja agressiivse keskkonnam\u00f5ju eest.<\/span><\/p>\n<p>&nbsp;<\/p>\n<p><span style=\"font-weight: 400;\">Suurep\u00e4rane summa <\/span><b>taimeekstraktid<\/b><span style=\"font-weight: 400;\"> paraneb ja parandab naha immuunsust.<\/span><\/p>\n<p>&nbsp;<\/p>\n<p><b>Maski pH (~5,5)<\/b><span style=\"font-weight: 400;\"> terve naha pH-taseme l\u00e4hedal. See kergelt happeline keskkond pakub \u00f5rna hooldust ja p\u00e4rsib bakterite kasvu. Hoiab \u00e4ra p\u00f5letikku ja aknet.<\/span><\/p>\n<p>&nbsp;<\/p>\n<p><span style=\"font-weight: 400;\">Mask on valmistatud keskkonnas\u00f5bralikust materjalist \u2013 biolagunevast tselluloosist ja on sertifitseeritud kui <\/span><b>vegan toode<\/b><span style=\"font-weight: 400;\">.\u00a0<\/span><\/p>\n<p>&nbsp;<\/p>\n<p><span style=\"font-weight: 400;\">See EI sisalda kunstlikke l\u00f5hnaaineid, v\u00e4rvaineid, loomseid koostisosi ega 28 muud potentsiaalselt kahjulikku koostisosa. <\/span><b>Torrideni kaubam\u00e4rk ei testi loomade peal.<\/b><\/p>\n<p>&nbsp;<\/p>\n<p><span style=\"font-weight: 400;\">Mask on rikkalikult essentsiga k\u00fcllastunud ja hea nakkuvusega, see t\u00e4hendab, et see sobib tihedalt nahale. See suurendab protseduuri efektiivsust ja annab suurep\u00e4raseid tulemusi:\u00a0<\/span><\/p>\n<p>&nbsp;<\/p>\n<p><span style=\"font-weight: 400;\">V\u00e4rske, elav, pehme ja niisutatud nahk. Ilma pingul, kuivuse ja ketenduseta.\u00a0<\/span><\/p>\n<p>&nbsp;<\/p>\n<p><span style=\"font-weight: 400;\">Torriden DIVE-IN Mask sobib igale nahat\u00fc\u00fcbile, millel puudub niisutus. See toimib ka suurep\u00e4rase ennetusvahendina deh\u00fcdratsiooni ning kuivade ja karedate nahapiirkondade v\u00e4ljan\u00e4gemise vastu.<\/span><\/p>\n<p>&nbsp;<\/p>\n<p><span style=\"font-weight: 400;\">Kui teile see toode meeldib, proovige teisi niisutava sarja tooteid\u00a0<span style=\"color: #0000ff;\"><a style=\"color: #0000ff;\" title=\"Torriden DIVE-IN\" href=\"https:\/\/liluilu.ee\/et\/tootesilt\/torriden-dive-in\/\" target=\"_blank\" rel=\"noopener\">Torriden DIVE-IN<\/a><\/span><\/span><\/p>\n<p>&nbsp;<\/p>\n<p><b>Kuidas kasutada:<\/b><\/p>\n<p><span style=\"font-weight: 400;\">P\u00e4rast pesemist kanna mask \u00fchtlaselt n\u00e4ole, v\u00e4ltides silmade ja huulte piirkondi. 15-20 minuti p\u00e4rast eemaldage mask ja patsutage \u00fclej\u00e4\u00e4nud essents kergelt sisse. Mask on m\u00f5eldud \u00fchekordseks kasutamiseks. \u00c4rge kasutage seda uuesti.<\/span><\/p>\n<p>&nbsp;<\/p>\n<p><b>Netokogus:<\/b><span style=\"font-weight: 400;\"> 27 ml.<\/span><\/p>\n<p>&nbsp;<\/p>\n<p><a title=\"TARNETINGIMUSED\" href=\"https:\/\/liluilu.ee\/et\/kohaletoimetamine\/\" target=\"_blank\" rel=\"noopener\">TARNETINGIMUSED<\/a><\/p>","protected":false},"excerpt":{"rendered":"<p><span style=\"font-weight: 400;\">P\u00e4evadel, mil teie nahk vajab eriti niisutamist, v\u00f5ib Torriden DIVE-IN Mask olla teie ustav abiline.\u00a0<\/span><\/p>\n<p>&nbsp;<\/p>\n<p><span style=\"font-weight: 400;\">See on madala molekulmassiga h\u00fcaluroonhappel p\u00f5hinev \u00fcliniisutav lehtmask.<\/span><\/p>\n<p>&nbsp;<\/p>\n<p><span style=\"font-weight: 400;\">Viis t\u00fc\u00fcpi k\u00f5rge, keskmise ja madala molekulmassiga h\u00fcaluroonhapet t\u00e4idavad naha niiskusega nii v\u00e4ljast kui seest.<\/span><\/p>\n<p>&nbsp;<\/p>\n<p><span style=\"font-weight: 400;\">Torriden DIVE-IN Maski toime on \u00fcsna v\u00f5rreldav salongiprotseduuri toimega:<\/span><\/p>\n<p>&nbsp;<\/p>\n<ul>\n<li style=\"font-weight: 400;\" aria-level=\"1\"><span style=\"font-weight: 400;\">Mask leevendab koheselt pitsitustunnet, k\u00f5rvaldab ketenduse ja kuivuse;<\/span><\/li>\n<li style=\"font-weight: 400;\" aria-level=\"1\"><span style=\"font-weight: 400;\">Silendab peeneid kortse ja kuivusest tingitud nahakurtse;<\/span><\/li>\n<li style=\"font-weight: 400;\" aria-level=\"1\"><span style=\"font-weight: 400;\">Rahustab ja v\u00e4rskendab nahka;<\/span><\/li>\n<li style=\"font-weight: 400;\" aria-level=\"1\"><span style=\"font-weight: 400;\">Muudab selle \u00f5rnaks, pehmeks ja elastsemaks;<\/span><\/li>\n<li style=\"font-weight: 400;\" aria-level=\"1\"><span style=\"font-weight: 400;\">Taastab naha niiskust s\u00e4ilitavad funktsioonid;<\/span><\/li>\n<li style=\"font-weight: 400;\" aria-level=\"1\"><span style=\"font-weight: 400;\">Ei j\u00e4ta kleepuvat, pakub protseduurist naudingut ja mugavust.<\/span><\/li>\n<\/ul>\n<p>&nbsp;<\/p>","protected":false},"featured_media":9910,"comment_status":"open","ping_status":"closed","template":"","meta":{"_eb_attr":"","jetpack_post_was_ever_published":false,"_joinchat":[]},"product_brand":[],"product_cat":[394,103],"product_tag":[405,269,423,400],"class_list":{"0":"post-7688","1":"product","2":"type-product","3":"status-publish","4":"has-post-thumbnail","6":"product_cat-torriden","7":"product_cat-maski-dlya-lica","8":"product_tag-torriden-dive-in","9":"product_tag-gialuronovaya-kislota","10":"product_tag-obezvozhennaya-kozha","11":"product_tag-uvlazhnenie","13":"first","14":"outofstock","15":"shipping-taxable","16":"purchasable","17":"product-type-simple"},"jetpack_sharing_enabled":true,"_links":{"self":[{"href":"https:\/\/liluilu.ee\/et\/wp-json\/wp\/v2\/product\/7688","targetHints":{"allow":["GET"]}}],"collection":[{"href":"https:\/\/liluilu.ee\/et\/wp-json\/wp\/v2\/product"}],"about":[{"href":"https:\/\/liluilu.ee\/et\/wp-json\/wp\/v2\/types\/product"}],"replies":[{"embeddable":true,"href":"https:\/\/liluilu.ee\/et\/wp-json\/wp\/v2\/comments?post=7688"}],"version-history":[{"count":5,"href":"https:\/\/liluilu.ee\/et\/wp-json\/wp\/v2\/product\/7688\/revisions"}],"predecessor-version":[{"id":9917,"href":"https:\/\/liluilu.ee\/et\/wp-json\/wp\/v2\/product\/7688\/revisions\/9917"}],"wp:featuredmedia":[{"embeddable":true,"href":"https:\/\/liluilu.ee\/et\/wp-json\/wp\/v2\/media\/9910"}],"wp:attachment":[{"href":"https:\/\/liluilu.ee\/et\/wp-json\/wp\/v2\/media?parent=7688"}],"wp:term":[{"taxonomy":"product_brand","embeddable":true,"href":"https:\/\/liluilu.ee\/et\/wp-json\/wp\/v2\/product_brand?post=7688"},{"taxonomy":"product_cat","embeddable":true,"href":"https:\/\/liluilu.ee\/et\/wp-json\/wp\/v2\/product_cat?post=7688"},{"taxonomy":"product_tag","embeddable":true,"href":"https:\/\/liluilu.ee\/et\/wp-json\/wp\/v2\/product_tag?post=7688"}],"curies":[{"name":"t\u00f6\u00f6leht","href":"https:\/\/api.w.org\/{rel}","templated":true}]}}