{"id":7628,"date":"2022-06-22T15:52:12","date_gmt":"2022-06-22T12:52:12","guid":{"rendered":"https:\/\/liluilu.ee\/?post_type=product&#038;p=7628"},"modified":"2025-11-08T13:00:55","modified_gmt":"2025-11-08T10:00:55","slug":"torriden-dive-in-low-molecular-hyaluronic-acid-serum","status":"publish","type":"product","link":"https:\/\/liluilu.ee\/et\/torriden-dive-in-low-molecular-hyaluronic-acid-serum\/","title":{"rendered":"Niisutav seerum Torriden DIVE-IN Madalmolekulaarne h\u00fcaluroonhappe seerum 50 ml."},"content":{"rendered":"<h2><i><span style=\"font-weight: 400;\">Torriden DIVE-IN madalmolekulaarse h\u00fcaluroonhappe seerumi omadused ja koostis<\/span><\/i><\/h2>\n<p>&nbsp;<\/p>\n<p><span style=\"font-weight: 400;\">Valem p\u00f5hineb niisutavate ja nahka rahustavate koostisosade t\u00f5estatud kombinatsioonil.<\/span><\/p>\n<p><span style=\"font-weight: 400;\">Koosk\u00f5las t\u00f6\u00f6tades annavad need suurep\u00e4raseid tulemusi:<\/span><\/p>\n<p>&nbsp;<\/p>\n<p><b>Niisutav kompleks 5D<\/b><span style=\"font-weight: 400;\"> tagab kauakestva niisutuse ja silub deh\u00fcdratsioonist tingitud peeneid kortse.<\/span><\/p>\n<p>&nbsp;<\/p>\n<p><span style=\"font-weight: 400;\">See koosneb <\/span><b>5 t\u00fc\u00fcpi multimolekulaarset h\u00fcaluroonhapet, <\/b><span style=\"font-weight: 400;\">mis loovad kolmem\u00f5\u00f5tmelise niisutava raami:<\/span><\/p>\n<p>&nbsp;<\/p>\n<ul>\n<li style=\"font-weight: 400;\" aria-level=\"1\"><span style=\"font-weight: 400;\">Madala molekulmassiga h\u00fcaluroonhape s\u00e4ilitab h\u00fcdratatsiooni naha s\u00fcgavates kihtides;<\/span><\/li>\n<li style=\"font-weight: 400;\" aria-level=\"1\"><span style=\"font-weight: 400;\">Keskmolekulaarne t\u00f5mbab vett ligi ja t\u00e4idab epidermise niiskusega.\u00a0<\/span><\/li>\n<li style=\"font-weight: 400;\" aria-level=\"1\"><span style=\"font-weight: 400;\">K\u00f5rge molekulmass moodustab pinnale niiskust hoidva kihi, mis takistab niiskuse aurustumist.<\/span><\/li>\n<\/ul>\n<p>&nbsp;<\/p>\n<p><b>D-panthenool, allantoiin ja Centella asiatica derivaadid <\/b><span style=\"font-weight: 400;\">rahustab tundlikku nahka ja leevendab \u00e4rritust. Neil on p\u00f5letikuvastane ja haavu parandav toime.<\/span><\/p>\n<p>&nbsp;<\/p>\n<p><b>Trehaloos ja betaiin<\/b><span style=\"font-weight: 400;\"> pakkuda t\u00e4iendavat niisutust.<\/span><\/p>\n<p>&nbsp;<\/p>\n<p><b>Beeta-gl\u00fckaan<\/b><span style=\"font-weight: 400;\"> parandab naha tekstuuri ja v\u00e4hendab kortsude s\u00fcgavust.<\/span><\/p>\n<p>&nbsp;<\/p>\n<p><b>Ceramiid NP ja kolesterool<\/b><span style=\"font-weight: 400;\"> taastab vee-rasva tasakaalu ja naha barj\u00e4\u00e4ri tervise. K\u00f5rvaldage kuivus ja muutke nahapind pehmeks. Suurendab elastsust ja tugevust.<\/span><\/p>\n<p>&nbsp;<\/p>\n<p><b>Malahhiidi ekstrakt<\/b><span style=\"font-weight: 400;\"> annab seerumile vapustava taevasinise tooni<\/span><\/p>\n<p>&nbsp;<\/p>\n<p><span style=\"font-weight: 400;\">Torriden DIVE-IN madala molekulmassiga h\u00fcaluroonhappe seerumil on geelitaoline tekstuur. See levib kergesti \u00fcle naha ja tundub uskumatult kerge. Imendub kiiresti ja ei j\u00e4ta iseloomulikku kleepuvust. Suurep\u00e4rane nii hommikuseks kui \u00f5htuseks hoolduseks.\u00a0<\/span><\/p>\n<p>&nbsp;<\/p>\n<p><span style=\"font-weight: 400;\">Rasusele, kombineeritud, normaalsele, kuivale ja kuivale nahale, sobib ka tundlikule ja \u00e4rritusele kalduvale nahale.<\/span><\/p>\n<p>&nbsp;<\/p>\n<p><span style=\"font-weight: 400;\">Kui teil on kuiv nahk ja soovite tugevamat efekti:\u00a0<\/span><\/p>\n<ul>\n<li style=\"font-weight: 400;\" aria-level=\"1\"><span style=\"font-weight: 400;\">Sega Torriden DIVE-IN madalmolekulaarne h\u00fcaluroonhappe seerum oma peopesas m\u00f5ne tilga n\u00e4o\u00f5liga ja kanna saadud segu nahale.<\/span><\/li>\n<\/ul>\n<p>&nbsp;<\/p>\n<p><span style=\"font-weight: 400;\">Toode ei sisalda l\u00f5hnaaineid, alkoholi ega eeterlikke \u00f5lisid.\u00a0<\/span><\/p>\n<p>&nbsp;<\/p>\n<p><span style=\"font-weight: 400;\">Torrideni kaubam\u00e4rki ei katseta loomade peal ega sisalda loomseid tooteid.<\/span><\/p>\n<p>&nbsp;<\/p>\n<p><span style=\"font-weight: 400;\">Kui teile meeldib see seerum, proovige seda koos teiste DIVE IN sarja toodetega:<\/span><\/p>\n<p>&nbsp;<\/p>\n<ul>\n<li style=\"font-weight: 400;\" aria-level=\"1\"><span style=\"color: #0000ff;\"><a style=\"color: #0000ff;\" href=\"https:\/\/liluilu.ee\/et\/torriden-dive-in-low-molecular-hyaluronic-acid-skin-booster\/\" target=\"_blank\" rel=\"noopener\"><span style=\"font-weight: 400;\">Niisutav toonik-booster Torriden DIVE-IN Madala molekulmassiga h\u00fcaluroonhappega nahav\u00f5imendus<\/span><\/a><\/span><\/li>\n<\/ul>\n<p>&nbsp;<\/p>\n<ul>\n<li style=\"font-weight: 400;\" aria-level=\"1\"><span style=\"color: #0000ff;\"><a style=\"color: #0000ff;\" href=\"https:\/\/liluilu.ee\/et\/torriden-dive-in-low-molecule-hyaluronic-acid-cream\/\" target=\"_blank\" rel=\"noopener\"><span style=\"font-weight: 400;\">Niisutav kreem Torriden DIVE-IN Madala molekuliga h\u00fcaluroonhappekreem<\/span><\/a><\/span><\/li>\n<\/ul>\n<p>&nbsp;<\/p>\n<ul>\n<li><span style=\"color: #0000ff;\"><a style=\"color: #0000ff;\" href=\"https:\/\/liluilu.ee\/et\/torriden-dive-in-soothing-cream-100-ml\/\" target=\"_blank\" rel=\"noopener\"><span style=\"font-weight: 400;\">Torriden DIVE-IN rahustav kreem<\/span><\/a><\/span><\/li>\n<\/ul>\n<p>&nbsp;<\/p>\n<ul>\n<li style=\"font-weight: 400;\" aria-level=\"1\"><span style=\"color: #0000ff;\"><a style=\"color: #0000ff;\" href=\"https:\/\/liluilu.ee\/et\/torriden-dive-in-mask-1-sht\/\" target=\"_blank\" rel=\"noopener\"><span style=\"font-weight: 400;\">Niisutav n\u00e4omask Torriden DIVE-IN Mask<\/span><\/a><\/span><\/li>\n<\/ul>\n<p>&nbsp;<\/p>\n<p><b>Kuidas kasutada:<\/b><\/p>\n<p><span style=\"font-weight: 400;\">Rakenda vajalik kogus <\/span><span style=\"font-weight: 400;\">Torriden DIVE-IN Madala molekulmassiga h\u00fcaluroonhappe seerum<\/span><span style=\"font-weight: 400;\"> puhastatud ja toonikuga t\u00f6\u00f6deldud n\u00e4o- ja kaelanahale. Jaotage ja tehke s\u00f5rmedega pehmeid patsutusliigutusi, et toode t\u00e4ielikult imenduks. J\u00e4rgmisena liikuge j\u00e4rgmise hooldusetapi juurde: emulsioon, losjoon v\u00f5i kreem.<\/span><\/p>\n<p>&nbsp;<\/p>\n<p class=\"translation-block\">Netokogus: 50 ml.<\/p>\n<p>&nbsp;<\/p>\n<p><a title=\"TARNETINGIMUSED\" href=\"https:\/\/liluilu.ee\/et\/kohaletoimetamine\/\" target=\"_blank\" rel=\"noopener\">TARNETINGIMUSED<\/a><\/p>","protected":false},"excerpt":{"rendered":"<p><span style=\"font-weight: 400;\">Niisutav ja rahustav seerum, mis p\u00f5hineb multimolekulaarsel h\u00fcaluroonhappel ja D-pantenoolil Torriden DIVE-IN Madalmolekulaarne h\u00fcaluroonhappe seerum:<\/span><\/p>\n<p>&nbsp;<\/p>\n<ul>\n<li style=\"font-weight: 400;\" aria-level=\"1\"><span style=\"font-weight: 400;\">T\u00e4idab naha koheselt niiskusega, niisutab intensiivselt s\u00fcgavat, keskmist ja \u00fclemist kihti;\u00a0<\/span><\/li>\n<li style=\"font-weight: 400;\" aria-level=\"1\"><span style=\"font-weight: 400;\">K\u00f5rvaldab pingul ja kuivuse tunde;<\/span><\/li>\n<li style=\"font-weight: 400;\" aria-level=\"1\"><span style=\"font-weight: 400;\">Rahustab tundlikku nahka ja leevendab \u00e4rritust;<\/span><\/li>\n<li style=\"font-weight: 400;\" aria-level=\"1\"><span style=\"font-weight: 400;\">Silendab deh\u00fcdratsioonist tingitud peeneid kortse;<\/span><\/li>\n<li style=\"font-weight: 400;\" aria-level=\"1\"><span style=\"font-weight: 400;\">Parandab naha tekstuuri, muudab selle pehmeks ja elastseks;<\/span><\/li>\n<li style=\"font-weight: 400;\" aria-level=\"1\"><span style=\"font-weight: 400;\">V\u00e4rskendab, annab meeldiva jaheduse ja mugavustunde.<\/span><\/li>\n<\/ul>\n<p>&nbsp;<\/p>","protected":false},"featured_media":9902,"comment_status":"open","ping_status":"closed","template":"","meta":{"_eb_attr":"","jetpack_post_was_ever_published":false,"_joinchat":[]},"product_brand":[],"product_cat":[394,226],"product_tag":[405,269,423,461,400],"class_list":{"0":"post-7628","1":"product","2":"type-product","3":"status-publish","4":"has-post-thumbnail","6":"product_cat-torriden","7":"product_cat-serumy","8":"product_tag-torriden-dive-in","9":"product_tag-gialuronovaya-kislota","10":"product_tag-obezvozhennaya-kozha","11":"product_tag-serum-s-gialuronovoj-kislotoj","12":"product_tag-uvlazhnenie","14":"first","15":"outofstock","16":"shipping-taxable","17":"purchasable","18":"product-type-simple"},"jetpack_sharing_enabled":true,"_links":{"self":[{"href":"https:\/\/liluilu.ee\/et\/wp-json\/wp\/v2\/product\/7628","targetHints":{"allow":["GET"]}}],"collection":[{"href":"https:\/\/liluilu.ee\/et\/wp-json\/wp\/v2\/product"}],"about":[{"href":"https:\/\/liluilu.ee\/et\/wp-json\/wp\/v2\/types\/product"}],"replies":[{"embeddable":true,"href":"https:\/\/liluilu.ee\/et\/wp-json\/wp\/v2\/comments?post=7628"}],"version-history":[{"count":10,"href":"https:\/\/liluilu.ee\/et\/wp-json\/wp\/v2\/product\/7628\/revisions"}],"predecessor-version":[{"id":7635,"href":"https:\/\/liluilu.ee\/et\/wp-json\/wp\/v2\/product\/7628\/revisions\/7635"}],"wp:featuredmedia":[{"embeddable":true,"href":"https:\/\/liluilu.ee\/et\/wp-json\/wp\/v2\/media\/9902"}],"wp:attachment":[{"href":"https:\/\/liluilu.ee\/et\/wp-json\/wp\/v2\/media?parent=7628"}],"wp:term":[{"taxonomy":"product_brand","embeddable":true,"href":"https:\/\/liluilu.ee\/et\/wp-json\/wp\/v2\/product_brand?post=7628"},{"taxonomy":"product_cat","embeddable":true,"href":"https:\/\/liluilu.ee\/et\/wp-json\/wp\/v2\/product_cat?post=7628"},{"taxonomy":"product_tag","embeddable":true,"href":"https:\/\/liluilu.ee\/et\/wp-json\/wp\/v2\/product_tag?post=7628"}],"curies":[{"name":"t\u00f6\u00f6leht","href":"https:\/\/api.w.org\/{rel}","templated":true}]}}