{"id":7612,"date":"2022-06-16T14:49:55","date_gmt":"2022-06-16T11:49:55","guid":{"rendered":"https:\/\/liluilu.ee\/?post_type=product&#038;p=7612"},"modified":"2025-11-08T13:00:56","modified_gmt":"2025-11-08T10:00:56","slug":"torriden-dive-in-low-molecular-hyaluronic-acid-skin-booster","status":"publish","type":"product","link":"https:\/\/liluilu.ee\/et\/torriden-dive-in-low-molecular-hyaluronic-acid-skin-booster\/","title":{"rendered":"Niisutav toonik-booster Torriden DIVE IN Low Molecular Hyaluronic Acid Skin Booster 200ml."},"content":{"rendered":"<h2><i><span style=\"font-weight: 400;\">Torriden DIVE IN madala molekulmassiga h\u00fcaluroonhappega nahav\u00f5imendi peamised toimeained <\/span><\/i><span style=\"font-weight: 400;\">\u00a0<\/span><\/h2>\n<p>&nbsp;<\/p>\n<p><span style=\"font-weight: 400;\">Valem p\u00f5hineb rohketel niisutavatel koostisosadel, keramiididel, provitamiinil B5 ja taimeekstraktidel. See muudab tooneriv\u00f5imendi multifunktsionaalseks t\u00f6\u00f6riistaks ja v\u00f5imaldab lahendada mitu probleemi korraga:<\/span><\/p>\n<p>&nbsp;<\/p>\n<p><b>Niisutav kompleks 5D<\/b><span style=\"font-weight: 400;\"> taastab veetasakaalu, sirgendab deh\u00fcdratsioonist tekkinud nahakurtse ja kortse ning tagab kauakestva niisutuse.\u00a0<\/span><\/p>\n<p>&nbsp;<\/p>\n<p><b>5 t\u00fc\u00fcpi multimolekulaarset h\u00fcaluroonhapet<\/b><span style=\"font-weight: 400;\"> laseb niiskusel koheselt nahka imenduda ja loo kolmem\u00f5\u00f5tmeline niisutusraam:<\/span><\/p>\n<p>&nbsp;<\/p>\n<ul>\n<li style=\"font-weight: 400;\" aria-level=\"1\"><span style=\"font-weight: 400;\">Madala molekulmassiga h\u00fcaluroonhape s\u00e4ilitab h\u00fcdratatsiooni naha s\u00fcgavates kihtides;<\/span><\/li>\n<li style=\"font-weight: 400;\" aria-level=\"1\"><span style=\"font-weight: 400;\">Keskmolekulaarne t\u00f5mbab vett ligi ja t\u00e4idab epidermise niiskusega.\u00a0<\/span><\/li>\n<li style=\"font-weight: 400;\" aria-level=\"1\"><span style=\"font-weight: 400;\">K\u00f5rge molekulmass moodustab pinnale niiskust hoidva kihi, mis takistab niiskuse aurustumist.<\/span><\/li>\n<\/ul>\n<p>&nbsp;<\/p>\n<p><b>Ceramiid NP<\/b><span style=\"font-weight: 400;\"> s\u00e4ilitab naha barj\u00e4\u00e4ri tervise ja taastab vee-rasva tasakaalu. K\u00f5rvaldab kuivuse, suurendab naha tugevust ja elastsust.<\/span><\/p>\n<p>&nbsp;<\/p>\n<p><b>F\u00fctosfingosiin<\/b><span style=\"font-weight: 400;\"> stimuleerib omaenda keramiidide s\u00fcnteesi.<\/span><\/p>\n<p>&nbsp;<\/p>\n<p><b>Pantenool ja allantoiin<\/b><span style=\"font-weight: 400;\"> taastada mugavus ka k\u00f5ige kuivemale nahale. Leevendab koheselt pingetunnet, hoiab \u00e4ra deh\u00fcdratsiooni ja pehmendab. Rahustage, eemaldage koorumine ja taastage kahjustused. J\u00e4tab naha pehmeks, siledaks ja eluj\u00f5uliseks.<\/span><\/p>\n<p>&nbsp;<\/p>\n<p><b>N\u00f5iapuu ekstrakt<\/b><span style=\"font-weight: 400;\"> reguleerib rasu tootmist ja ahendab poore. Omab rosaatseavastaseid omadusi.<\/span><\/p>\n<p>&nbsp;<\/p>\n<p><b>Baikali koljupea ekstrakt<\/b><span style=\"font-weight: 400;\"> stimuleerib rakkude uuenemist, parandab mikrotsirkulatsiooni ja parandab kapillaaride seisundit.<\/span><\/p>\n<p>&nbsp;<\/p>\n<p><b>Lumelootos ja pojeng<\/b><span style=\"font-weight: 400;\"> toidavad, annavad nahale terve s\u00e4ra, stimuleerivad loomulikku kollageeni tootmist ja aitavad v\u00e4hendada kortse.<\/span><\/p>\n<p>&nbsp;<\/p>\n<p><b>Malahhiidi ekstrakt<\/b><span style=\"font-weight: 400;\"> Annab nahale antioks\u00fcdantse kaitse ja annab toonikule piimjassinise tooni.<\/span><\/p>\n<p>&nbsp;<\/p>\n<p><span style=\"font-weight: 400;\">Torriden DIVE IN Madala molekulmassiga h\u00fcaluroonhappega Skin Booster on paksu, rikkaliku tekstuuriga ja l\u00f5hnatu.\u00a0<\/span><\/p>\n<p>&nbsp;<\/p>\n<p><span style=\"font-weight: 400;\">Toodet on v\u00e4ga mugav kasutada: pealekandmisel kergelt libiseb, imendub kiiresti ja ei j\u00e4ta iseloomulikku kleepuvust.\u00a0<\/span><\/p>\n<p>&nbsp;<\/p>\n<p><span style=\"font-weight: 400;\">Toonik sobib igale nahat\u00fc\u00fcbile, eriti deh\u00fcdreeritud ja kuivale nahale.\u00a0<\/span><\/p>\n<p>&nbsp;<\/p>\n<p><span style=\"font-weight: 400;\">Kui teile see toode meeldib, proovige seda koos teiste DIVE IN sarja toodetega:<\/span><\/p>\n<p>&nbsp;<\/p>\n<ul>\n<li style=\"font-weight: 400;\" aria-level=\"1\"><span style=\"color: #0000ff;\"><a style=\"color: #0000ff;\" href=\"https:\/\/liluilu.ee\/et\/torriden-dive-in-low-molecular-hyaluronic-acid-serum\/\" target=\"_blank\" rel=\"noopener\"><span style=\"font-weight: 400;\">Niisutav seerum Torriden DIVE-IN Madalmolekulaarne h\u00fcaluroonhappe seerum<\/span><\/a><\/span><\/li>\n<\/ul>\n<p>&nbsp;<\/p>\n<ul>\n<li style=\"font-weight: 400;\" aria-level=\"1\"><span style=\"color: #0000ff;\"><a style=\"color: #0000ff;\" href=\"https:\/\/liluilu.ee\/et\/torriden-dive-in-low-molecule-hyaluronic-acid-cream\/\" target=\"_blank\" rel=\"noopener\"><span style=\"font-weight: 400;\">Niisutav kreem Torriden DIVE-IN Madala molekuliga h\u00fcaluroonhappekreem<\/span><\/a><\/span><\/li>\n<\/ul>\n<p>&nbsp;<\/p>\n<ul>\n<li><span style=\"color: #0000ff;\"><a style=\"color: #0000ff;\" href=\"https:\/\/liluilu.ee\/et\/torriden-dive-in-soothing-cream-100-ml\/\" target=\"_blank\" rel=\"noopener\"><span style=\"font-weight: 400;\">Torriden DIVE-IN rahustav kreem<\/span><\/a><\/span><\/li>\n<\/ul>\n<p>&nbsp;<\/p>\n<ul>\n<li style=\"font-weight: 400;\" aria-level=\"1\"><span style=\"color: #0000ff;\"><a style=\"color: #0000ff;\" href=\"https:\/\/liluilu.ee\/et\/torriden-dive-in-mask-1-sht\/\" target=\"_blank\" rel=\"noopener\"><span style=\"font-weight: 400;\">Niisutav n\u00e4omask Torriden DIVE-IN Mask<\/span><\/a><\/span><\/li>\n<\/ul>\n<p>&nbsp;<\/p>\n<p><b>Kuidas kasutada:<\/b><\/p>\n<p><span style=\"font-weight: 400;\">Hommikul ja\/v\u00f5i \u00f5htul vala peopesale vajalik kogus Torriden DIVE IN Low Molecular Hyaluronic Acid Skin Boosterit ning kanna eelnevalt puhastatud n\u00e4ole ja kaelale. Jaotage ja tehke \u00f5rnaid patsutusliigutusi, et toode imenduks. J\u00e4rgmisena j\u00e4tkake oma hoolduse j\u00e4rgmise etapiga (seerum, emulsioon v\u00f5i kreem).<\/span><\/p>\n<p>&nbsp;<\/p>\n<p><b>Netokogus:<\/b><span style=\"font-weight: 400;\"> 200 ml.<\/span><\/p>\n<p>&nbsp;<\/p>\n<p><a title=\"TARNETINGIMUSED\" href=\"https:\/\/liluilu.ee\/et\/kohaletoimetamine\/\" target=\"_blank\" rel=\"noopener\">TARNETINGIMUSED<\/a><\/p>","protected":false},"excerpt":{"rendered":"<p><span style=\"font-weight: 400;\">Rikkaliku ampullistekstuuriga \u00fcliniisutav tooner Torriden DIVE IN Madala molekulmassiga h\u00fcaluroonhappega nahatugi:<\/span><\/p>\n<p>&nbsp;<\/p>\n<ul>\n<li style=\"font-weight: 400;\" aria-level=\"1\"><span style=\"font-weight: 400;\">T\u00e4idab rikkalikult niiskusega ka v\u00e4ga kuiva ja deh\u00fcdreeritud nahka;<\/span><\/li>\n<\/ul>\n<ul>\n<li style=\"font-weight: 400;\" aria-level=\"1\"><span style=\"font-weight: 400;\">K\u00f5rvaldab pingul, ketenduse ja kuivuse tunde;<\/span><\/li>\n<li style=\"font-weight: 400;\" aria-level=\"1\"><span style=\"font-weight: 400;\">Taastab naha niiskust hoidmise v\u00f5ime ja tagab kauakestva niisutuse;<\/span><\/li>\n<li style=\"font-weight: 400;\" aria-level=\"1\"><span style=\"font-weight: 400;\">Hoiab \u00e4ra deh\u00fcdratsiooni ja s\u00e4ilitab vee-rasva tasakaalu;<\/span><\/li>\n<li style=\"font-weight: 400;\" aria-level=\"1\"><span style=\"font-weight: 400;\">Rahustab ja pehmendab tundlikku, \u00e4rritunud nahka;<\/span><\/li>\n<li style=\"font-weight: 400;\" aria-level=\"1\"><span style=\"font-weight: 400;\">Annab v\u00e4rskuse, kerguse ja mugavustunde.<\/span><\/li>\n<\/ul>\n<p>&nbsp;<\/p>","protected":false},"featured_media":9316,"comment_status":"open","ping_status":"closed","template":"","meta":{"_eb_attr":"","jetpack_post_was_ever_published":false,"_joinchat":[]},"product_brand":[],"product_cat":[394,217],"product_tag":[405,269,423,493,421,400],"class_list":{"0":"post-7612","1":"product","2":"type-product","3":"status-publish","4":"has-post-thumbnail","6":"product_cat-torriden","7":"product_cat-tonery","8":"product_tag-torriden-dive-in","9":"product_tag-gialuronovaya-kislota","10":"product_tag-obezvozhennaya-kozha","11":"product_tag-sklonnaya-k-suhosti-kozha","12":"product_tag-suhaya-kozha","13":"product_tag-uvlazhnenie","15":"first","16":"outofstock","17":"shipping-taxable","18":"purchasable","19":"product-type-simple"},"jetpack_sharing_enabled":true,"_links":{"self":[{"href":"https:\/\/liluilu.ee\/et\/wp-json\/wp\/v2\/product\/7612","targetHints":{"allow":["GET"]}}],"collection":[{"href":"https:\/\/liluilu.ee\/et\/wp-json\/wp\/v2\/product"}],"about":[{"href":"https:\/\/liluilu.ee\/et\/wp-json\/wp\/v2\/types\/product"}],"replies":[{"embeddable":true,"href":"https:\/\/liluilu.ee\/et\/wp-json\/wp\/v2\/comments?post=7612"}],"version-history":[{"count":9,"href":"https:\/\/liluilu.ee\/et\/wp-json\/wp\/v2\/product\/7612\/revisions"}],"predecessor-version":[{"id":11823,"href":"https:\/\/liluilu.ee\/et\/wp-json\/wp\/v2\/product\/7612\/revisions\/11823"}],"wp:featuredmedia":[{"embeddable":true,"href":"https:\/\/liluilu.ee\/et\/wp-json\/wp\/v2\/media\/9316"}],"wp:attachment":[{"href":"https:\/\/liluilu.ee\/et\/wp-json\/wp\/v2\/media?parent=7612"}],"wp:term":[{"taxonomy":"product_brand","embeddable":true,"href":"https:\/\/liluilu.ee\/et\/wp-json\/wp\/v2\/product_brand?post=7612"},{"taxonomy":"product_cat","embeddable":true,"href":"https:\/\/liluilu.ee\/et\/wp-json\/wp\/v2\/product_cat?post=7612"},{"taxonomy":"product_tag","embeddable":true,"href":"https:\/\/liluilu.ee\/et\/wp-json\/wp\/v2\/product_tag?post=7612"}],"curies":[{"name":"t\u00f6\u00f6leht","href":"https:\/\/api.w.org\/{rel}","templated":true}]}}