{"id":7498,"date":"2022-05-17T21:09:20","date_gmt":"2022-05-17T18:09:20","guid":{"rendered":"https:\/\/liluilu.ee\/?post_type=product&#038;p=7498"},"modified":"2025-11-08T13:00:56","modified_gmt":"2025-11-08T10:00:56","slug":"torriden-dive-in-low-molecule-hyaluronic-acid-cream","status":"publish","type":"product","link":"https:\/\/liluilu.ee\/et\/torriden-dive-in-low-molecule-hyaluronic-acid-cream\/","title":{"rendered":"Niisutav n\u00e4okreem Torriden DIVE-IN Madala molekuliga h\u00fcaluroonhappekreem 80 ml."},"content":{"rendered":"<h2><i><span style=\"font-weight: 400;\">Torriden DIVE-IN madala molekulmassiga h\u00fcaluroonhappekreemi omadused ja koostis\u00a0<\/span><\/i><\/h2>\n<p>&nbsp;<\/p>\n<p><span style=\"font-weight: 400;\">Valem p\u00f5hineb - <\/span><b>niisutav kompleks 5D<\/b><span style=\"font-weight: 400;\">, mis koosneb viit t\u00fc\u00fcpi erineva molekulmassiga h\u00fcaluroonhappest.\u00a0<\/span><\/p>\n<p>&nbsp;<\/p>\n<ul>\n<li style=\"font-weight: 400;\" aria-level=\"1\"><span style=\"font-weight: 400;\">Madala molekulmassiga on k\u00f5rge l\u00e4bitungimisv\u00f5ime ja see niisutab nahka seestpoolt;<\/span><\/li>\n<li style=\"font-weight: 400;\" aria-level=\"1\"><span style=\"font-weight: 400;\">Keskmine molekulmass tagab epidermise niiskuse;<\/span><\/li>\n<li style=\"font-weight: 400;\" aria-level=\"1\"><span style=\"font-weight: 400;\">Suurte molekulidega h\u00fcaluroonhape moodustab naha pinnale kaitsva niiskust s\u00e4ilitava kihi.<\/span><\/li>\n<\/ul>\n<p>&nbsp;<\/p>\n<p><span style=\"font-weight: 400;\">Torriden DIVE-IN Madala molekuliga h\u00fcaluroonhappekreem t\u00e4idab naha kiht-kihi haaval niiskusega ja <\/span><b>loob kolmem\u00f5\u00f5tmelise niisutava raami<\/b><span style=\"font-weight: 400;\">. S\u00e4ilitab veetasakaalu, hoiab \u00e4ra niiskuse kadumise ja tagab nahale kauakestva niisutuse.<\/span><\/p>\n<p>&nbsp;<\/p>\n<p><b>SH-oligopeptiid-1<\/b><span style=\"font-weight: 400;\"> on \u00fcks epidermise kasvufaktoritest (EGF). See toimib molekulaarsel tasemel, stimuleerides rakke jagunema ja uuenema.<\/span><\/p>\n<p>&nbsp;<\/p>\n<ul>\n<li style=\"font-weight: 400;\" aria-level=\"1\"><span style=\"font-weight: 400;\">Parandab naha tekstuuri ja pooride seisundit;<\/span><\/li>\n<li style=\"font-weight: 400;\" aria-level=\"1\"><span style=\"font-weight: 400;\">\u00dchtlustab mikroreljeefi, muudab naha siledamaks ja elastsemaks;<\/span><\/li>\n<li style=\"font-weight: 400;\" aria-level=\"1\"><span style=\"font-weight: 400;\">V\u00e4hendab kortsude s\u00fcgavust ja takistab uute teket;<\/span><\/li>\n<li style=\"font-weight: 400;\" aria-level=\"1\"><span style=\"font-weight: 400;\">Kiirendab mikropragude, haavade ja muude nahakahjustuste paranemist;<\/span><\/li>\n<li style=\"font-weight: 400;\" aria-level=\"1\"><span style=\"font-weight: 400;\">Annab nahale v\u00e4rske ja terve v\u00e4limuse.<\/span><\/li>\n<\/ul>\n<p>&nbsp;<\/p>\n<p><b>V\u00e4\u00e4rtuslikud \u00f5lid (makadaamia, argaania, jojoba)<\/b><span style=\"font-weight: 400;\"> k\u00fcllastuvad toitainete, vitamiinide, rasvhapete ja antioks\u00fcdantidega. Pehmenda, k\u00f5rvalda ketendus ja kuivus, muudab nahapinna siidiseks ja pehmeks.<\/span><\/p>\n<p>&nbsp;<\/p>\n<p><b>Beeta-gl\u00fckaan, allantoiin ja betaiin, portulak, n\u00f5iapuu ja Scutellaria baicalensis ekstraktid<\/b><span style=\"font-weight: 400;\"> - rahustab, leevendab \u00e4rritust ja kaitseb nahka keskkonna negatiivsete m\u00f5jude eest.<\/span><\/p>\n<p>&nbsp;<\/p>\n<p><b>Malahhiidi ekstrakt<\/b><span style=\"font-weight: 400;\"> vaserikas ja toimib antioks\u00fcdandina. Samuti annab see kreemile vapustava taevasinise tooni.\u00a0<\/span><\/p>\n<p>&nbsp;<\/p>\n<p><span style=\"font-weight: 400;\">Torriden DIVE-IN Madala molekuliga h\u00fcaluroonhappekreemil on l\u00f5hnatu ja siidine \u00f5huline tekstuur. Kreem tagab kerge, mitterasvase katvuse. Ei j\u00e4ta kleepuvust. K\u00f5rvaldab koheselt kuivus- ja pakitsustunde. M\u00f5nusalt v\u00e4rskendab, annab jaheda niiskuse ja mugavustunde.<\/span><\/p>\n<p>&nbsp;<\/p>\n<p><b>Valem on h\u00fcpoallergeenne<\/b><span style=\"font-weight: 400;\"> ja sobib k\u00f5ikidele nahat\u00fc\u00fcpidele, sealhulgas tundlikule, probleemsele ja aknele kalduvale nahale.<\/span><\/p>\n<p>&nbsp;<\/p>\n<p><span style=\"font-weight: 400;\">T\u00e4nu oma kergele tekstuurile kreem <\/span><b>t\u00e4iuslik<\/b><span style=\"font-weight: 400;\"> kombineeritud ja normaalse naha hooldamiseks.\u00a0<\/span><\/p>\n<ul>\n<li style=\"font-weight: 400;\" aria-level=\"1\"><span style=\"font-weight: 400;\">\u00d5listele inimestele on see hea jahedal aastaajal.\u00a0<\/span><\/li>\n<li style=\"font-weight: 400;\" aria-level=\"1\"><span style=\"font-weight: 400;\">Ja kuivkreemi jaoks on see suurep\u00e4rane suvel ja kevadel.<\/span><\/li>\n<\/ul>\n<p>&nbsp;<\/p>\n<p><span style=\"font-weight: 400;\">Torriden DIVE-IN Madala molekuliga h\u00fcaluroonhappekreem on valmistatud puhastest ja kvaliteetsetest rohelistest koostisosadest <\/span><b>E.W.G.<\/b><span style=\"font-weight: 400;\">.<\/span><\/p>\n<p>&nbsp;<\/p>\n<p><span style=\"font-weight: 400;\">T\u00e4hendab <\/span><b>ei sisalda<\/b><span style=\"font-weight: 400;\"> kunstlikud l\u00f5hna- ja v\u00e4rvained, mineraal\u00f5lid, parabeenid, isoprop\u00fc\u00fclalkohol ja muud nahale potentsiaalselt kahjulikud komponendid.\u00a0<\/span><\/p>\n<p>&nbsp;<\/p>\n<p><span style=\"font-weight: 400;\">Torrideni kaubam\u00e4rki ei katseta loomade peal ega sisalda loomseid koostisosi.<\/span><\/p>\n<p>&nbsp;<\/p>\n<p><span style=\"font-weight: 400;\">Kui teile see toode meeldib, proovige seda koos teiste DIVE IN sarja toodetega:<\/span><\/p>\n<p>&nbsp;<\/p>\n<ul>\n<li style=\"font-weight: 400;\" aria-level=\"1\"><span style=\"color: #0000ff;\"><a style=\"color: #0000ff;\" href=\"https:\/\/liluilu.ee\/et\/torriden-dive-in-low-molecular-hyaluronic-acid-skin-booster\/\" target=\"_blank\" rel=\"noopener\"><span style=\"font-weight: 400;\">Niisutav toonik-booster Torriden DIVE-IN Madala molekulmassiga h\u00fcaluroonhappega nahav\u00f5imendus<\/span><\/a><\/span><\/li>\n<\/ul>\n<p>&nbsp;<\/p>\n<ul>\n<li style=\"font-weight: 400;\" aria-level=\"1\"><span style=\"color: #0000ff;\"><a style=\"color: #0000ff;\" href=\"https:\/\/liluilu.ee\/et\/torriden-dive-in-low-molecular-hyaluronic-acid-serum\/\" target=\"_blank\" rel=\"noopener\"><span style=\"font-weight: 400;\">Niisutav seerum Torriden DIVE-IN Madalmolekulaarne h\u00fcaluroonhappe seerum<\/span><\/a><\/span><\/li>\n<\/ul>\n<p>&nbsp;<\/p>\n<ul>\n<li style=\"font-weight: 400;\" aria-level=\"1\"><span style=\"color: #0000ff;\"><a style=\"color: #0000ff;\" href=\"https:\/\/liluilu.ee\/et\/torriden-dive-in-mask-1-sht\/\" target=\"_blank\" rel=\"noopener\"><span style=\"font-weight: 400;\">Niisutav n\u00e4omask Torriden DIVE-IN Mask<\/span><\/a><\/span><\/li>\n<\/ul>\n<p>&nbsp;<\/p>\n<p><b>Kuidas kasutada:<\/b><\/p>\n<p><span style=\"font-weight: 400;\">Torriden DIVE-IN Madala molekuliga h\u00fcaluroonhappekreem sobib kasutamiseks hommikul ja\/v\u00f5i \u00f5htul.<\/span><\/p>\n<p><span style=\"font-weight: 400;\">Hoolduse viimasel etapil kanna vajalik kogus kreemi n\u00e4o- ja kaelanahale, hajuta ja kasuta \u00f5rnaid masseerivaid liigutusi, et toode imenduks.\u00a0<\/span><\/p>\n<p>&nbsp;<\/p>\n<p><b>V\u00e4ike eluh\u00e4kk:<\/b><\/p>\n<p><span style=\"font-weight: 400;\">Kui soovid \u00fchel p\u00e4eval oma nahale intensiivset toitvat efekti, sega peopesas v\u00e4ike kogus kreemi paari tilga \u00f5liga.\u00a0<\/span><\/p>\n<p>&nbsp;<\/p>\n<p><b>Netokogus:<\/b><span style=\"font-weight: 400;\"> 80 ml.<\/span><\/p>\n<p>&nbsp;<\/p>\n<p><a title=\"TARNETINGIMUSED\" href=\"https:\/\/liluilu.ee\/et\/kohaletoimetamine\/\" target=\"_blank\" rel=\"noopener\">TARNETINGIMUSED<\/a><\/p>","protected":false},"excerpt":{"rendered":"<p><span style=\"font-weight: 400;\">Tugeva h\u00fcaluroonhappekompleksi, antioks\u00fcdantide, taimeekstraktide ja epidermise kasvufaktori EGF-iga kauap\u00fcsiv niisutaja.<\/span><\/p>\n<p>&nbsp;<\/p>\n<p><span style=\"font-weight: 400;\">Torriden DIVE-IN Madala molekuliga h\u00fcaluroonhappe kreem:<\/span><\/p>\n<p>&nbsp;<\/p>\n<ul>\n<li style=\"font-weight: 400;\" aria-level=\"1\"><span style=\"font-weight: 400;\">T\u00e4idab nahka rikkalikult niiskusega. Pakub s\u00fcgavat ja kauakestvat niisutust;<\/span><\/li>\n<li style=\"font-weight: 400;\" aria-level=\"1\"><span style=\"font-weight: 400;\">V\u00e4rskendav. K\u00f5rvaldab pingul, ketenduse ja kuivuse tunde;<\/span><\/li>\n<li style=\"font-weight: 400;\" aria-level=\"1\"><span style=\"font-weight: 400;\">\u00dchtlustab naha tekstuuri, muudab selle siledaks ja elastsemaks;<\/span><\/li>\n<li style=\"font-weight: 400;\" aria-level=\"1\"><span style=\"font-weight: 400;\">Tervendab loomulikku niiskust s\u00e4ilitavat barj\u00e4\u00e4ri;<\/span><\/li>\n<li style=\"font-weight: 400;\" aria-level=\"1\"><span style=\"font-weight: 400;\">Suurep\u00e4raselt toidab ja pehmendab;<\/span><\/li>\n<li style=\"font-weight: 400;\" aria-level=\"1\"><span style=\"font-weight: 400;\">V\u00f5itleb vanusega seotud muutustega ja k\u00e4ivitab kudedes taastumisprotsessid.<\/span><\/li>\n<\/ul>\n<p>&nbsp;<\/p>","protected":false},"featured_media":9899,"comment_status":"open","ping_status":"closed","template":"","meta":{"_eb_attr":"","jetpack_post_was_ever_published":false,"_joinchat":[]},"product_brand":[],"product_cat":[394,95],"product_tag":[287,405,269,417,419,423,493,421,400],"class_list":{"0":"post-7498","1":"product","2":"type-product","3":"status-publish","4":"has-post-thumbnail","6":"product_cat-torriden","7":"product_cat-kremy-emulsii-i-losony-dlya-lica","8":"product_tag-egf","9":"product_tag-torriden-dive-in","10":"product_tag-gialuronovaya-kislota","11":"product_tag-kombinirovannaya-kozha","12":"product_tag-normalnaya-kozha","13":"product_tag-obezvozhennaya-kozha","14":"product_tag-sklonnaya-k-suhosti-kozha","15":"product_tag-suhaya-kozha","16":"product_tag-uvlazhnenie","18":"first","19":"outofstock","20":"shipping-taxable","21":"purchasable","22":"product-type-simple"},"jetpack_sharing_enabled":true,"_links":{"self":[{"href":"https:\/\/liluilu.ee\/et\/wp-json\/wp\/v2\/product\/7498","targetHints":{"allow":["GET"]}}],"collection":[{"href":"https:\/\/liluilu.ee\/et\/wp-json\/wp\/v2\/product"}],"about":[{"href":"https:\/\/liluilu.ee\/et\/wp-json\/wp\/v2\/types\/product"}],"replies":[{"embeddable":true,"href":"https:\/\/liluilu.ee\/et\/wp-json\/wp\/v2\/comments?post=7498"}],"version-history":[{"count":8,"href":"https:\/\/liluilu.ee\/et\/wp-json\/wp\/v2\/product\/7498\/revisions"}],"predecessor-version":[{"id":11824,"href":"https:\/\/liluilu.ee\/et\/wp-json\/wp\/v2\/product\/7498\/revisions\/11824"}],"wp:featuredmedia":[{"embeddable":true,"href":"https:\/\/liluilu.ee\/et\/wp-json\/wp\/v2\/media\/9899"}],"wp:attachment":[{"href":"https:\/\/liluilu.ee\/et\/wp-json\/wp\/v2\/media?parent=7498"}],"wp:term":[{"taxonomy":"product_brand","embeddable":true,"href":"https:\/\/liluilu.ee\/et\/wp-json\/wp\/v2\/product_brand?post=7498"},{"taxonomy":"product_cat","embeddable":true,"href":"https:\/\/liluilu.ee\/et\/wp-json\/wp\/v2\/product_cat?post=7498"},{"taxonomy":"product_tag","embeddable":true,"href":"https:\/\/liluilu.ee\/et\/wp-json\/wp\/v2\/product_tag?post=7498"}],"curies":[{"name":"t\u00f6\u00f6leht","href":"https:\/\/api.w.org\/{rel}","templated":true}]}}