{"id":7445,"date":"2022-05-09T16:27:07","date_gmt":"2022-05-09T13:27:07","guid":{"rendered":"https:\/\/liluilu.ee\/?post_type=product&#038;p=7445"},"modified":"2026-04-16T01:17:31","modified_gmt":"2026-04-15T22:17:31","slug":"mary-may-houttuynia-cordata-tea-tree-cleansing-foam","status":"publish","type":"product","link":"https:\/\/liluilu.ee\/et\/mary-may-houttuynia-cordata-tea-tree-cleansing-foam\/","title":{"rendered":"Puhastusvaht huttuyniaga probleemsele nahale - Mary&amp;May Houttuynia Cordata+Tea Tree puhastusvaht (150 ml)"},"content":{"rendered":"<p><span style=\"font-weight: 400;\">Mary&amp;May Houttuynia Cordata+Tea Tree puhastusvaht on kreemjas puhastusvaht, mis p\u00f5hineb huttuynia ja teepuu ekstraktil.<\/span><\/p>\n<p>&nbsp;<\/p>\n<p><span style=\"font-weight: 400;\">Toode on loodud rasuse, probleemse ja tundliku naha hoolduseks ning pooride s\u00fcgavpuhastamiseks.<\/span><\/p>\n<p>&nbsp;<\/p>\n<p><span style=\"font-weight: 400;\">Mary&amp;May Houttuynia Cordata + Teepuu puhastusvaht:<\/span><\/p>\n<p>&nbsp;<\/p>\n<ul>\n<li style=\"font-weight: 400;\" aria-level=\"1\"><span style=\"font-weight: 400;\">Eemaldab p\u00f5hjalikult mustuse ja koorib \u00f5rnalt surnud rakkude kihti;<\/span><\/li>\n<li style=\"font-weight: 400;\" aria-level=\"1\"><span style=\"font-weight: 400;\">V\u00e4rskendab, muudab naha puhtaks ja l\u00e4bipaistvaks;<\/span><\/li>\n<li style=\"font-weight: 400;\" aria-level=\"1\"><span style=\"font-weight: 400;\">Eemaldab rasva s\u00fcgavatest pooridest;<\/span><\/li>\n<li style=\"font-weight: 400;\" aria-level=\"1\"><span style=\"font-weight: 400;\">Reguleerib rasu tootmist ja parandab probleemse naha seisundit;<\/span><\/li>\n<li style=\"font-weight: 400;\" aria-level=\"1\"><span style=\"font-weight: 400;\">Sellel on rahustav ja p\u00f5letikuvastane toime;<\/span><\/li>\n<li style=\"font-weight: 400;\" aria-level=\"1\"><span style=\"font-weight: 400;\">Ei p\u00f5hjusta \u00e4rritust.<\/span><\/li>\n<\/ul>\n<h2><\/h2>\n<p>&nbsp;<\/p>\n<h2><i>Mary&amp;May Houttuynia Cordata+Tee Tree puhastusvahu omadused ja koostis<\/i><\/h2>\n<p><span style=\"font-weight: 400;\">Valem p\u00f5hineb kahel p\u00f5hikomponendil: <\/span><b>40,7% Houttuynia ja 6,8% teepuu ekstrakt.<\/b><\/p>\n<p>&nbsp;<\/p>\n<p><b>Houttuynia<\/b><span style=\"font-weight: 400;\"> on tugevate antioks\u00fcdantsete, p\u00f5letikuvastaste, antibakteriaalsete ja niisutavate omadustega. Kasutatakse dermatiidi ja ekseemi ravis, on allergiavastase toimega.<\/span><\/p>\n<p>&nbsp;<\/p>\n<p><span style=\"font-weight: 400;\">Houttuynia puhastab ja ahendab poore, niisutab, leevendab \u00e4rritust, rahustab nahka ja v\u00e4hendab punetust.\u00a0<\/span><\/p>\n<p>&nbsp;<\/p>\n<p><b>Teepuu ekstrakt <\/b><span style=\"font-weight: 400;\">- looduslik antiseptiline ja haavade paranemise aine.\u00a0<\/span><\/p>\n<p>&nbsp;<\/p>\n<p><span style=\"font-weight: 400;\">Lisaks reguleerib teepuu ekstrakt rasu tootmist, v\u00e4rskendab, toniseerib ja parandab naha immuunsust.<\/span><\/p>\n<p>&nbsp;<\/p>\n<p><b>Lauriinhape<\/b><span style=\"font-weight: 400;\"> takistab p\u00f5letike ja akne teket.<\/span><\/p>\n<p>&nbsp;<\/p>\n<p><b>Naatriumh\u00fcaluronaat<\/b><span style=\"font-weight: 400;\"> t\u00f5mbab ligi ja hoiab niiskust. Toote osana s\u00e4ilitab see veetasakaalu ja aitab nahal p\u00fcsida h\u00fcdreeritud.<\/span><\/p>\n<p>&nbsp;<\/p>\n<p><span style=\"font-weight: 400;\">Mary&amp;May Houttuynia Cordata+Tea Tree Cleansing Foam on pehme kreemja vahukoore tekstuuri ja kerge \u00fcrdise aroomiga.<\/span><\/p>\n<p>&nbsp;<\/p>\n<p><span style=\"font-weight: 400;\">Toode moodustab rikkaliku ja paksu vahu, mis \u00fcmbritseb \u00f5rnalt ja puhastab \u00f5rnalt, p\u00f5hjustamata \u00e4rritust. Annab v\u00e4rskuse ja puhtuse tunde.\u00a0<\/span><\/p>\n<p>&nbsp;<\/p>\n<p><span style=\"font-weight: 400;\">Kui teile see toode meeldib, p\u00f6\u00f6rake t\u00e4helepanu teistele probleemse ja tundliku naha hoolduseks m\u00f5eldud toodetele sarjast Mary&amp;May:<\/span><\/p>\n<p>&nbsp;<\/p>\n<ul>\n<li style=\"font-weight: 400;\" aria-level=\"1\"><span style=\"font-weight: 400;\">Seerum pooride intensiivseks hoolduseks <\/span><span style=\"color: #0000ff;\"><a style=\"color: #0000ff;\" href=\"https:\/\/liluilu.ee\/et\/mary-may-houttuynia-cordata-tea-tree-serum-30ml\/\" target=\"_blank\" rel=\"noopener\"><span style=\"font-weight: 400;\">Mary&amp;May Houttuynia Cordata+teepuuseerum<\/span><\/a><\/span><\/li>\n<li style=\"font-weight: 400;\" aria-level=\"1\"><span style=\"font-weight: 400;\">Rahustav kreem-geel <\/span><span style=\"color: #0000ff;\"><a style=\"color: #0000ff;\" href=\"https:\/\/liluilu.ee\/et\/mary-may-sensitive-soothing-gel-blemish-cream-70-gr\/\" target=\"_blank\" rel=\"noopener\"><span style=\"font-weight: 400;\">Mary&amp;May Sensitive rahustav geel-plekkimiskreem<\/span><\/a><\/span><\/li>\n<\/ul>\n<p>&nbsp;<\/p>\n<p>&nbsp;<\/p>\n<p><b>Kuidas kasutada:<\/b><\/p>\n<p><span style=\"font-weight: 400;\">Vahusta v\u00e4ike kogus puhastusvahendit veega, kuni moodustub elastne vaht. Kanna niiskele n\u00e4o- ja kaelanahale. Puhastage nahk kergete masseerivate liigutustega ja loputage hoolikalt sooja veega. J\u00e4rgmisena j\u00e4tkake oma hoolduse j\u00e4rgmiste etappidega: tooner\/seerum\/emulsioon v\u00f5i kreem.<\/span><\/p>\n<p>&nbsp;<\/p>\n<p>&nbsp;<\/p>\n<p><b>Netokogus:<\/b><span style=\"font-weight: 400;\"> 150 ml.<\/span><\/p>\n<p>&nbsp;<\/p>\n<p>&nbsp;<\/p>\n<p><span style=\"font-weight: 400;\">Kui teil on lisak\u00fcsimusi v\u00f5i vajate toote valimisel n\u00f5u, kirjutage meile. Vestlus asub ekraani paremas alanurgas.<\/span><\/p>\n<p>&nbsp;<\/p>\n<p>&nbsp;<\/p>\n<p><a title=\"TARNETINGIMUSED\" href=\"https:\/\/liluilu.ee\/et\/kohaletoimetamine\/\" target=\"_blank\" rel=\"noopener\">TARNETINGIMUSED<\/a><\/p>","protected":false},"excerpt":{"rendered":"<p>&nbsp;<\/p>\n<p>&nbsp;<\/p>","protected":false},"featured_media":7447,"comment_status":"open","ping_status":"closed","template":"","meta":{"_eb_attr":"","jetpack_post_was_ever_published":false,"_joinchat":[]},"product_brand":[874],"product_cat":[232,211],"product_tag":[425,875,451,295,389],"class_list":{"0":"post-7445","1":"product","2":"type-product","3":"status-publish","4":"has-post-thumbnail","6":"product_brand-mary-may","7":"product_cat-mary-may","8":"product_cat-penki-i-geli-dlya-umyvaniya","9":"product_tag-houttuynia-cordata-line","10":"product_tag-dlya-problemnoj-kozhi","11":"product_tag-problemnaya-kozha","12":"product_tag-hauttjujniya","13":"product_tag-ekstrakt-chajnogo-dereva","15":"first","16":"instock","17":"sale","18":"shipping-taxable","19":"purchasable","20":"product-type-simple"},"jetpack_sharing_enabled":true,"_links":{"self":[{"href":"https:\/\/liluilu.ee\/et\/wp-json\/wp\/v2\/product\/7445","targetHints":{"allow":["GET"]}}],"collection":[{"href":"https:\/\/liluilu.ee\/et\/wp-json\/wp\/v2\/product"}],"about":[{"href":"https:\/\/liluilu.ee\/et\/wp-json\/wp\/v2\/types\/product"}],"replies":[{"embeddable":true,"href":"https:\/\/liluilu.ee\/et\/wp-json\/wp\/v2\/comments?post=7445"}],"version-history":[{"count":6,"href":"https:\/\/liluilu.ee\/et\/wp-json\/wp\/v2\/product\/7445\/revisions"}],"predecessor-version":[{"id":16800,"href":"https:\/\/liluilu.ee\/et\/wp-json\/wp\/v2\/product\/7445\/revisions\/16800"}],"wp:featuredmedia":[{"embeddable":true,"href":"https:\/\/liluilu.ee\/et\/wp-json\/wp\/v2\/media\/7447"}],"wp:attachment":[{"href":"https:\/\/liluilu.ee\/et\/wp-json\/wp\/v2\/media?parent=7445"}],"wp:term":[{"taxonomy":"product_brand","embeddable":true,"href":"https:\/\/liluilu.ee\/et\/wp-json\/wp\/v2\/product_brand?post=7445"},{"taxonomy":"product_cat","embeddable":true,"href":"https:\/\/liluilu.ee\/et\/wp-json\/wp\/v2\/product_cat?post=7445"},{"taxonomy":"product_tag","embeddable":true,"href":"https:\/\/liluilu.ee\/et\/wp-json\/wp\/v2\/product_tag?post=7445"}],"curies":[{"name":"t\u00f6\u00f6leht","href":"https:\/\/api.w.org\/{rel}","templated":true}]}}