{"id":7416,"date":"2022-05-05T15:43:30","date_gmt":"2022-05-05T12:43:30","guid":{"rendered":"https:\/\/liluilu.ee\/?post_type=product&#038;p=7416"},"modified":"2026-03-08T11:18:13","modified_gmt":"2026-03-08T08:18:13","slug":"isntree-tw-real-bifida-ampoule-50ml","status":"publish","type":"product","link":"https:\/\/liluilu.ee\/et\/isntree-tw-real-bifida-ampoule-50ml\/","title":{"rendered":"Noorendav n\u00e4oampull bifidobakterite ja peptiididega \u2014 Isntree TW-Real Bifida Ampoule (50 ml)"},"content":{"rendered":"<p><span style=\"font-weight: 400;\">Isntree TW-Real Bifida Ampoule on kontsentreeritud vananemisvastane seerum, mis parandab elastsust, v\u00f5itleb vanusega seotud muutustega ja taastab naha kaitsefunktsioonid.<\/span><\/p>\n<p>&nbsp;<\/p>\n<p><span style=\"font-weight: 400;\">Isntree TW-Real Bifida Ampoule:<\/span><\/p>\n<p>&nbsp;<\/p>\n<ul>\n<li style=\"font-weight: 400;\" aria-level=\"1\"><span style=\"font-weight: 400;\">Tugevdab naha barj\u00e4\u00e4ri ja taastab mikrobioomi;<\/span><\/li>\n<li style=\"font-weight: 400;\" aria-level=\"1\"><span style=\"font-weight: 400;\">V\u00e4hendab \u00fclitundlikkust ja rahustab nahka;<\/span><\/li>\n<li style=\"font-weight: 400;\" aria-level=\"1\"><span style=\"font-weight: 400;\">Suurendab toonust ja elastsust;<\/span><\/li>\n<li style=\"font-weight: 400;\" aria-level=\"1\"><span style=\"font-weight: 400;\">V\u00e4hendab kortsude pindala ja s\u00fcgavust;<\/span><\/li>\n<li style=\"font-weight: 400;\" aria-level=\"1\"><span style=\"font-weight: 400;\">\u00dchtlustab tooni ja hoiab \u00e4ra h\u00fcperpigmentatsiooni;<\/span><\/li>\n<li style=\"font-weight: 400;\" aria-level=\"1\"><span style=\"font-weight: 400;\">K\u00f5rvaldab ketenduse ja kuivuse;<\/span><\/li>\n<li style=\"font-weight: 400;\" aria-level=\"1\"><span style=\"font-weight: 400;\">J\u00e4tab naha pehmeks, siledaks ja pingul.\u00a0<\/span><\/li>\n<\/ul>\n<p>&nbsp;<\/p>\n<p>&nbsp;<\/p>\n<h2><i>Isntree TW-Real Bifida Ampoule omadused ja koostis<\/i><\/h2>\n<p><span style=\"font-weight: 400;\">Valem p\u00f5hineb k\u00f5rge kontsentratsiooniga probiootikumidel, peptiidide kompleksil, toitvatel, niisutavatel ja nahka uuendavatel komponentidel.<\/span><\/p>\n<p>&nbsp;<\/p>\n<p><b>Bifidobakterite l\u00fcsaat (88%)<\/b><span style=\"font-weight: 400;\"> rikas valkude, aminohapete, peptiidide ja vitamiinide poolest.\u00a0<\/span><\/p>\n<p>&nbsp;<\/p>\n<p><span style=\"font-weight: 400;\">L\u00fcsaat on eriti kasulik tundlikule ja vananevale nahale, samuti p\u00e4rast agressiivseid kosmeetilisi protseduure:<\/span><\/p>\n<p>&nbsp;<\/p>\n<ul>\n<li style=\"font-weight: 400;\" aria-level=\"1\"><span style=\"font-weight: 400;\">Taastab naha barj\u00e4\u00e4ri kaitsefunktsioonid;<\/span><\/li>\n<li style=\"font-weight: 400;\" aria-level=\"1\"><span style=\"font-weight: 400;\">V\u00e4hendab \u00fclitundlikkust ja suurendab rakulist immuunsust;<\/span><\/li>\n<li style=\"font-weight: 400;\" aria-level=\"1\"><span style=\"font-weight: 400;\">Stimuleerib keramiidide ja loodusliku kollageeni tootmist;<\/span><\/li>\n<li style=\"font-weight: 400;\" aria-level=\"1\"><span style=\"font-weight: 400;\">Niisutab s\u00fcgavuti, parandab toonust ja elastsust.<\/span><\/li>\n<\/ul>\n<p>&nbsp;<\/p>\n<p><b>K\u00e4\u00e4ritatud k\u00f5rvitsa, sojaoa ja riisi ekstraktid <\/b><span style=\"font-weight: 400;\">pakkuda rikkalikku toitumist, k\u00fcllastada nahka vitamiinidega, kaitsta agressiivsete keskkonnam\u00f5jude eest ja parandada peptiidide imendumist.<\/span><\/p>\n<p>&nbsp;<\/p>\n<p><b>Kolmekordne peptiidikompleks ja adenosiin <\/b><span style=\"font-weight: 400;\">aktiveerib kudedes taastumisprotsesse:<\/span><\/p>\n<p>&nbsp;<\/p>\n<ul>\n<li style=\"font-weight: 400;\" aria-level=\"1\"><span style=\"font-weight: 400;\">Stimuleerida kollageeni s\u00fcnteesi ja suurendada l\u00f5tvunud naha elastsust. Muutke see siledaks ja elastseks;<\/span><\/li>\n<\/ul>\n<ul>\n<li style=\"font-weight: 400;\" aria-level=\"1\"><span style=\"font-weight: 400;\">Aitab toota h\u00fcaluroonhapet ja k\u00f5rvaldab kuivuse;<\/span><\/li>\n<\/ul>\n<ul>\n<li style=\"font-weight: 400;\" aria-level=\"1\"><span style=\"font-weight: 400;\">L\u00f5\u00f5gastab n\u00e4olihaseid, v\u00e4hendab kortsude raskust ja s\u00fcgavust.<\/span><\/li>\n<\/ul>\n<p>&nbsp;<\/p>\n<p><b>Niatsiinamiid<\/b><span style=\"font-weight: 400;\"> \u00fchtlustab tooni, heledab plekid, akne j\u00e4ljed ja takistab vanuselaikude teket. Sellel on tugev antioks\u00fcdant ja noorendav toime.\u00a0<\/span><\/p>\n<p>&nbsp;<\/p>\n<p><b>Pantenool, kollageen, beeta-gl\u00fckaan ja h\u00fcaluroonhape<\/b><span style=\"font-weight: 400;\"> k\u00f5rvaldada ketendus ja kuivus. J\u00e4tab naha pehmeks ja optimaalselt niisutatuks.<\/span><\/p>\n<p>&nbsp;<\/p>\n<p><span style=\"font-weight: 400;\">Isntree TW-Real Bifida Ampoule <\/span><b>koosneb looduslikest koostisosadest<\/b><span style=\"font-weight: 400;\">EWG heaks kiidetud.\u00a0<\/span><\/p>\n<p>&nbsp;<\/p>\n<p><span style=\"font-weight: 400;\">Ampull <\/span><b>ei sisalda<\/b><span style=\"font-weight: 400;\"> kunstlikud maitse- ja v\u00e4rvained, mineraal- ja eeterlikud \u00f5lid, parabeenid, silikoonid ja loomsed saadused.<\/span><\/p>\n<p>&nbsp;<\/p>\n<p><span style=\"font-weight: 400;\">Isntree kaubam\u00e4rk ei testi loomade peal.<\/span><\/p>\n<p>&nbsp;<\/p>\n<p><span style=\"font-weight: 400;\">Seerum on l\u00f5hnatu ja kerge, libiseva, kergelt \u00f5lise tekstuuriga.<\/span><\/p>\n<p><span style=\"font-weight: 400;\">Ampull asetseb nahal \u00f5hukese, m\u00e4rkamatu kihina ja imendub m\u00f5ne minutiga. P\u00e4rast imendumist j\u00e4tab see kastese viimistluse ja \u00f5rna noore, terve naha s\u00e4ra.<\/span><\/p>\n<p>&nbsp;<\/p>\n<p><b>Soovitame  Isntree TW-Real Bifida Ampoule:\u00a0<\/b><\/p>\n<p>&nbsp;<\/p>\n<ul>\n<li style=\"font-weight: 400;\" aria-level=\"1\"><span style=\"font-weight: 400;\">Vananemisvastaseks hoolduseks vananevale nahale;<\/span><\/li>\n<li style=\"font-weight: 400;\" aria-level=\"1\"><span style=\"font-weight: 400;\">Toonust, elastsust ja tugevust kaotava naha jaoks;<\/span><\/li>\n<li style=\"font-weight: 400;\" aria-level=\"1\"><span style=\"font-weight: 400;\">Kahjustatud nahabarj\u00e4\u00e4riga nahale;<\/span><\/li>\n<li style=\"font-weight: 400;\" aria-level=\"1\"><span style=\"font-weight: 400;\">Deh\u00fcdreeritud nahale;<\/span><\/li>\n<li style=\"font-weight: 400;\" aria-level=\"1\"><span style=\"font-weight: 400;\">Tundlikule nahale, mis on kalduv punetusele ja \u00e4rritusele;<\/span><\/li>\n<li style=\"font-weight: 400;\" aria-level=\"1\"><span style=\"font-weight: 400;\">Taastamiseks p\u00e4rast agressiivseid kosmeetilisi protseduure.<\/span><\/li>\n<\/ul>\n<p>&nbsp;<\/p>\n<p><span style=\"font-weight: 400;\">Seerum sobib igale nahat\u00fc\u00fcbile ning seda saab kasutada nii hommiku- kui \u00f5hturituaalides.<\/span><\/p>\n<p>&nbsp;<\/p>\n<p><span style=\"font-weight: 400;\">Kui teile see toode meeldib, proovige ka Skin Repairing Toonerit <\/span><span style=\"color: #0000ff;\"><a style=\"color: #0000ff;\" href=\"https:\/\/liluilu.ee\/et\/mary-may-vitamin-b5-bifida-toner\/\" target=\"_blank\" rel=\"noopener\"><span style=\"font-weight: 400;\">Mary&amp;May Vitamin B5 + Bifida Toner<\/span><\/a><\/span><span style=\"font-weight: 400;\">. Need kaks toodet n\u00e4ivad olevat teineteise jaoks loodud ja moodustavad t\u00e4iusliku nahahooldusduo.<\/span><\/p>\n<p>&nbsp;<\/p>\n<p><span style=\"font-weight: 400;\">Ja silma\u00fcmbruse \u00f5rnale nahale soovitame kreemi\u00a0 <\/span><span style=\"color: #0000ff;\"><a style=\"color: #0000ff;\" href=\"https:\/\/liluilu.ee\/et\/isntree-tw-real-eye-cream\/\" target=\"_blank\" rel=\"noopener\"><span style=\"font-weight: 400;\">Isntree TW-Real Eye Cream<\/span><\/a><\/span><span style=\"font-weight: 400;\">.<\/span><\/p>\n<p>&nbsp;<\/p>\n<p><b>Kuidas kasutada:<\/b><\/p>\n<p><span style=\"font-weight: 400;\">Kandke hommikul ja\/v\u00f5i \u00f5htul sobiv kogus puhastatud ja toonitud n\u00e4ole ja kaelale. Jaotage seerum laiali ja tehke pehmeid patsutusliigutusi, et see imenduks. J\u00e4rgmisena j\u00e4tkake oma hoolduse j\u00e4rgmise etapiga (emulsioon \/ kreem).<\/span><\/p>\n<p>&nbsp;<\/p>\n<p>&nbsp;<\/p>\n<p class=\"translation-block\">Netokogus: 50 ml.<\/p>\n<p>&nbsp;<\/p>\n<p>&nbsp;<\/p>\n<p><span style=\"font-weight: 400;\">Kui teil on lisak\u00fcsimusi v\u00f5i vajate toote valimisel n\u00f5u, kirjutage meile. Vestlus asub ekraani paremas alanurgas.<\/span><\/p>\n<p>&nbsp;<\/p>\n<p>&nbsp;<\/p>\n<p><a title=\"TARNETINGIMUSED\" href=\"https:\/\/liluilu.ee\/et\/kohaletoimetamine\/\" target=\"_blank\" rel=\"noopener\">TARNETINGIMUSED<\/a><\/p>","protected":false},"excerpt":{"rendered":"<p>&nbsp;<\/p>\n<p>&nbsp;<\/p>","protected":false},"featured_media":16786,"comment_status":"open","ping_status":"closed","template":"","meta":{"_eb_attr":"","jetpack_post_was_ever_published":false,"_joinchat":[]},"product_brand":[873],"product_cat":[66,226],"product_tag":[287,445,439,417,391,465,419,239,297,493,421],"class_list":{"0":"post-7416","1":"product","2":"type-product","3":"status-publish","4":"has-post-thumbnail","6":"product_brand-isntree","7":"product_cat-isntree","8":"product_cat-serumy","9":"product_tag-egf","10":"product_tag-antivozrastnoj-uhod","11":"product_tag-vosstanovlenie-barera","12":"product_tag-kombinirovannaya-kozha","13":"product_tag-lizat-bifidobakterij","14":"product_tag-lifting","15":"product_tag-normalnaya-kozha","16":"product_tag-peptidy","17":"product_tag-probiotiki","18":"product_tag-sklonnaya-k-suhosti-kozha","19":"product_tag-suhaya-kozha","21":"first","22":"instock","23":"sale","24":"shipping-taxable","25":"purchasable","26":"product-type-simple"},"jetpack_sharing_enabled":true,"_links":{"self":[{"href":"https:\/\/liluilu.ee\/et\/wp-json\/wp\/v2\/product\/7416","targetHints":{"allow":["GET"]}}],"collection":[{"href":"https:\/\/liluilu.ee\/et\/wp-json\/wp\/v2\/product"}],"about":[{"href":"https:\/\/liluilu.ee\/et\/wp-json\/wp\/v2\/types\/product"}],"replies":[{"embeddable":true,"href":"https:\/\/liluilu.ee\/et\/wp-json\/wp\/v2\/comments?post=7416"}],"version-history":[{"count":18,"href":"https:\/\/liluilu.ee\/et\/wp-json\/wp\/v2\/product\/7416\/revisions"}],"predecessor-version":[{"id":16795,"href":"https:\/\/liluilu.ee\/et\/wp-json\/wp\/v2\/product\/7416\/revisions\/16795"}],"wp:featuredmedia":[{"embeddable":true,"href":"https:\/\/liluilu.ee\/et\/wp-json\/wp\/v2\/media\/16786"}],"wp:attachment":[{"href":"https:\/\/liluilu.ee\/et\/wp-json\/wp\/v2\/media?parent=7416"}],"wp:term":[{"taxonomy":"product_brand","embeddable":true,"href":"https:\/\/liluilu.ee\/et\/wp-json\/wp\/v2\/product_brand?post=7416"},{"taxonomy":"product_cat","embeddable":true,"href":"https:\/\/liluilu.ee\/et\/wp-json\/wp\/v2\/product_cat?post=7416"},{"taxonomy":"product_tag","embeddable":true,"href":"https:\/\/liluilu.ee\/et\/wp-json\/wp\/v2\/product_tag?post=7416"}],"curies":[{"name":"t\u00f6\u00f6leht","href":"https:\/\/api.w.org\/{rel}","templated":true}]}}