{"id":7389,"date":"2022-05-01T16:51:02","date_gmt":"2022-05-01T13:51:02","guid":{"rendered":"https:\/\/liluilu.ee\/?post_type=product&#038;p=7389"},"modified":"2026-04-05T23:57:40","modified_gmt":"2026-04-05T20:57:40","slug":"mary-may-collagen-peptide-vital-mask","status":"publish","type":"product","link":"https:\/\/liluilu.ee\/et\/mary-may-collagen-peptide-vital-mask\/","title":{"rendered":"Kollageeni ja peptiididega maskid Mary&amp;May Collagen Peptide Vital Mask 30 tk."},"content":{"rendered":"<h2><i><span style=\"font-weight: 400;\">Mary&amp;May Collagen Peptide Vital Maski omadused ja koostis<\/span><\/i><\/h2>\n<p><span style=\"font-weight: 400;\">Valem p\u00f5hineb kollageenil, peptiididel, adenosiinil ja allantoiinil.<\/span><\/p>\n<p>&nbsp;<\/p>\n<p><b>Madala molekulmassiga kollageen (10,760 ppm)<\/b><span style=\"font-weight: 400;\"> imendub kiiresti ja niisutab nahka s\u00fcgavuti.\u00a0<\/span><\/p>\n<p><span style=\"font-weight: 400;\">Muudab selle v\u00e4rskeks, pehmeks, siledaks ja elastseks.<\/span><\/p>\n<p>&nbsp;<\/p>\n<p><b>6 t\u00fc\u00fcpi peptiide<\/b><span style=\"font-weight: 400;\"> alustada taastumisprotsessi, stimuleerida rakke ja neurotransmittereid tootma oma kollageeni ja elastiini.\u00a0<\/span><\/p>\n<p>&nbsp;<\/p>\n<p><span style=\"font-weight: 400;\">Peptiididel on m\u00e4rgatav vananemisvastane toime: muudavad naha toonusemaks ja tihedamaks, siluvad kortse ja aeglustavad vanusega seotud muutusi.<\/span><\/p>\n<p>&nbsp;<\/p>\n<p><b>Adenosiin <\/b><span style=\"font-weight: 400;\">- funktsionaalne komponent, mis parandab naharakkude taastumist.\u00a0<\/span><\/p>\n<p>&nbsp;<\/p>\n<p><b>Allantoiin<\/b><span style=\"font-weight: 400;\"> - looduslik aine, mis on ekstraheeritud kampri, tamme ja nisu idudest. Rahustab ja kaitseb tundlikku nahka, soodustab nahahaavade paranemist.<\/span><\/p>\n<p>&nbsp;<\/p>\n<p><span style=\"font-weight: 400;\">Mary&amp;May Collagen Peptide Vital Mask on valmistatud keskkonnas\u00f5bralikest koostisosadest, mille on heaks kiitnud EWG.<\/span><\/p>\n<p>&nbsp;<\/p>\n<p><span style=\"font-weight: 400;\">Ergonoomiline pakend 30 kangamaskiga spetsiaalse \u00fcmbrise kujul v\u00f5imaldab teil oma naha eest hoolitseda ilma keskkonda mittevajalike j\u00e4\u00e4tmetega reostamata.<\/span><\/p>\n<p>&nbsp;<\/p>\n<p><span style=\"font-weight: 400;\">Topelttihendiga kaitsemembraan ei lase essentsil aurustuda ja hoiab ohtralt niiskust kuni viimase maskini.<\/span><\/p>\n<p>&nbsp;<\/p>\n<p><span style=\"font-weight: 400;\">Kaasasolevad minipintsetid muudavad ekstraheerimisprotsessi mugavaks ja h\u00fcgieeniliseks.<\/span><\/p>\n<p>&nbsp;<\/p>\n<p><span style=\"font-weight: 400;\">Maskid on valmistatud naturaalsest h\u00fcpoallergeensest kiust, mis liibub tihedalt nahaga.\u00a0<\/span><\/p>\n<p>&nbsp;<\/p>\n<p><span style=\"font-weight: 400;\">H\u00fcgroskoopne materjal ei lase essentsil v\u00e4lja voolata ja muudab protseduuri mitte ainult t\u00f5husaks, vaid ka mugavaks.\u00a0<\/span><\/p>\n<p>&nbsp;<\/p>\n<p><span style=\"font-weight: 400;\">Toiteva essentsi komponendid imenduvad \u00f5rnalt ja ei j\u00e4ta kleepuvat.\u00a0<\/span><\/p>\n<p>&nbsp;<\/p>\n<p><span style=\"font-weight: 400;\">Mary&amp;May Collagen Peptide Vital Mask sobib igale nahat\u00fc\u00fcbile. Kaasa arvatud need, kes on tundlikud.\u00a0<\/span><\/p>\n<p>&nbsp;<\/p>\n<p><span style=\"font-weight: 400;\">T\u00e4iendab suurep\u00e4raselt nii hommikust kui \u00f5htust hooldust.<\/span><\/p>\n<p>&nbsp;<\/p>\n<p><span style=\"font-weight: 400;\">Proovi 1 maski korraga ja tunneta enda peal kollageeni ja peptiidide j\u00f5udu.<\/span><\/p>\n<p>&nbsp;<\/p>\n<p><b>Kuidas kasutada:<\/b><\/p>\n<ol>\n<li style=\"font-weight: 400;\" aria-level=\"1\"><span style=\"font-weight: 400;\">Puhastage oma n\u00e4gu ja t\u00f6\u00f6tlege seda toonikuga, et valmistada see maski pealekandmiseks ette.<\/span><\/li>\n<li style=\"font-weight: 400;\" aria-level=\"1\"><span style=\"font-weight: 400;\">Eemaldage kate ja t\u00f5stke kaitsemembraan \u00fcles, t\u00f5mmates r\u00f5ngast. \u00c4rge eemaldage membraani t\u00e4ielikult. See kaitseb maske kuivamise eest.<\/span><\/li>\n<li style=\"font-weight: 400;\" aria-level=\"1\"><span style=\"font-weight: 400;\">Eemaldage minipintsettide abil \u00fcks mask ja kandke see \u00f5rnalt n\u00e4ole, v\u00e4ltides suu- ja silmapiirkondi.<\/span><\/li>\n<li style=\"font-weight: 400;\" aria-level=\"1\"><span style=\"font-weight: 400;\">Sirgendage nii, et mask sobituks \u00f5humullikesteta tihedalt nahaga ja j\u00e4tke 10-15 minutiks.<\/span><\/li>\n<li style=\"font-weight: 400;\" aria-level=\"1\"><span style=\"font-weight: 400;\">Seej\u00e4rel eemalda mask ja m\u00e4\u00e4ri \u00fclej\u00e4\u00e4nud essents kergelt patsutavate liigutustega n\u00e4onahale kuni t\u00e4ieliku imendumiseni.<\/span><\/li>\n<li style=\"font-weight: 400;\" aria-level=\"1\"><span style=\"font-weight: 400;\">J\u00e4tkake oma hoolduse j\u00e4rgmise etapiga (losjoon, emulsioon v\u00f5i kreem).<\/span><\/li>\n<\/ol>\n<p>&nbsp;<\/p>\n<p><b>Netokogus:<\/b><span style=\"font-weight: 400;\"> 30 tk \/ 400 gr.<\/span><\/p>\n<p>&nbsp;<\/p>\n<p><a title=\"TARNETINGIMUSED\" href=\"https:\/\/liluilu.ee\/et\/kohaletoimetamine\/\" target=\"_blank\" rel=\"noopener\">TARNETINGIMUSED<\/a><\/p>","protected":false},"excerpt":{"rendered":"<p><span style=\"font-weight: 400;\">Madala molekulmassiga kollageeni ja 6 peptiidi kompleksiga kangasmaskide komplekt <\/span><b>kortsude intensiivseks t\u00f5stmiseks ja silumiseks<\/b><span style=\"font-weight: 400;\">.<\/span><\/p>\n<p>&nbsp;<\/p>\n<p><span style=\"font-weight: 400;\">Mary&amp;May kollageenipeptiid Vital Mask:<\/span><\/p>\n<p>&nbsp;<\/p>\n<ul>\n<li style=\"font-weight: 400;\" aria-level=\"1\"><span style=\"font-weight: 400;\">Niisutab rikkalikult, v\u00e4rskendab ja taastab tooni;<\/span><\/li>\n<li style=\"font-weight: 400;\" aria-level=\"1\"><span style=\"font-weight: 400;\">Muudab naha toonusemaks ja elastsemaks;<\/span><\/li>\n<li style=\"font-weight: 400;\" aria-level=\"1\"><span style=\"font-weight: 400;\">Silendab peeneid joonekesi ja nahakortse;<\/span><\/li>\n<li style=\"font-weight: 400;\" aria-level=\"1\"><span style=\"font-weight: 400;\">Hoiab \u00e4ra kortsude teket;<\/span><\/li>\n<li style=\"font-weight: 400;\" aria-level=\"1\"><span style=\"font-weight: 400;\">Toidab ja k\u00e4ivitab nahas taastumisprotsessid;<\/span><\/li>\n<li style=\"font-weight: 400;\" aria-level=\"1\"><span style=\"font-weight: 400;\">Ei j\u00e4ta kleepuvat, sobib nii \u00f5htuseks kui ka p\u00e4evaseks hoolduseks;<\/span><\/li>\n<li style=\"font-weight: 400;\" aria-level=\"1\"><span style=\"font-weight: 400;\">Valmistatud EWG Green koostisosadest.<\/span><\/li>\n<\/ul>\n<p>&nbsp;<\/p>","protected":false},"featured_media":7390,"comment_status":"open","ping_status":"closed","template":"","meta":{"_eb_attr":"","jetpack_post_was_ever_published":false,"_joinchat":[]},"product_brand":[874],"product_cat":[232,103],"product_tag":[445,263,465,239],"class_list":{"0":"post-7389","1":"product","2":"type-product","3":"status-publish","4":"has-post-thumbnail","6":"product_brand-mary-may","7":"product_cat-mary-may","8":"product_cat-maski-dlya-lica","9":"product_tag-antivozrastnoj-uhod","10":"product_tag-gidrolizovannyj-kollagen","11":"product_tag-lifting","12":"product_tag-peptidy","14":"first","15":"instock","16":"sale","17":"shipping-taxable","18":"purchasable","19":"product-type-simple"},"jetpack_sharing_enabled":true,"_links":{"self":[{"href":"https:\/\/liluilu.ee\/et\/wp-json\/wp\/v2\/product\/7389","targetHints":{"allow":["GET"]}}],"collection":[{"href":"https:\/\/liluilu.ee\/et\/wp-json\/wp\/v2\/product"}],"about":[{"href":"https:\/\/liluilu.ee\/et\/wp-json\/wp\/v2\/types\/product"}],"replies":[{"embeddable":true,"href":"https:\/\/liluilu.ee\/et\/wp-json\/wp\/v2\/comments?post=7389"}],"version-history":[{"count":6,"href":"https:\/\/liluilu.ee\/et\/wp-json\/wp\/v2\/product\/7389\/revisions"}],"predecessor-version":[{"id":7818,"href":"https:\/\/liluilu.ee\/et\/wp-json\/wp\/v2\/product\/7389\/revisions\/7818"}],"wp:featuredmedia":[{"embeddable":true,"href":"https:\/\/liluilu.ee\/et\/wp-json\/wp\/v2\/media\/7390"}],"wp:attachment":[{"href":"https:\/\/liluilu.ee\/et\/wp-json\/wp\/v2\/media?parent=7389"}],"wp:term":[{"taxonomy":"product_brand","embeddable":true,"href":"https:\/\/liluilu.ee\/et\/wp-json\/wp\/v2\/product_brand?post=7389"},{"taxonomy":"product_cat","embeddable":true,"href":"https:\/\/liluilu.ee\/et\/wp-json\/wp\/v2\/product_cat?post=7389"},{"taxonomy":"product_tag","embeddable":true,"href":"https:\/\/liluilu.ee\/et\/wp-json\/wp\/v2\/product_tag?post=7389"}],"curies":[{"name":"t\u00f6\u00f6leht","href":"https:\/\/api.w.org\/{rel}","templated":true}]}}