{"id":7356,"date":"2022-04-21T21:10:55","date_gmt":"2022-04-21T18:10:55","guid":{"rendered":"https:\/\/liluilu.ee\/?post_type=product&#038;p=7356"},"modified":"2026-03-12T15:59:44","modified_gmt":"2026-03-12T12:59:44","slug":"mary-may-houttuynia-cordata-tea-tree-serum-30ml","status":"publish","type":"product","link":"https:\/\/liluilu.ee\/et\/mary-may-houttuynia-cordata-tea-tree-serum-30ml\/","title":{"rendered":"Seerum probleemsele nahale Mary&amp;May Houttuynia Cordata+Tee Tree Serum 30ml."},"content":{"rendered":"<h2><i><span style=\"font-weight: 400;\">Mary&amp;May Houttuynia Cordata+Tee Tree Serum omadused ja koostis<\/span><\/i><\/h2>\n<p><span style=\"font-weight: 400;\">Nahaprobleemide k\u00f5rvaldamiseks ja pooride puhastamiseks on Mary&amp;May v\u00e4lja t\u00f6\u00f6tanud lakoonilise ja t\u00f5husa tootevalemi:\u00a0<\/span><\/p>\n<p>&nbsp;<\/p>\n<p><b>85% Houttuynia ekstrakt + 9,7% teepuu ekstrakt.\u00a0<\/b><\/p>\n<p>&nbsp;<\/p>\n<p><b>Houttuynia ekstrakt<\/b><span style=\"font-weight: 400;\"> rikas pol\u00fcfenoolsete flanoide, nagu kvertsetiin ja rutiin. Sellel on tugevad antibakteriaalsed, antioks\u00fcdandid ja p\u00f5letikuvastased omadused.\u00a0<\/span><\/p>\n<p>&nbsp;<\/p>\n<ul>\n<li><span style=\"font-weight: 400;\">Houttuynia puhastab t\u00f5husalt ja ahendab poore. <\/span><\/li>\n<li><span style=\"font-weight: 400;\">Rahustab ja v\u00e4hendab punetust. <\/span><\/li>\n<li><span style=\"font-weight: 400;\">Leevendab \u00e4rritust ja s\u00fcgelust.<\/span><\/li>\n<li>Houttuynias sisalduvad pol\u00fcsahhariidid niisutavad ja s\u00e4ilitavad suurep\u00e4raselt veetasakaalu.<\/li>\n<\/ul>\n<p>&nbsp;<\/p>\n<p><b>Teepuu ekstrakt<\/b><span style=\"font-weight: 400;\"> - looduslik antiseptik. Sellel on bakteritsiidne ja v\u00f5imas haavu parandav toime. Hoiab \u00e4ra p\u00f5letike ja akne teket. V\u00e4rskendab, toniseerib ja parandab naha immuunsust.\u00a0<\/span><\/p>\n<p>&nbsp;<\/p>\n<p><b>Arginiin<\/b><span style=\"font-weight: 400;\"> Aitab nahal p\u00fcsida sile, elastne ja pingul.<\/span><\/p>\n<p>&nbsp;<\/p>\n<p><span style=\"font-weight: 400;\">Mary&amp;May Houttuynia Cordata+Tee Tree Serum sisaldab EWG heakskiidetud orgaanilisi koostisosi.\u00a0<\/span><\/p>\n<p>&nbsp;<\/p>\n<p><span style=\"font-weight: 400;\">Ei sisalda parabeene, kunstlikke maitse- ja v\u00e4rvaineid, alkoholi, pindaktiivseid aineid, allergeene ja mineraal\u00f5lisid.\u00a0<\/span><\/p>\n<p>&nbsp;<\/p>\n<p><span style=\"font-weight: 400;\">Seerum on kerge, mitterasvase geelitaolise tekstuuriga. Toode jaotub \u00f5rnalt \u00fcle naha, andes v\u00e4rskuse ja mugavustunde. P\u00e4rast imendumist j\u00e4tab see \u00f5rna kastese viimistluse.<\/span><\/p>\n<p>&nbsp;<\/p>\n<p><span style=\"font-weight: 400;\">Kui teile see toode meeldib, soovitame proovida Mary&amp;May toodete komplekshooldust:<\/span><\/p>\n<p>&nbsp;<\/p>\n<ul>\n<li style=\"font-weight: 400;\" aria-level=\"1\"><span style=\"color: #0000ff;\"><a style=\"color: #0000ff;\" href=\"https:\/\/liluilu.ee\/et\/mary-may-houttuynia-cordata-tea-tree-cleansing-foam\/\" target=\"_blank\" rel=\"noopener\"><span style=\"font-weight: 400;\">Mary&amp;May Houttuynia Cordata+Teepuu puhastusvaht<\/span><\/a><\/span><\/li>\n<\/ul>\n<p>&nbsp;<\/p>\n<ul>\n<li style=\"font-weight: 400;\" aria-level=\"1\"><span style=\"color: #0000ff;\"><a style=\"color: #0000ff;\" href=\"https:\/\/liluilu.ee\/et\/mary-may-vegan-cica-tea-tree-aha-pha-toner\/\" target=\"_blank\" rel=\"noopener\"><span style=\"font-weight: 400;\">Happeline toonik probleemsele nahale Mary&amp;May Vegan CICA Tea Tree AHA PHA toonik\u00a0<\/span><\/a><\/span><\/li>\n<\/ul>\n<p>&nbsp;<\/p>\n<ul>\n<li style=\"font-weight: 400;\" aria-level=\"1\"><span style=\"color: #0000ff;\"><a style=\"color: #0000ff;\" href=\"https:\/\/liluilu.ee\/et\/mary-may-sensitive-soothing-gel-blemish-cream-70-gr\/\" target=\"_blank\" rel=\"noopener\"><span style=\"font-weight: 400;\">Mary&amp;May Sensitive rahustav geel-plekkimiskreem<\/span><\/a><\/span><\/li>\n<\/ul>\n<p>&nbsp;<\/p>\n<p><b>Kuidas kasutada:<\/b><\/p>\n<p><span style=\"font-weight: 400;\">Kandke hommikul ja\/v\u00f5i \u00f5htul v\u00e4ike kogus Mary&amp;May Houttuynia Cordata+Tee Tree Serumit puhastatud ja toonitud nahale.<\/span><\/p>\n<p><span style=\"font-weight: 400;\">Kasutage \u00f5rnaid patsutusliigutusi s\u00f5rmedega, et aidata seerumil imenduda.<\/span><\/p>\n<p><span style=\"font-weight: 400;\">J\u00e4tkake hoolduse viimase etapiga (losjoon, emulsioon v\u00f5i kreem).<\/span><\/p>\n<p>&nbsp;<\/p>\n<p><b>Netokogus:<\/b><span style=\"font-weight: 400;\"> 30 ml<\/span><\/p>\n<p>&nbsp;<\/p>\n<p><a title=\"TARNETINGIMUSED\" href=\"https:\/\/liluilu.ee\/et\/kohaletoimetamine\/\" target=\"_blank\" rel=\"noopener\">TARNETINGIMUSED<\/a><\/p>","protected":false},"excerpt":{"rendered":"<p><span style=\"font-weight: 400;\">Rahustav seerum laienenud pooridega probleemse naha intensiivhoolduseks.\u00a0<\/span><\/p>\n<p>&nbsp;<\/p>\n<p><span style=\"font-weight: 400;\">Mary&amp;May Houttuynia Cordata+teepuuseerum:<\/span><\/p>\n<p>&nbsp;<\/p>\n<ul>\n<li><span style=\"font-weight: 400;\">Puhastab ja ahendab poore;<\/span><\/li>\n<li><span style=\"font-weight: 400;\">Ennetab p\u00f5letikku ja aknet;<\/span><\/li>\n<li style=\"font-weight: 400;\" aria-level=\"1\"><span style=\"font-weight: 400;\">Rahustab, leevendab \u00e4rritust ja s\u00fcgelust;<\/span><\/li>\n<li style=\"font-weight: 400;\" aria-level=\"1\"><span style=\"font-weight: 400;\">V\u00e4hendab punetust;<\/span><\/li>\n<li style=\"font-weight: 400;\" aria-level=\"1\"><span style=\"font-weight: 400;\">Niisutab, toniseerib ja v\u00e4rskendab;<\/span><\/li>\n<li aria-level=\"1\">Tugevdab naha kaitsefunktsioone;<\/li>\n<li style=\"font-weight: 400;\" aria-level=\"1\"><span style=\"font-weight: 400;\">Annab n\u00e4ole v\u00e4rske ja terve v\u00e4limuse.<\/span><\/li>\n<\/ul>\n<p>&nbsp;<\/p>","protected":false},"featured_media":7358,"comment_status":"open","ping_status":"closed","template":"","meta":{"_eb_attr":"","jetpack_post_was_ever_published":false,"_joinchat":[]},"product_brand":[],"product_cat":[232,226],"product_tag":[425,477,415,473,451,431,295,389],"class_list":{"0":"post-7356","1":"product","2":"type-product","3":"status-publish","4":"has-post-thumbnail","6":"product_cat-mary-may","7":"product_cat-serumy","8":"product_tag-houttuynia-cordata-line","9":"product_tag-vysypaniya-i-akne","10":"product_tag-zhirnaya-kozha","11":"product_tag-zabitye-pory","12":"product_tag-problemnaya-kozha","13":"product_tag-rasshirennye-pory","14":"product_tag-hauttjujniya","15":"product_tag-ekstrakt-chajnogo-dereva","17":"first","18":"instock","19":"sale","20":"shipping-taxable","21":"purchasable","22":"product-type-simple"},"jetpack_sharing_enabled":true,"_links":{"self":[{"href":"https:\/\/liluilu.ee\/et\/wp-json\/wp\/v2\/product\/7356","targetHints":{"allow":["GET"]}}],"collection":[{"href":"https:\/\/liluilu.ee\/et\/wp-json\/wp\/v2\/product"}],"about":[{"href":"https:\/\/liluilu.ee\/et\/wp-json\/wp\/v2\/types\/product"}],"replies":[{"embeddable":true,"href":"https:\/\/liluilu.ee\/et\/wp-json\/wp\/v2\/comments?post=7356"}],"version-history":[{"count":13,"href":"https:\/\/liluilu.ee\/et\/wp-json\/wp\/v2\/product\/7356\/revisions"}],"predecessor-version":[{"id":8125,"href":"https:\/\/liluilu.ee\/et\/wp-json\/wp\/v2\/product\/7356\/revisions\/8125"}],"wp:featuredmedia":[{"embeddable":true,"href":"https:\/\/liluilu.ee\/et\/wp-json\/wp\/v2\/media\/7358"}],"wp:attachment":[{"href":"https:\/\/liluilu.ee\/et\/wp-json\/wp\/v2\/media?parent=7356"}],"wp:term":[{"taxonomy":"product_brand","embeddable":true,"href":"https:\/\/liluilu.ee\/et\/wp-json\/wp\/v2\/product_brand?post=7356"},{"taxonomy":"product_cat","embeddable":true,"href":"https:\/\/liluilu.ee\/et\/wp-json\/wp\/v2\/product_cat?post=7356"},{"taxonomy":"product_tag","embeddable":true,"href":"https:\/\/liluilu.ee\/et\/wp-json\/wp\/v2\/product_tag?post=7356"}],"curies":[{"name":"t\u00f6\u00f6leht","href":"https:\/\/api.w.org\/{rel}","templated":true}]}}