{"id":7345,"date":"2022-04-21T15:08:52","date_gmt":"2022-04-21T12:08:52","guid":{"rendered":"https:\/\/liluilu.ee\/?post_type=product&#038;p=7345"},"modified":"2026-04-15T22:17:21","modified_gmt":"2026-04-15T19:17:21","slug":"mary-may-sensitive-soothing-gel-blemish-cream-70-gr","status":"publish","type":"product","link":"https:\/\/liluilu.ee\/et\/mary-may-sensitive-soothing-gel-blemish-cream-70-gr\/","title":{"rendered":"Rahustav kreem Mary&amp;May Sensitive Soothing Gel Blemish Cream 70g."},"content":{"rendered":"<h2><i><span style=\"font-weight: 400;\">Mary&amp;May Sensitive Soothing Gel Blemish Cream omadused ja koostis<\/span><\/i><\/h2>\n<p><span style=\"font-weight: 400;\">Tundlikule ja rasusele nahale on sageli raske hooldusvahendit valida. Tavap\u00e4rased kreemitekstuurid on rikkalikud ega sobi probleemsele nahale. Ja tundlike inimeste jaoks on \u00f5igesti valitud komponendid \u00e4\u00e4rmiselt olulised.<\/span><\/p>\n<p>&nbsp;<\/p>\n<p><span style=\"font-weight: 400;\">Mary&amp;May Sensitive Soothing Gel Blemish Cream on v\u00e4rske, mittekleepuv pooll\u00e4bipaistev kreem-geel, mille koostises on looduslikud spetsiifilised koostisosad.\u00a0<\/span><\/p>\n<p>&nbsp;<\/p>\n<p><span style=\"font-weight: 400;\">Valemi alus <\/span><b>71.8% Houttuynia ekstrakt<\/b><span style=\"font-weight: 400;\">. Aasias iidsetest aegadest tuntud taime kasutatakse v\u00f5\u00f5rutusraviks, tursete ja nahahaiguste raviks.\u00a0<\/span><\/p>\n<p>&nbsp;<\/p>\n<p><span style=\"font-weight: 400;\">Houttuynial on v\u00f5imas p\u00f5letikuvastane toime. Rahustab, leevendab \u00e4rritust, puhastab ja ahendab poore. K\u00f5rvaldab punetuse.<\/span><\/p>\n<p>&nbsp;<\/p>\n<p><b>9.7% teepuu ekstrakt<\/b><span style=\"font-weight: 400;\"> - looduslik antibakteriaalne ja haavu parandav aine.\u00a0<\/span><\/p>\n<p>&nbsp;<\/p>\n<p><b>Pantenool (vitamiin B5)<\/b><span style=\"font-weight: 400;\"> niisutab, rahustab ja toidab. Annab nahale erakordse pehmuse ja aitab taastada naha barj\u00e4\u00e4ri.<\/span><\/p>\n<p>&nbsp;<\/p>\n<p><b>6 t\u00fc\u00fcpi h\u00fcaluroonhapet<\/b><span style=\"font-weight: 400;\"> s\u00e4ilitada tervislik veetasakaalu. J\u00e4tab naha siledaks, v\u00e4rskeks ja rikkalikult niisutatuks.\u00a0<\/span><\/p>\n<p>&nbsp;<\/p>\n<p><span style=\"font-weight: 400;\">K\u00f5ik komponendid on EWG poolt heaks kiidetud.<\/span><\/p>\n<p><span style=\"font-weight: 400;\">Mary&amp;May Sensitive Soothing Gel Blemish Cream ei sisalda parabeene, kunstlikke maitse- ja v\u00e4rvaineid, alkoholi, mineraal\u00f5li, pindaktiivseid aineid ja allergeene.\u00a0<\/span><\/p>\n<p>&nbsp;<\/p>\n<p><span style=\"font-weight: 400;\">Br\u00e4nd ei katseta loomade peal.<\/span><\/p>\n<p>&nbsp;<\/p>\n<p><span style=\"font-weight: 400;\">Kui teile see toode meeldib, proovige seda kasutada koos rahustava seerumiga\u00a0<a title=\"Houttuynia Cordata+teepuuseerum\" href=\"https:\/\/liluilu.ee\/et\/mary-may-houttuynia-cordata-tea-tree-serum-30ml\/\" target=\"_blank\" rel=\"noopener\">Houttuynia Cordata+teepuuseerum<\/a>.<\/span><\/p>\n<p>&nbsp;<\/p>\n<p><b>Kuidas kasutada:<\/b><\/p>\n<p><span style=\"font-weight: 400;\">Hommikul ja\/v\u00f5i \u00f5htul, hoolduse viimases etapis, kanna vajalik kogus kreemi n\u00e4o- ja kaelanahale. Jaotage ja kasutage peopesadele vajutavaid liigutusi, et toode imenduks.\u00a0<\/span><\/p>\n<p>&nbsp;<\/p>\n<p><b>Netokogus:<\/b><span style=\"font-weight: 400;\"> 70 gr.<\/span><\/p>\n<p>&nbsp;<\/p>\n<p><a title=\"TARNETINGIMUSED\" href=\"https:\/\/liluilu.ee\/et\/kohaletoimetamine\/\" target=\"_blank\" rel=\"noopener\">TARNETINGIMUSED<\/a><\/p>","protected":false},"excerpt":{"rendered":"<p><span style=\"font-weight: 400;\">\u00d5rn rahustav kreem-geel tundlikule ja \u00e4rritusele kalduvale nahale Mary&amp;May Sensitive Soothing Gel Blemish Cream:<\/span><\/p>\n<p>&nbsp;<\/p>\n<ul>\n<li style=\"font-weight: 400;\" aria-level=\"1\"><span style=\"font-weight: 400;\">Sellel on kohene jahutav toime;<\/span><\/li>\n<li style=\"font-weight: 400;\" aria-level=\"1\"><span style=\"font-weight: 400;\">Rahustab ja v\u00e4hendab punetust;<\/span><\/li>\n<li style=\"font-weight: 400;\" aria-level=\"1\"><span style=\"font-weight: 400;\">Leevendab \u00e4rritust ja p\u00f5letikku;<\/span><\/li>\n<li style=\"font-weight: 400;\" aria-level=\"1\"><span style=\"font-weight: 400;\">Kitsendab laienenud poore;<\/span><\/li>\n<li style=\"font-weight: 400;\" aria-level=\"1\"><span style=\"font-weight: 400;\">Niisutab rikkalikult ja taastab veetasakaalu;<\/span><\/li>\n<li style=\"font-weight: 400;\" aria-level=\"1\"><span style=\"font-weight: 400;\">Pehmendab ja \u00fchtlustab naha tekstuuri;<\/span><\/li>\n<li style=\"font-weight: 400;\" aria-level=\"1\"><span style=\"font-weight: 400;\">Annab n\u00e4ole terve, \u00fchtlase tooni ja v\u00e4rske ilme.<\/span><\/li>\n<\/ul>\n<p>&nbsp;<\/p>","protected":false},"featured_media":7346,"comment_status":"open","ping_status":"closed","template":"","meta":{"_eb_attr":"","jetpack_post_was_ever_published":false,"_joinchat":[]},"product_brand":[874],"product_cat":[232,95],"product_tag":[427,425,477,415,417,451,295,413,389],"class_list":{"0":"post-7345","1":"product","2":"type-product","3":"status-publish","4":"has-post-thumbnail","6":"product_brand-mary-may","7":"product_cat-mary-may","8":"product_cat-kremy-emulsii-i-losony-dlya-lica","9":"product_tag-houttuynia-cordata","10":"product_tag-houttuynia-cordata-line","11":"product_tag-vysypaniya-i-akne","12":"product_tag-zhirnaya-kozha","13":"product_tag-kombinirovannaya-kozha","14":"product_tag-problemnaya-kozha","15":"product_tag-hauttjujniya","16":"product_tag-chuvstvitelnaya-kozha","17":"product_tag-ekstrakt-chajnogo-dereva","19":"first","20":"instock","21":"sale","22":"shipping-taxable","23":"purchasable","24":"product-type-simple"},"jetpack_sharing_enabled":true,"_links":{"self":[{"href":"https:\/\/liluilu.ee\/et\/wp-json\/wp\/v2\/product\/7345","targetHints":{"allow":["GET"]}}],"collection":[{"href":"https:\/\/liluilu.ee\/et\/wp-json\/wp\/v2\/product"}],"about":[{"href":"https:\/\/liluilu.ee\/et\/wp-json\/wp\/v2\/types\/product"}],"replies":[{"embeddable":true,"href":"https:\/\/liluilu.ee\/et\/wp-json\/wp\/v2\/comments?post=7345"}],"version-history":[{"count":7,"href":"https:\/\/liluilu.ee\/et\/wp-json\/wp\/v2\/product\/7345\/revisions"}],"predecessor-version":[{"id":7366,"href":"https:\/\/liluilu.ee\/et\/wp-json\/wp\/v2\/product\/7345\/revisions\/7366"}],"wp:featuredmedia":[{"embeddable":true,"href":"https:\/\/liluilu.ee\/et\/wp-json\/wp\/v2\/media\/7346"}],"wp:attachment":[{"href":"https:\/\/liluilu.ee\/et\/wp-json\/wp\/v2\/media?parent=7345"}],"wp:term":[{"taxonomy":"product_brand","embeddable":true,"href":"https:\/\/liluilu.ee\/et\/wp-json\/wp\/v2\/product_brand?post=7345"},{"taxonomy":"product_cat","embeddable":true,"href":"https:\/\/liluilu.ee\/et\/wp-json\/wp\/v2\/product_cat?post=7345"},{"taxonomy":"product_tag","embeddable":true,"href":"https:\/\/liluilu.ee\/et\/wp-json\/wp\/v2\/product_tag?post=7345"}],"curies":[{"name":"t\u00f6\u00f6leht","href":"https:\/\/api.w.org\/{rel}","templated":true}]}}