{"id":7242,"date":"2022-04-05T23:16:06","date_gmt":"2022-04-05T20:16:06","guid":{"rendered":"https:\/\/liluilu.ee\/?post_type=product&#038;p=7242"},"modified":"2025-11-08T13:00:56","modified_gmt":"2025-11-08T10:00:56","slug":"isntree-c-niacin-toning-cream","status":"publish","type":"product","link":"https:\/\/liluilu.ee\/et\/isntree-c-niacin-toning-cream\/","title":{"rendered":"Kirgastav ja toniseeriv vitamiinikreem Isntree C-Niacin Toning Cream 50ml."},"content":{"rendered":"<h2><i><span style=\"font-weight: 400;\">Isntree C-Niacin Toning Cream omadused ja koostis<\/span><\/i><\/h2>\n<p><span style=\"font-weight: 400;\">Kreem ei sisalda vett. P\u00f5hikoostisosa -<\/span><b> 69% astelpajuekstrakt<\/b><span style=\"font-weight: 400;\">, rikas antioks\u00fcdantide ja aminohapete, vitamiinide A, B, C, E, K poolest.<\/span><\/p>\n<p>&nbsp;<\/p>\n<p><span style=\"font-weight: 400;\">Astelpaju stimuleerib regeneratiivseid protsesse nahas. Elustab, toniseerib ja uuendab. Aitab toota oma kollageeni ja omab p\u00f5letikuvastaseid omadusi.\u00a0<\/span><\/p>\n<p>&nbsp;<\/p>\n<p><span style=\"font-weight: 400;\">Kuid astelpaju peamine eelis on <\/span><b>k\u00f5rge C-vitamiini sisaldus<\/b><span style=\"font-weight: 400;\">. See imeline koostisaine nahka mitte ainult noorendab ja kaitseb, vaid ka kergendab n\u00e4htavalt h\u00fcperpigmentatsiooni, tedret\u00e4hni ja akne j\u00e4lgi.<\/span><\/p>\n<p>&nbsp;<\/p>\n<p><span style=\"font-weight: 400;\">Sisaldub <\/span><b>niatsiinamiid <\/b><span style=\"font-weight: 400;\">ja helendav kompleks <\/span><b>S\u00fcgav helendus<\/b><span style=\"font-weight: 400;\"> (pukspuu ekstrakt, acai marjad, camu camu ja astelpaju\u00f5li) \u00fchtlustavad t\u00f5husalt tooni.<\/span><\/p>\n<p>&nbsp;<\/p>\n<p><span style=\"font-weight: 400;\">Kompleksne <\/span><b>Vita 10 <\/b><span style=\"font-weight: 400;\">sisaldab 10 nahale elut\u00e4htsat vitamiini:<\/span><\/p>\n<p>&nbsp;<\/p>\n<ul>\n<li style=\"font-weight: 400;\" aria-level=\"1\"><span style=\"font-weight: 400;\">Retinoolpalmitaat (A-vitamiin) \u2013 suurendab elastsust ja tugevust<\/span><\/li>\n<li style=\"font-weight: 400;\" aria-level=\"1\"><span style=\"font-weight: 400;\">Tiamiin HCL (vitamiin B1) \u2013 rahustab<\/span><\/li>\n<li style=\"font-weight: 400;\" aria-level=\"1\"><span style=\"font-weight: 400;\">Ts\u00fcanokobalamiin (vitamiin B2) \u2013 toidab<\/span><\/li>\n<li style=\"font-weight: 400;\" aria-level=\"1\"><span style=\"font-weight: 400;\">Niatsiinamiid (vitamiin B3) \u2013 valgendab\u00a0<\/span><\/li>\n<li style=\"font-weight: 400;\" aria-level=\"1\"><span style=\"font-weight: 400;\">Pantenool (vitamiin B5) \u2013 niisutab, pehmendab ja leevendab \u00e4rritust<\/span><\/li>\n<li style=\"font-weight: 400;\" aria-level=\"1\"><span style=\"font-weight: 400;\">P\u00fcridoksiin (vitamiin B6) \u2013 kaitseb<\/span><\/li>\n<li style=\"font-weight: 400;\" aria-level=\"1\"><span style=\"font-weight: 400;\">Naatriumaskorb\u00fc\u00fclfosfaat (C-vitamiini stabiilne vorm) \u2013 helendab<\/span><\/li>\n<li style=\"font-weight: 400;\" aria-level=\"1\"><span style=\"font-weight: 400;\">Tokoferool (E-vitamiin) \u2013 pehmendab ja tugevdab C-vitamiini toimet<\/span><\/li>\n<li style=\"font-weight: 400;\" aria-level=\"1\"><span style=\"font-weight: 400;\">Gl\u00fctser\u00fc\u00fclarahidonaat (F-vitamiin) \u2013 niisutab<\/span><\/li>\n<li style=\"font-weight: 400;\" aria-level=\"1\"><span style=\"font-weight: 400;\">Biotiin (H-vitamiin) \u2013 tugevdab ja parandab naha tekstuuri.<\/span><\/li>\n<\/ul>\n<p>&nbsp;<\/p>\n<p><b>Safloori-, argaania-, oliivi- ja moringa\u00f5lid<\/b><span style=\"font-weight: 400;\">\u00a0 muuta n\u00e4gu sametiseks ja pehmeks.<\/span><\/p>\n<p>&nbsp;<\/p>\n<p><b>Keramiidid NP ja f\u00fctosfingosiin<\/b><span style=\"font-weight: 400;\"> taastab ja tugevdab niiskusbarj\u00e4\u00e4ri, aitab nahal p\u00fcsida pikka aega niisutatuna.<\/span><\/p>\n<p>&nbsp;<\/p>\n<p><span style=\"font-weight: 400;\">Kreemil on v\u00e4rske suvine aroom koos hapukusega. Toode ei sisalda kunstlikke v\u00e4rv- ega maitseaineid. See on loodusliku astelpaju v\u00e4rvus ja l\u00f5hn.\u00a0<\/span><\/p>\n<p>&nbsp;<\/p>\n<p><span style=\"font-weight: 400;\">Tekstuur on pehme ja kerge. Isntree C-Niacin Toning Cream on geelkreem.\u00a0<\/span><\/p>\n<p><span style=\"font-weight: 400;\">Pealekandmisel libiseb h\u00e4sti ja hajub \u00f5hukese kihina.\u00a0<\/span><\/p>\n<p>&nbsp;<\/p>\n<p><span style=\"font-weight: 400;\">P\u00e4rast imendumist j\u00e4tab see naha v\u00e4rske, sileda ja h\u00fcdreeritud tunde.\u00a0<\/span><\/p>\n<p><span style=\"font-weight: 400;\">Ilma kleepuvuseta v\u00f5i rasvase kile tundeta n\u00e4ol. Sellel on kerge satiinviimistlus, mis valgustab nahka seestpoolt.<\/span><\/p>\n<p>&nbsp;<\/p>\n<p><span style=\"font-weight: 400;\">Kreem on valmistatud ainult keskkonnas\u00f5bralikest toorainetest. K\u00f5ik koostisained on EWG heaks kiidetud.<\/span><\/p>\n<p><span style=\"font-weight: 400;\">T\u00e4hendab <\/span><span style=\"font-weight: 400;\">Ei sisalda parabeene, sulfaate, loomseid saadusi, alkoholi, mineraal\u00f5lisid, eeterlikke \u00f5lisid ega silikoone.\u00a0<\/span><\/p>\n<p><span style=\"font-weight: 400;\">Isntree kaubam\u00e4rgi tooteid ei testita loomade peal.<\/span><\/p>\n<p>&nbsp;<\/p>\n<p><span style=\"font-weight: 400;\">Toode sobib igap\u00e4evaseks hoolduseks.\u00a0<\/span><\/p>\n<p><span style=\"font-weight: 400;\">Maksimaalse efekti saavutamiseks kasutage ampulli\u00a0 <a title=\"Isntree C-Niacin tooniv ampull\" href=\"https:\/\/liluilu.ee\/et\/isntree-c-niacin-toning-ampoule\/\" target=\"_blank\" rel=\"noopener\">Isntree C-Niacin tooniv ampull<\/a>\u00a0enne kreemi pealekandmist.<\/span><\/p>\n<p>&nbsp;<\/p>\n<p><b>Kuidas kasutada:<\/b><\/p>\n<p><span style=\"font-weight: 400;\">Nahahoolduse viimase sammuna kandke hommikul ja\/v\u00f5i \u00f5htul v\u00e4ike kogus Isntree C-Niacin Toning Cream&#039;i n\u00e4ole ja kaelale ja patsutage seda kergelt s\u00f5rmedega, et see imenduks.<\/span><\/p>\n<p>&nbsp;<\/p>\n<p class=\"translation-block\">Netokogus: 50 ml.<\/p>\n<p>&nbsp;<\/p>\n<p><a title=\"TARNETINGIMUSED\" href=\"https:\/\/liluilu.ee\/et\/kohaletoimetamine\/\" target=\"_blank\" rel=\"noopener\">TARNETINGIMUSED<\/a><\/p>","protected":false},"excerpt":{"rendered":"<p><span style=\"font-weight: 400;\">Niatsiinamiidi ja astelpajuekstraktiga vitamiinitoonikkreem Isntree C-Niacin Toning Cream.<\/span><\/p>\n<p>&nbsp;<\/p>\n<p><span style=\"font-weight: 400;\">Vitamiinide, aminohapete ja v\u00e4\u00e4rtuslike \u00f5lide rikas kreem ravib ja elustab nahka. \u00dchtlustab \u00fcldtooni ja paneb seestpoolt s\u00e4rama.\u00a0<\/span><\/p>\n<p>&nbsp;<\/p>\n<p><span style=\"font-weight: 400;\">Isntree C-Niacin tooniv kreem:<\/span><\/p>\n<p>&nbsp;<\/p>\n<ul>\n<li style=\"font-weight: 400;\" aria-level=\"1\"><span style=\"font-weight: 400;\">V\u00e4rskendab jumet, muudab selle s\u00e4ravaks, eluj\u00f5u ja v\u00e4rvidega t\u00e4idetud;<\/span><\/li>\n<li style=\"font-weight: 400;\" aria-level=\"1\"><span style=\"font-weight: 400;\">Hoiab \u00e4ra h\u00fcperpigmentatsiooni;<\/span><\/li>\n<li style=\"font-weight: 400;\" aria-level=\"1\"><span style=\"font-weight: 400;\">Helendab tumedaid laike, tedret\u00e4hni ja aknet;<\/span><\/li>\n<li style=\"font-weight: 400;\" aria-level=\"1\"><span style=\"font-weight: 400;\">Muudab nahatooni \u00fchtlaseks;<\/span><\/li>\n<li style=\"font-weight: 400;\" aria-level=\"1\"><span style=\"font-weight: 400;\">Parandab pooride seisukorda ja \u00fchtlustab naha tekstuuri;<\/span><\/li>\n<li style=\"font-weight: 400;\" aria-level=\"1\"><span style=\"font-weight: 400;\">Niisutab rikkalikult ja kauakestvalt;<\/span><\/li>\n<li style=\"font-weight: 400;\" aria-level=\"1\"><span style=\"font-weight: 400;\">Kaitseb ultraviolettkiirguse ja keskkonna h\u00e4vitava m\u00f5ju eest.\u00a0<\/span><\/li>\n<\/ul>\n<p>&nbsp;<\/p>\n<p>&nbsp;<\/p>\n<p>&nbsp;<\/p>","protected":false},"featured_media":9801,"comment_status":"open","ping_status":"closed","template":"","meta":{"_eb_attr":"","jetpack_post_was_ever_published":false,"_joinchat":[]},"product_brand":[],"product_cat":[66,95],"product_tag":[443,457,277,433,253,429,437,459,373],"class_list":{"0":"post-7242","1":"product","2":"type-product","3":"status-publish","4":"has-post-thumbnail","6":"product_cat-isntree","7":"product_cat-kremy-emulsii-i-losony-dlya-lica","8":"product_tag-antioksidanty","9":"product_tag-vesnushki","10":"product_tag-vitamin-s-ru","11":"product_tag-nerovnyj-ton-kozhi","12":"product_tag-niacinamid","13":"product_tag-pigmentaciya","14":"product_tag-postakne","15":"product_tag-tusklyj-cvet-lica","16":"product_tag-ekstrakt-oblepihi","18":"first","19":"outofstock","20":"featured","21":"shipping-taxable","22":"purchasable","23":"product-type-simple"},"jetpack_sharing_enabled":true,"_links":{"self":[{"href":"https:\/\/liluilu.ee\/et\/wp-json\/wp\/v2\/product\/7242","targetHints":{"allow":["GET"]}}],"collection":[{"href":"https:\/\/liluilu.ee\/et\/wp-json\/wp\/v2\/product"}],"about":[{"href":"https:\/\/liluilu.ee\/et\/wp-json\/wp\/v2\/types\/product"}],"replies":[{"embeddable":true,"href":"https:\/\/liluilu.ee\/et\/wp-json\/wp\/v2\/comments?post=7242"}],"version-history":[{"count":8,"href":"https:\/\/liluilu.ee\/et\/wp-json\/wp\/v2\/product\/7242\/revisions"}],"predecessor-version":[{"id":10070,"href":"https:\/\/liluilu.ee\/et\/wp-json\/wp\/v2\/product\/7242\/revisions\/10070"}],"wp:featuredmedia":[{"embeddable":true,"href":"https:\/\/liluilu.ee\/et\/wp-json\/wp\/v2\/media\/9801"}],"wp:attachment":[{"href":"https:\/\/liluilu.ee\/et\/wp-json\/wp\/v2\/media?parent=7242"}],"wp:term":[{"taxonomy":"product_brand","embeddable":true,"href":"https:\/\/liluilu.ee\/et\/wp-json\/wp\/v2\/product_brand?post=7242"},{"taxonomy":"product_cat","embeddable":true,"href":"https:\/\/liluilu.ee\/et\/wp-json\/wp\/v2\/product_cat?post=7242"},{"taxonomy":"product_tag","embeddable":true,"href":"https:\/\/liluilu.ee\/et\/wp-json\/wp\/v2\/product_tag?post=7242"}],"curies":[{"name":"t\u00f6\u00f6leht","href":"https:\/\/api.w.org\/{rel}","templated":true}]}}