{"id":7167,"date":"2022-04-02T15:13:16","date_gmt":"2022-04-02T12:13:16","guid":{"rendered":"https:\/\/liluilu.ee\/?post_type=product&#038;p=7167"},"modified":"2025-11-08T13:00:56","modified_gmt":"2025-11-08T10:00:56","slug":"isntree-c-niacin-toning-ampoule","status":"publish","type":"product","link":"https:\/\/liluilu.ee\/et\/isntree-c-niacin-toning-ampoule\/","title":{"rendered":"Kirgastav ja toniseeriv vitamiiniampull Isntree C-Niacin Toning Ampoule 50ml."},"content":{"rendered":"<h2><i><span style=\"font-weight: 400;\">Isntree C-Niacin tooniva ampulli omadused ja koostis<\/span><\/i><\/h2>\n<p>&nbsp;<\/p>\n<p><span style=\"font-weight: 400;\">Valemi alus <\/span><b>70% astelpajuekstrakt<\/b><span style=\"font-weight: 400;\">, mis on rikas antioks\u00fcdantide, aminohapete ja vitamiinide A, B, C, E ja K poolest.<\/span><\/p>\n<p>&nbsp;<\/p>\n<p><span style=\"font-weight: 400;\">Astelpaju stimuleerib taastumisprotsessi. Elustab v\u00e4sinud nahka, toniseerib ja uuendab.\u00a0<\/span><\/p>\n<p>&nbsp;<\/p>\n<p><span style=\"font-weight: 400;\">Aitab toota oma kollageeni, omab p\u00f5letikuvastast ja antioks\u00fcdantset toimet.<\/span><\/p>\n<p>&nbsp;<\/p>\n<p><span style=\"font-weight: 400;\">K\u00f5rge C-vitamiini sisaldus annab nahale \u00fchtlase ja kauni tooni.<\/span><\/p>\n<p>&nbsp;<\/p>\n<p><b>Niatsiinamiid (2%)<\/b><span style=\"font-weight: 400;\"> Helendab h\u00fcperpigmentatsiooni, akne j\u00e4lgi ja tedret\u00e4hne. Parandab m\u00e4rkimisv\u00e4\u00e4rselt laienenud pooride seisundit.<\/span><\/p>\n<p>&nbsp;<\/p>\n<p><b>Vitamiin B5 (pantenool) ja allantoiin<\/b><span style=\"font-weight: 400;\"> niisutab, rahustab ja muudab naha tekstuuri pehmeks.<\/span><\/p>\n<p>&nbsp;<\/p>\n<p><b>P-vitamiin (bioflavonoidid)<\/b><span style=\"font-weight: 400;\"> parandab naha immuunsust.<\/span><\/p>\n<p>&nbsp;<\/p>\n<p><b>Aloe Vera lehtede ekstrakt<\/b><span style=\"font-weight: 400;\"> on niisutava ja rahustava toimega.<\/span><\/p>\n<p>&nbsp;<\/p>\n<p><b>Madala molekulmassiga h\u00fcaluroonhape ja beeta-gl\u00fckaan<\/b><span style=\"font-weight: 400;\"> t\u00e4itke nahk niiskusega, eemaldage ketendus ja kuivus. Tugevdab loomulikku kaitsebarj\u00e4\u00e4ri.<\/span><\/p>\n<p>&nbsp;<\/p>\n<p><span style=\"font-weight: 400;\">Isntree C-Niacin Toning Ampull on kantav, kergelt \u00f5line tekstuur. Toode kantakse kergesti ja \u00fchtlaselt nahale. Imendub kiiresti, ilma kleepuvuse ja rasvase kileta.\u00a0<\/span><\/p>\n<p>&nbsp;<\/p>\n<p><span style=\"font-weight: 400;\">Annab v\u00e4rskendava efekti, seestpoolt s\u00e4rava toidetud ja niisutatud naha tunde.<\/span><\/p>\n<p>&nbsp;<\/p>\n<p><span style=\"font-weight: 400;\">Isntree C-Niacin Toning Ampoule sobib k\u00f5ikidele nahat\u00fc\u00fcpidele, sealhulgas tundlikule:<\/span><\/p>\n<p>&nbsp;<\/p>\n<ul>\n<li style=\"font-weight: 400;\" aria-level=\"1\"><span style=\"font-weight: 400;\">Kui teil on tuhm jume;<\/span><\/li>\n<li style=\"font-weight: 400;\" aria-level=\"1\"><span style=\"font-weight: 400;\">Kui teil on eba\u00fchtlane nahatoon;<\/span><\/li>\n<li style=\"font-weight: 400;\" aria-level=\"1\"><span style=\"font-weight: 400;\">Kui teil on aknej\u00e4rgseid j\u00e4lgi ja kalduvus h\u00fcperpigmentatsioonile;<\/span><\/li>\n<li style=\"font-weight: 400;\" aria-level=\"1\"><span style=\"font-weight: 400;\">Kui teil on n\u00f5rgenenud, v\u00e4sinud nahk, mis vajab niisutamist;<\/span><\/li>\n<li style=\"font-weight: 400;\" aria-level=\"1\"><span style=\"font-weight: 400;\">Kui hindad nahahooldustoodetes \u201cpuhtaid koostisosi\u201d.<\/span><\/li>\n<\/ul>\n<p>&nbsp;<\/p>\n<p><span style=\"font-weight: 400;\">Isntree C-Niacin Toning Ampoule kasutab EWG klassi koostisosi. Toode ei sisalda kunstlikke maitse- ja v\u00e4rvaineid, mineraal- ja eeterlikke \u00f5lisid, silikoone, alkoholi, parabeene ja sulfaate. Isntree kaubam\u00e4rk ei testi loomade peal.<\/span><\/p>\n<p>&nbsp;<\/p>\n<p><span style=\"font-weight: 400;\">Toode sobib igap\u00e4evaseks hoolduseks.\u00a0<\/span><\/p>\n<p><span style=\"font-weight: 400;\">Maksimaalse efekti saavutamiseks kasutage kreemi\u00a0<a title=\"Isntree C-Niacin tooniv kreem\" href=\"https:\/\/liluilu.ee\/et\/isntree-c-niacin-toning-cream\/\" target=\"_blank\" rel=\"noopener\">Isntree C-Niacin tooniv kreem<\/a> p\u00e4rast tooniku ampulli.<\/span><\/p>\n<p>&nbsp;<\/p>\n<p><b>Kuidas kasutada:<\/b><\/p>\n<p><span style=\"font-weight: 400;\">Hommikul ja\/v\u00f5i \u00f5htul kanna vajalik kogus n\u00e4o, kaela ja dekolteepiirkonna eelnevalt puhastatud ja toniseeritud nahale. J\u00e4rgmisena j\u00e4tkake igap\u00e4evase hoolduse j\u00e4rgmise etapiga (emulsioon v\u00f5i kreem).<\/span><\/p>\n<p>&nbsp;<\/p>\n<p class=\"translation-block\">Netokogus: 50 ml.<\/p>\n<p>&nbsp;<\/p>\n<p><a title=\"TARNETINGIMUSED\" href=\"https:\/\/liluilu.ee\/et\/kohaletoimetamine\/\" target=\"_blank\" rel=\"noopener\">TARNETINGIMUSED<\/a><\/p>","protected":false},"excerpt":{"rendered":"<p><span style=\"font-weight: 400;\">Isntree C-Niacin Toning Ampoule abil saate taastada tuhmi naha, anda sellele rikkalikud v\u00e4rvid ja kauni \u00fchtlase tooni.<\/span><\/p>\n<p>&nbsp;<\/p>\n<p><span style=\"font-weight: 400;\">See s\u00e4rav vitamiinipomm stiilses mattklaasist pudelis elustab ja s\u00f5na otseses m\u00f5ttes muudab naha:<\/span><\/p>\n<p>&nbsp;<\/p>\n<ul>\n<li style=\"font-weight: 400;\" aria-level=\"1\"><span style=\"font-weight: 400;\">Eemaldab koheselt tuhmuse ja annab n\u00e4ole v\u00e4rske, puhanud ilme;<\/span><\/li>\n<li style=\"font-weight: 400;\" aria-level=\"1\"><span style=\"font-weight: 400;\">\u00dchtlustab \u00fcldtooni, heledab aknej\u00e4rgseid j\u00e4lgi, h\u00fcperpigmentatsiooni ja tedret\u00e4hne;<\/span><\/li>\n<li style=\"font-weight: 400;\" aria-level=\"1\"><span style=\"font-weight: 400;\">Parandab laienenud pooride seisundit;<\/span><\/li>\n<li style=\"font-weight: 400;\" aria-level=\"1\"><span style=\"font-weight: 400;\">Niisutab, k\u00f5rvaldab ketendamist ja kuivust;<\/span><\/li>\n<li style=\"font-weight: 400;\" aria-level=\"1\"><span style=\"font-weight: 400;\">Toidab ja k\u00fcllastab nahka vitamiinidega;<\/span><\/li>\n<li style=\"font-weight: 400;\" aria-level=\"1\"><span style=\"font-weight: 400;\">Pakub tugevat antioks\u00fcdantset kaitset ning kaitseb kollageeni ja elastiini h\u00e4vimise eest.<\/span><\/li>\n<\/ul>\n<p>&nbsp;<\/p>","protected":false},"featured_media":9796,"comment_status":"open","ping_status":"closed","template":"","meta":{"_eb_attr":"","jetpack_post_was_ever_published":false,"_joinchat":[]},"product_brand":[],"product_cat":[66,226],"product_tag":[443,457,277,433,253,303,429,437,459,373],"class_list":{"0":"post-7167","1":"product","2":"type-product","3":"status-publish","4":"has-post-thumbnail","6":"product_cat-isntree","7":"product_cat-serumy","8":"product_tag-antioksidanty","9":"product_tag-vesnushki","10":"product_tag-vitamin-s-ru","11":"product_tag-nerovnyj-ton-kozhi","12":"product_tag-niacinamid","13":"product_tag-pantenol-vitamin-b5","14":"product_tag-pigmentaciya","15":"product_tag-postakne","16":"product_tag-tusklyj-cvet-lica","17":"product_tag-ekstrakt-oblepihi","19":"first","20":"outofstock","21":"featured","22":"shipping-taxable","23":"purchasable","24":"product-type-simple"},"jetpack_sharing_enabled":true,"_links":{"self":[{"href":"https:\/\/liluilu.ee\/et\/wp-json\/wp\/v2\/product\/7167","targetHints":{"allow":["GET"]}}],"collection":[{"href":"https:\/\/liluilu.ee\/et\/wp-json\/wp\/v2\/product"}],"about":[{"href":"https:\/\/liluilu.ee\/et\/wp-json\/wp\/v2\/types\/product"}],"replies":[{"embeddable":true,"href":"https:\/\/liluilu.ee\/et\/wp-json\/wp\/v2\/comments?post=7167"}],"version-history":[{"count":5,"href":"https:\/\/liluilu.ee\/et\/wp-json\/wp\/v2\/product\/7167\/revisions"}],"predecessor-version":[{"id":9807,"href":"https:\/\/liluilu.ee\/et\/wp-json\/wp\/v2\/product\/7167\/revisions\/9807"}],"wp:featuredmedia":[{"embeddable":true,"href":"https:\/\/liluilu.ee\/et\/wp-json\/wp\/v2\/media\/9796"}],"wp:attachment":[{"href":"https:\/\/liluilu.ee\/et\/wp-json\/wp\/v2\/media?parent=7167"}],"wp:term":[{"taxonomy":"product_brand","embeddable":true,"href":"https:\/\/liluilu.ee\/et\/wp-json\/wp\/v2\/product_brand?post=7167"},{"taxonomy":"product_cat","embeddable":true,"href":"https:\/\/liluilu.ee\/et\/wp-json\/wp\/v2\/product_cat?post=7167"},{"taxonomy":"product_tag","embeddable":true,"href":"https:\/\/liluilu.ee\/et\/wp-json\/wp\/v2\/product_tag?post=7167"}],"curies":[{"name":"t\u00f6\u00f6leht","href":"https:\/\/api.w.org\/{rel}","templated":true}]}}