{"id":7031,"date":"2022-03-09T18:14:10","date_gmt":"2022-03-09T15:14:10","guid":{"rendered":"https:\/\/liluilu.ee\/?post_type=product&#038;p=7031"},"modified":"2026-04-09T12:20:39","modified_gmt":"2026-04-09T09:20:39","slug":"medi-peel-herbal-peel-tox-pro","status":"publish","type":"product","link":"https:\/\/liluilu.ee\/et\/medi-peel-herbal-peel-tox-pro\/","title":{"rendered":"Kooriv mask Medi-Peel Herbal Peel Tox PRO 120g."},"content":{"rendered":"<h2><i><span style=\"font-weight: 400;\">Medi-Peel Herbal Peel Tox PRO omadused ja koostis<\/span><\/i><\/h2>\n<p>&nbsp;<\/p>\n<p><span style=\"font-weight: 400;\">Valem p\u00f5hineb - <\/span><b>merek\u00e4sna pulber<\/b><span style=\"font-weight: 400;\">. See sisaldab 14 t\u00fc\u00fcpi mineraale, 60 mikroorganismi ja 21 t\u00fc\u00fcpi aminohappeid.\u00a0<\/span><\/p>\n<p>&nbsp;<\/p>\n<p><span style=\"font-weight: 400;\">T\u00e4nu Saksa \u00fclipeente bio-spiikulite tehnoloogiale eemaldab komponent hoolikalt surnud naharakud, puhastab poorid ja poleerib nahka.<\/span><\/p>\n<p>&nbsp;<\/p>\n<p><span style=\"font-weight: 400;\">Veelgi enam, spiikulite v\u00e4ikseimad osakesed on suure l\u00e4bitungimisv\u00f5imega, stimuleerivad kollageeni s\u00fcnteesi, niisutavad ja noorendavad intensiivselt.<\/span><\/p>\n<p>&nbsp;<\/p>\n<p><b>41 t\u00fc\u00fcpi \u00fcrtide kompleks <\/b><b>Botaniceutical Plus-10\u2122<\/b> <span style=\"font-weight: 400;\">on k\u00f5rge antioks\u00fcdantse toimega ja parandab naha immuunfunktsioone. Sellel on tervendav detox-efekt, see parandab mikrotsirkulatsiooni, stimuleerib naha uuenemist, muutes selle s\u00e4ravaks, v\u00e4rskeks ja s\u00e4ravaks.<\/span><\/p>\n<p>&nbsp;<\/p>\n<p><b>10 peptiidid ja kasvufaktorid EGF, FGF<\/b><span style=\"font-weight: 400;\"> anda hoogu uuenemis- ja taastamisprotsessidele. Need muudavad naha elastsemaks ja toonusemaks, hoiavad \u00e4ra kudede l\u00f5tvumise ja v\u00e4hendavad kortsude raskust.\u00a0<\/span><\/p>\n<p>&nbsp;<\/p>\n<p><b>Multi Ex BSASM Plus\u2122<\/b><span style=\"font-weight: 400;\"> on tugeva rahustava, p\u00f5letikuvastase ja immunomoduleeriva toimega. Komponent sisaldab 7 taimeekstrakti ja seda kasutatakse muuhulgas atoopilise dermatiidi, psoriaasi ja akne raviks. Kompleksne <\/span><span style=\"font-weight: 400;\">soovitatav p\u00f5letikulise, \u00e4rritunud naha hooldamiseks, ennetavaks ja kaitsvaks hoolduseks.<\/span><\/p>\n<p>&nbsp;<\/p>\n<p><b>Ektoiin ja 8 h\u00fcaluroonhappe kompleks<\/b> <span style=\"font-weight: 400;\">erineva molekulmassiga niisutavad nahka s\u00fcgavuti ja p\u00fcsivalt, taastades veetasakaalu. Lisaks on ektoiin v\u00f5imas antioks\u00fcdant, mis kaitseb nahka ultraviolettkiirguse kahjustuste ja fotovananemise eest.\u00a0<\/span><\/p>\n<p>&nbsp;<\/p>\n<p><b>Kuidas kasutada:<\/b><\/p>\n<p><span style=\"font-weight: 400;\">Kanna puhastatud nahale ja hajuta \u00fchtlaselt <\/span><span style=\"font-weight: 400;\">Medi-Peel Herbal Peel Tox PRO<\/span><span style=\"font-weight: 400;\">, v\u00e4ltides huulte ja silmade \u00fcmbrust. Vajutage peopesadega kergelt alla. 15 minuti p\u00e4rast loputage sooja veega. Soovitatav on kasutada 1-2 korda n\u00e4dalas.<\/span><\/p>\n<p>&nbsp;<\/p>\n<p><b>Netokogus:<\/b><span style=\"font-weight: 400;\"> 120 gr.<\/span><\/p>\n<p>&nbsp;<\/p>\n<p><a title=\"TARNETINGIMUSED\" href=\"https:\/\/liluilu.ee\/et\/kohaletoimetamine\/\" target=\"_blank\" rel=\"noopener\">TARNETINGIMUSED<\/a>.<\/p>","protected":false},"excerpt":{"rendered":"<p><span style=\"font-weight: 400;\">T\u00e4iustatud <\/span><b>PRO versioon<\/b><span style=\"font-weight: 400;\"> puhastav kooriv mask ainulaadse taimse kompleksi, vetikate, meretaigna, peptiidide ja kasvufaktoriga Medi-Peel Herbal Peel Tox PRO.<\/span><\/p>\n<p>&nbsp;<\/p>\n<p><span style=\"font-weight: 400;\">Uuendatud valem \u00fchendab edukalt tasakaalu s\u00fcgavpuhastuse, \u00f5rna koorimise, detoksi ja k\u00fcpse naha noorendamise vahel.\u00a0<\/span><\/p>\n<p>&nbsp;<\/p>\n<p><span style=\"font-weight: 400;\">Taimekompleksi suurenenud kontsentratsioon<\/span><b> 2 korda t\u00f5husam<\/b><span style=\"font-weight: 400;\"> leevendab punetust ja p\u00f5letikku, pakkudes v\u00e4ljendunud tervendavat toimet.<\/span><\/p>\n<p>&nbsp;<\/p>\n<p><span style=\"font-weight: 400;\">Medi-Peel Herbal Peel Tox PRO:<\/span><\/p>\n<ul>\n<li style=\"font-weight: 400;\" aria-level=\"1\"><span style=\"font-weight: 400;\">T\u00e4iuslikult puhastab ja koorib surnud naharakud, muutes naha pehmeks, siledaks ja siidiseks;<\/span><\/li>\n<li style=\"font-weight: 400;\" aria-level=\"1\"><span style=\"font-weight: 400;\">K\u00f5rvaldab tuhmi jume ja \u00fchtlustab oluliselt tooni;<\/span><\/li>\n<li style=\"font-weight: 400;\" aria-level=\"1\"><span style=\"font-weight: 400;\">Tasakaalustab rasu tootmist, lahustab rasvakorke ja puhastab poore;<\/span><\/li>\n<li style=\"font-weight: 400;\" aria-level=\"1\"><span style=\"font-weight: 400;\">Parandab mikrotsirkulatsiooni ja stimuleerib naharakkude uuenemist;<\/span><\/li>\n<li style=\"font-weight: 400;\" aria-level=\"1\"><span style=\"font-weight: 400;\">Toniseerib, ravib ja toidab;<\/span><\/li>\n<li style=\"font-weight: 400;\" aria-level=\"1\"><span style=\"font-weight: 400;\">Rahustab \u00e4rritust, leevendab s\u00fcgelust ja punetust;<\/span><\/li>\n<li style=\"font-weight: 400;\" aria-level=\"1\"><span style=\"font-weight: 400;\">Sellel on v\u00e4ljendunud noorendav toime.<\/span><\/li>\n<\/ul>\n<p>&nbsp;<\/p>","protected":false},"featured_media":9789,"comment_status":"open","ping_status":"closed","template":"","meta":{"_eb_attr":"","jetpack_post_was_ever_published":false,"_joinchat":[]},"product_brand":[],"product_cat":[219,103,213],"product_tag":[287,355,361,445,239,365],"class_list":{"0":"post-7031","1":"product","2":"type-product","3":"status-publish","4":"has-post-thumbnail","6":"product_cat-medi-peel","7":"product_cat-maski-dlya-lica","8":"product_cat-pilingi-i-skatki","9":"product_tag-egf","10":"product_tag-fgf","11":"product_tag-multi-ex-bsasm-plus","12":"product_tag-antivozrastnoj-uhod","13":"product_tag-peptidy","14":"product_tag-spikuly","16":"first","17":"instock","18":"sale","19":"shipping-taxable","20":"purchasable","21":"product-type-simple"},"jetpack_sharing_enabled":true,"_links":{"self":[{"href":"https:\/\/liluilu.ee\/et\/wp-json\/wp\/v2\/product\/7031","targetHints":{"allow":["GET"]}}],"collection":[{"href":"https:\/\/liluilu.ee\/et\/wp-json\/wp\/v2\/product"}],"about":[{"href":"https:\/\/liluilu.ee\/et\/wp-json\/wp\/v2\/types\/product"}],"replies":[{"embeddable":true,"href":"https:\/\/liluilu.ee\/et\/wp-json\/wp\/v2\/comments?post=7031"}],"version-history":[{"count":14,"href":"https:\/\/liluilu.ee\/et\/wp-json\/wp\/v2\/product\/7031\/revisions"}],"predecessor-version":[{"id":9794,"href":"https:\/\/liluilu.ee\/et\/wp-json\/wp\/v2\/product\/7031\/revisions\/9794"}],"wp:featuredmedia":[{"embeddable":true,"href":"https:\/\/liluilu.ee\/et\/wp-json\/wp\/v2\/media\/9789"}],"wp:attachment":[{"href":"https:\/\/liluilu.ee\/et\/wp-json\/wp\/v2\/media?parent=7031"}],"wp:term":[{"taxonomy":"product_brand","embeddable":true,"href":"https:\/\/liluilu.ee\/et\/wp-json\/wp\/v2\/product_brand?post=7031"},{"taxonomy":"product_cat","embeddable":true,"href":"https:\/\/liluilu.ee\/et\/wp-json\/wp\/v2\/product_cat?post=7031"},{"taxonomy":"product_tag","embeddable":true,"href":"https:\/\/liluilu.ee\/et\/wp-json\/wp\/v2\/product_tag?post=7031"}],"curies":[{"name":"t\u00f6\u00f6leht","href":"https:\/\/api.w.org\/{rel}","templated":true}]}}