{"id":7006,"date":"2022-03-05T01:10:52","date_gmt":"2022-03-04T22:10:52","guid":{"rendered":"https:\/\/liluilu.ee\/?post_type=product&#038;p=7006"},"modified":"2026-04-13T19:12:06","modified_gmt":"2026-04-13T16:12:06","slug":"medi-peel-peptide-9-aqua-essence-toner","status":"publish","type":"product","link":"https:\/\/liluilu.ee\/et\/medi-peel-peptide-9-aqua-essence-toner\/","title":{"rendered":"Niisutav ja pinguldav toonik-essents peptiididega Medi-Peel Peptide 9 Aqua Essence Toner 250ml."},"content":{"rendered":"<p><span style=\"font-weight: 400;\">Intensiivselt niisutav ja naha elastsust suurendav toonik-essents <strong>Medi-Peel Peptide 9 Aqua Essence toonik<\/strong>.<\/span><\/p>\n<p><span style=\"font-weight: 400;\">\u00a0<\/span><\/p>\n<p><span style=\"font-weight: 400;\">Rikkaliku vananemisvastase koostisega toode toimib 2 in 1 p\u00f5him\u00f5ttel. See \u00fchendab endas niisutava tooniku ja t\u00f5stva essentsi funktsioonid, mille eesm\u00e4rk on parandada naha toonust ja elastsust:<\/span><\/p>\n<p><span style=\"font-weight: 400;\">\u00a0<\/span><\/p>\n<p><span style=\"font-weight: 400;\">Medi-Peel Peptide 9 Aqua Essence tooner:<\/span><\/p>\n<ul>\n<li style=\"font-weight: 400;\" aria-level=\"1\"><span style=\"font-weight: 400;\">K\u00f5rvaldab p\u00e4rast pesemist pingul ja kuivuse tunde;<\/span><\/li>\n<li style=\"font-weight: 400;\" aria-level=\"1\"><span style=\"font-weight: 400;\">Pakub kauakestvat niisutust;<\/span><\/li>\n<li style=\"font-weight: 400;\" aria-level=\"1\"><span style=\"font-weight: 400;\">Toniseerib ja v\u00e4rskendab;<\/span><\/li>\n<li style=\"font-weight: 400;\" aria-level=\"1\"><span style=\"font-weight: 400;\">Parandab elastsust ja tugevdab nahka;<\/span><\/li>\n<li style=\"font-weight: 400;\" aria-level=\"1\"><span style=\"font-weight: 400;\">Aeglustab peente joonte ja kortsude teket;<\/span><\/li>\n<li style=\"font-weight: 400;\" aria-level=\"1\"><span style=\"font-weight: 400;\">\u00dchtlustab tekstuuri ja parandab jumet.<\/span><\/li>\n<\/ul>\n<p>&nbsp;<\/p>\n<h2><i>Tooneri Medi-Peel Peptide 9 Aqua Essence omadused ja koostis.<\/i><\/h2>\n<p>&nbsp;<\/p>\n<p><span style=\"font-weight: 400;\">Tooner sisaldab patenteeritud <\/span><b>9 peptiidi kompleks<\/b><span style=\"font-weight: 400;\">. Stimuleerib aktiivselt kollageeni, elastiini ja teiste naha jaoks elut\u00e4htsate komponentide moodustumist, mis s\u00e4ilitavad selle tugevuse ja elastsuse.\u00a0<\/span><\/p>\n<p>&nbsp;<\/p>\n<p><b>Idealift\u2122 <\/b><span style=\"font-weight: 400;\">aitab v\u00f5idelda l\u00f5tvumise ja l\u00f5tvumisega, aitab s\u00e4ilitada selged n\u00e4okontuurid.\u00a0<\/span><\/p>\n<p>&nbsp;<\/p>\n<p><b>Volufiline\u2122 <\/b><span style=\"font-weight: 400;\">stimuleerib lokaalset lipiidide moodustumist ja akumuleerumist rasvarakkudes. T\u00e4nu sellele taastub vanusega kaotatud vol\u00fc\u00fcm, nahk n\u00e4eb v\u00e4lja t\u00e4idlasem ja nooruslikum.<\/span><\/p>\n<p>&nbsp;<\/p>\n<p><b>Timecode Collagen\u2122 <\/b><span style=\"font-weight: 400;\">m\u00f5eldud kortsude korrigeerimiseks. \u00dchtlustab mikroreljeefi, muudab naha siledaks, v\u00e4hendab n\u00e4o- ja staatiliste kortsude ilmet. K\u00f5rvaldab tuhmi jume, annab sellele s\u00e4rava ja v\u00e4rske v\u00e4rvi.<\/span><\/p>\n<p>&nbsp;<\/p>\n<p><b>4 erineva molekulmassiga h\u00fcaluroonhapet <\/b><span style=\"font-weight: 400;\">aitab taastada naha normaalset veetasakaalu, annab v\u00e4ljendunud ja kauakestva niisutava toime.\u00a0<\/span><\/p>\n<p>&nbsp;<\/p>\n<p><span style=\"font-weight: 400;\">Medi-Peel Peptide 9 Aqua Essence toonik on suure mahuga (250ml), \u00fcsna paksu, ampullse tekstuuriga ja meeldiva, kuid mitte tugeva aroomiga. <\/span><\/p>\n<p>&nbsp;<\/p>\n<p><span style=\"font-weight: 400;\">Nahale kandes libiseb toode kergelt ja imendub \u00fcsna kiiresti. J\u00e4tab kastese viimistluse, v\u00e4rskuse ja mugavustunde. Vaatamata klassikalistest toonikutest tihedamale tekstuurile saab seda peale kanda mitmes kihis.\u00a0<\/span><\/p>\n<p>&nbsp;<\/p>\n<p><strong>Soovitame toonerit Medi-Peel Peptide 9 Aqua Essence\u00a0<\/strong>igat t\u00fc\u00fcpi k\u00fcpsele nahale.<\/p>\n<p>&nbsp;<\/p>\n<p><span style=\"font-weight: 400;\">Maksimaalse efekti saavutamiseks soovitame sarja tooteid kasutades koostada terviklik hooldusre\u017eiim <\/span><span style=\"color: #0000ff;\"><a style=\"color: #0000ff;\" href=\"https:\/\/liluilu.ee\/et\/tootesilt\/medi-peel-peptide-9-aqua-essence-line\/\" target=\"_blank\" rel=\"noopener\"><span style=\"font-weight: 400;\">Medi-Peel Peptide 9 Aqua Essence Line<\/span><\/a><\/span><span style=\"font-weight: 400;\">:<\/span><\/p>\n<p>&nbsp;<\/p>\n<ul>\n<li style=\"font-weight: 400;\" aria-level=\"1\"><a href=\"https:\/\/liluilu.ee\/et\/medi-peel-peptide-9-aqua-essence-toner\/\" target=\"_blank\" rel=\"noopener\"><span style=\"font-weight: 400;\"><span style=\"color: #0000ff;\">Peptide 9 Aqua Essence toonik<\/span><\/span><\/a><\/li>\n<li style=\"font-weight: 400;\" aria-level=\"1\"><span style=\"color: #0000ff;\"><a style=\"color: #0000ff;\" href=\"https:\/\/liluilu.ee\/et\/medi-peel-peptide-9-aqua-essence-lifting-ampoule\/\" target=\"_blank\" rel=\"noopener\"><span style=\"font-weight: 400;\">Peptide 9 Aqua Essence t\u00f5stev ampull<\/span><\/a><\/span><\/li>\n<li style=\"font-weight: 400;\" aria-level=\"1\"><span style=\"color: #0000ff;\"><a style=\"color: #0000ff;\" href=\"https:\/\/liluilu.ee\/et\/medi-peel-peptide-9-aqua-essence-lifting-eye-cream\/\" target=\"_blank\" rel=\"noopener\"><span style=\"font-weight: 400;\">Peptide 9 Aqua Essence Lifting Eye Cream<\/span><\/a><\/span><\/li>\n<li style=\"font-weight: 400;\" aria-level=\"1\"><span style=\"color: #0000ff;\"><a style=\"color: #0000ff;\" href=\"https:\/\/liluilu.ee\/et\/medi-peel-peptide-9-volume-tox-cream-pro-50gr\/\" target=\"_blank\" rel=\"noopener\"><span style=\"font-weight: 400;\">N\u00e4okreem Peptide 9 Volume Tox Cream PRO<\/span><\/a><\/span><\/li>\n<\/ul>\n<p>&nbsp;<\/p>\n<p><span style=\"font-weight: 400;\">Ja oma esmaseks tutvumiseks liini v\u00f5i reisiga, proovige <\/span><span style=\"color: #0000ff;\"><a style=\"color: #0000ff;\" href=\"https:\/\/liluilu.ee\/et\/medi-peel-peptide-9-aqua-essence-trial-kit\/\" target=\"_blank\" rel=\"noopener\"><span style=\"font-weight: 400;\">miniatuuride n\u00e4idiskomplekt<\/span><\/a><\/span><span style=\"font-weight: 400;\">.<\/span><\/p>\n<p><span style=\"font-weight: 400;\">\u00a0<\/span><\/p>\n<p><b>Toodete nahale kandmise protseduur:<\/b><span style=\"font-weight: 400;\"> toonik - ampull - silmakreem - n\u00e4okreem.<\/span><\/p>\n<p>&nbsp;<\/p>\n<p><b>Kuidas kasutada:<\/b><\/p>\n<p><span style=\"font-weight: 400;\">Hommikul ja\/v\u00f5i \u00f5htul kanna vajalik kogus toonikut puhastatud n\u00e4o- ja kaelanahale. Jaotage ja kasutage pehmeid patsutusliigutusi, et aidata tooneril imenduda. Seej\u00e4rel j\u00e4tkake hoolduse j\u00e4rgmise etapiga.<\/span><\/p>\n<p>&nbsp;<\/p>\n<p><b>Netokogus:<\/b><span style=\"font-weight: 400;\"> 250 ml.<\/span><\/p>\n<p>&nbsp;<\/p>\n<p><span style=\"font-weight: 400;\"><a title=\"TARNETINGIMUSED\" href=\"https:\/\/liluilu.ee\/et\/kohaletoimetamine\/\" target=\"_blank\" rel=\"noopener\">TARNETINGIMUSED<\/a><\/span><\/p>","protected":false},"excerpt":{"rendered":"<p>\u0418\u043d\u0442\u0435\u043d\u0441\u0438\u0432\u043d\u043e \u0443\u0432\u043b\u0430\u0436\u043d\u044f\u044e\u0449\u0438\u0439 \u0438 \u043f\u043e\u0432\u044b\u0448\u0430\u044e\u0449\u0438\u0439 \u044d\u043b\u0430\u0441\u0442\u0438\u0447\u043d\u043e\u0441\u0442\u044c \u043a\u043e\u0436\u0438\u00a0 \u0442\u043e\u043d\u0435\u0440-\u044d\u0441\u0441\u0435\u043d\u0446\u0438\u044f Medi-Peel Peptide 9 Aqua Essence Toner. \u00a0 \u0421\u0440\u0435\u0434\u0441\u0442\u0432\u043e \u0441 \u043d\u0430\u0441\u044b\u0449\u0435\u043d\u043d\u044b\u043c \u0430\u043d\u0442\u0438\u0432\u043e\u0437\u0440\u0430\u0441\u0442\u043d\u044b\u043c \u0441\u043e\u0441\u0442\u0430\u0432\u043e\u043c \u0434\u0435\u0439\u0441\u0442\u0432\u0443\u0435\u0442 \u043f\u043e \u043f\u0440\u0438\u043d\u0446\u0438\u043f\u0443 2 \u0432 1. \u0421\u043e\u0435\u0434\u0438\u043d\u044f\u0435\u0442 \u0432 \u0441\u0435\u0431\u0435 \u0444\u0443\u043d\u043a\u0446\u0438\u0438 \u0443\u0432\u043b\u0430\u0436\u043d\u044f\u044e\u0449\u0435\u0433\u043e \u0442\u043e\u043d\u0435\u0440\u0430 \u0438 \u043b\u0438\u0444\u0442\u0438\u043d\u0433-\u044d\u0441\u0441\u0435\u043d\u0446\u0438\u0438, \u043d\u0430\u043f\u0440\u0430\u0432\u043b\u0435\u043d\u043d\u043e\u0439 \u043d\u0430 \u0443\u043b\u0443\u0447\u0448\u0435\u043d\u0438\u0435 \u0442\u043e\u043d\u0443\u0441\u0430 \u0438 \u044d\u043b\u0430\u0441\u0442\u0438\u0447\u043d\u043e\u0441\u0442\u0438 \u043a\u043e\u0436\u0438: \u00a0 Medi-Peel Peptide 9 Aqua Essence Toner: \u0423\u0441\u0442\u0440\u0430\u043d\u044f\u0435\u0442 \u0447\u0443\u0432\u0441\u0442\u0432\u043e \u0441\u0442\u044f\u043d\u0443\u0442\u043e\u0441\u0442\u0438 \u0438 \u0441\u0443\u0445\u043e\u0441\u0442\u0438 \u043f\u043e\u0441\u043b\u0435 \u0443\u043c\u044b\u0432\u0430\u043d\u0438\u044f; \u041e\u0431\u0435\u0441\u043f\u0435\u0447\u0438\u0432\u0430\u0435\u0442 [&hellip;]<\/p>","protected":false},"featured_media":11703,"comment_status":"open","ping_status":"closed","template":"","meta":{"_eb_attr":"","jetpack_post_was_ever_published":false,"_joinchat":[]},"product_brand":[],"product_cat":[219,217],"product_tag":[331,686,333,445,571,567,622,465,239,400,489],"class_list":{"0":"post-7006","1":"product","2":"type-product","3":"status-publish","4":"has-post-thumbnail","6":"product_cat-medi-peel","7":"product_cat-tonery","8":"product_tag-idealift","9":"product_tag-medi-peel-peptide-9-aqua-essence-line","10":"product_tag-timecode-collagen","11":"product_tag-antivozrastnoj-uhod","12":"product_tag-antivozrastnye-tonery","13":"product_tag-voljufilin","14":"product_tag-kosmetika-s-peptidami","15":"product_tag-lifting","16":"product_tag-peptidy","17":"product_tag-uvlazhnenie","18":"product_tag-elastichnost-i-uprugost","20":"first","21":"instock","22":"sale","23":"shipping-taxable","24":"purchasable","25":"product-type-simple"},"jetpack_sharing_enabled":true,"_links":{"self":[{"href":"https:\/\/liluilu.ee\/et\/wp-json\/wp\/v2\/product\/7006","targetHints":{"allow":["GET"]}}],"collection":[{"href":"https:\/\/liluilu.ee\/et\/wp-json\/wp\/v2\/product"}],"about":[{"href":"https:\/\/liluilu.ee\/et\/wp-json\/wp\/v2\/types\/product"}],"replies":[{"embeddable":true,"href":"https:\/\/liluilu.ee\/et\/wp-json\/wp\/v2\/comments?post=7006"}],"version-history":[{"count":25,"href":"https:\/\/liluilu.ee\/et\/wp-json\/wp\/v2\/product\/7006\/revisions"}],"predecessor-version":[{"id":14550,"href":"https:\/\/liluilu.ee\/et\/wp-json\/wp\/v2\/product\/7006\/revisions\/14550"}],"wp:featuredmedia":[{"embeddable":true,"href":"https:\/\/liluilu.ee\/et\/wp-json\/wp\/v2\/media\/11703"}],"wp:attachment":[{"href":"https:\/\/liluilu.ee\/et\/wp-json\/wp\/v2\/media?parent=7006"}],"wp:term":[{"taxonomy":"product_brand","embeddable":true,"href":"https:\/\/liluilu.ee\/et\/wp-json\/wp\/v2\/product_brand?post=7006"},{"taxonomy":"product_cat","embeddable":true,"href":"https:\/\/liluilu.ee\/et\/wp-json\/wp\/v2\/product_cat?post=7006"},{"taxonomy":"product_tag","embeddable":true,"href":"https:\/\/liluilu.ee\/et\/wp-json\/wp\/v2\/product_tag?post=7006"}],"curies":[{"name":"t\u00f6\u00f6leht","href":"https:\/\/api.w.org\/{rel}","templated":true}]}}