{"id":6876,"date":"2022-02-10T22:33:08","date_gmt":"2022-02-10T19:33:08","guid":{"rendered":"https:\/\/liluilu.ee\/?post_type=product&#038;p=6876"},"modified":"2026-04-09T12:20:39","modified_gmt":"2026-04-09T09:20:39","slug":"medi-peel-bakuchiol-miracle-firming-ampoule","status":"publish","type":"product","link":"https:\/\/liluilu.ee\/et\/medi-peel-bakuchiol-miracle-firming-ampoule\/","title":{"rendered":"MEDI-PEEL Bakuchiol Miracle Firming Ampoule (30 ml)"},"content":{"rendered":"<p><span style=\"font-weight: 400;\">MEDI-PEEL Bakuchiol Miracle Firming Ampoule aitab taastada naha kaotatud elastsuse ja tugevuse.<\/span><\/p>\n<p>&nbsp;<\/p>\n<p><span style=\"font-weight: 400;\">See on kontsentreeritud seerum, mis on t\u00e4idetud aktiivsete ja v\u00e4\u00e4rtuslike koostisosadega, sealhulgas <\/span><b>ohutu alternatiiv retinoolile on bakuchiol.<\/b><\/p>\n<p>&nbsp;<\/p>\n<p><span style=\"font-weight: 400;\">Ampulli seerum tungib kergesti kudedesse ja annab v\u00e4ljendunud noorendava efekti:<\/span><\/p>\n<p>&nbsp;<\/p>\n<ul>\n<li style=\"font-weight: 400;\" aria-level=\"1\"><span style=\"font-weight: 400;\">Pinguldab ja pinguldab nahka;<\/span><\/li>\n<li style=\"font-weight: 400;\" aria-level=\"1\"><span style=\"font-weight: 400;\">Tervendab mikrobioomi ja tugevdab loomulikku kaitsebarj\u00e4\u00e4ri;<\/span><\/li>\n<li style=\"font-weight: 400;\" aria-level=\"1\"><span style=\"font-weight: 400;\">Niisutab ja takistab transepidermaalset niiskuskadu;<\/span><\/li>\n<li style=\"font-weight: 400;\" aria-level=\"1\"><span style=\"font-weight: 400;\">V\u00e4rskendab jumet ja \u00fchtlustab tooni.<\/span><\/li>\n<\/ul>\n<p>&nbsp;<\/p>\n<p>&nbsp;<\/p>\n<h2>MEDI-PEEL Bakuchiol Miracle Firming Ampoule&#039;i peamised toimeained<\/h2>\n<p><span style=\"font-weight: 400;\">Valem p\u00f5hineb komponentidel, mis suurendavad elastsust ja t\u00f5stmist:<\/span><\/p>\n<p>&nbsp;<\/p>\n<p><b>Bakuchiol (100 ppm)<\/b><span style=\"font-weight: 400;\"> - looduslikku p\u00e4ritolu koostisosa, kuid nahal <\/span><b>see k\u00e4itub nagu retinool<\/b><span style=\"font-weight: 400;\">: parandab kudede elastsust ja tugevust, v\u00e4hendab kortsude s\u00fcgavust ja \u00fchtlustab \u00fcldist toonust.<\/span><\/p>\n<p>&nbsp;<\/p>\n<p><span style=\"font-weight: 400;\">Pealegi pole bakuchiolil erinevalt retinoolist k\u00f5rvalm\u00f5jusid. See ei p\u00f5hjusta \u00e4rritust ja seda v\u00f5ib kasutada igal kellaajal, igal aastaajal.\u00a0<\/span><\/p>\n<p>&nbsp;<\/p>\n<p><b>11 peptiidi kompleks <\/b><span style=\"font-weight: 400;\">aktiveerib regeneratiivseid protsesse nahas. Stimuleerib kollageeni tootmist, parandab toonust, silub peeneid jooni ja kortse.<\/span><\/p>\n<p>&nbsp;<\/p>\n<p><b>H\u00fcdrol\u00fc\u00fcsitud kollageen<\/b><span style=\"font-weight: 400;\"> niisutab, \u00fchtlustab mikroreljeefi ja muudab naha siledaks.<\/span><\/p>\n<p>&nbsp;<\/p>\n<p><b>Andiroba seemne\u00f5li<\/b><span style=\"font-weight: 400;\"> stimuleerib vereringet, aitab leevendada turset ja suurendab kollageeni toimet.<\/span><\/p>\n<p>&nbsp;<\/p>\n<p><b>Valge liilia t\u00fcvirakkude ekstrakt<\/b><span style=\"font-weight: 400;\"> toidab ja annab nahale terve s\u00e4ra.<\/span><\/p>\n<p>&nbsp;<\/p>\n<p><span style=\"font-weight: 400;\">Sisaldub <\/span><b>resveratrool<\/b><span style=\"font-weight: 400;\"> pakub antioks\u00fcdantset kaitset ja pidurdab fotovananemise protsessi.<\/span><\/p>\n<p>&nbsp;<\/p>\n<p><span style=\"font-weight: 400;\">Veel \u00fcks eriline koostisosa - <\/span><b>kombucha<\/b><span style=\"font-weight: 400;\">, paljudele h\u00e4sti tuntud kombucha. Kombucha sisaldab tohutul hulgal piimhappebaktereid (probiootikume), mis tugevdavad usaldusv\u00e4\u00e4rselt naha barj\u00e4\u00e4ri ja taastavad mikrobioomi.<\/span><\/p>\n<p>&nbsp;<\/p>\n<p><span style=\"font-weight: 400;\">Ja vastutab naha s\u00fcgava ja rikkaliku niisutamise eest <\/span><b>AQUAXYL\u2122 <\/b><span style=\"font-weight: 400;\">- patenteeritud koostisosa, mis pakub 3D-naha niisutamise kontseptsiooni:<\/span><\/p>\n<p>&nbsp;<\/p>\n<ul>\n<li style=\"font-weight: 400;\" aria-level=\"1\"><span style=\"font-weight: 400;\">suurendab niiskuse ringlust k\u00f5igis kihtides ja suurendab oma h\u00fcaluroonhappe taset;<\/span><\/li>\n<li style=\"font-weight: 400;\" aria-level=\"1\"><span style=\"font-weight: 400;\">tugevdab nahabarj\u00e4\u00e4ri, piirates niiskuskadu;<\/span><\/li>\n<li style=\"font-weight: 400;\" aria-level=\"1\"><span style=\"font-weight: 400;\">suurendab sarvkihi moodustamisel osalevate oluliste lipiidide ja valkude s\u00fcnteesi.<\/span><\/li>\n<\/ul>\n<p>&nbsp;<\/p>\n<p><span style=\"font-weight: 400;\">Selle tulemusena s\u00e4ilib veetasakaal, kaob koorumine, siluvad v\u00e4ikesed kortsud ning nahk omandab iseloomuliku sileduse ja sileduse. <\/span><span style=\"font-weight: 400;\">pehmus<\/span><span style=\"font-weight: 400;\">.<\/span><\/p>\n<p>&nbsp;<\/p>\n<p><span style=\"font-weight: 400;\">MEDI-PEEL Bakuchiol Miracle Firming Ampoule&#039;il on rikkalik ampullilaadne tekstuur. <\/span><\/p>\n<p><img fetchpriority=\"high\" decoding=\"async\" class=\"size-medium wp-image-6873\" src=\"https:\/\/liluilu.ee\/wp-content\/uploads\/2022\/02\/Medi-Peel-Bakuchiol-Miracle-Firming-Ampoule_5-300x300.jpg\" alt=\"Kakaya tekstura u seerum Medi-Peel Bakuchiol Miracle pinguldav ampull\" width=\"300\" height=\"300\" srcset=\"https:\/\/liluilu.ee\/wp-content\/uploads\/2022\/02\/Medi-Peel-Bakuchiol-Miracle-Firming-Ampoule_5-300x300.jpg 300w, https:\/\/liluilu.ee\/wp-content\/uploads\/2022\/02\/Medi-Peel-Bakuchiol-Miracle-Firming-Ampoule_5-150x150.jpg 150w, https:\/\/liluilu.ee\/wp-content\/uploads\/2022\/02\/Medi-Peel-Bakuchiol-Miracle-Firming-Ampoule_5-600x600.jpg 600w, https:\/\/liluilu.ee\/wp-content\/uploads\/2022\/02\/Medi-Peel-Bakuchiol-Miracle-Firming-Ampoule_5-100x100.jpg 100w, https:\/\/liluilu.ee\/wp-content\/uploads\/2022\/02\/Medi-Peel-Bakuchiol-Miracle-Firming-Ampoule_5.jpg 692w\" sizes=\"(max-width: 300px) 100vw, 300px\" \/><\/p>\n<p>&nbsp;<\/p>\n<p><span style=\"font-weight: 400;\">Seerum \u00fcmbritseb nahka \u00f5rnalt ja j\u00e4tab p\u00e4rast imendumist t\u00e4isk\u00f5hu-, elastsuse- ja niisutustunde. Ilma raskustundeta ja ebameeldiva kleepuvuseta.\u00a0<\/span><\/p>\n<p>&nbsp;<\/p>\n<p><span style=\"font-weight: 400;\">Toode on l\u00e4binud dermatoloogilised testid ja on leitud, et see ei ole \u00e4rritav.<\/span><\/p>\n<p>&nbsp;<\/p>\n<p><span style=\"font-weight: 400;\">Sobib igale nahat\u00fc\u00fcbile.<\/span><\/p>\n<p>&nbsp;<\/p>\n<p><span style=\"font-weight: 400;\">Kasutamiseks hommikul ja\/v\u00f5i \u00f5htul.<\/span><\/p>\n<p>&nbsp;<\/p>\n<p><b>Kuidas kasutada:<\/b><\/p>\n<ul>\n<li style=\"font-weight: 400;\" aria-level=\"1\"><span style=\"font-weight: 400;\">Kanna paar tilka MEDI-PEEL Bakuchiol Miracle Firming Ampoule&#039;i puhastatud ja toniseeritud nahale.\u00a0<\/span><\/li>\n<li style=\"font-weight: 400;\" aria-level=\"1\"><span style=\"font-weight: 400;\">Jaotage seerum n\u00e4o keskelt perifeeriasse.\u00a0<\/span><\/li>\n<li style=\"font-weight: 400;\" aria-level=\"1\"><span style=\"font-weight: 400;\">Kasutades s\u00f5rmedega patsutusliigutusi, aidake tootel imenduda.\u00a0<\/span><\/li>\n<li style=\"font-weight: 400;\" aria-level=\"1\"><span style=\"font-weight: 400;\">J\u00e4tkake oma hoolduse j\u00e4rgmise etapiga (losjoon, emulsioon v\u00f5i kreem).<\/span><\/li>\n<\/ul>\n<p>&nbsp;<\/p>\n<p>&nbsp;<\/p>\n<p><b>Helitugevus<\/b><span style=\"font-weight: 400;\">: 30 ml.<\/span><\/p>\n<p>&nbsp;<\/p>\n<p>&nbsp;<\/p>\n<p><a title=\"TARNETINGIMUSED\" href=\"https:\/\/liluilu.ee\/et\/kohaletoimetamine\/\" target=\"_blank\" rel=\"noopener\">TARNETINGIMUSED<\/a><\/p>","protected":false},"excerpt":{"rendered":"<p>\u0412\u0435\u0440\u043d\u0443\u0442\u044c \u0443\u0442\u0440\u0430\u0447\u0435\u043d\u043d\u0443\u044e \u044d\u043b\u0430\u0441\u0442\u0438\u0447\u043d\u043e\u0441\u0442\u044c \u0438 \u0443\u043f\u0440\u0443\u0433\u043e\u0441\u0442\u044c \u043a\u043e\u0436\u0438 \u043f\u043e\u043c\u043e\u0436\u0435\u0442 \u043b\u0438\u0444\u0442\u0438\u043d\u0433-\u0430\u043c\u043f\u0443\u043b\u0430 MEDI-PEEL Bakuchiol Miracle Firming Ampoule. &nbsp; \u042d\u0442\u043e \u043a\u043e\u043d\u0446\u0435\u043d\u0442\u0440\u0438\u0440\u043e\u0432\u0430\u043d\u043d\u044b\u0439 \u0441\u0435\u0440\u0443\u043c, \u043d\u0430\u043f\u043e\u043b\u043d\u0435\u043d\u043d\u044b\u0439 \u0430\u043a\u0442\u0438\u0432\u043d\u044b\u043c\u0438 \u0438 \u0446\u0435\u043d\u043d\u044b\u043c\u0438 \u0438\u043d\u0433\u0440\u0435\u0434\u0438\u0435\u043d\u0442\u0430\u043c\u0438, \u0441\u0440\u0435\u0434\u0438 \u043a\u043e\u0442\u043e\u0440\u044b\u0445 \u0431\u0435\u0437\u043e\u043f\u0430\u0441\u043d\u0430\u044f \u0430\u043b\u044c\u0442\u0435\u0440\u043d\u0430\u0442\u0438\u0432\u0430 \u0440\u0435\u0442\u0438\u043d\u043e\u043b\u0443 &#8212; \u0431\u0430\u043a\u0443\u0447\u0438\u043e\u043b. &nbsp; \u0410\u043c\u043f\u0443\u043b\u044c\u043d\u044b\u0439 \u0441\u0435\u0440\u0443\u043c \u043b\u0435\u0433\u043a\u043e \u043f\u0440\u043e\u043d\u0438\u043a\u0430\u0435\u0442 \u0432 \u0442\u043a\u0430\u043d\u0438 \u0438 \u043e\u0431\u0435\u0441\u043f\u0435\u0447\u0438\u0432\u0430\u0435\u0442 \u0432\u044b\u0440\u0430\u0436\u0435\u043d\u043d\u044b\u0439 \u043e\u043c\u043e\u043b\u0430\u0436\u0438\u0432\u0430\u044e\u0449\u0438\u0439 \u044d\u0444\u0444\u0435\u043a\u0442: &nbsp; \u0423\u043f\u043b\u043e\u0442\u043d\u044f\u0435\u0442 \u0438 \u043f\u043e\u0434\u0442\u044f\u0433\u0438\u0432\u0430\u0435\u0442 \u043a\u043e\u0436\u0443; \u041e\u0437\u0434\u043e\u0440\u0430\u0432\u043b\u0438\u0432\u0430\u0435\u0442 \u043c\u0438\u043a\u0440\u043e\u0431\u0438\u043e\u043c \u0438 \u0443\u043a\u0440\u0435\u043f\u043b\u044f\u0435\u0442 \u0435\u0441\u0442\u0435\u0441\u0442\u0432\u0435\u043d\u043d\u044b\u0439 \u0437\u0430\u0449\u0438\u0442\u043d\u044b\u0439 \u0431\u0430\u0440\u044c\u0435\u0440; \u0423\u0432\u043b\u0430\u0436\u043d\u044f\u0435\u0442 \u0438 [&hellip;]<\/p>","protected":false},"featured_media":6869,"comment_status":"open","ping_status":"closed","template":"","meta":{"_eb_attr":"","jetpack_post_was_ever_published":false,"_joinchat":[]},"product_brand":[],"product_cat":[226,219],"product_tag":[337,445,731,335,263,838,339,622,465,824,239,281,489],"class_list":{"0":"post-6876","1":"product","2":"type-product","3":"status-publish","4":"has-post-thumbnail","6":"product_cat-serumy","7":"product_cat-medi-peel","8":"product_tag-aquaxyl","9":"product_tag-antivozrastnoj-uhod","10":"product_tag-antivozrastnye-syvorotki","11":"product_tag-bakuchiol","12":"product_tag-gidrolizovannyj-kollagen","13":"product_tag-dlya-gladkoj-tekstury-kozhi","14":"product_tag-kombucha","15":"product_tag-kosmetika-s-peptidami","16":"product_tag-lifting","17":"product_tag-omolozhenie","18":"product_tag-peptidy","19":"product_tag-resveratrol","20":"product_tag-elastichnost-i-uprugost","22":"first","23":"instock","24":"sale","25":"shipping-taxable","26":"purchasable","27":"product-type-simple"},"jetpack_sharing_enabled":true,"_links":{"self":[{"href":"https:\/\/liluilu.ee\/et\/wp-json\/wp\/v2\/product\/6876","targetHints":{"allow":["GET"]}}],"collection":[{"href":"https:\/\/liluilu.ee\/et\/wp-json\/wp\/v2\/product"}],"about":[{"href":"https:\/\/liluilu.ee\/et\/wp-json\/wp\/v2\/types\/product"}],"replies":[{"embeddable":true,"href":"https:\/\/liluilu.ee\/et\/wp-json\/wp\/v2\/comments?post=6876"}],"version-history":[{"count":10,"href":"https:\/\/liluilu.ee\/et\/wp-json\/wp\/v2\/product\/6876\/revisions"}],"predecessor-version":[{"id":16416,"href":"https:\/\/liluilu.ee\/et\/wp-json\/wp\/v2\/product\/6876\/revisions\/16416"}],"wp:featuredmedia":[{"embeddable":true,"href":"https:\/\/liluilu.ee\/et\/wp-json\/wp\/v2\/media\/6869"}],"wp:attachment":[{"href":"https:\/\/liluilu.ee\/et\/wp-json\/wp\/v2\/media?parent=6876"}],"wp:term":[{"taxonomy":"product_brand","embeddable":true,"href":"https:\/\/liluilu.ee\/et\/wp-json\/wp\/v2\/product_brand?post=6876"},{"taxonomy":"product_cat","embeddable":true,"href":"https:\/\/liluilu.ee\/et\/wp-json\/wp\/v2\/product_cat?post=6876"},{"taxonomy":"product_tag","embeddable":true,"href":"https:\/\/liluilu.ee\/et\/wp-json\/wp\/v2\/product_tag?post=6876"}],"curies":[{"name":"t\u00f6\u00f6leht","href":"https:\/\/api.w.org\/{rel}","templated":true}]}}