{"id":6667,"date":"2021-12-16T17:48:00","date_gmt":"2021-12-16T14:48:00","guid":{"rendered":"https:\/\/liluilu.ee\/?post_type=product&#038;p=6667"},"modified":"2026-04-17T12:25:48","modified_gmt":"2026-04-17T09:25:48","slug":"mary-may-6-peptide-complex-serum","status":"publish","type":"product","link":"https:\/\/liluilu.ee\/et\/mary-may-6-peptide-complex-serum\/","title":{"rendered":"Peptiididega noorendav seerum Mary&amp;May 6 Peptide Complex Serum 30ml."},"content":{"rendered":"","protected":false},"excerpt":{"rendered":"<p><span style=\"font-weight: 400;\">Mary&amp;May 6 Peptide Complex Serum on t\u00f5stev seerum, mis on loodud vananeva ja elastsust kaotava naha p\u00f5hivajaduste rahuldamiseks.\u00a0<\/span><\/p>\n<p>&nbsp;<\/p>\n<p><span style=\"font-weight: 400;\">6 peptiidi s\u00fcnergial on v\u00f5imas ja kompleksne toime:\u00a0<\/span><\/p>\n<p>&nbsp;<\/p>\n<ul>\n<li style=\"font-weight: 400;\" aria-level=\"1\"><span style=\"font-weight: 400;\">Parandab elastsust ja pinguldatust;<\/span><\/li>\n<li style=\"font-weight: 400;\" aria-level=\"1\"><span style=\"font-weight: 400;\">pinguldab ja pinguldab nahka;<\/span><\/li>\n<li style=\"font-weight: 400;\" aria-level=\"1\"><span style=\"font-weight: 400;\">stimuleerib regeneratiivseid protsesse;<\/span><\/li>\n<li style=\"font-weight: 400;\" aria-level=\"1\"><span style=\"font-weight: 400;\">v\u00e4hendab peente joonte ja kortsude pindala ja s\u00fcgavust;<\/span><\/li>\n<li style=\"font-weight: 400;\" aria-level=\"1\"><span style=\"font-weight: 400;\">niisutab ja k\u00f5rvaldab ketenduse;<\/span><\/li>\n<li style=\"font-weight: 400;\" aria-level=\"1\"><span style=\"font-weight: 400;\">muudab tooni \u00fchtlasemaks;<\/span><\/li>\n<li style=\"font-weight: 400;\" aria-level=\"1\"><span style=\"font-weight: 400;\">Annab v\u00e4sinud, tuhmile nahale v\u00e4rske ja puhanud v\u00e4limuse.<\/span><\/li>\n<\/ul>","protected":false},"featured_media":6670,"comment_status":"open","ping_status":"closed","template":"","meta":{"_eb_attr":"","jetpack_post_was_ever_published":false,"_joinchat":[]},"product_brand":[],"product_cat":[232,226],"product_tag":[445,239],"class_list":{"0":"post-6667","1":"product","2":"type-product","3":"status-publish","4":"has-post-thumbnail","6":"product_cat-mary-may","7":"product_cat-serumy","8":"product_tag-antivozrastnoj-uhod","9":"product_tag-peptidy","11":"first","12":"outofstock","13":"shipping-taxable","14":"purchasable","15":"product-type-simple"},"jetpack_sharing_enabled":true,"_links":{"self":[{"href":"https:\/\/liluilu.ee\/et\/wp-json\/wp\/v2\/product\/6667","targetHints":{"allow":["GET"]}}],"collection":[{"href":"https:\/\/liluilu.ee\/et\/wp-json\/wp\/v2\/product"}],"about":[{"href":"https:\/\/liluilu.ee\/et\/wp-json\/wp\/v2\/types\/product"}],"replies":[{"embeddable":true,"href":"https:\/\/liluilu.ee\/et\/wp-json\/wp\/v2\/comments?post=6667"}],"version-history":[{"count":6,"href":"https:\/\/liluilu.ee\/et\/wp-json\/wp\/v2\/product\/6667\/revisions"}],"predecessor-version":[{"id":10066,"href":"https:\/\/liluilu.ee\/et\/wp-json\/wp\/v2\/product\/6667\/revisions\/10066"}],"wp:featuredmedia":[{"embeddable":true,"href":"https:\/\/liluilu.ee\/et\/wp-json\/wp\/v2\/media\/6670"}],"wp:attachment":[{"href":"https:\/\/liluilu.ee\/et\/wp-json\/wp\/v2\/media?parent=6667"}],"wp:term":[{"taxonomy":"product_brand","embeddable":true,"href":"https:\/\/liluilu.ee\/et\/wp-json\/wp\/v2\/product_brand?post=6667"},{"taxonomy":"product_cat","embeddable":true,"href":"https:\/\/liluilu.ee\/et\/wp-json\/wp\/v2\/product_cat?post=6667"},{"taxonomy":"product_tag","embeddable":true,"href":"https:\/\/liluilu.ee\/et\/wp-json\/wp\/v2\/product_tag?post=6667"}],"curies":[{"name":"t\u00f6\u00f6leht","href":"https:\/\/api.w.org\/{rel}","templated":true}]}}