{"id":6658,"date":"2021-12-16T16:59:13","date_gmt":"2021-12-16T13:59:13","guid":{"rendered":"https:\/\/liluilu.ee\/?post_type=product&#038;p=6658"},"modified":"2026-03-12T15:59:44","modified_gmt":"2026-03-12T12:59:44","slug":"mary-may-collagen-booster-lotion","status":"publish","type":"product","link":"https:\/\/liluilu.ee\/et\/mary-may-collagen-booster-lotion\/","title":{"rendered":"Madala molekulmassiga kollageeniga losjoon Mary&amp;May Collagen Booster Lotion 120ml."},"content":{"rendered":"<h2><i><span style=\"font-weight: 400;\">Mary&amp;May Collagen Booster Lotioni omadused ja koostis<\/span><\/i><\/h2>\n<p>&nbsp;<\/p>\n<p><span style=\"font-weight: 400;\">Valem p\u00f5hineb kaubam\u00e4rgi patenteeritud arendusel \u2013 lipiidsel taimsel koostisosal <\/span><b>L22\u2122<\/b><span style=\"font-weight: 400;\">.<\/span><\/p>\n<p>&nbsp;<\/p>\n<p><span style=\"font-weight: 400;\">Imiteerib 22-aastase noore terve naha lipiide, integreerub kollageenimaatriksisse ja tugevdab naha karkassi. Muudab naha tihedamaks ja elastsemaks.<\/span><\/p>\n<p>&nbsp;<\/p>\n<p><b>Atset\u00fc\u00fclheksapeptiid 8<\/b><span style=\"font-weight: 400;\"> - l\u00f5dvestab n\u00e4olihaseid, v\u00e4hendab kortsude s\u00fcgavust, silub n\u00e4okortse, eriti silma- ja otsmikupiirkonnas. Stimuleerib kollageeni ja elastiini tootmist.<\/span><\/p>\n<p>&nbsp;<\/p>\n<p><b>Madala molekulmassiga kollageen<\/b><span style=\"font-weight: 400;\"> imendub kiiresti ja niisutab kuiva, karedat nahka.<\/span><\/p>\n<p>&nbsp;<\/p>\n<p><span style=\"font-weight: 400;\">Pudel on valmistatud tumedast mattklaasist ja varustatud pumbajaoturiga. See tagab h\u00fcgieeni, minimeerib \u00f5hu sissep\u00e4\u00e4su ja kaitseb sisu p\u00e4ikesevalguse eest.<\/span><\/p>\n<p>&nbsp;<\/p>\n<p><span style=\"font-weight: 400;\">Mary&amp;May Collagen Booster Lotion on \u00f5rna aroomi ja kerge kreemise konsistentsiga. See sulab nahal, imendub koheselt ega j\u00e4ta kleepumist. Annab kerge satiinse viimistluse ning sametise, pehme ja niisutatud naha tunde.\u00a0<\/span><\/p>\n<p>&nbsp;<\/p>\n<p><span style=\"font-weight: 400;\">K\u00f5ik toote koostisained on EWG sertifikaadiga ega p\u00f5hjusta \u00e4rritust.<\/span><\/p>\n<p><span style=\"font-weight: 400;\">Collagen Booster Lotion ei sisalda kunstlikke v\u00e4rvaineid, parabeene, mineraal\u00f5lisid ja 13 muud nahale potentsiaalselt kahjulikku komponenti.<\/span><\/p>\n<p><span style=\"font-weight: 400;\">Mary&amp;May kaubam\u00e4rgi tooteid ei testita loomade peal.<\/span><\/p>\n<p>&nbsp;<\/p>\n<p><b>Kuidas kasutada:<\/b><\/p>\n<p><span style=\"font-weight: 400;\">Igap\u00e4evase hoolduse viimases etapis kandke vajalik kogus emulsiooni n\u00e4o- ja kaelanahale, jaotage ja kasutage peopesadele vajutavaid liigutusi, et toode imenduks.\u00a0<\/span><\/p>\n<p>&nbsp;<\/p>\n<p><span style=\"font-weight: 400;\"><strong>Netokogus:<\/strong> 120 ml<\/span><\/p>\n<p>&nbsp;<\/p>\n<p><a title=\"TARNETINGIMUSED\" href=\"https:\/\/liluilu.ee\/et\/kohaletoimetamine\/\" target=\"_blank\" rel=\"noopener\">TARNETINGIMUSED<\/a><\/p>","protected":false},"excerpt":{"rendered":"<p><span style=\"font-weight: 400;\">Mary&amp;May Collagen Booster Lotion on vananemisvastane t\u00f5stev emulsioon, mis stimuleerib kollageeni tootmist.<\/span><\/p>\n<p>&nbsp;<\/p>\n<ul>\n<li style=\"font-weight: 400;\" aria-level=\"1\"><span style=\"font-weight: 400;\">K\u00f5rvaldab naha l\u00f5tvumise, muudab selle tihedamaks ja elastsemaks;<\/span><\/li>\n<li style=\"font-weight: 400;\" aria-level=\"1\"><span style=\"font-weight: 400;\">tugevdab ja s\u00e4ilitab naha karkassi struktuuri;<\/span><\/li>\n<li style=\"font-weight: 400;\" aria-level=\"1\"><span style=\"font-weight: 400;\">v\u00e4hendab peente joonte ja kortsude s\u00fcgavust ja pikkust;<\/span><\/li>\n<li style=\"font-weight: 400;\" aria-level=\"1\"><span style=\"font-weight: 400;\">niisutab;<\/span><\/li>\n<li style=\"font-weight: 400;\" aria-level=\"1\"><span style=\"font-weight: 400;\">annab nahale pehmuse ja sametise.<\/span><\/li>\n<\/ul>\n<p>&nbsp;<\/p>\n<p>&nbsp;<\/p>","protected":false},"featured_media":6660,"comment_status":"open","ping_status":"closed","template":"","meta":{"_eb_attr":"","jetpack_post_was_ever_published":false,"_joinchat":[]},"product_brand":[],"product_cat":[232,95],"product_tag":[445,263,239,400],"class_list":{"0":"post-6658","1":"product","2":"type-product","3":"status-publish","4":"has-post-thumbnail","6":"product_cat-mary-may","7":"product_cat-kremy-emulsii-i-losony-dlya-lica","8":"product_tag-antivozrastnoj-uhod","9":"product_tag-gidrolizovannyj-kollagen","10":"product_tag-peptidy","11":"product_tag-uvlazhnenie","13":"first","14":"instock","15":"shipping-taxable","16":"purchasable","17":"product-type-simple"},"jetpack_sharing_enabled":true,"_links":{"self":[{"href":"https:\/\/liluilu.ee\/et\/wp-json\/wp\/v2\/product\/6658","targetHints":{"allow":["GET"]}}],"collection":[{"href":"https:\/\/liluilu.ee\/et\/wp-json\/wp\/v2\/product"}],"about":[{"href":"https:\/\/liluilu.ee\/et\/wp-json\/wp\/v2\/types\/product"}],"replies":[{"embeddable":true,"href":"https:\/\/liluilu.ee\/et\/wp-json\/wp\/v2\/comments?post=6658"}],"version-history":[{"count":4,"href":"https:\/\/liluilu.ee\/et\/wp-json\/wp\/v2\/product\/6658\/revisions"}],"predecessor-version":[{"id":7805,"href":"https:\/\/liluilu.ee\/et\/wp-json\/wp\/v2\/product\/6658\/revisions\/7805"}],"wp:featuredmedia":[{"embeddable":true,"href":"https:\/\/liluilu.ee\/et\/wp-json\/wp\/v2\/media\/6660"}],"wp:attachment":[{"href":"https:\/\/liluilu.ee\/et\/wp-json\/wp\/v2\/media?parent=6658"}],"wp:term":[{"taxonomy":"product_brand","embeddable":true,"href":"https:\/\/liluilu.ee\/et\/wp-json\/wp\/v2\/product_brand?post=6658"},{"taxonomy":"product_cat","embeddable":true,"href":"https:\/\/liluilu.ee\/et\/wp-json\/wp\/v2\/product_cat?post=6658"},{"taxonomy":"product_tag","embeddable":true,"href":"https:\/\/liluilu.ee\/et\/wp-json\/wp\/v2\/product_tag?post=6658"}],"curies":[{"name":"t\u00f6\u00f6leht","href":"https:\/\/api.w.org\/{rel}","templated":true}]}}