{"id":6429,"date":"2021-11-26T23:39:02","date_gmt":"2021-11-26T20:39:02","guid":{"rendered":"https:\/\/liluilu.ee\/?post_type=product&#038;p=6429"},"modified":"2026-04-17T12:25:48","modified_gmt":"2026-04-17T09:25:48","slug":"mary-may-niacinamide-chaenomeles-sinensis-serum","status":"publish","type":"product","link":"https:\/\/liluilu.ee\/et\/mary-may-niacinamide-chaenomeles-sinensis-serum\/","title":{"rendered":"Kirgastav seerum niatsiinamiidiga Mary&amp;May Niacinamide + Chaenomeles Sinensis Serum 30ml."},"content":{"rendered":"<h2><i><span style=\"font-weight: 400;\">Mary&amp;May omadused ja koostis <\/span><\/i><i><span style=\"font-weight: 400;\">Niatsiinamiid + Chaenomeles Sinensis seerum<\/span><\/i><\/h2>\n<p><span style=\"font-weight: 400;\">Valem p\u00f5hineb 2% niatsiinamiidil ja 93% kudoonia ekstraktil.<\/span><\/p>\n<p>&nbsp;<\/p>\n<p><b>Niatsiinamiid<\/b><span style=\"font-weight: 400;\"> (vitamiin B3) on kosmeetikatoodete koostisainete hulgas superstaar. Kontsentratsioonis 2% kergendab see oluliselt h\u00fcperpigmentatsiooni ja takistab selle teket, reguleerib rasvatasakaalu ja rasu tootmist, aitab v\u00f5idelda laienenud pooridega ja ennetab akne teket.<\/span><\/p>\n<p>&nbsp;<\/p>\n<p><span style=\"font-weight: 400;\">Niatsiinamiid suurendab ka enda keramiidide, kolesterooli ja rasvhapete s\u00fcnteesi. Tugevdab naha barj\u00e4\u00e4ri ja suurendab naha v\u00f5imet s\u00e4ilitada niiskust pikka aega.\u00a0<\/span><\/p>\n<p>&nbsp;<\/p>\n<p><b>K\u00fcdoonia<\/b><span style=\"font-weight: 400;\"> rikas C-vitamiini, antioks\u00fcdantide, flavonoidide ja tanniinide poolest. See pehmendab nahka ja annab sellele pehme ja siidise tekstuuri. Rahustab ja leevendab \u00e4rritust. Sellel on s\u00e4ra andev toime, muutes nahatooni selgemaks, heledamaks ja \u00fchtlasemaks. Tanniinid annavad kerge mati efekti.<\/span><\/p>\n<p>&nbsp;<\/p>\n<p><span style=\"font-weight: 400;\">Mary&amp;Mais <\/span><span style=\"font-weight: 400;\">Niacinamide + Chaenomeles Sinensise seerumil pole praktiliselt mingit l\u00f5hna ja kerge tekstuur. Toode imendub koheselt, ilma ebameeldiva kleepuva tundeta nahal. M\u00f5nusa, sametise viimistlusega.<\/span><\/p>\n<p>&nbsp;<\/p>\n<p><b>Kuidas kasutada:<\/b><\/p>\n<p><span style=\"font-weight: 400;\">Kandke vajalik kogus seerumit puhastatud nahale, p\u00e4rast toonikut. Kasutage oma s\u00f5rmedega \u00f5rnaid patsutusliigutusi, et toode imenduks. J\u00e4rgmisena j\u00e4tkake j\u00e4rgmise hooldusetapiga: emulsioon v\u00f5i kreem.<\/span><\/p>\n<p>&nbsp;<\/p>\n<p><b>Netokogus:<\/b><span style=\"font-weight: 400;\"> 30 ml<\/span><\/p>\n<p>&nbsp;<\/p>\n<p><a title=\"TARNETINGIMUSED\" href=\"https:\/\/liluilu.ee\/et\/kohaletoimetamine\/\" target=\"_blank\" rel=\"nofollow noopener\">TARNETINGIMUSED<\/a><\/p>","protected":false},"excerpt":{"rendered":"<p><span style=\"font-weight: 400;\">Kui su nahatoon on muutunud tuhmiks, eba\u00fchtlaseks ja kaotanud terve s\u00e4ra v\u00f5i kui sind h\u00e4irivad tumedad laigud ja akne j\u00e4ljed, siis tasub proovida Mary&amp;May <\/span><span style=\"font-weight: 400;\">Niatsiinamiid + Chaenomeles Sinensise seerum. See on intensiivne nahka kirgastav seerum niatsiinamiidi ja k\u00fcdoonia ekstraktiga.<\/span><\/p>\n<p>&nbsp;<\/p>\n<ul>\n<li style=\"font-weight: 400;\" aria-level=\"1\"><span style=\"font-weight: 400;\">Helendab erineva p\u00e4ritoluga pigmentatsiooni (vanusega seotud pigmentatsioon, tedret\u00e4pid, aknej\u00e4rgsed j\u00e4ljed).<\/span><\/li>\n<li style=\"font-weight: 400;\" aria-level=\"1\"><span style=\"font-weight: 400;\">\u00dchtlustab tooni.<\/span><\/li>\n<li style=\"font-weight: 400;\" aria-level=\"1\"><span style=\"font-weight: 400;\">Parandab nahatooni, muutes selle elastsemaks ja tugevamaks.<\/span><\/li>\n<li style=\"font-weight: 400;\" aria-level=\"1\"><span style=\"font-weight: 400;\">Reguleerib rasu tootmist.<\/span><\/li>\n<li style=\"font-weight: 400;\" aria-level=\"1\"><span style=\"font-weight: 400;\">Parandab pooride seisundit.<\/span><\/li>\n<li style=\"font-weight: 400;\" aria-level=\"1\"><span style=\"font-weight: 400;\">J\u00e4tab naha siidiseks ja pehmeks, seestpoolt s\u00e4ravaks.<\/span><\/li>\n<\/ul>","protected":false},"featured_media":6430,"comment_status":"open","ping_status":"closed","template":"","meta":{"_eb_attr":"","jetpack_post_was_ever_published":false,"_joinchat":[]},"product_brand":[],"product_cat":[232,226],"product_tag":[443,433,253,431],"class_list":{"0":"post-6429","1":"product","2":"type-product","3":"status-publish","4":"has-post-thumbnail","6":"product_cat-mary-may","7":"product_cat-serumy","8":"product_tag-antioksidanty","9":"product_tag-nerovnyj-ton-kozhi","10":"product_tag-niacinamid","11":"product_tag-rasshirennye-pory","13":"first","14":"outofstock","15":"shipping-taxable","16":"purchasable","17":"product-type-simple"},"jetpack_sharing_enabled":true,"_links":{"self":[{"href":"https:\/\/liluilu.ee\/et\/wp-json\/wp\/v2\/product\/6429","targetHints":{"allow":["GET"]}}],"collection":[{"href":"https:\/\/liluilu.ee\/et\/wp-json\/wp\/v2\/product"}],"about":[{"href":"https:\/\/liluilu.ee\/et\/wp-json\/wp\/v2\/types\/product"}],"replies":[{"embeddable":true,"href":"https:\/\/liluilu.ee\/et\/wp-json\/wp\/v2\/comments?post=6429"}],"version-history":[{"count":7,"href":"https:\/\/liluilu.ee\/et\/wp-json\/wp\/v2\/product\/6429\/revisions"}],"predecessor-version":[{"id":10067,"href":"https:\/\/liluilu.ee\/et\/wp-json\/wp\/v2\/product\/6429\/revisions\/10067"}],"wp:featuredmedia":[{"embeddable":true,"href":"https:\/\/liluilu.ee\/et\/wp-json\/wp\/v2\/media\/6430"}],"wp:attachment":[{"href":"https:\/\/liluilu.ee\/et\/wp-json\/wp\/v2\/media?parent=6429"}],"wp:term":[{"taxonomy":"product_brand","embeddable":true,"href":"https:\/\/liluilu.ee\/et\/wp-json\/wp\/v2\/product_brand?post=6429"},{"taxonomy":"product_cat","embeddable":true,"href":"https:\/\/liluilu.ee\/et\/wp-json\/wp\/v2\/product_cat?post=6429"},{"taxonomy":"product_tag","embeddable":true,"href":"https:\/\/liluilu.ee\/et\/wp-json\/wp\/v2\/product_tag?post=6429"}],"curies":[{"name":"t\u00f6\u00f6leht","href":"https:\/\/api.w.org\/{rel}","templated":true}]}}