{"id":6416,"date":"2021-11-26T17:48:42","date_gmt":"2021-11-26T14:48:42","guid":{"rendered":"https:\/\/liluilu.ee\/?post_type=product&#038;p=6416"},"modified":"2026-04-08T17:10:57","modified_gmt":"2026-04-08T14:10:57","slug":"mary-may-idebenone-blackberry-intense-cream","status":"publish","type":"product","link":"https:\/\/liluilu.ee\/et\/mary-may-idebenone-blackberry-intense-cream\/","title":{"rendered":"Barj\u00e4\u00e4ri tugevdav antioks\u00fcdantne kreem idebenooni ja murakaga \u2014 Mary&amp;May Idebenone Blackberry Intense Cream (70 g)"},"content":{"rendered":"<p><span style=\"font-weight: 400;\">Intensiivne kreem k\u00f5rge antioks\u00fcdantide sisaldusega <\/span><b>Mary&amp;May Idebenone Blackberry Intense Cream <\/b><span style=\"font-weight: 400;\">on loodud naha kaitsebarj\u00e4\u00e4ri taastamiseks, tugevdamiseks, toitmiseks ja niisutamiseks.<\/span><\/p>\n<p>&nbsp;<\/p>\n<p><span style=\"font-weight: 400;\">Idebenooni, muraka ja keramiididega koostis pehmendab nahka, leevendab kuivust ja ketendust, \u00fchtlustab nahatooni ja parandab jumet. See silub tekstuuri, v\u00e4hendab kortsude n\u00e4htavust, j\u00e4tab naha pehmeks, siledaks ja s\u00e4ravaks, v\u00e4hendab oks\u00fcdatiivset stressi, aeglustab fotovananemisprotsessi ning loob tugeva loomuliku barj\u00e4\u00e4ri.<\/span><\/p>\n<p>&nbsp;<\/p>\n<p><span style=\"font-weight: 400;\">K\u00f5ik kreemi koostisosad on ohutud ja EWG poolt heaks kiidetud. Br\u00e4nd ei kasuta 16 potentsiaalselt kahjulikku koostisosa: mineraal\u00f5lisid, v\u00e4rvaineid, parabeene, etanooli jne.<\/span><\/p>\n<p>&nbsp;<\/p>\n<p><span style=\"font-weight: 400;\">Soe kollane v\u00e4rvus tuleneb idebenooni k\u00f5rgest sisaldusest. Tekstuur on elastne, kreemjas ja keskmise paksusega. Pealekandmisel kreem sulab ja katab naha \u00f5rna, toitva looriga, pakkudes pehmust ja mugavustunnet.<\/span><\/p>\n<p>&nbsp;<\/p>\n<p><span style=\"font-weight: 400;\">Sobib k\u00f5ikidele nahat\u00fc\u00fcpidele, sealhulgas tundlikule nahale.<\/span><\/p>\n<p>&nbsp;<\/p>\n<p>&nbsp;<\/p>\n<h2><i>Mary&amp;May Idebenone Blackberry Intense kreemi peamised toimeained:<\/i><\/h2>\n<p><span style=\"font-weight: 400;\">Valem p\u00f5hineb idebenooni, muraka ja keramiidide s\u00fcnergilisel toimel.\u00a0<\/span><\/p>\n<p>&nbsp;<\/p>\n<p><b>Idebenon<\/b> <b>(500 ppm)<\/b> <span style=\"font-weight: 400;\">\u2014<\/span><span style=\"font-weight: 400;\"> Ameerika Dermatoloogiaakadeemia (American Academy of Dermatology, AAD) poolt \u00fcheks v\u00f5imsamaks antioks\u00fcdandiks tunnustatud. Selle antioks\u00fcdantne kaitse on 10 korda suurem kui koens\u00fc\u00fcmil Q10 ja 4 korda suurem kui C-vitamiinil.<\/span><\/p>\n<p>&nbsp;<\/p>\n<p><span style=\"font-weight: 400;\">Idebenoon neutraliseerib rakke h\u00e4vitavate vabade radikaalide m\u00f5ju ja kaitseb nahka kahjulike keskkonnam\u00f5jude eest. Stimuleerib elastiini ja kollageeni s\u00fcnteesi fibroblastides, parandab naha tihedust ja elastsust, v\u00e4hendab kortsude s\u00fcgavust.\u00a0<\/span><\/p>\n<p><span style=\"font-weight: 400;\">Hoiab \u00e4ra h\u00fcperpigmentatsiooni ja tedret\u00e4hnide tekke.\u00a0<\/span><\/p>\n<p>&nbsp;<\/p>\n<p><b>Murakaekstrakti kompleks (63%)<\/b> <span style=\"font-weight: 400;\">\u2014<\/span> <span style=\"font-weight: 400;\">toidab nahka vitamiinidega B, C, E, K ja PP. Toniseerib ja annab v\u00e4sinud nahale s\u00e4ravad, v\u00e4rsked v\u00e4rvid. Antots\u00fcaniinirikkad murakad aktiveerivad ainevahetust rakutasandil, soodustavad kollageeni tootmist ja v\u00e4hendavad kapillaaride haprust, hoides \u00e4ra kuperoosi tekke.<\/span><\/p>\n<p><span style=\"font-weight: 400;\">Aitab neutraliseerida rakkudes aktiivset hapnikku.<\/span><\/p>\n<p>&nbsp;<\/p>\n<p><span style=\"font-weight: 400;\">Idebenooni ja muraka duett moodustab v\u00f5imsa antioks\u00fcdandi, mis p\u00e4rsib enneaegset vananemist.<\/span><\/p>\n<p>&nbsp;<\/p>\n<p><b>5 t\u00fc\u00fcpi keramiide <\/b><span style=\"font-weight: 400;\">\u2014<\/span><span style=\"font-weight: 400;\"> need integreeruvad h\u00fcdrolipiidkihti ja taastavad loomuliku barj\u00e4\u00e4ri, takistades niiskuse aurustumist ja s\u00e4ilitades vee-lipiidide tasakaalu. Need toidavad ja pehmendavad nahka, leevendavad kuivust ja ketendust, s\u00e4ilitavad elastsuse ning parandavad naha tekstuuri ja v\u00e4limust.<\/span><\/p>\n<p>&nbsp;<\/p>\n<p><b>F\u00fctosfingosiin<\/b> <span style=\"font-weight: 400;\">\u2014 <\/span><span style=\"font-weight: 400;\">aktiveerib naha enda keramiidide s\u00fcnteesi.\u00a0<\/span><\/p>\n<p>&nbsp;<\/p>\n<p>&nbsp;<\/p>\n<h2><i>Soovitame Mary&amp;May Idebenone Blackberry Intense kreemi:<\/i><\/h2>\n<ul>\n<li style=\"font-weight: 400;\" aria-level=\"1\"><span style=\"font-weight: 400;\">Igale nahat\u00fc\u00fcbile, mis vajab kaitsebarj\u00e4\u00e4ri taastamist;<\/span><\/li>\n<li style=\"font-weight: 400;\" aria-level=\"1\"><span style=\"font-weight: 400;\">Deh\u00fcdreeritud nahale;<\/span><\/li>\n<li style=\"font-weight: 400;\" aria-level=\"1\"><span style=\"font-weight: 400;\">Kuivale ja ketendavale nahale;<\/span><\/li>\n<li style=\"font-weight: 400;\" aria-level=\"1\"><span style=\"font-weight: 400;\">Kareda tekstuuriga nahale, millel puudub toitumine ja niiskus;<\/span><\/li>\n<li style=\"font-weight: 400;\" aria-level=\"1\"><span style=\"font-weight: 400;\">Igavale ja v\u00e4sinud nahale;<\/span><\/li>\n<li style=\"font-weight: 400;\" aria-level=\"1\"><span style=\"font-weight: 400;\">Nahahoolduseks linnakeskkonna stressi tingimustes;<\/span><\/li>\n<li style=\"font-weight: 400;\" aria-level=\"1\"><span style=\"font-weight: 400;\">Naha toetamiseks aktiivse hoolduse perioodidel retinooli ja hapete kasutamisel.<\/span><\/li>\n<\/ul>\n<p>&nbsp;<\/p>\n<p>&nbsp;<\/p>\n<p><b>Kuidas kasutada:<\/b><\/p>\n<p><span style=\"font-weight: 400;\">Hommikul ja\/v\u00f5i \u00f5htul, nahahoolduse viimases etapis, kandke n\u00e4ole ja kaelale vajalik kogus kreemi, hajutades seda \u00f5rnade masseerivate liigutustega.<\/span><\/p>\n<p>&nbsp;<\/p>\n<p>&nbsp;<\/p>\n<p><b>Toode on saadaval mitmes mahus:<\/b><\/p>\n<ul>\n<li style=\"font-weight: 400;\" aria-level=\"1\"><span style=\"color: #0000ff;\"><a style=\"color: #0000ff;\" href=\"https:\/\/liluilu.ee\/et\/mary-may-idebenone-blackberry-intense-cream\/\" target=\"_blank\" rel=\"noopener\"><span style=\"font-weight: 400;\">70 g<\/span><\/a><\/span><\/li>\n<li style=\"font-weight: 400;\" aria-level=\"1\"><span style=\"color: #0000ff;\"><a style=\"color: #0000ff;\" href=\"https:\/\/liluilu.ee\/et\/mary-may-idebenone-blackberry-intense-cream-100gr\/\" target=\"_blank\" rel=\"noopener\"><span style=\"font-weight: 400;\">100 g<\/span><\/a><\/span><\/li>\n<li style=\"font-weight: 400;\" aria-level=\"1\"><span style=\"color: #0000ff;\"><a style=\"color: #0000ff;\" href=\"https:\/\/liluilu.ee\/et\/mini-mary-may-idebenone-blackberry-cream-12gr\/\" target=\"_blank\" rel=\"noopener\"><span style=\"font-weight: 400;\">Miniatuur 12 g<\/span><\/a><\/span><\/li>\n<\/ul>\n<p>&nbsp;<\/p>\n<p>&nbsp;<\/p>\n<p><span style=\"font-weight: 400;\">Kui teil on lisak\u00fcsimusi v\u00f5i vajate toote valimisel n\u00f5u, kirjutage meile. Vestlus asub ekraani paremas alanurgas.<\/span><\/p>\n<p>&nbsp;<\/p>\n<p>&nbsp;<\/p>\n<p><a title=\"TARNETINGIMUSED\" href=\"https:\/\/liluilu.ee\/et\/kohaletoimetamine\/\" target=\"_blank\" rel=\"nofollow noopener\">TARNETINGIMUSED<\/a><\/p>","protected":false},"excerpt":{"rendered":"<p><strong><span style=\"color: #800080;\">Uuendatud versioon.<\/span><\/strong><\/p>","protected":false},"featured_media":17094,"comment_status":"open","ping_status":"closed","template":"","meta":{"_eb_attr":"","jetpack_post_was_ever_published":false,"_joinchat":[]},"product_brand":[874],"product_cat":[232,95],"product_tag":[619,443,823,439,311,603,423,824,557,493,421,467,400,317,535],"class_list":{"0":"post-6416","1":"product","2":"type-product","3":"status-publish","4":"has-post-thumbnail","6":"product_brand-mary-may","7":"product_cat-mary-may","8":"product_cat-kremy-emulsii-i-losony-dlya-lica","9":"product_tag-mary-amp-may-idebenone-blackberry-line","10":"product_tag-antioksidanty","11":"product_tag-barernyj-krem-dlya-lica","12":"product_tag-vosstanovlenie-barera","13":"product_tag-idebenon","14":"product_tag-kosmetika-s-ceramidami","15":"product_tag-obezvozhennaya-kozha","16":"product_tag-omolozhenie","17":"product_tag-pitanie","18":"product_tag-sklonnaya-k-suhosti-kozha","19":"product_tag-suhaya-kozha","20":"product_tag-tonkaya-kozha","21":"product_tag-uvlazhnenie","22":"product_tag-ceramidy","23":"product_tag-ekstrakt-ezheviki","25":"first","26":"instock","27":"sale","28":"shipping-taxable","29":"purchasable","30":"product-type-simple"},"jetpack_sharing_enabled":true,"_links":{"self":[{"href":"https:\/\/liluilu.ee\/et\/wp-json\/wp\/v2\/product\/6416","targetHints":{"allow":["GET"]}}],"collection":[{"href":"https:\/\/liluilu.ee\/et\/wp-json\/wp\/v2\/product"}],"about":[{"href":"https:\/\/liluilu.ee\/et\/wp-json\/wp\/v2\/types\/product"}],"replies":[{"embeddable":true,"href":"https:\/\/liluilu.ee\/et\/wp-json\/wp\/v2\/comments?post=6416"}],"version-history":[{"count":21,"href":"https:\/\/liluilu.ee\/et\/wp-json\/wp\/v2\/product\/6416\/revisions"}],"predecessor-version":[{"id":17113,"href":"https:\/\/liluilu.ee\/et\/wp-json\/wp\/v2\/product\/6416\/revisions\/17113"}],"wp:featuredmedia":[{"embeddable":true,"href":"https:\/\/liluilu.ee\/et\/wp-json\/wp\/v2\/media\/17094"}],"wp:attachment":[{"href":"https:\/\/liluilu.ee\/et\/wp-json\/wp\/v2\/media?parent=6416"}],"wp:term":[{"taxonomy":"product_brand","embeddable":true,"href":"https:\/\/liluilu.ee\/et\/wp-json\/wp\/v2\/product_brand?post=6416"},{"taxonomy":"product_cat","embeddable":true,"href":"https:\/\/liluilu.ee\/et\/wp-json\/wp\/v2\/product_cat?post=6416"},{"taxonomy":"product_tag","embeddable":true,"href":"https:\/\/liluilu.ee\/et\/wp-json\/wp\/v2\/product_tag?post=6416"}],"curies":[{"name":"t\u00f6\u00f6leht","href":"https:\/\/api.w.org\/{rel}","templated":true}]}}